{"id":1032,"date":"2022-09-02T03:03:11","date_gmt":"2022-09-02T00:03:11","guid":{"rendered":"https:\/\/yasarlaw.com\/de\/?page_id=1032"},"modified":"2024-05-30T03:13:51","modified_gmt":"2024-05-30T00:13:51","slug":"aktuelles","status":"publish","type":"page","link":"https:\/\/yasarlaw.com\/de\/aktuelles\/","title":{"rendered":"Aktuelles"},"content":{"rendered":"\t\t<div data-elementor-type=\"wp-page\" data-elementor-id=\"1032\" class=\"elementor elementor-1032\">\n\t\t\t\t\t\t<section class=\"elementor-section elementor-top-section elementor-element elementor-element-28f5f014 elementor-section-stretched elementor-section-boxed elementor-section-height-default elementor-section-height-default\" data-id=\"28f5f014\" data-element_type=\"section\" data-settings=\"{&quot;stretch_section&quot;:&quot;section-stretched&quot;}\">\n\t\t\t\t\t\t<div class=\"elementor-container elementor-column-gap-wider\">\n\t\t\t\t\t<div class=\"elementor-column elementor-col-100 elementor-top-column elementor-element elementor-element-4e0222af\" data-id=\"4e0222af\" data-element_type=\"column\" data-settings=\"{&quot;background_background&quot;:&quot;classic&quot;}\">\n\t\t\t<div class=\"elementor-widget-wrap elementor-element-populated\">\n\t\t\t\t\t\t<section class=\"elementor-section elementor-inner-section elementor-element elementor-element-7e57f32e elementor-section-full_width elementor-section-height-default elementor-section-height-default\" data-id=\"7e57f32e\" data-element_type=\"section\">\n\t\t\t\t\t\t<div class=\"elementor-container elementor-column-gap-default\">\n\t\t\t\t\t<div class=\"elementor-column elementor-col-50 elementor-inner-column elementor-element elementor-element-7888f255\" data-id=\"7888f255\" data-element_type=\"column\">\n\t\t\t<div class=\"elementor-widget-wrap elementor-element-populated\">\n\t\t\t\t\t\t<div class=\"elementor-element elementor-element-edb88d5 elementor-widget elementor-widget-text-editor\" data-id=\"edb88d5\" data-element_type=\"widget\" data-widget_type=\"text-editor.default\">\n\t\t\t\t<div class=\"elementor-widget-container\">\n\t\t\t\t\t\t\t\t\t<p><span style=\"color: #781619;\"><b>Ya\u015far Law Office<\/b><\/span><\/p>\n<p><span style=\"color: #781619;\">Kontaktieren Sie uns:<\/span><\/p>\n<p><span style=\"color: #781619;\">Karanfil Sokak, No: 13<\/span><\/p>\n<p><span style=\"color: #781619;\">Levent, Be\u015fikta\u015f, \u0130stanbul<\/span><\/p>\n<p><span style=\"color: #781619;\"><a style=\"color: #781619;\" title=\"+90 212 401 4240\" href=\"tel:+902124014240\">+90 212 401 4240<\/a><\/span><\/p>\n<p><span style=\"color: #781619;\"><a style=\"color: #781619;\" title=\"info@yasarlaw.com\" href=\"mailto:info@yasarlaw.com\">info@yasarlaw.com<\/a><\/span><\/p>\t\t\t\t\t\t\t\t<\/div>\n\t\t\t\t<\/div>\n\t\t\t\t<div class=\"elementor-element elementor-element-915570e elementor-widget elementor-widget-text-editor\" data-id=\"915570e\" data-element_type=\"widget\" data-widget_type=\"text-editor.default\">\n\t\t\t\t<div class=\"elementor-widget-container\">\n\t\t\t\t\t\t\t\t\t<p><span style=\"color: rgb(120, 22, 25); font-style: inherit; font-weight: inherit; letter-spacing: 0.01em;\">Kontaktieren Sie uns:<\/span><br><\/p>\n<p><span style=\"color: #781619;\">859. Sokak, No: 4\/303<\/span><\/p>\n<p><font color=\"#781619\">Cumhuriyet Bulvar\u0131, Konak, \u0130zmir<\/font><\/p>\n<p><span style=\"color: #781619;\"><a style=\"color: #781619;\" title=\"+90 212 401 4240\" href=\"tel:+902124014240\">+90 212 401 4240<\/a><\/span><\/p>\n<p><span style=\"color: #781619;\"><a style=\"color: #781619;\" title=\"info@yasarlaw.com\" href=\"mailto:info@yasarlaw.com\">info@yasarlaw.com<\/a><\/span><\/p>\t\t\t\t\t\t\t\t<\/div>\n\t\t\t\t<\/div>\n\t\t\t\t\t<\/div>\n\t\t<\/div>\n\t\t\t\t<div class=\"elementor-column elementor-col-50 elementor-inner-column elementor-element elementor-element-5cb5bf54\" data-id=\"5cb5bf54\" data-element_type=\"column\">\n\t\t\t<div class=\"elementor-widget-wrap elementor-element-populated\">\n\t\t\t\t\t\t<div class=\"elementor-element elementor-element-5d190d4e elementor-widget elementor-widget-google_maps\" data-id=\"5d190d4e\" data-element_type=\"widget\" data-widget_type=\"google_maps.default\">\n\t\t\t\t<div class=\"elementor-widget-container\">\n\t\t\t\t\t\t\t<div class=\"elementor-custom-embed\">\n\t\t\t<iframe loading=\"lazy\"\n\t\t\t\t\tsrc=\"https:\/\/maps.google.com\/maps?q=Karanfil%20Soka%C4%9F%C4%B1%20No%3A13%2C%20Levent%2C%2034330%20Be%C5%9Fikta%C5%9F%2F%C4%B0stanbul&#038;t=m&#038;z=15&#038;output=embed&#038;iwloc=near\"\n\t\t\t\t\ttitle=\"Karanfil Soka\u011f\u0131 No:13, Levent, 34330 Be\u015fikta\u015f\/\u0130stanbul\"\n\t\t\t\t\taria-label=\"Karanfil Soka\u011f\u0131 No:13, Levent, 34330 Be\u015fikta\u015f\/\u0130stanbul\"\n\t\t\t><\/iframe>\n\t\t<\/div>\n\t\t\t\t\t\t<\/div>\n\t\t\t\t<\/div>\n\t\t\t\t\t<\/div>\n\t\t<\/div>\n\t\t\t\t\t<\/div>\n\t\t<\/section>\n\t\t\t\t\t<\/div>\n\t\t<\/div>\n\t\t\t\t\t<\/div>\n\t\t<\/section>\n\t\t\t\t<section class=\"elementor-section elementor-top-section elementor-element elementor-element-dd5165c elementor-section-boxed elementor-section-height-default elementor-section-height-default\" data-id=\"dd5165c\" data-element_type=\"section\">\n\t\t\t\t\t\t<div class=\"elementor-container elementor-column-gap-default\">\n\t\t\t\t\t<div class=\"elementor-column elementor-col-100 elementor-top-column elementor-element elementor-element-c19a1fa\" data-id=\"c19a1fa\" data-element_type=\"column\">\n\t\t\t<div class=\"elementor-widget-wrap elementor-element-populated\">\n\t\t\t\t\t\t<div class=\"elementor-element elementor-element-b173d8c elementor-shape-square elementor-fixed elementor-grid-0 e-grid-align-center elementor-widget elementor-widget-social-icons\" data-id=\"b173d8c\" data-element_type=\"widget\" data-settings=\"{&quot;_position&quot;:&quot;fixed&quot;}\" data-widget_type=\"social-icons.default\">\n\t\t\t\t<div class=\"elementor-widget-container\">\n\t\t\t\t\t\t\t<div class=\"elementor-social-icons-wrapper elementor-grid\" role=\"list\">\n\t\t\t\t\t\t\t<span class=\"elementor-grid-item\" role=\"listitem\">\n\t\t\t\t\t<a class=\"elementor-icon elementor-social-icon elementor-social-icon- elementor-animation-grow elementor-repeater-item-c1c9a90\" href=\"https:\/\/yasarlaw.com\/publications\/\">\n\t\t\t\t\t\t<span class=\"elementor-screen-only\"><\/span>\n\t\t\t\t\t\t<svg xmlns=\"http:\/\/www.w3.org\/2000\/svg\" xmlns:xlink=\"http:\/\/www.w3.org\/1999\/xlink\" id=\"Layer_1\" x=\"0px\" y=\"0px\" viewBox=\"0 0 1000 1000\" style=\"enable-background:new 0 0 1000 1000;\" xml:space=\"preserve\"><style type=\"text\/css\">\t.st0{fill:#FFFFFF;}<\/style><g id=\"Layer_3\"><\/g><g id=\"Layer_1_00000020364029370813827900000003168452955817500576_\">\t<rect width=\"1000\" height=\"1000\"><\/rect><\/g><g>\t<path class=\"st0\" d=\"M259.3,345.1H456v51.1H316.2v52.9h122.9v51.1H316.2v54.8h141.5V606H259.3V345.1z\"><\/path>\t<path class=\"st0\" d=\"M508.9,345.1h52.9l122.2,160.6V345.1h56.7v260.8H692L565.5,440.1v165.8h-56.7L508.9,345.1L508.9,345.1z\"><\/path><\/g><\/svg>\t\t\t\t\t<\/a>\n\t\t\t\t<\/span>\n\t\t\t\t\t\t\t<span class=\"elementor-grid-item\" role=\"listitem\">\n\t\t\t\t\t<a class=\"elementor-icon elementor-social-icon elementor-social-icon- elementor-animation-grow elementor-repeater-item-2dc5306\" href=\"https:\/\/yasarlaw.com\/tr\/yayinlar\/\">\n\t\t\t\t\t\t<span class=\"elementor-screen-only\"><\/span>\n\t\t\t\t\t\t<svg xmlns=\"http:\/\/www.w3.org\/2000\/svg\" xmlns:xlink=\"http:\/\/www.w3.org\/1999\/xlink\" id=\"Layer_1\" x=\"0px\" y=\"0px\" viewBox=\"0 0 1000 1000\" style=\"enable-background:new 0 0 1000 1000;\" xml:space=\"preserve\"><style type=\"text\/css\">\t.st0{enable-background:new    ;}\t.st1{fill:#FFFFFF;}<\/style><rect width=\"1000\" height=\"1000\"><\/rect><g class=\"st0\">\t<path class=\"st1\" d=\"M334.1,392.1h-82.9v-48.8h225.7v48.8H394v210.2h-59.9V392.1z\"><\/path>\t<path class=\"st1\" d=\"M674.1,602.3l-50-72.2h-3H569v72.2h-59.9v-259h112.1c22.9,0,42.9,3.8,59.8,11.5c16.9,7.6,29.9,18.5,39,32.6  c9.1,14.1,13.7,30.7,13.7,50c0,19.2-4.6,35.8-13.9,49.8c-9.2,13.9-22.4,24.6-39.4,32l58.1,83.3H674.1z M658.9,403.8  c-9.4-7.8-23.1-11.7-41.1-11.7H569v90.3h48.8c18,0,31.7-3.9,41.1-11.8c9.4-7.9,14.1-19,14.1-33.3  C673,422.7,668.3,411.6,658.9,403.8z\"><\/path><\/g><\/svg>\t\t\t\t\t<\/a>\n\t\t\t\t<\/span>\n\t\t\t\t\t<\/div>\n\t\t\t\t\t\t<\/div>\n\t\t\t\t<\/div>\n\t\t\t\t\t<\/div>\n\t\t<\/div>\n\t\t\t\t\t<\/div>\n\t\t<\/section>\n\t\t\t\t<\/div>\n\t\t","protected":false},"excerpt":{"rendered":"<p>Ya\u015far Law Office Kontaktieren Sie uns: Karanfil Sokak, No: 13 Levent, Be\u015fikta\u015f, \u0130stanbul +90 212 401 4240 info@yasarlaw.com Kontaktieren Sie uns: 859. Sokak, No: 4\/303 Cumhuriyet Bulvar\u0131, Konak, \u0130zmir +90 212 401 4240 info@yasarlaw.com<\/p>\n","protected":false},"author":1,"featured_media":0,"parent":0,"menu_order":4,"comment_status":"closed","ping_status":"closed","template":"","meta":{"zakra_page_container_layout":"customizer","zakra_page_sidebar_layout":"customizer","zakra_remove_content_margin":false,"zakra_sidebar":"customizer","zakra_transparent_header":"customizer","zakra_logo":0,"zakra_main_header_style":"default","zakra_menu_item_color":null,"zakra_menu_item_hover_color":null,"zakra_menu_item_active_color":null,"zakra_menu_active_style":"","zakra_page_header":true,"om_disable_all_campaigns":false,"_monsterinsights_skip_tracking":false,"_monsterinsights_sitenote_active":false,"_monsterinsights_sitenote_note":"","_monsterinsights_sitenote_category":0,"footnotes":""},"class_list":["post-1032","page","type-page","status-publish","hentry"],"aioseo_notices":[],"_links":{"self":[{"href":"https:\/\/yasarlaw.com\/de\/wp-json\/wp\/v2\/pages\/1032","targetHints":{"allow":["GET"]}}],"collection":[{"href":"https:\/\/yasarlaw.com\/de\/wp-json\/wp\/v2\/pages"}],"about":[{"href":"https:\/\/yasarlaw.com\/de\/wp-json\/wp\/v2\/types\/page"}],"author":[{"embeddable":true,"href":"https:\/\/yasarlaw.com\/de\/wp-json\/wp\/v2\/users\/1"}],"replies":[{"embeddable":true,"href":"https:\/\/yasarlaw.com\/de\/wp-json\/wp\/v2\/comments?post=1032"}],"version-history":[{"count":212,"href":"https:\/\/yasarlaw.com\/de\/wp-json\/wp\/v2\/pages\/1032\/revisions"}],"predecessor-version":[{"id":2561,"href":"https:\/\/yasarlaw.com\/de\/wp-json\/wp\/v2\/pages\/1032\/revisions\/2561"}],"wp:attachment":[{"href":"https:\/\/yasarlaw.com\/de\/wp-json\/wp\/v2\/media?parent=1032"}],"curies":[{"name":"wp","href":"https:\/\/api.w.org\/{rel}","templated":true}]}}