{"id":159,"date":"2022-08-26T20:17:57","date_gmt":"2022-08-26T17:17:57","guid":{"rendered":"https:\/\/yasarlaw.com\/de\/?page_id=159"},"modified":"2024-05-30T03:11:03","modified_gmt":"2024-05-30T00:11:03","slug":"uber-uns","status":"publish","type":"page","link":"https:\/\/yasarlaw.com\/de\/uber-uns\/","title":{"rendered":"\u00dcber Uns"},"content":{"rendered":"\t\t<div data-elementor-type=\"wp-page\" data-elementor-id=\"159\" class=\"elementor elementor-159\">\n\t\t\t\t\t\t<section class=\"elementor-section elementor-top-section elementor-element elementor-element-4c79986a elementor-section-stretched elementor-section-boxed elementor-section-height-default elementor-section-height-default\" data-id=\"4c79986a\" data-element_type=\"section\" data-settings=\"{&quot;stretch_section&quot;:&quot;section-stretched&quot;}\">\n\t\t\t\t\t\t<div class=\"elementor-container elementor-column-gap-wider\">\n\t\t\t\t\t<div class=\"elementor-column elementor-col-100 elementor-top-column elementor-element elementor-element-665e57d0\" data-id=\"665e57d0\" data-element_type=\"column\" data-settings=\"{&quot;background_background&quot;:&quot;classic&quot;}\">\n\t\t\t<div class=\"elementor-widget-wrap elementor-element-populated\">\n\t\t\t\t\t\t<div class=\"elementor-element elementor-element-22e17bda elementor-widget elementor-widget-text-editor\" data-id=\"22e17bda\" data-element_type=\"widget\" data-widget_type=\"text-editor.default\">\n\t\t\t\t<div class=\"elementor-widget-container\">\n\t\t\t\t\t\t\t\t\t<p style=\"text-align: justify;\">Ya\u015far Law Office wurde mit dem Ziel gegr\u00fcndet, durch ihren sorgf\u00e4ltigen, gr\u00fcndlichen und dynamischen Ansatz zuverl\u00e4ssige, praktische und effektive L\u00f6sungen f\u00fcr ihre Mandaten zu bieten.<\/p><p style=\"text-align: justify;\">Wir sind vollkommen bewusst, dass eine aktive Kommunikation der Schl\u00fcssel ist und eine reaktionsfreudige und zug\u00e4ngliche Haltung entscheidend ist, um erfolgreiche und exakte Ergebnisse zu erzielen, die unsere Mandantinnen und Mandanten zufriedenstellen. Daher arbeiten wir eng mit unseren Mandanten zusammen. Wir erkennen auch an, dass jedes Detail wichtig ist. Unsere Hingabe gilt h\u00f6chster Sorgfalt, und unsere sorgf\u00e4ltige Vorbereitung strebt danach, alle m\u00f6glichen Ergebnisse abzudecken. Unser dynamisches Team verfolgt die neuesten Entwicklungen. Unser Team ist jederzeit bereit, die Stellung an wechselnde Umst\u00e4nde anzupassen und wir gehen die Extrameile, um aktuelle und innovative L\u00f6sungen f\u00fcr unsere Mandantinnen und Mandanten zu bieten.<\/p><p style=\"text-align: justify;\">Nach ausf\u00fchrlicher Analyse setzen wir gro\u00dfe Anstrengungen in jedem Fall, um umfassende und anst\u00e4ndige L\u00f6sungen sowie fundierte Strategien zu entwickeln, die auf die Vorteile jede einzelne MandantInnen zugeschnitten sind. Wir streben danach, praktische L\u00f6sungen f\u00fcr komplizierte rechtliche Fragen unter Verwendung kosteneffizienter und schneller Methoden bereitzustellen. Unser Fokus liegt auf L\u00f6sungen, nicht auf Problemen, und wir bieten effektive L\u00f6sungen in Verbindung mit einem gesch\u00e4ftsorientierten Ansatz.<\/p><p style=\"text-align: justify;\">Wir bieten rechtliche Dienstleistungen in T\u00fcrkisch, Englisch und Deutsch an.<\/p>\t\t\t\t\t\t\t\t<\/div>\n\t\t\t\t<\/div>\n\t\t\t\t\t<\/div>\n\t\t<\/div>\n\t\t\t\t\t<\/div>\n\t\t<\/section>\n\t\t\t\t<section class=\"elementor-section elementor-top-section elementor-element elementor-element-dc92a8d elementor-section-boxed elementor-section-height-default elementor-section-height-default\" data-id=\"dc92a8d\" data-element_type=\"section\">\n\t\t\t\t\t\t<div class=\"elementor-container elementor-column-gap-default\">\n\t\t\t\t\t<div class=\"elementor-column elementor-col-100 elementor-top-column elementor-element elementor-element-6f7cc5b\" data-id=\"6f7cc5b\" data-element_type=\"column\">\n\t\t\t<div class=\"elementor-widget-wrap elementor-element-populated\">\n\t\t\t\t\t\t<div class=\"elementor-element elementor-element-59d9c26 elementor-shape-square elementor-fixed elementor-grid-0 e-grid-align-center elementor-widget elementor-widget-social-icons\" data-id=\"59d9c26\" data-element_type=\"widget\" data-settings=\"{&quot;_position&quot;:&quot;fixed&quot;}\" data-widget_type=\"social-icons.default\">\n\t\t\t\t<div class=\"elementor-widget-container\">\n\t\t\t\t\t\t\t<div class=\"elementor-social-icons-wrapper elementor-grid\" role=\"list\">\n\t\t\t\t\t\t\t<span class=\"elementor-grid-item\" role=\"listitem\">\n\t\t\t\t\t<a class=\"elementor-icon elementor-social-icon elementor-social-icon- elementor-animation-grow elementor-repeater-item-a6db4e2\" href=\"http:\/\/yasarlaw.com\/about-us\/\">\n\t\t\t\t\t\t<span class=\"elementor-screen-only\"><\/span>\n\t\t\t\t\t\t<svg xmlns=\"http:\/\/www.w3.org\/2000\/svg\" xmlns:xlink=\"http:\/\/www.w3.org\/1999\/xlink\" id=\"Layer_1\" x=\"0px\" y=\"0px\" viewBox=\"0 0 1000 1000\" style=\"enable-background:new 0 0 1000 1000;\" xml:space=\"preserve\"><style type=\"text\/css\">\t.st0{fill:#FFFFFF;}<\/style><g id=\"Layer_3\"><\/g><g id=\"Layer_1_00000020364029370813827900000003168452955817500576_\">\t<rect width=\"1000\" height=\"1000\"><\/rect><\/g><g>\t<path class=\"st0\" d=\"M259.3,345.1H456v51.1H316.2v52.9h122.9v51.1H316.2v54.8h141.5V606H259.3V345.1z\"><\/path>\t<path class=\"st0\" d=\"M508.9,345.1h52.9l122.2,160.6V345.1h56.7v260.8H692L565.5,440.1v165.8h-56.7L508.9,345.1L508.9,345.1z\"><\/path><\/g><\/svg>\t\t\t\t\t<\/a>\n\t\t\t\t<\/span>\n\t\t\t\t\t\t\t<span class=\"elementor-grid-item\" role=\"listitem\">\n\t\t\t\t\t<a class=\"elementor-icon elementor-social-icon elementor-social-icon- elementor-animation-grow elementor-repeater-item-8ec540d\" href=\"https:\/\/yasarlaw.com\/tr\/hakkimizda\/\">\n\t\t\t\t\t\t<span class=\"elementor-screen-only\"><\/span>\n\t\t\t\t\t\t<svg xmlns=\"http:\/\/www.w3.org\/2000\/svg\" xmlns:xlink=\"http:\/\/www.w3.org\/1999\/xlink\" id=\"Layer_1\" x=\"0px\" y=\"0px\" viewBox=\"0 0 1000 1000\" style=\"enable-background:new 0 0 1000 1000;\" xml:space=\"preserve\"><style type=\"text\/css\">\t.st0{enable-background:new    ;}\t.st1{fill:#FFFFFF;}<\/style><rect width=\"1000\" height=\"1000\"><\/rect><g class=\"st0\">\t<path class=\"st1\" d=\"M334.1,392.1h-82.9v-48.8h225.7v48.8H394v210.2h-59.9V392.1z\"><\/path>\t<path class=\"st1\" d=\"M674.1,602.3l-50-72.2h-3H569v72.2h-59.9v-259h112.1c22.9,0,42.9,3.8,59.8,11.5c16.9,7.6,29.9,18.5,39,32.6  c9.1,14.1,13.7,30.7,13.7,50c0,19.2-4.6,35.8-13.9,49.8c-9.2,13.9-22.4,24.6-39.4,32l58.1,83.3H674.1z M658.9,403.8  c-9.4-7.8-23.1-11.7-41.1-11.7H569v90.3h48.8c18,0,31.7-3.9,41.1-11.8c9.4-7.9,14.1-19,14.1-33.3  C673,422.7,668.3,411.6,658.9,403.8z\"><\/path><\/g><\/svg>\t\t\t\t\t<\/a>\n\t\t\t\t<\/span>\n\t\t\t\t\t<\/div>\n\t\t\t\t\t\t<\/div>\n\t\t\t\t<\/div>\n\t\t\t\t\t<\/div>\n\t\t<\/div>\n\t\t\t\t\t<\/div>\n\t\t<\/section>\n\t\t\t\t<section class=\"elementor-section elementor-top-section elementor-element elementor-element-4b1daf75 elementor-section-stretched elementor-section-boxed elementor-section-height-default elementor-section-height-default\" data-id=\"4b1daf75\" data-element_type=\"section\" data-settings=\"{&quot;stretch_section&quot;:&quot;section-stretched&quot;}\">\n\t\t\t\t\t\t<div class=\"elementor-container elementor-column-gap-wider\">\n\t\t\t\t\t<div class=\"elementor-column elementor-col-100 elementor-top-column elementor-element elementor-element-17b40e9d\" data-id=\"17b40e9d\" data-element_type=\"column\" data-settings=\"{&quot;background_background&quot;:&quot;classic&quot;}\">\n\t\t\t<div class=\"elementor-widget-wrap elementor-element-populated\">\n\t\t\t\t\t\t<section class=\"elementor-section elementor-inner-section elementor-element elementor-element-661636d2 elementor-section-full_width elementor-section-height-default elementor-section-height-default\" data-id=\"661636d2\" data-element_type=\"section\">\n\t\t\t\t\t\t<div class=\"elementor-container elementor-column-gap-default\">\n\t\t\t\t\t<div class=\"elementor-column elementor-col-50 elementor-inner-column elementor-element elementor-element-5ed03806\" data-id=\"5ed03806\" data-element_type=\"column\">\n\t\t\t<div class=\"elementor-widget-wrap elementor-element-populated\">\n\t\t\t\t\t\t<div class=\"elementor-element elementor-element-4aab86da elementor-widget elementor-widget-text-editor\" data-id=\"4aab86da\" data-element_type=\"widget\" data-widget_type=\"text-editor.default\">\n\t\t\t\t<div class=\"elementor-widget-container\">\n\t\t\t\t\t\t\t\t\t<p><span style=\"color: #781619;\"><b>Ya\u015far Law Office<\/b><\/span><\/p>\n<p><span style=\"color: #781619;\">Kontaktieren Sie uns:<\/span><\/p>\n<p><span style=\"color: #781619;\">Karanfil Sokak, No: 13<\/span><\/p>\n<p><span style=\"color: #781619;\">Levent, Be\u015fikta\u015f, \u0130stanbul<\/span><\/p>\n<p><span style=\"color: #781619;\"><a style=\"color: #781619;\" title=\"+90 212 401 4240\" href=\"tel:+902124014240\">+90 212 401 4240<\/a><\/span><\/p>\n<p><span style=\"color: #781619;\"><a style=\"color: #781619;\" title=\"info@yasarlaw.com\" href=\"mailto:info@yasarlaw.com\">info@yasarlaw.com<\/a><\/span><\/p>\t\t\t\t\t\t\t\t<\/div>\n\t\t\t\t<\/div>\n\t\t\t\t<div class=\"elementor-element elementor-element-8f05560 elementor-widget elementor-widget-text-editor\" data-id=\"8f05560\" data-element_type=\"widget\" data-widget_type=\"text-editor.default\">\n\t\t\t\t<div class=\"elementor-widget-container\">\n\t\t\t\t\t\t\t\t\t<p><span style=\"color: rgb(120, 22, 25); font-style: inherit; font-weight: inherit; letter-spacing: 0.01em;\">Kontaktieren Sie uns:<\/span><br><\/p>\n<p><span style=\"color: #781619;\">859 Sokak, No: 4\/303<\/span><\/p>\n<p><span style=\"color: #781619;\">Cumhuriyet Bulvar\u0131, Konak, \u0130zmir<\/span><\/p>\n<p><span style=\"color: #781619;\"><a style=\"color: #781619;\" title=\"+90 212 401 4240\" href=\"tel:+902124014240\">+90 212 401 4240<\/a><\/span><\/p>\n<p><span style=\"color: #781619;\"><a style=\"color: #781619;\" title=\"info@yasarlaw.com\" href=\"mailto:info@yasarlaw.com\">info@yasarlaw.com<\/a><\/span><\/p>\t\t\t\t\t\t\t\t<\/div>\n\t\t\t\t<\/div>\n\t\t\t\t\t<\/div>\n\t\t<\/div>\n\t\t\t\t<div class=\"elementor-column elementor-col-50 elementor-inner-column elementor-element elementor-element-5b424e6\" data-id=\"5b424e6\" data-element_type=\"column\">\n\t\t\t<div class=\"elementor-widget-wrap elementor-element-populated\">\n\t\t\t\t\t\t<div class=\"elementor-element elementor-element-24b0cad2 elementor-widget elementor-widget-google_maps\" data-id=\"24b0cad2\" data-element_type=\"widget\" data-widget_type=\"google_maps.default\">\n\t\t\t\t<div class=\"elementor-widget-container\">\n\t\t\t\t\t\t\t<div class=\"elementor-custom-embed\">\n\t\t\t<iframe loading=\"lazy\"\n\t\t\t\t\tsrc=\"https:\/\/maps.google.com\/maps?q=Karanfil%20Soka%C4%9F%C4%B1%20No%3A13%2C%20Levent%2C%2034330%20Be%C5%9Fikta%C5%9F%2F%C4%B0stanbul&#038;t=m&#038;z=15&#038;output=embed&#038;iwloc=near\"\n\t\t\t\t\ttitle=\"Karanfil Soka\u011f\u0131 No:13, Levent, 34330 Be\u015fikta\u015f\/\u0130stanbul\"\n\t\t\t\t\taria-label=\"Karanfil Soka\u011f\u0131 No:13, Levent, 34330 Be\u015fikta\u015f\/\u0130stanbul\"\n\t\t\t><\/iframe>\n\t\t<\/div>\n\t\t\t\t\t\t<\/div>\n\t\t\t\t<\/div>\n\t\t\t\t\t<\/div>\n\t\t<\/div>\n\t\t\t\t\t<\/div>\n\t\t<\/section>\n\t\t\t\t\t<\/div>\n\t\t<\/div>\n\t\t\t\t\t<\/div>\n\t\t<\/section>\n\t\t\t\t<\/div>\n\t\t","protected":false},"excerpt":{"rendered":"<p>Ya\u015far Law Office wurde mit dem Ziel gegr\u00fcndet, durch ihren sorgf\u00e4ltigen, gr\u00fcndlichen und dynamischen Ansatz zuverl\u00e4ssige, praktische und effektive L\u00f6sungen f\u00fcr ihre Mandaten zu bieten. Wir sind vollkommen bewusst, dass eine aktive Kommunikation der Schl\u00fcssel ist und eine reaktionsfreudige und zug\u00e4ngliche Haltung entscheidend ist, um erfolgreiche und exakte Ergebnisse zu erzielen, die unsere Mandantinnen und [&hellip;]<\/p>\n","protected":false},"author":1,"featured_media":0,"parent":0,"menu_order":1,"comment_status":"closed","ping_status":"closed","template":"","meta":{"zakra_page_container_layout":"customizer","zakra_page_sidebar_layout":"customizer","zakra_remove_content_margin":false,"zakra_sidebar":"customizer","zakra_transparent_header":"customizer","zakra_logo":0,"zakra_main_header_style":"default","zakra_menu_item_color":"","zakra_menu_item_hover_color":"","zakra_menu_item_active_color":"","zakra_menu_active_style":"","zakra_page_header":true,"om_disable_all_campaigns":false,"_monsterinsights_skip_tracking":false,"_monsterinsights_sitenote_active":false,"_monsterinsights_sitenote_note":"","_monsterinsights_sitenote_category":0,"footnotes":""},"class_list":["post-159","page","type-page","status-publish","hentry"],"aioseo_notices":[],"_links":{"self":[{"href":"https:\/\/yasarlaw.com\/de\/wp-json\/wp\/v2\/pages\/159","targetHints":{"allow":["GET"]}}],"collection":[{"href":"https:\/\/yasarlaw.com\/de\/wp-json\/wp\/v2\/pages"}],"about":[{"href":"https:\/\/yasarlaw.com\/de\/wp-json\/wp\/v2\/types\/page"}],"author":[{"embeddable":true,"href":"https:\/\/yasarlaw.com\/de\/wp-json\/wp\/v2\/users\/1"}],"replies":[{"embeddable":true,"href":"https:\/\/yasarlaw.com\/de\/wp-json\/wp\/v2\/comments?post=159"}],"version-history":[{"count":127,"href":"https:\/\/yasarlaw.com\/de\/wp-json\/wp\/v2\/pages\/159\/revisions"}],"predecessor-version":[{"id":2552,"href":"https:\/\/yasarlaw.com\/de\/wp-json\/wp\/v2\/pages\/159\/revisions\/2552"}],"wp:attachment":[{"href":"https:\/\/yasarlaw.com\/de\/wp-json\/wp\/v2\/media?parent=159"}],"curies":[{"name":"wp","href":"https:\/\/api.w.org\/{rel}","templated":true}]}}