{"id":163,"date":"2022-08-26T20:18:50","date_gmt":"2022-08-26T17:18:50","guid":{"rendered":"https:\/\/yasarlaw.com\/de\/?page_id=163"},"modified":"2025-05-26T22:59:24","modified_gmt":"2025-05-26T19:59:24","slug":"unser-team","status":"publish","type":"page","link":"https:\/\/yasarlaw.com\/de\/unser-team\/","title":{"rendered":"Unser Team"},"content":{"rendered":"\t\t<div data-elementor-type=\"wp-page\" data-elementor-id=\"163\" class=\"elementor elementor-163\">\n\t\t\t\t\t\t<section class=\"elementor-section elementor-top-section elementor-element elementor-element-22b4f88 elementor-section-boxed elementor-section-height-default elementor-section-height-default\" data-id=\"22b4f88\" data-element_type=\"section\">\n\t\t\t\t\t\t<div class=\"elementor-container elementor-column-gap-default\">\n\t\t\t\t\t<div class=\"elementor-column elementor-col-100 elementor-top-column elementor-element elementor-element-0a6884b\" data-id=\"0a6884b\" data-element_type=\"column\">\n\t\t\t<div class=\"elementor-widget-wrap elementor-element-populated\">\n\t\t\t\t\t\t<div class=\"elementor-element elementor-element-a36ab80 elementor-shape-square elementor-fixed elementor-grid-0 e-grid-align-center elementor-widget elementor-widget-social-icons\" data-id=\"a36ab80\" data-element_type=\"widget\" data-settings=\"{&quot;_position&quot;:&quot;fixed&quot;}\" data-widget_type=\"social-icons.default\">\n\t\t\t\t<div class=\"elementor-widget-container\">\n\t\t\t\t\t\t\t<div class=\"elementor-social-icons-wrapper elementor-grid\" role=\"list\">\n\t\t\t\t\t\t\t<span class=\"elementor-grid-item\" role=\"listitem\">\n\t\t\t\t\t<a class=\"elementor-icon elementor-social-icon elementor-social-icon- elementor-animation-grow elementor-repeater-item-66d48d9\" href=\"http:\/\/yasarlaw.com\/our-team\/\">\n\t\t\t\t\t\t<span class=\"elementor-screen-only\"><\/span>\n\t\t\t\t\t\t<svg xmlns=\"http:\/\/www.w3.org\/2000\/svg\" xmlns:xlink=\"http:\/\/www.w3.org\/1999\/xlink\" id=\"Layer_1\" x=\"0px\" y=\"0px\" viewBox=\"0 0 1000 1000\" style=\"enable-background:new 0 0 1000 1000;\" xml:space=\"preserve\"><style type=\"text\/css\">\t.st0{fill:#FFFFFF;}<\/style><g id=\"Layer_3\"><\/g><g id=\"Layer_1_00000020364029370813827900000003168452955817500576_\">\t<rect width=\"1000\" height=\"1000\"><\/rect><\/g><g>\t<path class=\"st0\" d=\"M259.3,345.1H456v51.1H316.2v52.9h122.9v51.1H316.2v54.8h141.5V606H259.3V345.1z\"><\/path>\t<path class=\"st0\" d=\"M508.9,345.1h52.9l122.2,160.6V345.1h56.7v260.8H692L565.5,440.1v165.8h-56.7L508.9,345.1L508.9,345.1z\"><\/path><\/g><\/svg>\t\t\t\t\t<\/a>\n\t\t\t\t<\/span>\n\t\t\t\t\t\t\t<span class=\"elementor-grid-item\" role=\"listitem\">\n\t\t\t\t\t<a class=\"elementor-icon elementor-social-icon elementor-social-icon- elementor-animation-grow elementor-repeater-item-fcca772\" href=\"https:\/\/yasarlaw.com\/tr\/ekibimiz\/\">\n\t\t\t\t\t\t<span class=\"elementor-screen-only\"><\/span>\n\t\t\t\t\t\t<svg xmlns=\"http:\/\/www.w3.org\/2000\/svg\" xmlns:xlink=\"http:\/\/www.w3.org\/1999\/xlink\" id=\"Layer_1\" x=\"0px\" y=\"0px\" viewBox=\"0 0 1000 1000\" style=\"enable-background:new 0 0 1000 1000;\" xml:space=\"preserve\"><style type=\"text\/css\">\t.st0{enable-background:new    ;}\t.st1{fill:#FFFFFF;}<\/style><rect width=\"1000\" height=\"1000\"><\/rect><g class=\"st0\">\t<path class=\"st1\" d=\"M334.1,392.1h-82.9v-48.8h225.7v48.8H394v210.2h-59.9V392.1z\"><\/path>\t<path class=\"st1\" d=\"M674.1,602.3l-50-72.2h-3H569v72.2h-59.9v-259h112.1c22.9,0,42.9,3.8,59.8,11.5c16.9,7.6,29.9,18.5,39,32.6  c9.1,14.1,13.7,30.7,13.7,50c0,19.2-4.6,35.8-13.9,49.8c-9.2,13.9-22.4,24.6-39.4,32l58.1,83.3H674.1z M658.9,403.8  c-9.4-7.8-23.1-11.7-41.1-11.7H569v90.3h48.8c18,0,31.7-3.9,41.1-11.8c9.4-7.9,14.1-19,14.1-33.3  C673,422.7,668.3,411.6,658.9,403.8z\"><\/path><\/g><\/svg>\t\t\t\t\t<\/a>\n\t\t\t\t<\/span>\n\t\t\t\t\t<\/div>\n\t\t\t\t\t\t<\/div>\n\t\t\t\t<\/div>\n\t\t\t\t\t<\/div>\n\t\t<\/div>\n\t\t\t\t\t<\/div>\n\t\t<\/section>\n\t\t\t\t<section class=\"elementor-section elementor-top-section elementor-element elementor-element-5796450 elementor-section-boxed elementor-section-height-default elementor-section-height-default\" data-id=\"5796450\" data-element_type=\"section\">\n\t\t\t\t\t\t<div class=\"elementor-container elementor-column-gap-default\">\n\t\t\t\t\t<div class=\"elementor-column elementor-col-33 elementor-top-column elementor-element elementor-element-421d850\" data-id=\"421d850\" data-element_type=\"column\">\n\t\t\t<div class=\"elementor-widget-wrap elementor-element-populated\">\n\t\t\t\t\t\t<div class=\"elementor-element elementor-element-f05f13c elementor-widget elementor-widget-image\" data-id=\"f05f13c\" data-element_type=\"widget\" data-widget_type=\"image.default\">\n\t\t\t\t<div class=\"elementor-widget-container\">\n\t\t\t\t\t\t\t\t\t\t\t\t\t\t\t<img fetchpriority=\"high\" decoding=\"async\" width=\"798\" height=\"1024\" src=\"https:\/\/yasarlaw.com\/de\/wp-content\/uploads\/sites\/5\/2022\/09\/Ahmet-Yasar-798x1024.jpg\" class=\"attachment-large size-large wp-image-1299\" alt=\"\" srcset=\"https:\/\/yasarlaw.com\/de\/wp-content\/uploads\/sites\/5\/2022\/09\/Ahmet-Yasar-798x1024.jpg 798w, https:\/\/yasarlaw.com\/de\/wp-content\/uploads\/sites\/5\/2022\/09\/Ahmet-Yasar-234x300.jpg 234w, https:\/\/yasarlaw.com\/de\/wp-content\/uploads\/sites\/5\/2022\/09\/Ahmet-Yasar-768x986.jpg 768w, https:\/\/yasarlaw.com\/de\/wp-content\/uploads\/sites\/5\/2022\/09\/Ahmet-Yasar-1197x1536.jpg 1197w, https:\/\/yasarlaw.com\/de\/wp-content\/uploads\/sites\/5\/2022\/09\/Ahmet-Yasar-1596x2048.jpg 1596w, https:\/\/yasarlaw.com\/de\/wp-content\/uploads\/sites\/5\/2022\/09\/Ahmet-Yasar-scaled.jpg 1994w\" sizes=\"(max-width: 798px) 100vw, 798px\" \/>\t\t\t\t\t\t\t\t\t\t\t\t\t\t\t<\/div>\n\t\t\t\t<\/div>\n\t\t\t\t\t<\/div>\n\t\t<\/div>\n\t\t\t\t<div class=\"elementor-column elementor-col-66 elementor-top-column elementor-element elementor-element-9982c05\" data-id=\"9982c05\" data-element_type=\"column\">\n\t\t\t<div class=\"elementor-widget-wrap elementor-element-populated\">\n\t\t\t\t\t\t<div class=\"elementor-element elementor-element-1cf2bce elementor-widget-mobile__width-inherit elementor-widget elementor-widget-text-editor\" data-id=\"1cf2bce\" data-element_type=\"widget\" data-settings=\"{&quot;_animation&quot;:&quot;none&quot;}\" data-widget_type=\"text-editor.default\">\n\t\t\t\t<div class=\"elementor-widget-container\">\n\t\t\t\t\t\t\t\t\t<p>\u00a0<\/p><p><span style=\"color: #781619;\"><b>Ahmet Ya\u015far<\/b><\/span><\/p><p>LL.M. &#8211; Istanbul Universit\u00e4t, Handelsrecht<\/p><p>LL.B. &#8211; Ihsan Do\u011framac\u0131 Bilkent Universit\u00e4t<\/p><p>Anwaltskammer Istanbul<\/p><p>Interpazifische Anwaltsvereinigung<\/p><p><a title=\"ahmet.yasar@yasarlaw.com\" href=\"mailto:ahmet.yasar@yasarlaw.com\"><span style=\"text-decoration: underline;\">ahmet.yasar@yasarlaw.com<\/span><\/a><\/p>\t\t\t\t\t\t\t\t<\/div>\n\t\t\t\t<\/div>\n\t\t\t\t\t<\/div>\n\t\t<\/div>\n\t\t\t\t\t<\/div>\n\t\t<\/section>\n\t\t\t\t<section class=\"elementor-section elementor-top-section elementor-element elementor-element-89ce473 elementor-section-boxed elementor-section-height-default elementor-section-height-default\" data-id=\"89ce473\" data-element_type=\"section\">\n\t\t\t\t\t\t<div class=\"elementor-container elementor-column-gap-default\">\n\t\t\t\t\t<div class=\"elementor-column elementor-col-33 elementor-top-column elementor-element elementor-element-f8d16bf\" data-id=\"f8d16bf\" data-element_type=\"column\">\n\t\t\t<div class=\"elementor-widget-wrap elementor-element-populated\">\n\t\t\t\t\t\t<div class=\"elementor-element elementor-element-eed5353 elementor-widget elementor-widget-image\" data-id=\"eed5353\" data-element_type=\"widget\" data-widget_type=\"image.default\">\n\t\t\t\t<div class=\"elementor-widget-container\">\n\t\t\t\t\t\t\t\t\t\t\t\t\t\t\t<img decoding=\"async\" width=\"798\" height=\"1024\" src=\"https:\/\/yasarlaw.com\/de\/wp-content\/uploads\/sites\/5\/2023\/04\/Buket-Yasan-798x1024.jpg\" class=\"attachment-large size-large wp-image-2101\" alt=\"\" srcset=\"https:\/\/yasarlaw.com\/de\/wp-content\/uploads\/sites\/5\/2023\/04\/Buket-Yasan-798x1024.jpg 798w, https:\/\/yasarlaw.com\/de\/wp-content\/uploads\/sites\/5\/2023\/04\/Buket-Yasan-234x300.jpg 234w, https:\/\/yasarlaw.com\/de\/wp-content\/uploads\/sites\/5\/2023\/04\/Buket-Yasan-768x986.jpg 768w, https:\/\/yasarlaw.com\/de\/wp-content\/uploads\/sites\/5\/2023\/04\/Buket-Yasan-1197x1536.jpg 1197w, https:\/\/yasarlaw.com\/de\/wp-content\/uploads\/sites\/5\/2023\/04\/Buket-Yasan-1596x2048.jpg 1596w, https:\/\/yasarlaw.com\/de\/wp-content\/uploads\/sites\/5\/2023\/04\/Buket-Yasan-scaled.jpg 1994w\" sizes=\"(max-width: 798px) 100vw, 798px\" \/>\t\t\t\t\t\t\t\t\t\t\t\t\t\t\t<\/div>\n\t\t\t\t<\/div>\n\t\t\t\t\t<\/div>\n\t\t<\/div>\n\t\t\t\t<div class=\"elementor-column elementor-col-66 elementor-top-column elementor-element elementor-element-c0f319a\" data-id=\"c0f319a\" data-element_type=\"column\">\n\t\t\t<div class=\"elementor-widget-wrap elementor-element-populated\">\n\t\t\t\t\t\t<div class=\"elementor-element elementor-element-cacb19c elementor-widget-mobile__width-inherit elementor-widget elementor-widget-text-editor\" data-id=\"cacb19c\" data-element_type=\"widget\" data-settings=\"{&quot;_animation&quot;:&quot;none&quot;}\" data-widget_type=\"text-editor.default\">\n\t\t\t\t<div class=\"elementor-widget-container\">\n\t\t\t\t\t\t\t\t\t<p><span style=\"color: #781619;\"><b>\u00a0<\/b><\/span><\/p><p><span style=\"color: #781619;\"><b>Buket Ya\u015fan<\/b><\/span><\/p><p>LL.B. &#8211; Universit\u00e4t zu K\u00f6ln<\/p><p>\u00c4quivalenzabschluss \u2013 Istanbul Alt\u0131nba\u015f Universit\u00e4t<\/p><p>Anwaltskammer Istanbul<\/p><p><span style=\"text-decoration: underline;\"><a href=\"mailto:buket.yasan@yasarlaw.com\">buket.yasan@yasarlaw.com<\/a><\/span><\/p>\t\t\t\t\t\t\t\t<\/div>\n\t\t\t\t<\/div>\n\t\t\t\t\t<\/div>\n\t\t<\/div>\n\t\t\t\t\t<\/div>\n\t\t<\/section>\n\t\t\t\t<section class=\"elementor-section elementor-top-section elementor-element elementor-element-db5123b elementor-section-boxed elementor-section-height-default elementor-section-height-default\" data-id=\"db5123b\" data-element_type=\"section\">\n\t\t\t\t\t\t<div class=\"elementor-container elementor-column-gap-default\">\n\t\t\t\t\t<div class=\"elementor-column elementor-col-33 elementor-top-column elementor-element elementor-element-a9643ef\" data-id=\"a9643ef\" data-element_type=\"column\">\n\t\t\t<div class=\"elementor-widget-wrap elementor-element-populated\">\n\t\t\t\t\t\t<div class=\"elementor-element elementor-element-088da0f elementor-widget elementor-widget-image\" data-id=\"088da0f\" data-element_type=\"widget\" data-widget_type=\"image.default\">\n\t\t\t\t<div class=\"elementor-widget-container\">\n\t\t\t\t\t\t\t\t\t\t\t\t\t\t\t<img decoding=\"async\" width=\"798\" height=\"1024\" src=\"https:\/\/yasarlaw.com\/de\/wp-content\/uploads\/sites\/5\/2024\/11\/huseyin_jpeg.jpg\" class=\"attachment-large size-large wp-image-2600\" alt=\"\" srcset=\"https:\/\/yasarlaw.com\/de\/wp-content\/uploads\/sites\/5\/2024\/11\/huseyin_jpeg.jpg 798w, https:\/\/yasarlaw.com\/de\/wp-content\/uploads\/sites\/5\/2024\/11\/huseyin_jpeg-234x300.jpg 234w, https:\/\/yasarlaw.com\/de\/wp-content\/uploads\/sites\/5\/2024\/11\/huseyin_jpeg-768x986.jpg 768w\" sizes=\"(max-width: 798px) 100vw, 798px\" \/>\t\t\t\t\t\t\t\t\t\t\t\t\t\t\t<\/div>\n\t\t\t\t<\/div>\n\t\t\t\t\t<\/div>\n\t\t<\/div>\n\t\t\t\t<div class=\"elementor-column elementor-col-66 elementor-top-column elementor-element elementor-element-3348cf2\" data-id=\"3348cf2\" data-element_type=\"column\">\n\t\t\t<div class=\"elementor-widget-wrap elementor-element-populated\">\n\t\t\t\t\t\t<div class=\"elementor-element elementor-element-b0fca11 elementor-widget-mobile__width-inherit elementor-widget elementor-widget-text-editor\" data-id=\"b0fca11\" data-element_type=\"widget\" data-settings=\"{&quot;_animation&quot;:&quot;none&quot;}\" data-widget_type=\"text-editor.default\">\n\t\t\t\t<div class=\"elementor-widget-container\">\n\t\t\t\t\t\t\t\t\t<p><span style=\"color: #781619;\"><b>\u00a0<\/b><\/span><\/p><p><span style=\"color: #781619;\"><b>H\u00fcseyin Mertt\u00fcrk<\/b><\/span><\/p><p><span style=\"font-style: inherit; font-weight: inherit; letter-spacing: 0px;\">LL.B. &#8211; Dokuz Eyl\u00fcl Universit\u00e4t<\/span><\/p><p>Anwaltskammer Izmir<\/p><p><span style=\"text-decoration: underline;\"><a title=\"huseyin.mertturk@yasarlaw.com\" href=\"mailto:huseyin.mertturk@yasarlaw.com\">huseyin.mertturk@yasarlaw.com<\/a><\/span><\/p>\t\t\t\t\t\t\t\t<\/div>\n\t\t\t\t<\/div>\n\t\t\t\t\t<\/div>\n\t\t<\/div>\n\t\t\t\t\t<\/div>\n\t\t<\/section>\n\t\t\t\t<section class=\"elementor-section elementor-top-section elementor-element elementor-element-7a644879 elementor-section-stretched elementor-section-boxed elementor-section-height-default elementor-section-height-default\" data-id=\"7a644879\" data-element_type=\"section\" data-settings=\"{&quot;stretch_section&quot;:&quot;section-stretched&quot;}\">\n\t\t\t\t\t\t<div class=\"elementor-container elementor-column-gap-wider\">\n\t\t\t\t\t<div class=\"elementor-column elementor-col-100 elementor-top-column elementor-element elementor-element-5489b390\" data-id=\"5489b390\" data-element_type=\"column\" data-settings=\"{&quot;background_background&quot;:&quot;classic&quot;}\">\n\t\t\t<div class=\"elementor-widget-wrap elementor-element-populated\">\n\t\t\t\t\t\t<section class=\"elementor-section elementor-inner-section elementor-element elementor-element-6b251307 elementor-section-full_width elementor-section-height-default elementor-section-height-default\" data-id=\"6b251307\" data-element_type=\"section\">\n\t\t\t\t\t\t<div class=\"elementor-container elementor-column-gap-default\">\n\t\t\t\t\t<div class=\"elementor-column elementor-col-50 elementor-inner-column elementor-element elementor-element-6be0ba79\" data-id=\"6be0ba79\" data-element_type=\"column\">\n\t\t\t<div class=\"elementor-widget-wrap elementor-element-populated\">\n\t\t\t\t\t\t<div class=\"elementor-element elementor-element-17b687ed elementor-widget elementor-widget-text-editor\" data-id=\"17b687ed\" data-element_type=\"widget\" data-widget_type=\"text-editor.default\">\n\t\t\t\t<div class=\"elementor-widget-container\">\n\t\t\t\t\t\t\t\t\t<p><span style=\"color: #781619;\"><b>Ya\u015far Law Office<\/b><\/span><\/p>\n<p><span style=\"color: #781619;\">Kontaktieren Sie uns:<\/span><\/p>\n<p><span style=\"color: #781619;\">Karanfil Sokak, No: 13<\/span><\/p>\n<p><span style=\"color: #781619;\">Levent, Be\u015fikta\u015f, \u0130stanbul<\/span><\/p>\n<p><span style=\"color: #781619;\"><a style=\"color: #781619;\" title=\"+90 212 401 4240\" href=\"tel:+902124014240\">+90 212 401 4240<\/a><\/span><\/p>\n<p><span style=\"color: #781619;\"><a style=\"color: #781619;\" title=\"info@yasarlaw.com\" href=\"mailto:info@yasarlaw.com\">info@yasarlaw.com<\/a><\/span><\/p>\t\t\t\t\t\t\t\t<\/div>\n\t\t\t\t<\/div>\n\t\t\t\t<div class=\"elementor-element elementor-element-dec8582 elementor-widget elementor-widget-text-editor\" data-id=\"dec8582\" data-element_type=\"widget\" data-widget_type=\"text-editor.default\">\n\t\t\t\t<div class=\"elementor-widget-container\">\n\t\t\t\t\t\t\t\t\t<p><span style=\"color: rgb(120, 22, 25); font-style: inherit; font-weight: inherit; letter-spacing: 0.01em;\">Kontaktieren Sie uns:<\/span><br><\/p>\n<p><span style=\"color: #781619;\">859. Sokak, No: 4\/303<\/span><\/p>\n<p><font color=\"#781619\">Cumhuriyet Bulvar\u0131, Konak, \u0130zmir<\/font><\/p>\n<p><span style=\"color: #781619;\"><a style=\"color: #781619;\" title=\"+90 212 401 4240\" href=\"tel:+902124014240\">+90 212 401 4240<\/a><\/span><\/p>\n<p><span style=\"color: #781619;\"><a style=\"color: #781619;\" title=\"info@yasarlaw.com\" href=\"mailto:info@yasarlaw.com\">info@yasarlaw.com<\/a><\/span><\/p>\t\t\t\t\t\t\t\t<\/div>\n\t\t\t\t<\/div>\n\t\t\t\t\t<\/div>\n\t\t<\/div>\n\t\t\t\t<div class=\"elementor-column elementor-col-50 elementor-inner-column elementor-element elementor-element-313aba90\" data-id=\"313aba90\" data-element_type=\"column\">\n\t\t\t<div class=\"elementor-widget-wrap elementor-element-populated\">\n\t\t\t\t\t\t<div class=\"elementor-element elementor-element-6050149 elementor-widget elementor-widget-google_maps\" data-id=\"6050149\" data-element_type=\"widget\" data-widget_type=\"google_maps.default\">\n\t\t\t\t<div class=\"elementor-widget-container\">\n\t\t\t\t\t\t\t<div class=\"elementor-custom-embed\">\n\t\t\t<iframe loading=\"lazy\"\n\t\t\t\t\tsrc=\"https:\/\/maps.google.com\/maps?q=Karanfil%20Soka%C4%9F%C4%B1%20No%3A13%2C%20Levent%2C%2034330%20Be%C5%9Fikta%C5%9F%2F%C4%B0stanbul&#038;t=m&#038;z=15&#038;output=embed&#038;iwloc=near\"\n\t\t\t\t\ttitle=\"Karanfil Soka\u011f\u0131 No:13, Levent, 34330 Be\u015fikta\u015f\/\u0130stanbul\"\n\t\t\t\t\taria-label=\"Karanfil Soka\u011f\u0131 No:13, Levent, 34330 Be\u015fikta\u015f\/\u0130stanbul\"\n\t\t\t><\/iframe>\n\t\t<\/div>\n\t\t\t\t\t\t<\/div>\n\t\t\t\t<\/div>\n\t\t\t\t\t<\/div>\n\t\t<\/div>\n\t\t\t\t\t<\/div>\n\t\t<\/section>\n\t\t\t\t\t<\/div>\n\t\t<\/div>\n\t\t\t\t\t<\/div>\n\t\t<\/section>\n\t\t\t\t<\/div>\n\t\t","protected":false},"excerpt":{"rendered":"<p>\u00a0 Ahmet Ya\u015far LL.M. &#8211; Istanbul Universit\u00e4t, Handelsrecht LL.B. &#8211; Ihsan Do\u011framac\u0131 Bilkent Universit\u00e4t Anwaltskammer Istanbul Interpazifische Anwaltsvereinigung ahmet.yasar@yasarlaw.com \u00a0 Buket Ya\u015fan LL.B. &#8211; Universit\u00e4t zu K\u00f6ln \u00c4quivalenzabschluss \u2013 Istanbul Alt\u0131nba\u015f Universit\u00e4t Anwaltskammer Istanbul buket.yasan@yasarlaw.com \u00a0 H\u00fcseyin Mertt\u00fcrk LL.B. &#8211; Dokuz Eyl\u00fcl Universit\u00e4t Anwaltskammer Izmir huseyin.mertturk@yasarlaw.com Ya\u015far Law Office Kontaktieren Sie uns: Karanfil Sokak, No: [&hellip;]<\/p>\n","protected":false},"author":1,"featured_media":0,"parent":0,"menu_order":2,"comment_status":"closed","ping_status":"closed","template":"","meta":{"zakra_page_container_layout":"customizer","zakra_page_sidebar_layout":"customizer","zakra_remove_content_margin":false,"zakra_sidebar":"customizer","zakra_transparent_header":"customizer","zakra_logo":0,"zakra_main_header_style":"default","zakra_menu_item_color":"","zakra_menu_item_hover_color":"","zakra_menu_item_active_color":"","zakra_menu_active_style":"","zakra_page_header":true,"om_disable_all_campaigns":false,"_monsterinsights_skip_tracking":false,"_monsterinsights_sitenote_active":false,"_monsterinsights_sitenote_note":"","_monsterinsights_sitenote_category":0,"footnotes":""},"class_list":["post-163","page","type-page","status-publish","hentry"],"aioseo_notices":[],"_links":{"self":[{"href":"https:\/\/yasarlaw.com\/de\/wp-json\/wp\/v2\/pages\/163","targetHints":{"allow":["GET"]}}],"collection":[{"href":"https:\/\/yasarlaw.com\/de\/wp-json\/wp\/v2\/pages"}],"about":[{"href":"https:\/\/yasarlaw.com\/de\/wp-json\/wp\/v2\/types\/page"}],"author":[{"embeddable":true,"href":"https:\/\/yasarlaw.com\/de\/wp-json\/wp\/v2\/users\/1"}],"replies":[{"embeddable":true,"href":"https:\/\/yasarlaw.com\/de\/wp-json\/wp\/v2\/comments?post=163"}],"version-history":[{"count":175,"href":"https:\/\/yasarlaw.com\/de\/wp-json\/wp\/v2\/pages\/163\/revisions"}],"predecessor-version":[{"id":2606,"href":"https:\/\/yasarlaw.com\/de\/wp-json\/wp\/v2\/pages\/163\/revisions\/2606"}],"wp:attachment":[{"href":"https:\/\/yasarlaw.com\/de\/wp-json\/wp\/v2\/media?parent=163"}],"curies":[{"name":"wp","href":"https:\/\/api.w.org\/{rel}","templated":true}]}}