{"id":159,"date":"2022-08-26T20:17:57","date_gmt":"2022-08-26T17:17:57","guid":{"rendered":"https:\/\/yasarlaw.com\/tr\/?page_id=159"},"modified":"2024-05-30T03:18:24","modified_gmt":"2024-05-30T00:18:24","slug":"hakkimizda","status":"publish","type":"page","link":"https:\/\/yasarlaw.com\/tr\/hakkimizda\/","title":{"rendered":"Hakk\u0131m\u0131zda"},"content":{"rendered":"\t\t<div data-elementor-type=\"wp-page\" data-elementor-id=\"159\" class=\"elementor elementor-159\">\n\t\t\t\t\t\t<section class=\"elementor-section elementor-top-section elementor-element elementor-element-4c79986a elementor-section-stretched elementor-section-boxed elementor-section-height-default elementor-section-height-default\" data-id=\"4c79986a\" data-element_type=\"section\" data-settings=\"{&quot;stretch_section&quot;:&quot;section-stretched&quot;}\">\n\t\t\t\t\t\t<div class=\"elementor-container elementor-column-gap-wider\">\n\t\t\t\t\t<div class=\"elementor-column elementor-col-100 elementor-top-column elementor-element elementor-element-665e57d0\" data-id=\"665e57d0\" data-element_type=\"column\" data-settings=\"{&quot;background_background&quot;:&quot;classic&quot;}\">\n\t\t\t<div class=\"elementor-widget-wrap elementor-element-populated\">\n\t\t\t\t\t\t<div class=\"elementor-element elementor-element-22e17bda elementor-widget elementor-widget-text-editor\" data-id=\"22e17bda\" data-element_type=\"widget\" data-widget_type=\"text-editor.default\">\n\t\t\t\t<div class=\"elementor-widget-container\">\n\t\t\t\t\t\t\t\t\t<p style=\"text-align: justify;\">Ya\u015far Law Office, ilgili, titiz ve dinamik yakla\u015f\u0131m\u0131yla m\u00fcvekkillerine g\u00fcvenilir, pratik ve etkili \u00e7\u00f6z\u00fcmler bulma gayesiyle kuruldu.<\/p>\n<p style=\"text-align: justify;\">M\u00fcvekkillerimizi tam anlam\u0131yla memnun edecek ba\u015far\u0131l\u0131 ve ki\u015fiye \u00f6zel \u00e7\u00f6z\u00fcmler \u00fcretebilmek i\u00e7in m\u00fcvekkillerimiz ile daima irtibatta kalarak onlar\u0131n soru ve sorunlar\u0131yla ilgili olman\u0131n b\u00fcy\u00fck \u00f6nem ta\u015f\u0131d\u0131\u011f\u0131n\u0131n fark\u0131nday\u0131z. Bu nedenle m\u00fcvekkillerimiz ile yak\u0131n i\u015f birli\u011fi i\u00e7inde \u00e7al\u0131\u015f\u0131yor ve onlar\u0131n ekibinin bir par\u00e7as\u0131 olarak da hareket ediyoruz. Ayr\u0131ca, her bir detay\u0131n \u00f6nemli oldu\u011funun bilinciyle son derece titiz bir \u015fekilde \u00e7al\u0131\u015fmaya ve bu kapsamda b\u00fct\u00fcn olas\u0131 sonu\u00e7lar\u0131 g\u00f6z \u00f6n\u00fcnde bulundurmaya gayret g\u00f6steriyoruz. Dinamik ekibimizle de\u011fi\u015fen ko\u015fullara ayak uydurabilmek i\u00e7in g\u00fcncel geli\u015fmeleri daima takip edip de\u011ferlendiriyor, m\u00fcvekkillerimize g\u00fcncel ve yenilik\u00e7i \u00e7\u00f6z\u00fcmler sunmak i\u00e7in gereken b\u00fct\u00fcn \u00e7abay\u0131 sarf ediyoruz.<\/p>\n<p style=\"text-align: justify;\">\u00d6zenli bir de\u011ferlendirmenin ard\u0131ndan her bir m\u00fcvekkilimizin ihtiyac\u0131na uygun kapsaml\u0131 ve g\u00fcvenilir \u00e7\u00f6z\u00fcmler ile sa\u011flam stratejiler \u00fcretmek i\u00e7in her i\u015fimize b\u00fcy\u00fck emek harc\u0131yoruz. Karma\u015f\u0131k hukuki sorunlara d\u00fc\u015f\u00fck maliyetli ve h\u0131zl\u0131 y\u00f6ntemlerle pratik cevaplar getiriyoruz. Sorunlara de\u011fil, \u00e7\u00f6z\u00fcmlere odaklan\u0131yor ve i\u015f odakl\u0131 yakla\u015f\u0131m\u0131m\u0131zla etkili \u00e7\u00f6z\u00fcmler sunuyoruz.<\/p>\n<p style=\"text-align: justify;\">Ya\u015far Law Office olarak T\u00fcrk\u00e7e, \u0130ngilizce ve Almanca hukuki destek sa\u011fl\u0131yoruz.<\/p>\t\t\t\t\t\t\t\t<\/div>\n\t\t\t\t<\/div>\n\t\t\t\t\t<\/div>\n\t\t<\/div>\n\t\t\t\t\t<\/div>\n\t\t<\/section>\n\t\t\t\t<section class=\"elementor-section elementor-top-section elementor-element elementor-element-dc92a8d elementor-section-boxed elementor-section-height-default elementor-section-height-default\" data-id=\"dc92a8d\" data-element_type=\"section\">\n\t\t\t\t\t\t<div class=\"elementor-container elementor-column-gap-default\">\n\t\t\t\t\t<div class=\"elementor-column elementor-col-100 elementor-top-column elementor-element elementor-element-6f7cc5b\" data-id=\"6f7cc5b\" data-element_type=\"column\">\n\t\t\t<div class=\"elementor-widget-wrap elementor-element-populated\">\n\t\t\t\t\t\t<div class=\"elementor-element elementor-element-59d9c26 elementor-shape-square elementor-fixed elementor-grid-0 e-grid-align-center elementor-widget elementor-widget-social-icons\" data-id=\"59d9c26\" data-element_type=\"widget\" data-settings=\"{&quot;_position&quot;:&quot;fixed&quot;}\" data-widget_type=\"social-icons.default\">\n\t\t\t\t<div class=\"elementor-widget-container\">\n\t\t\t\t\t\t\t<div class=\"elementor-social-icons-wrapper elementor-grid\" role=\"list\">\n\t\t\t\t\t\t\t<span class=\"elementor-grid-item\" role=\"listitem\">\n\t\t\t\t\t<a class=\"elementor-icon elementor-social-icon elementor-social-icon- elementor-animation-grow elementor-repeater-item-a6db4e2\" href=\"http:\/\/yasarlaw.com\/about-us\/\">\n\t\t\t\t\t\t<span class=\"elementor-screen-only\"><\/span>\n\t\t\t\t\t\t<svg xmlns=\"http:\/\/www.w3.org\/2000\/svg\" xmlns:xlink=\"http:\/\/www.w3.org\/1999\/xlink\" id=\"Layer_1\" x=\"0px\" y=\"0px\" viewBox=\"0 0 1000 1000\" style=\"enable-background:new 0 0 1000 1000;\" xml:space=\"preserve\"><style type=\"text\/css\">\t.st0{fill:#FFFFFF;}<\/style><g id=\"Layer_3\"><\/g><g id=\"Layer_1_00000020364029370813827900000003168452955817500576_\">\t<rect width=\"1000\" height=\"1000\"><\/rect><\/g><g>\t<path class=\"st0\" d=\"M259.3,345.1H456v51.1H316.2v52.9h122.9v51.1H316.2v54.8h141.5V606H259.3V345.1z\"><\/path>\t<path class=\"st0\" d=\"M508.9,345.1h52.9l122.2,160.6V345.1h56.7v260.8H692L565.5,440.1v165.8h-56.7L508.9,345.1L508.9,345.1z\"><\/path><\/g><\/svg>\t\t\t\t\t<\/a>\n\t\t\t\t<\/span>\n\t\t\t\t\t\t\t<span class=\"elementor-grid-item\" role=\"listitem\">\n\t\t\t\t\t<a class=\"elementor-icon elementor-social-icon elementor-social-icon- elementor-animation-grow elementor-repeater-item-ceda3dc\" href=\"https:\/\/yasarlaw.com\/de\/uber-uns\/\">\n\t\t\t\t\t\t<span class=\"elementor-screen-only\"><\/span>\n\t\t\t\t\t\t<svg xmlns=\"http:\/\/www.w3.org\/2000\/svg\" xmlns:xlink=\"http:\/\/www.w3.org\/1999\/xlink\" x=\"0px\" y=\"0px\" viewBox=\"0 0 1000 1000\" style=\"enable-background:new 0 0 1000 1000;\" xml:space=\"preserve\"><style type=\"text\/css\">\t.st0{enable-background:new    ;}\t.st1{fill:#FFFFFF;}<\/style><g id=\"Layer_3\"><\/g><g id=\"Layer_1\">\t<rect width=\"1000\" height=\"1000\"><\/rect><\/g><g id=\"Layer_2\">\t<g id=\"ENG\">\t\t<g class=\"st0\">\t\t\t<path class=\"st1\" d=\"M252.1,345.1h118.5c28.3,0,53.3,5.4,75.1,16.2c21.7,10.8,38.6,26,50.7,45.6c12,19.6,18.1,42.5,18.1,68.6    c0,26.1-6,48.9-18.1,68.6c-12,19.6-28.9,34.8-50.7,45.6c-21.7,10.8-46.8,16.2-75.1,16.2H252.1V345.1z M367.6,556.3    c26.1,0,46.9-7.3,62.4-21.8c15.5-14.5,23.3-34.2,23.3-59.1c0-24.8-7.8-44.5-23.3-59.1c-15.5-14.5-36.3-21.8-62.4-21.8h-55.1    v161.7H367.6z\"><\/path>\t\t\t<path class=\"st1\" d=\"M761.7,557.4v48.4H559.8V345.1h197.1v48.4H619.8v56.6h121.1v46.9H619.8v60.4H761.7z\"><\/path>\t\t<\/g>\t<\/g><\/g><\/svg>\t\t\t\t\t<\/a>\n\t\t\t\t<\/span>\n\t\t\t\t\t<\/div>\n\t\t\t\t\t\t<\/div>\n\t\t\t\t<\/div>\n\t\t\t\t\t<\/div>\n\t\t<\/div>\n\t\t\t\t\t<\/div>\n\t\t<\/section>\n\t\t\t\t<section class=\"elementor-section elementor-top-section elementor-element elementor-element-4b1daf75 elementor-section-stretched elementor-section-boxed elementor-section-height-default elementor-section-height-default\" data-id=\"4b1daf75\" data-element_type=\"section\" data-settings=\"{&quot;stretch_section&quot;:&quot;section-stretched&quot;}\">\n\t\t\t\t\t\t<div class=\"elementor-container elementor-column-gap-wider\">\n\t\t\t\t\t<div class=\"elementor-column elementor-col-100 elementor-top-column elementor-element elementor-element-17b40e9d\" data-id=\"17b40e9d\" data-element_type=\"column\" data-settings=\"{&quot;background_background&quot;:&quot;classic&quot;}\">\n\t\t\t<div class=\"elementor-widget-wrap elementor-element-populated\">\n\t\t\t\t\t\t<section class=\"elementor-section elementor-inner-section elementor-element elementor-element-661636d2 elementor-section-full_width elementor-section-height-default elementor-section-height-default\" data-id=\"661636d2\" data-element_type=\"section\">\n\t\t\t\t\t\t<div class=\"elementor-container elementor-column-gap-default\">\n\t\t\t\t\t<div class=\"elementor-column elementor-col-50 elementor-inner-column elementor-element elementor-element-5ed03806\" data-id=\"5ed03806\" data-element_type=\"column\">\n\t\t\t<div class=\"elementor-widget-wrap elementor-element-populated\">\n\t\t\t\t\t\t<div class=\"elementor-element elementor-element-4aab86da elementor-widget elementor-widget-text-editor\" data-id=\"4aab86da\" data-element_type=\"widget\" data-widget_type=\"text-editor.default\">\n\t\t\t\t<div class=\"elementor-widget-container\">\n\t\t\t\t\t\t\t\t\t<p><span style=\"color: #781619;\"><b>Ya\u015far Law Office<\/b><\/span><\/p>\n<p><span style=\"color: #781619;\">Bize Ula\u015f\u0131n:<\/span><\/p>\n<p><span style=\"color: #781619;\">Karanfil Sokak, No: 13<\/span><\/p>\n<p><span style=\"color: #781619;\">Levent, Be\u015fikta\u015f, \u0130stanbul<\/span><\/p>\n<p><span style=\"color: #781619;\"><a style=\"color: #781619;\" title=\"+90 212 401 4240\" href=\"tel:+902124014240\">+90 212 401 4240<\/a><\/span><\/p>\n<p><span style=\"color: #781619;\"><a style=\"color: #781619;\" title=\"info@yasarlaw.com\" href=\"mailto:info@yasarlaw.com\">info@yasarlaw.com<\/a><\/span><\/p>\t\t\t\t\t\t\t\t<\/div>\n\t\t\t\t<\/div>\n\t\t\t\t<div class=\"elementor-element elementor-element-93ee19f elementor-widget elementor-widget-text-editor\" data-id=\"93ee19f\" data-element_type=\"widget\" data-widget_type=\"text-editor.default\">\n\t\t\t\t<div class=\"elementor-widget-container\">\n\t\t\t\t\t\t\t\t\t<p><span style=\"color: rgb(120, 22, 25); font-style: inherit; font-weight: inherit; letter-spacing: 0.01em;\">Bize Ula\u015f\u0131n:<\/span><br><\/p>\n<p><span style=\"color: #781619;\">859. Sokak, No: 4\/303<\/span><\/p>\n<p><font color=\"#781619\">Cumhuriyet Bulvar\u0131, Konak, \u0130zmir<\/font><\/p>\n<p><span style=\"color: #781619;\"><a style=\"color: #781619;\" title=\"+90 212 401 4240\" href=\"tel:+902124014240\">+90 212 401 4240<\/a><\/span><\/p>\n<p><span style=\"color: #781619;\"><a style=\"color: #781619;\" title=\"info@yasarlaw.com\" href=\"mailto:info@yasarlaw.com\">info@yasarlaw.com<\/a><\/span><\/p>\t\t\t\t\t\t\t\t<\/div>\n\t\t\t\t<\/div>\n\t\t\t\t\t<\/div>\n\t\t<\/div>\n\t\t\t\t<div class=\"elementor-column elementor-col-50 elementor-inner-column elementor-element elementor-element-5b424e6\" data-id=\"5b424e6\" data-element_type=\"column\">\n\t\t\t<div class=\"elementor-widget-wrap elementor-element-populated\">\n\t\t\t\t\t\t<div class=\"elementor-element elementor-element-24b0cad2 elementor-widget elementor-widget-google_maps\" data-id=\"24b0cad2\" data-element_type=\"widget\" data-widget_type=\"google_maps.default\">\n\t\t\t\t<div class=\"elementor-widget-container\">\n\t\t\t\t\t\t\t<div class=\"elementor-custom-embed\">\n\t\t\t<iframe loading=\"lazy\"\n\t\t\t\t\tsrc=\"https:\/\/maps.google.com\/maps?q=Karanfil%20Soka%C4%9F%C4%B1%20No%3A13%2C%20Levent%2C%2034330%20Be%C5%9Fikta%C5%9F%2F%C4%B0stanbul&#038;t=m&#038;z=15&#038;output=embed&#038;iwloc=near\"\n\t\t\t\t\ttitle=\"Karanfil Soka\u011f\u0131 No:13, Levent, 34330 Be\u015fikta\u015f\/\u0130stanbul\"\n\t\t\t\t\taria-label=\"Karanfil Soka\u011f\u0131 No:13, Levent, 34330 Be\u015fikta\u015f\/\u0130stanbul\"\n\t\t\t><\/iframe>\n\t\t<\/div>\n\t\t\t\t\t\t<\/div>\n\t\t\t\t<\/div>\n\t\t\t\t\t<\/div>\n\t\t<\/div>\n\t\t\t\t\t<\/div>\n\t\t<\/section>\n\t\t\t\t\t<\/div>\n\t\t<\/div>\n\t\t\t\t\t<\/div>\n\t\t<\/section>\n\t\t\t\t<\/div>\n\t\t","protected":false},"excerpt":{"rendered":"<p>Ya\u015far Law Office, ilgili, titiz ve dinamik yakla\u015f\u0131m\u0131yla m\u00fcvekkillerine g\u00fcvenilir, pratik ve etkili \u00e7\u00f6z\u00fcmler bulma gayesiyle kuruldu. M\u00fcvekkillerimizi tam anlam\u0131yla memnun edecek ba\u015far\u0131l\u0131 ve ki\u015fiye \u00f6zel \u00e7\u00f6z\u00fcmler \u00fcretebilmek i\u00e7in m\u00fcvekkillerimiz ile daima irtibatta kalarak onlar\u0131n soru ve sorunlar\u0131yla ilgili olman\u0131n b\u00fcy\u00fck \u00f6nem ta\u015f\u0131d\u0131\u011f\u0131n\u0131n fark\u0131nday\u0131z. Bu nedenle m\u00fcvekkillerimiz ile yak\u0131n i\u015f birli\u011fi i\u00e7inde \u00e7al\u0131\u015f\u0131yor ve onlar\u0131n [&hellip;]<\/p>\n","protected":false},"author":1,"featured_media":0,"parent":0,"menu_order":1,"comment_status":"closed","ping_status":"closed","template":"","meta":{"zakra_page_container_layout":"customizer","zakra_page_sidebar_layout":"customizer","zakra_remove_content_margin":false,"zakra_sidebar":"customizer","zakra_transparent_header":"customizer","zakra_logo":0,"zakra_main_header_style":"default","zakra_menu_item_color":"","zakra_menu_item_hover_color":"","zakra_menu_item_active_color":"","zakra_menu_active_style":"","zakra_page_header":true,"om_disable_all_campaigns":false,"_monsterinsights_skip_tracking":false,"_monsterinsights_sitenote_active":false,"_monsterinsights_sitenote_note":"","_monsterinsights_sitenote_category":0,"footnotes":""},"class_list":["post-159","page","type-page","status-publish","hentry"],"aioseo_notices":[],"_links":{"self":[{"href":"https:\/\/yasarlaw.com\/tr\/wp-json\/wp\/v2\/pages\/159","targetHints":{"allow":["GET"]}}],"collection":[{"href":"https:\/\/yasarlaw.com\/tr\/wp-json\/wp\/v2\/pages"}],"about":[{"href":"https:\/\/yasarlaw.com\/tr\/wp-json\/wp\/v2\/types\/page"}],"author":[{"embeddable":true,"href":"https:\/\/yasarlaw.com\/tr\/wp-json\/wp\/v2\/users\/1"}],"replies":[{"embeddable":true,"href":"https:\/\/yasarlaw.com\/tr\/wp-json\/wp\/v2\/comments?post=159"}],"version-history":[{"count":105,"href":"https:\/\/yasarlaw.com\/tr\/wp-json\/wp\/v2\/pages\/159\/revisions"}],"predecessor-version":[{"id":2609,"href":"https:\/\/yasarlaw.com\/tr\/wp-json\/wp\/v2\/pages\/159\/revisions\/2609"}],"wp:attachment":[{"href":"https:\/\/yasarlaw.com\/tr\/wp-json\/wp\/v2\/media?parent=159"}],"curies":[{"name":"wp","href":"https:\/\/api.w.org\/{rel}","templated":true}]}}