{"id":1964,"date":"2023-02-03T06:13:30","date_gmt":"2023-02-03T03:13:30","guid":{"rendered":"https:\/\/yasarlaw.com\/tr\/?page_id=1964"},"modified":"2024-07-10T01:32:52","modified_gmt":"2024-07-09T22:32:52","slug":"almanyada-yururluge-giren-tedarik-zincirlerinde-ozen-yukumlulugu-kanunu","status":"publish","type":"page","link":"https:\/\/yasarlaw.com\/tr\/yayinlar\/almanyada-yururluge-giren-tedarik-zincirlerinde-ozen-yukumlulugu-kanunu\/","title":{"rendered":"Almanya\u2019da y\u00fcr\u00fcrl\u00fc\u011fe giren Tedarik Zincirlerinde \u00d6zen Y\u00fck\u00fcml\u00fcl\u00fc\u011f\u00fc Kanunu"},"content":{"rendered":"\t\t<div data-elementor-type=\"wp-page\" data-elementor-id=\"1964\" class=\"elementor elementor-1964\">\n\t\t\t\t\t\t<section class=\"elementor-section elementor-top-section elementor-element elementor-element-4edc8107 elementor-section-stretched elementor-section-boxed elementor-section-height-default elementor-section-height-default\" data-id=\"4edc8107\" data-element_type=\"section\" data-settings=\"{&quot;stretch_section&quot;:&quot;section-stretched&quot;,&quot;background_background&quot;:&quot;classic&quot;}\">\n\t\t\t\t\t\t\t<div class=\"elementor-background-overlay\"><\/div>\n\t\t\t\t\t\t\t<div class=\"elementor-container elementor-column-gap-no\">\n\t\t\t\t\t<div class=\"elementor-column elementor-col-100 elementor-top-column elementor-element elementor-element-2f3dd376\" data-id=\"2f3dd376\" data-element_type=\"column\">\n\t\t\t<div class=\"elementor-widget-wrap elementor-element-populated\">\n\t\t\t\t\t\t<div class=\"elementor-element elementor-element-777c5002 elementor-widget__width-auto elementor-absolute elementor-widget elementor-widget-text-editor\" data-id=\"777c5002\" data-element_type=\"widget\" data-settings=\"{&quot;_position&quot;:&quot;absolute&quot;}\" data-widget_type=\"text-editor.default\">\n\t\t\t\t<div class=\"elementor-widget-container\">\n\t\t\t\t\t\t\t\t\t<p><span style=\"color: #ffffff;\"><strong>Almanya\u2019da Y\u00fcr\u00fcrl\u00fc\u011fe Giren Tedarik Zincirlerinde \u00d6zen Y\u00fck\u00fcml\u00fcl\u00fc\u011f\u00fc Kanunu<\/strong><\/span><\/p>\t\t\t\t\t\t\t\t<\/div>\n\t\t\t\t<\/div>\n\t\t\t\t\t<\/div>\n\t\t<\/div>\n\t\t\t\t\t<\/div>\n\t\t<\/section>\n\t\t\t\t<section class=\"elementor-section elementor-top-section elementor-element elementor-element-2da90fb6 elementor-section-stretched elementor-section-boxed elementor-section-height-default elementor-section-height-default\" data-id=\"2da90fb6\" data-element_type=\"section\" data-settings=\"{&quot;stretch_section&quot;:&quot;section-stretched&quot;}\">\n\t\t\t\t\t\t<div class=\"elementor-container elementor-column-gap-wider\">\n\t\t\t\t\t<div class=\"elementor-column elementor-col-100 elementor-top-column elementor-element elementor-element-148bddc0\" data-id=\"148bddc0\" data-element_type=\"column\" data-settings=\"{&quot;background_background&quot;:&quot;classic&quot;}\">\n\t\t\t<div class=\"elementor-widget-wrap elementor-element-populated\">\n\t\t\t\t\t\t<div class=\"elementor-element elementor-element-78e52e9d elementor-widget elementor-widget-text-editor\" data-id=\"78e52e9d\" data-element_type=\"widget\" data-widget_type=\"text-editor.default\">\n\t\t\t\t<div class=\"elementor-widget-container\">\n\t\t\t\t\t\t\t\t\t<p>Sizi yak\u0131n zamanda Almanya\u2019da y\u00fcr\u00fcrl\u00fc\u011fe giren Tedarik Zincirlerinde \u00d6zen Y\u00fck\u00fcml\u00fcl\u00fc\u011f\u00fc Kanunu (\u201c<strong>Tedarik Zinciri Kanunu<\/strong>\u201d) hakk\u0131nda bilgilendirmek isteriz.<\/p><p><b>I.\u00a0<\/b><strong>GENEL BAKI\u015e<\/strong><\/p><p>Kitle ileti\u015fim ara\u00e7lar\u0131 ile yarat\u0131lan fark\u0131ndal\u0131k ve bilhassa az geli\u015fmi\u015f \u00fclkelerde meydana gelen insan haklar\u0131 ihlalleri ile \u00e7evresel felaketlerin ma\u011fdurlar\u0131 hakk\u0131nda olu\u015fan k\u00fcresel kamuoyu sonucunda \u00e7ok uluslu \u015firketler i\u00e7in daha s\u0131k\u0131 birtak\u0131m y\u00fck\u00fcml\u00fcl\u00fckler getirme ihtiyac\u0131 giderek artmaktad\u0131r.<\/p><p>Bu do\u011frultuda Alman h\u00fckumetinin Birle\u015fmi\u015f Milletler\u2019in 2016\u2019da yay\u0131mlad\u0131\u011f\u0131 \u0130nsan Haklar\u0131 ve \u0130\u015f D\u00fcnyas\u0131 Rehberi\u2019ni uygulamaya koyma \u00e7abalar\u0131na destek veren Alman parlamentosu, 16 Temmuz 2021\u2019de Tedarik Zinciri Kanunu\u2019nu kabul etmi\u015ftir.<\/p><p>Bu noktada Tedarik Zinciri Kanunu\u2019nun sizin i\u00e7in ne anlama geldi\u011fine de\u011finmeden \u00f6nce Alman parlamentosunun bu trende uyan tek kurum olmad\u0131\u011f\u0131na de\u011finmek ve yak\u0131n zamanda Avrupa Birli\u011fi genelinde y\u00fcr\u00fcrl\u00fc\u011fe girmesi g\u00fcndemde olan insan haklar\u0131 \u00f6zen y\u00fck\u00fcml\u00fcl\u00fc\u011f\u00fc direktifi \u00fczerindeki \u00e7al\u0131\u015fmalar\u0131n da t\u00fcm h\u0131z\u0131yla devam etti\u011fini belirtmek isteriz.<\/p><p><b>II. <\/b><strong>AMA\u00c7 VE KONU<\/strong><\/p><p>Tedarik Zinciri Kanunu, kapsam\u0131na giren \u015firketlerin insan haklar\u0131na ve \u00e7evresel haklara \u00f6zen g\u00f6sterme y\u00fck\u00fcml\u00fcl\u00fcklerini yerine getirmelerini ve tedarik zincirlerini sorumlu ve s\u00fcrd\u00fcr\u00fclebilir bir \u015fekilde i\u015fletmek i\u00e7in iyi bir y\u00f6netime sahip olmalar\u0131n\u0131 sa\u011flamay\u0131 ama\u00e7lamaktad\u0131r.<\/p><p>Tedarik Zinciri Kanunu, Tedarik Zinciri Kanunu anlam\u0131nda tedarik zincirini tan\u0131mlamakta ve \u015firketlerin t\u00fcm \u00fcr\u00fcn ve hizmetlerine at\u0131fta bulunmaktad\u0131r.<\/p><p>Bu do\u011frultuda tedarik zinciri, hammaddelerin \u00e7\u0131kar\u0131lmas\u0131ndan nihai \u00fcr\u00fcn\u00fcn nihai m\u00fc\u015fteriye teslimine kadar \u00fcr\u00fcnlerin \u00fcretilmesi ve hizmetlerin sunulmas\u0131 i\u00e7in gerekli olan yurti\u00e7indeki ve yurtd\u0131\u015f\u0131ndaki t\u00fcm ad\u0131mlar\u0131 kapsamakta olup bir \u015firketin kendi faaliyet alan\u0131nda ger\u00e7ekle\u015ftirdi\u011fi i\u015f ve i\u015flemlerin yan\u0131nda do\u011frudan tedarik\u00e7ilerin ve dolayl\u0131 tedarik\u00e7ilerin eylemlerini de i\u00e7ermektedir.<\/p><p>Buna g\u00f6re \u015firketler, insan haklar\u0131 ihlallerini \u00f6nlemek ve belirli \u00e7evre standartlar\u0131na uymak i\u00e7in tedarik zincirlerinin her ad\u0131m\u0131nda gerekli \u00f6zeni g\u00f6stermekle y\u00fck\u00fcml\u00fcd\u00fcr.<\/p><p><strong>III. ETK\u0130LENECEK \u015e\u0130RKETLER<\/strong><\/p><p>Yukar\u0131da verilen bilgiler \u0131\u015f\u0131\u011f\u0131nda Tedarik Zinciri Kanunu h\u00fck\u00fcmleri, 1 Ocak 2023 tarihinden itibaren merkezi Almanya\u2019da olan veya Almanya\u2019da bir \u015fubesi bulunan ve yine Almanya\u2019da en az 3.000 \u00e7al\u0131\u015fan\u0131 olan t\u00fcm \u015firketler ile bu \u015firketlerin gerek do\u011frudan gerekse dolayl\u0131 t\u00fcm tedarik\u00e7ileri i\u00e7in uygulama alan\u0131 bulacakt\u0131r.<\/p><p>1 Ocak 2024\u2019ten itibaren Tedarik Zinciri Kanunu h\u00fck\u00fcmleri, merkezi Almanya\u2019da olan veya Almanya\u2019da bir \u015fubesi bulunan ve yine Almanya\u2019da en az 1.000 \u00e7al\u0131\u015fan\u0131 olan t\u00fcm \u015firketler ile bu \u015firketlerin gerek do\u011frudan gerekse dolayl\u0131 t\u00fcm tedarik\u00e7ileri i\u00e7in uygulanacakt\u0131r.<\/p><p>Bu do\u011frultuda halihaz\u0131rda Alman \u015firketlerine mal ve hizmet tedarik etmekte olan T\u00fcrk \u015firketlerinin gerek \u00e7evreyi kirletmeme gerekse insan hakk\u0131 ihlallerini engelleme noktas\u0131nda<\/p><p><strong>(i)<\/strong> risk y\u00f6netim sistemleri tesis etmek,<\/p><p><strong>(ii)<\/strong> d\u00fczenli risk analizleri yapmak,<\/p><p><strong>(iii) <\/strong>ilkesel bildirgeler haz\u0131rlamak,<\/p><p><strong>(iv) <\/strong>gerek kendi faaliyet alanlar\u0131 gerekse do\u011frudan tedarik\u00e7ileri i\u00e7in \u00f6nleyici ve iyile\u015ftirici tedbirler almak,<\/p><p><strong>(v) <\/strong>\u015fikayet prosed\u00fcrleri tesis etmek,<\/p><p><strong>(vi) <\/strong>dolayl\u0131 tedarik\u00e7i kaynakl\u0131 riskler ile ilgili olarak \u00f6zen y\u00fck\u00fcml\u00fcl\u00fcklerini yerine getirmek ve<\/p><p><strong>(vii) <\/strong>t\u00fcm bu hususlar\u0131 d\u00fczenli ve Almanca olarak belgelemek ve raporlamak<\/p><p>ile y\u00fck\u00fcml\u00fc olan i\u015f ortaklar\u0131yla ticari ili\u015fkilerini s\u00fcrd\u00fcrebilmek i\u00e7in adeta bir Alman \u015firketi gibi y\u00fck\u00fcml\u00fcl\u00fck alt\u0131na girmesi gerekebilecektir.<\/p><p>Bu noktada Tedarik Zinciri Kanunu uyar\u0131nca fiili ko\u015fullardan hareketle yukar\u0131da belirtilen y\u00fck\u00fcml\u00fcl\u00fcklerin ihlalinin yak\u0131n oldu\u011fu noktas\u0131nda yeterli ihtimal bulunan herhangi bir durumun insan haklar\u0131yla veya \u00e7evreyle ilgili bir riskin varl\u0131\u011f\u0131ndan s\u00f6z etmek i\u00e7in yeterli oldu\u011funu belirtmek isteriz.<\/p><p>Kanunun pratikte ne \u015fekilde uygulanaca\u011f\u0131 hen\u00fcz netle\u015fmedi\u011finden pek \u00e7ok husus belirsizli\u011fini korumakla birlikte Tedarik Zinciri Kanunu uyar\u0131nca yetkili makam\u0131n Alman Federal Ekonomi ve \u0130hracat Kontrol Ofisi olaca\u011f\u0131n\u0131 ve yetkili makam\u0131n hem Tedarik Zinciri Kanunu\u2019nu hem de y\u00fcr\u00fcrl\u00fc\u011fe girecek ikincil mevzuat\u0131 uygulamakla y\u00fck\u00fcml\u00fc olaca\u011f\u0131n\u0131 ifade etmek isteriz.<\/p><p>Bununla birlikte konunun Alman \u015firketleri a\u00e7\u0131s\u0131ndan \u00f6nemini ortaya koymak ad\u0131na Tedarik Zinciri Kanunu\u2019nda d\u00fczenlenen \u00f6nleyici tedbirleri yerine getirmeyen ve\/veya yukar\u0131da belirtilen y\u00fck\u00fcml\u00fcl\u00fcklere uymayan \u015firketlerin 100.000,00 EUR (y\u00fcz bin Euro)\u2019dan 800.000,00 EUR (sekiz y\u00fcz bin Euro)\u2019ya kadar idari para cezas\u0131na \u00e7arpt\u0131r\u0131labilece\u011fini, i\u015fbu idari para cezas\u0131n\u0131n, ilgili \u015firketin y\u0131ll\u0131k ortalama cirosunun 400.000.000,00 EUR (d\u00f6rt y\u00fcz milyon Euro)\u2019dan fazla oldu\u011fu durumlarda ise ilgili \u015firketin y\u0131ll\u0131k ortalama cirosunun %2 (y\u00fczde iki)&#8217;sine kadar \u00e7\u0131kabilece\u011fi hususunun alt\u0131n\u0131 \u00e7izmek isteriz. Bu noktada i\u015fbu tutar hesaplan\u0131rken ilgili \u015firketin ba\u011fl\u0131 oldu\u011fu \u015firketler toplulu\u011fu b\u00fcnyesinde yer alan t\u00fcm \u015firketlerin son \u00fc\u00e7 y\u0131ll\u0131k cirolar\u0131n\u0131n ortalamas\u0131 dikkate al\u0131nacakt\u0131r.<\/p><p>Herhangi bir sorunuz olmas\u0131 halinde bize ula\u015fabilirsiniz.<\/p>\t\t\t\t\t\t\t\t<\/div>\n\t\t\t\t<\/div>\n\t\t\t\t\t<\/div>\n\t\t<\/div>\n\t\t\t\t\t<\/div>\n\t\t<\/section>\n\t\t\t\t<section class=\"elementor-section elementor-top-section elementor-element elementor-element-79c846b1 elementor-section-boxed elementor-section-height-default elementor-section-height-default\" data-id=\"79c846b1\" data-element_type=\"section\">\n\t\t\t\t\t\t<div class=\"elementor-container elementor-column-gap-default\">\n\t\t\t\t\t<div class=\"elementor-column elementor-col-100 elementor-top-column elementor-element elementor-element-5f461d09\" data-id=\"5f461d09\" data-element_type=\"column\">\n\t\t\t<div class=\"elementor-widget-wrap elementor-element-populated\">\n\t\t\t\t\t\t<div class=\"elementor-element elementor-element-78fb16ea elementor-shape-square elementor-fixed elementor-grid-0 e-grid-align-center elementor-widget elementor-widget-social-icons\" data-id=\"78fb16ea\" data-element_type=\"widget\" data-settings=\"{&quot;_position&quot;:&quot;fixed&quot;}\" data-widget_type=\"social-icons.default\">\n\t\t\t\t<div class=\"elementor-widget-container\">\n\t\t\t\t\t\t\t<div class=\"elementor-social-icons-wrapper elementor-grid\">\n\t\t\t\t\t\t\t<span class=\"elementor-grid-item\">\n\t\t\t\t\t<a class=\"elementor-icon elementor-social-icon elementor-social-icon- elementor-animation-grow elementor-repeater-item-c1c9a90\" href=\"https:\/\/yasarlaw.com\/publications\/law-on-corporate-due-diligence-in-supply-chains-which-has-entered-into-force-in-germany\/\">\n\t\t\t\t\t\t<span class=\"elementor-screen-only\"><\/span>\n\t\t\t\t\t\t<svg xmlns=\"http:\/\/www.w3.org\/2000\/svg\" xmlns:xlink=\"http:\/\/www.w3.org\/1999\/xlink\" id=\"Layer_1\" x=\"0px\" y=\"0px\" viewBox=\"0 0 1000 1000\" style=\"enable-background:new 0 0 1000 1000;\" xml:space=\"preserve\"><style type=\"text\/css\">\t.st0{fill:#FFFFFF;}<\/style><g id=\"Layer_3\"><\/g><g id=\"Layer_1_00000020364029370813827900000003168452955817500576_\">\t<rect width=\"1000\" height=\"1000\"><\/rect><\/g><g>\t<path class=\"st0\" d=\"M259.3,345.1H456v51.1H316.2v52.9h122.9v51.1H316.2v54.8h141.5V606H259.3V345.1z\"><\/path>\t<path class=\"st0\" d=\"M508.9,345.1h52.9l122.2,160.6V345.1h56.7v260.8H692L565.5,440.1v165.8h-56.7L508.9,345.1L508.9,345.1z\"><\/path><\/g><\/svg>\t\t\t\t\t<\/a>\n\t\t\t\t<\/span>\n\t\t\t\t\t<\/div>\n\t\t\t\t\t\t<\/div>\n\t\t\t\t<\/div>\n\t\t\t\t\t<\/div>\n\t\t<\/div>\n\t\t\t\t\t<\/div>\n\t\t<\/section>\n\t\t\t\t<section class=\"elementor-section elementor-top-section elementor-element elementor-element-461a4cd9 elementor-section-stretched elementor-section-boxed elementor-section-height-default elementor-section-height-default\" data-id=\"461a4cd9\" data-element_type=\"section\" data-settings=\"{&quot;stretch_section&quot;:&quot;section-stretched&quot;}\">\n\t\t\t\t\t\t<div class=\"elementor-container elementor-column-gap-wider\">\n\t\t\t\t\t<div class=\"elementor-column elementor-col-100 elementor-top-column elementor-element elementor-element-7cbf54f9\" data-id=\"7cbf54f9\" data-element_type=\"column\" data-settings=\"{&quot;background_background&quot;:&quot;classic&quot;}\">\n\t\t\t<div class=\"elementor-widget-wrap elementor-element-populated\">\n\t\t\t\t\t\t<section class=\"elementor-section elementor-inner-section elementor-element elementor-element-3c1e4171 elementor-section-full_width elementor-section-height-default elementor-section-height-default\" data-id=\"3c1e4171\" data-element_type=\"section\">\n\t\t\t\t\t\t<div class=\"elementor-container elementor-column-gap-default\">\n\t\t\t\t\t<div class=\"elementor-column elementor-col-50 elementor-inner-column elementor-element elementor-element-78c59a59\" data-id=\"78c59a59\" data-element_type=\"column\">\n\t\t\t<div class=\"elementor-widget-wrap elementor-element-populated\">\n\t\t\t\t\t\t<div class=\"elementor-element elementor-element-5dd32192 elementor-widget elementor-widget-text-editor\" data-id=\"5dd32192\" data-element_type=\"widget\" data-widget_type=\"text-editor.default\">\n\t\t\t\t<div class=\"elementor-widget-container\">\n\t\t\t\t\t\t\t\t\t<p><span style=\"color: #781619;\"><b>Ya\u015far Law Office<\/b><\/span><\/p><p><span style=\"color: #781619;\">Bize Ula\u015f\u0131n:<\/span><\/p><p><span style=\"color: #781619;\">Karanfil Sokak, No: 13\u00a0<\/span><\/p><p><span style=\"color: #781619;\">Levent, Be\u015fikta\u015f, \u0130stanbul<\/span><\/p><p><span style=\"color: #781619;\"><a style=\"color: #781619;\" title=\"+90 212 401 4240\" href=\"tel:+902124014240\">+90 212 401 4240<\/a><\/span><\/p><p><span style=\"color: #781619;\"><a style=\"color: #781619;\" title=\"info@yasarlaw.com\" href=\"mailto:info@yasarlaw.com\">info@yasarlaw.com<\/a><\/span><\/p>\t\t\t\t\t\t\t\t<\/div>\n\t\t\t\t<\/div>\n\t\t\t\t<div class=\"elementor-element elementor-element-76f6e4f elementor-widget elementor-widget-text-editor\" data-id=\"76f6e4f\" data-element_type=\"widget\" data-widget_type=\"text-editor.default\">\n\t\t\t\t<div class=\"elementor-widget-container\">\n\t\t\t\t\t\t\t\t\t<p><span style=\"color: rgb(120, 22, 25); font-style: inherit; font-weight: inherit; letter-spacing: 0.01em;\">Bize Ula\u015f\u0131n:<\/span><br><\/p>\n<p><span style=\"color: #781619;\">859. Sokak, No: 4\/303<\/span><\/p>\n<p><font color=\"#781619\">Cumhuriyet Bulvar\u0131, Konak, \u0130zmir<\/font><\/p>\n<p><span style=\"color: #781619;\"><a style=\"color: #781619;\" title=\"+90 212 401 4240\" href=\"tel:+902124014240\">+90 212 401 4240<\/a><\/span><\/p>\n<p><span style=\"color: #781619;\"><a style=\"color: #781619;\" title=\"info@yasarlaw.com\" href=\"mailto:info@yasarlaw.com\">info@yasarlaw.com<\/a><\/span><\/p>\t\t\t\t\t\t\t\t<\/div>\n\t\t\t\t<\/div>\n\t\t\t\t\t<\/div>\n\t\t<\/div>\n\t\t\t\t<div class=\"elementor-column elementor-col-50 elementor-inner-column elementor-element elementor-element-248d5ece\" data-id=\"248d5ece\" data-element_type=\"column\">\n\t\t\t<div class=\"elementor-widget-wrap elementor-element-populated\">\n\t\t\t\t\t\t<div class=\"elementor-element elementor-element-163536b1 elementor-widget elementor-widget-google_maps\" data-id=\"163536b1\" data-element_type=\"widget\" data-widget_type=\"google_maps.default\">\n\t\t\t\t<div class=\"elementor-widget-container\">\n\t\t\t\t\t\t\t<div class=\"elementor-custom-embed\">\n\t\t\t<iframe loading=\"lazy\"\n\t\t\t\t\tsrc=\"https:\/\/maps.google.com\/maps?q=Karanfil%20Soka%C4%9F%C4%B1%20No%3A13%2C%20Levent%2C%2034330%20Be%C5%9Fikta%C5%9F%2F%C4%B0stanbul&#038;t=m&#038;z=15&#038;output=embed&#038;iwloc=near\"\n\t\t\t\t\ttitle=\"Karanfil Soka\u011f\u0131 No:13, Levent, 34330 Be\u015fikta\u015f\/\u0130stanbul\"\n\t\t\t\t\taria-label=\"Karanfil Soka\u011f\u0131 No:13, Levent, 34330 Be\u015fikta\u015f\/\u0130stanbul\"\n\t\t\t><\/iframe>\n\t\t<\/div>\n\t\t\t\t\t\t<\/div>\n\t\t\t\t<\/div>\n\t\t\t\t\t<\/div>\n\t\t<\/div>\n\t\t\t\t\t<\/div>\n\t\t<\/section>\n\t\t\t\t\t<\/div>\n\t\t<\/div>\n\t\t\t\t\t<\/div>\n\t\t<\/section>\n\t\t\t\t<\/div>\n\t\t","protected":false},"excerpt":{"rendered":"<p>Almanya\u2019da Y\u00fcr\u00fcrl\u00fc\u011fe Giren Tedarik Zincirlerinde \u00d6zen Y\u00fck\u00fcml\u00fcl\u00fc\u011f\u00fc Kanunu Sizi yak\u0131n zamanda Almanya\u2019da y\u00fcr\u00fcrl\u00fc\u011fe giren Tedarik Zincirlerinde \u00d6zen Y\u00fck\u00fcml\u00fcl\u00fc\u011f\u00fc Kanunu (\u201cTedarik Zinciri Kanunu\u201d) hakk\u0131nda bilgilendirmek isteriz. I.\u00a0GENEL BAKI\u015e Kitle ileti\u015fim ara\u00e7lar\u0131 ile yarat\u0131lan fark\u0131ndal\u0131k ve bilhassa az geli\u015fmi\u015f \u00fclkelerde meydana gelen insan haklar\u0131 ihlalleri ile \u00e7evresel felaketlerin ma\u011fdurlar\u0131 hakk\u0131nda olu\u015fan k\u00fcresel kamuoyu sonucunda \u00e7ok uluslu \u015firketler [&hellip;]<\/p>\n","protected":false},"author":1,"featured_media":0,"parent":1032,"menu_order":0,"comment_status":"closed","ping_status":"closed","template":"","meta":{"zakra_page_container_layout":"customizer","zakra_page_sidebar_layout":"customizer","zakra_remove_content_margin":false,"zakra_sidebar":"customizer","zakra_transparent_header":"customizer","zakra_logo":0,"zakra_main_header_style":"default","zakra_menu_item_color":null,"zakra_menu_item_hover_color":null,"zakra_menu_item_active_color":null,"zakra_menu_active_style":"","zakra_page_header":true,"om_disable_all_campaigns":false,"_monsterinsights_skip_tracking":false,"_monsterinsights_sitenote_active":false,"_monsterinsights_sitenote_note":"","_monsterinsights_sitenote_category":0,"footnotes":""},"class_list":["post-1964","page","type-page","status-publish","hentry"],"aioseo_notices":[],"_links":{"self":[{"href":"https:\/\/yasarlaw.com\/tr\/wp-json\/wp\/v2\/pages\/1964","targetHints":{"allow":["GET"]}}],"collection":[{"href":"https:\/\/yasarlaw.com\/tr\/wp-json\/wp\/v2\/pages"}],"about":[{"href":"https:\/\/yasarlaw.com\/tr\/wp-json\/wp\/v2\/types\/page"}],"author":[{"embeddable":true,"href":"https:\/\/yasarlaw.com\/tr\/wp-json\/wp\/v2\/users\/1"}],"replies":[{"embeddable":true,"href":"https:\/\/yasarlaw.com\/tr\/wp-json\/wp\/v2\/comments?post=1964"}],"version-history":[{"count":39,"href":"https:\/\/yasarlaw.com\/tr\/wp-json\/wp\/v2\/pages\/1964\/revisions"}],"predecessor-version":[{"id":2857,"href":"https:\/\/yasarlaw.com\/tr\/wp-json\/wp\/v2\/pages\/1964\/revisions\/2857"}],"up":[{"embeddable":true,"href":"https:\/\/yasarlaw.com\/tr\/wp-json\/wp\/v2\/pages\/1032"}],"wp:attachment":[{"href":"https:\/\/yasarlaw.com\/tr\/wp-json\/wp\/v2\/media?parent=1964"}],"curies":[{"name":"wp","href":"https:\/\/api.w.org\/{rel}","templated":true}]}}