{"id":2106,"date":"2023-05-01T11:24:12","date_gmt":"2023-05-01T08:24:12","guid":{"rendered":"https:\/\/yasarlaw.com\/tr\/?page_id=2106"},"modified":"2024-07-10T01:31:41","modified_gmt":"2024-07-09T22:31:41","slug":"anayasa-mahkemesi-kadinin-soyadi-baslikli-tmk-m-187yi-iptal-etti","status":"publish","type":"page","link":"https:\/\/yasarlaw.com\/tr\/yayinlar\/anayasa-mahkemesi-kadinin-soyadi-baslikli-tmk-m-187yi-iptal-etti\/","title":{"rendered":"Anayasa Mahkemesi Kad\u0131n\u0131n Soyad\u0131 Ba\u015fl\u0131kl\u0131 TMK m. 187\u2019yi \u0130ptal Etti"},"content":{"rendered":"\t\t<div data-elementor-type=\"wp-page\" data-elementor-id=\"2106\" class=\"elementor elementor-2106\">\n\t\t\t\t\t\t<section class=\"elementor-section elementor-top-section elementor-element elementor-element-1683c794 elementor-section-stretched elementor-section-boxed elementor-section-height-default elementor-section-height-default\" data-id=\"1683c794\" data-element_type=\"section\" data-settings=\"{&quot;stretch_section&quot;:&quot;section-stretched&quot;,&quot;background_background&quot;:&quot;classic&quot;}\">\n\t\t\t\t\t\t\t<div class=\"elementor-background-overlay\"><\/div>\n\t\t\t\t\t\t\t<div class=\"elementor-container elementor-column-gap-no\">\n\t\t\t\t\t<div class=\"elementor-column elementor-col-100 elementor-top-column elementor-element elementor-element-5ef10a83\" data-id=\"5ef10a83\" data-element_type=\"column\">\n\t\t\t<div class=\"elementor-widget-wrap elementor-element-populated\">\n\t\t\t\t\t\t<div class=\"elementor-element elementor-element-d0a8f48 elementor-widget__width-auto elementor-absolute elementor-widget elementor-widget-text-editor\" data-id=\"d0a8f48\" data-element_type=\"widget\" data-settings=\"{&quot;_position&quot;:&quot;absolute&quot;}\" data-widget_type=\"text-editor.default\">\n\t\t\t\t<div class=\"elementor-widget-container\">\n\t\t\t\t\t\t\t\t\t<p><span style=\"color: #ffffff;\"><strong>Anayasa Mahkemesi Kad\u0131n\u0131n Soyad\u0131 Ba\u015fl\u0131kl\u0131 TMK m. 187&#8217;yi \u0130ptal Etti<\/strong><\/span><\/p>\t\t\t\t\t\t\t\t<\/div>\n\t\t\t\t<\/div>\n\t\t\t\t\t<\/div>\n\t\t<\/div>\n\t\t\t\t\t<\/div>\n\t\t<\/section>\n\t\t\t\t<section class=\"elementor-section elementor-top-section elementor-element elementor-element-37652bf2 elementor-section-stretched elementor-section-boxed elementor-section-height-default elementor-section-height-default\" data-id=\"37652bf2\" data-element_type=\"section\" data-settings=\"{&quot;stretch_section&quot;:&quot;section-stretched&quot;}\">\n\t\t\t\t\t\t<div class=\"elementor-container elementor-column-gap-wider\">\n\t\t\t\t\t<div class=\"elementor-column elementor-col-100 elementor-top-column elementor-element elementor-element-135ac3b9\" data-id=\"135ac3b9\" data-element_type=\"column\" data-settings=\"{&quot;background_background&quot;:&quot;classic&quot;}\">\n\t\t\t<div class=\"elementor-widget-wrap elementor-element-populated\">\n\t\t\t\t\t\t<div class=\"elementor-element elementor-element-7f2267ca elementor-widget elementor-widget-text-editor\" data-id=\"7f2267ca\" data-element_type=\"widget\" data-widget_type=\"text-editor.default\">\n\t\t\t\t<div class=\"elementor-widget-container\">\n\t\t\t\t\t\t\t\t\t<p>28 Nisan 2023 tarihli Resm\u00ee Gazete\u2019de yay\u0131mlanan Anayasa Mahkemesi karar\u0131 T\u00fcrk Medeni Kanunu\u2019nda (\u201c<strong>TMK<\/strong>\u201d) tarihi bir de\u011fi\u015fiklik yap\u0131ld\u0131 ve s\u00f6z konusu karar ile kad\u0131n\u0131n evlendikten sonra kendi soyad\u0131n\u0131 tek ba\u015f\u0131na kullanabilmesinin \u00f6n\u00fc a\u00e7\u0131lm\u0131\u015f oldu.<\/p><p>TMK m. 187 uyar\u0131nca kad\u0131n, evlenmekle kocas\u0131n\u0131n soyad\u0131n\u0131 almakta, ancak evlendirme memuruna veya daha sonra n\u00fcfus idaresine yapaca\u011f\u0131 yaz\u0131l\u0131 ba\u015fvuruyla kocas\u0131n\u0131n soyad\u0131 \u00f6n\u00fcnde \u00f6nceki soyad\u0131n\u0131 da kullanabilmekteydi. Bununla birlikte, kad\u0131n\u0131n kocan\u0131n soyad\u0131n\u0131 almamak gibi bir tercih yapabilmesi de s\u00f6z konusu de\u011fildi. Evlenmeden \u00f6nceki soyad\u0131n\u0131n evlendikten sonra tek ba\u015f\u0131na kullanabilmesine izin verilmesi i\u00e7in kad\u0131nlar taraf\u0131ndan a\u00e7\u0131lan davalar ve Anayasa Mahkemesi nezdinde y\u00fcr\u00fct\u00fclen bireysel ba\u015fvurular neticesinde 2014 y\u0131l\u0131ndan itibaren Anayasa Mahkemesi ve Yarg\u0131tay, \u00f6zellikle Avrupa \u0130nsan Haklar\u0131 S\u00f6zle\u015fmesi (\u201c<strong>A\u0130HS<\/strong>&#8220;) Ek 7 Numaral\u0131 Protokol uyar\u0131nca an\u0131lan TMK m. 187 h\u00fckm\u00fcn\u00fcn e\u015fitlik ilkesine ayk\u0131r\u0131 olmas\u0131 nedeniyle kad\u0131nlar\u0131n evlenmeden \u00f6nceki soyad\u0131n\u0131 tek ba\u015f\u0131na kullanabilece\u011fine h\u00fckmetmeye ba\u015flam\u0131\u015ft\u0131. Ne var ki, \u00a0bu konuda bir hukuki d\u00fczenleme olmamas\u0131, sadece kendi soyad\u0131n\u0131 kullanmak isteyen her kad\u0131n\u0131n dava s\u00fcrecini tamamlamas\u0131n\u0131 zorunlu k\u0131lmaktayd\u0131.\u00a0<\/p><p>\u0130stanbul 8. Aile Mahkemesi taraf\u0131ndan TMK m. 187 h\u00fckm\u00fcn\u00fcn Anayasa\u2019ya ayk\u0131r\u0131l\u0131\u011f\u0131 ileri s\u00fcr\u00fclerek iptal ba\u015fvurusu yap\u0131ld\u0131. Anayasa Mahkemesi, iptal ba\u015fvurusunun kabul\u00fcne h\u00fckmetti\u011fi karar\u0131nda soyad\u0131n\u0131 ta\u015f\u0131man\u0131n yaln\u0131zca bir y\u00fck\u00fcml\u00fcl\u00fck de\u011fil, ayn\u0131 zamanda bir hak oldu\u011fu, Anayasa\u2019n\u0131n 10. maddesi gere\u011fince cinsiyet nedeniyle ayr\u0131m g\u00f6zetilmeksizin herkesin kanun \u00f6n\u00fcnde e\u015fit oldu\u011fu ve bunun e\u015fler aras\u0131ndaki e\u015fitli\u011fin sa\u011flanmas\u0131 \u015feklinde de sa\u011flanmas\u0131 gerekti\u011fi tespitlerine yer vermi\u015ftir. Ayn\u0131 zamanda Anayasa Mahkemesi, TMK m. 187 h\u00fckm\u00fcne ili\u015fkin olarak erke\u011fin evlendikten \u00f6nceki soyad\u0131n\u0131 evlendikten sonra da tek ba\u015f\u0131na kullanabilmesine ra\u011fmen kad\u0131n\u0131n evlenmeden \u00f6nceki soyad\u0131n\u0131 evlendikten sonra ancak kocas\u0131n\u0131n soyad\u0131n\u0131n \u00f6n\u00fcnde kullanabilmesinin ve kad\u0131n\u0131n yarg\u0131ya ba\u015fvurma k\u00fclfetine katlanmaks\u0131z\u0131n evlenmeden \u00f6nceki soyad\u0131n\u0131 tek ba\u015f\u0131na kullanabilmesinin m\u00fcmk\u00fcn olmamas\u0131n\u0131n kar\u015f\u0131la\u015ft\u0131rmaya m\u00fcsait \u015fekilde benzer durumda olan e\u015fler aras\u0131nda cinsiyet temelinde farkl\u0131 muameleye yol a\u00e7t\u0131\u011f\u0131na h\u00fckmetmektedir. Bununla birlikte, kimlik numaras\u0131 ve bili\u015fim teknolojileri de n\u00fcfus kay\u0131tlar\u0131ndaki kar\u0131\u015f\u0131kl\u0131\u011f\u0131n \u00f6nlenmesi ve soy ba\u011f\u0131n\u0131n sa\u011fl\u0131kl\u0131 bir \u015fekilde tespit edilmesini sa\u011flamakta oldu\u011fu i\u00e7in kad\u0131n\u0131n evlendikten sonra erke\u011fin soyad\u0131n\u0131 almas\u0131 y\u00f6n\u00fcndeki farkl\u0131 muamele, bu alandaki d\u00fczenin sa\u011flanmas\u0131 i\u00e7in makul neden olarak kabul edilemeyecektir. Nihayet aile ba\u011flar\u0131n\u0131 korumak i\u00e7in iptal edilen kural\u0131n yeg\u00e2ne ve zorunlu se\u00e7enek olmad\u0131\u011f\u0131 a\u00e7\u0131k olup e\u015flere i\u00e7lerinden birinin soyad\u0131n\u0131 veya bunun d\u0131\u015f\u0131nda bir ad\u0131 ortak soyad\u0131 olarak belirleme imk\u00e2n\u0131n\u0131n tan\u0131nmas\u0131 ya da ortak soyad\u0131n\u0131n e\u015flerin evlenmeden \u00f6nceki soyadlar\u0131n\u0131n birle\u015fimden olu\u015faca\u011f\u0131n\u0131n \u00f6ng\u00f6r\u00fclmesi de m\u00fcmk\u00fcn olacakt\u0131r. B\u00fct\u00fcn bu gerek\u00e7eler \u0131\u015f\u0131\u011f\u0131nda Anayasa Mahkemesi, TMK m. 187 h\u00fckm\u00fcyle \u00f6ng\u00f6r\u00fclen farkl\u0131 muamelenin nesnel ve makul bir temele dayanmamas\u0131 sebebiyle e\u015fitlik ilkesini ihlal etti\u011fine, Anayasa\u2019n\u0131n 10. maddesine ayk\u0131r\u0131 oldu\u011funa ve bu nedenle iptaline karar vermi\u015ftir.<\/p><p>Son olarak, Anayasa Mahkemesi, an\u0131lan h\u00fckm\u00fcn iptali nedeniyle do\u011facak hukuksal bo\u015fluk kamu yarar\u0131n\u0131 ihlal edecek nitelikte oldu\u011fundan kanun koyucuya gerekli d\u00fczenlemeleri yapmas\u0131 i\u00e7in s\u00fcre tan\u0131m\u0131\u015f ve iptal karar\u0131n\u0131n Resm\u00ee Gazete\u2019de yay\u0131mlanmas\u0131ndan ba\u015flayarak dokuz ay sonra y\u00fcr\u00fcrl\u00fc\u011fe girmesine karar vermi\u015ftir. Bu ba\u011flamda, kad\u0131n\u0131n evlenmesiyle kocas\u0131n\u0131n k\u00fct\u00fc\u011f\u00fcne ge\u00e7mesi yahut \u00e7ocu\u011fun annenin soyad\u0131n\u0131 almas\u0131na ili\u015fkin g\u00f6r\u00fclen uyu\u015fmazl\u0131klar ve Anayasa Mahkemesi nezdinde bireysel ba\u015fvurular mevcut olmakla birlikte an\u0131lan iptal karar\u0131 ile ba\u011flant\u0131l\u0131 olarak bu hususlarda da i\u00e7tihat de\u011fi\u015fikli\u011fi ya da ilgili kanunlarda de\u011fi\u015fiklik yap\u0131lmas\u0131 ilerleyen g\u00fcnlerde g\u00fcndeme gelebilecektir.<\/p><p>Herhangi bir sorunuz olmas\u0131 halinde bize ula\u015fabilirsiniz.<\/p>\t\t\t\t\t\t\t\t<\/div>\n\t\t\t\t<\/div>\n\t\t\t\t\t<\/div>\n\t\t<\/div>\n\t\t\t\t\t<\/div>\n\t\t<\/section>\n\t\t\t\t<section class=\"elementor-section elementor-top-section elementor-element elementor-element-4fe75500 elementor-section-boxed elementor-section-height-default elementor-section-height-default\" data-id=\"4fe75500\" data-element_type=\"section\">\n\t\t\t\t\t\t<div class=\"elementor-container elementor-column-gap-default\">\n\t\t\t\t\t<div class=\"elementor-column elementor-col-100 elementor-top-column elementor-element elementor-element-3dd48092\" data-id=\"3dd48092\" data-element_type=\"column\">\n\t\t\t<div class=\"elementor-widget-wrap\">\n\t\t\t\t\t\t\t<\/div>\n\t\t<\/div>\n\t\t\t\t\t<\/div>\n\t\t<\/section>\n\t\t\t\t<section class=\"elementor-section elementor-top-section elementor-element elementor-element-26fa9928 elementor-section-stretched elementor-section-boxed elementor-section-height-default elementor-section-height-default\" data-id=\"26fa9928\" data-element_type=\"section\" data-settings=\"{&quot;stretch_section&quot;:&quot;section-stretched&quot;}\">\n\t\t\t\t\t\t<div class=\"elementor-container elementor-column-gap-wider\">\n\t\t\t\t\t<div class=\"elementor-column elementor-col-100 elementor-top-column elementor-element elementor-element-c5b4038\" data-id=\"c5b4038\" data-element_type=\"column\" data-settings=\"{&quot;background_background&quot;:&quot;classic&quot;}\">\n\t\t\t<div class=\"elementor-widget-wrap elementor-element-populated\">\n\t\t\t\t\t\t<section class=\"elementor-section elementor-inner-section elementor-element elementor-element-3f767c48 elementor-section-full_width elementor-section-height-default elementor-section-height-default\" data-id=\"3f767c48\" data-element_type=\"section\">\n\t\t\t\t\t\t<div class=\"elementor-container elementor-column-gap-default\">\n\t\t\t\t\t<div class=\"elementor-column elementor-col-50 elementor-inner-column elementor-element elementor-element-368fb3c6\" data-id=\"368fb3c6\" data-element_type=\"column\">\n\t\t\t<div class=\"elementor-widget-wrap elementor-element-populated\">\n\t\t\t\t\t\t<div class=\"elementor-element elementor-element-147a07b8 elementor-widget elementor-widget-text-editor\" data-id=\"147a07b8\" data-element_type=\"widget\" data-widget_type=\"text-editor.default\">\n\t\t\t\t<div class=\"elementor-widget-container\">\n\t\t\t\t\t\t\t\t\t<p><span style=\"color: #781619;\"><b>Ya\u015far Law Office<\/b><\/span><\/p><p><span style=\"color: #781619;\">Bize Ula\u015f\u0131n:<\/span><\/p><p><span style=\"color: #781619;\">Karanfil Sokak, No: 13<\/span><\/p><p><span style=\"color: #781619;\">Levent, Be\u015fikta\u015f, \u0130stanbul<\/span><\/p><p><span style=\"color: #781619;\"><a style=\"color: #781619;\" title=\"+90 212 401 4240\" href=\"tel:+902124014240\">+90 212 401 4240<\/a><\/span><\/p><p><span style=\"color: #781619;\"><a style=\"color: #781619;\" title=\"info@yasarlaw.com\" href=\"mailto:info@yasarlaw.com\">info@yasarlaw.com<\/a><\/span><\/p>\t\t\t\t\t\t\t\t<\/div>\n\t\t\t\t<\/div>\n\t\t\t\t<div class=\"elementor-element elementor-element-12770e9 elementor-widget elementor-widget-text-editor\" data-id=\"12770e9\" data-element_type=\"widget\" data-widget_type=\"text-editor.default\">\n\t\t\t\t<div class=\"elementor-widget-container\">\n\t\t\t\t\t\t\t\t\t<p><span style=\"color: rgb(120, 22, 25); font-style: inherit; font-weight: inherit; letter-spacing: 0.01em;\">Bize Ula\u015f\u0131n:<\/span><br><\/p>\n<p><span style=\"color: #781619;\">859. Sokak, No: 4\/303<\/span><\/p>\n<p><font color=\"#781619\">Cumhuriyet Bulvar\u0131, Konak, \u0130zmir<\/font><\/p>\n<p><span style=\"color: #781619;\"><a style=\"color: #781619;\" title=\"+90 212 401 4240\" href=\"tel:+902124014240\">+90 212 401 4240<\/a><\/span><\/p>\n<p><span style=\"color: #781619;\"><a style=\"color: #781619;\" title=\"info@yasarlaw.com\" href=\"mailto:info@yasarlaw.com\">info@yasarlaw.com<\/a><\/span><\/p>\t\t\t\t\t\t\t\t<\/div>\n\t\t\t\t<\/div>\n\t\t\t\t\t<\/div>\n\t\t<\/div>\n\t\t\t\t<div class=\"elementor-column elementor-col-50 elementor-inner-column elementor-element elementor-element-4290edba\" data-id=\"4290edba\" data-element_type=\"column\">\n\t\t\t<div class=\"elementor-widget-wrap elementor-element-populated\">\n\t\t\t\t\t\t<div class=\"elementor-element elementor-element-5b2d60b0 elementor-widget elementor-widget-google_maps\" data-id=\"5b2d60b0\" data-element_type=\"widget\" data-widget_type=\"google_maps.default\">\n\t\t\t\t<div class=\"elementor-widget-container\">\n\t\t\t\t\t\t\t<div class=\"elementor-custom-embed\">\n\t\t\t<iframe loading=\"lazy\"\n\t\t\t\t\tsrc=\"https:\/\/maps.google.com\/maps?q=Karanfil%20Soka%C4%9F%C4%B1%20No%3A13%2C%20Levent%2C%2034330%20Be%C5%9Fikta%C5%9F%2F%C4%B0stanbul&#038;t=m&#038;z=15&#038;output=embed&#038;iwloc=near\"\n\t\t\t\t\ttitle=\"Karanfil Soka\u011f\u0131 No:13, Levent, 34330 Be\u015fikta\u015f\/\u0130stanbul\"\n\t\t\t\t\taria-label=\"Karanfil Soka\u011f\u0131 No:13, Levent, 34330 Be\u015fikta\u015f\/\u0130stanbul\"\n\t\t\t><\/iframe>\n\t\t<\/div>\n\t\t\t\t\t\t<\/div>\n\t\t\t\t<\/div>\n\t\t\t\t\t<\/div>\n\t\t<\/div>\n\t\t\t\t\t<\/div>\n\t\t<\/section>\n\t\t\t\t\t<\/div>\n\t\t<\/div>\n\t\t\t\t\t<\/div>\n\t\t<\/section>\n\t\t\t\t<\/div>\n\t\t","protected":false},"excerpt":{"rendered":"<p>Anayasa Mahkemesi Kad\u0131n\u0131n Soyad\u0131 Ba\u015fl\u0131kl\u0131 TMK m. 187&#8217;yi \u0130ptal Etti 28 Nisan 2023 tarihli Resm\u00ee Gazete\u2019de yay\u0131mlanan Anayasa Mahkemesi karar\u0131 T\u00fcrk Medeni Kanunu\u2019nda (\u201cTMK\u201d) tarihi bir de\u011fi\u015fiklik yap\u0131ld\u0131 ve s\u00f6z konusu karar ile kad\u0131n\u0131n evlendikten sonra kendi soyad\u0131n\u0131 tek ba\u015f\u0131na kullanabilmesinin \u00f6n\u00fc a\u00e7\u0131lm\u0131\u015f oldu. TMK m. 187 uyar\u0131nca kad\u0131n, evlenmekle kocas\u0131n\u0131n soyad\u0131n\u0131 almakta, ancak evlendirme [&hellip;]<\/p>\n","protected":false},"author":1,"featured_media":0,"parent":1032,"menu_order":0,"comment_status":"closed","ping_status":"closed","template":"","meta":{"zakra_page_container_layout":"customizer","zakra_page_sidebar_layout":"customizer","zakra_remove_content_margin":false,"zakra_sidebar":"customizer","zakra_transparent_header":"customizer","zakra_logo":0,"zakra_main_header_style":"default","zakra_menu_item_color":null,"zakra_menu_item_hover_color":null,"zakra_menu_item_active_color":null,"zakra_menu_active_style":"","zakra_page_header":true,"om_disable_all_campaigns":false,"_monsterinsights_skip_tracking":false,"_monsterinsights_sitenote_active":false,"_monsterinsights_sitenote_note":"","_monsterinsights_sitenote_category":0,"footnotes":""},"class_list":["post-2106","page","type-page","status-publish","hentry"],"aioseo_notices":[],"_links":{"self":[{"href":"https:\/\/yasarlaw.com\/tr\/wp-json\/wp\/v2\/pages\/2106","targetHints":{"allow":["GET"]}}],"collection":[{"href":"https:\/\/yasarlaw.com\/tr\/wp-json\/wp\/v2\/pages"}],"about":[{"href":"https:\/\/yasarlaw.com\/tr\/wp-json\/wp\/v2\/types\/page"}],"author":[{"embeddable":true,"href":"https:\/\/yasarlaw.com\/tr\/wp-json\/wp\/v2\/users\/1"}],"replies":[{"embeddable":true,"href":"https:\/\/yasarlaw.com\/tr\/wp-json\/wp\/v2\/comments?post=2106"}],"version-history":[{"count":25,"href":"https:\/\/yasarlaw.com\/tr\/wp-json\/wp\/v2\/pages\/2106\/revisions"}],"predecessor-version":[{"id":2842,"href":"https:\/\/yasarlaw.com\/tr\/wp-json\/wp\/v2\/pages\/2106\/revisions\/2842"}],"up":[{"embeddable":true,"href":"https:\/\/yasarlaw.com\/tr\/wp-json\/wp\/v2\/pages\/1032"}],"wp:attachment":[{"href":"https:\/\/yasarlaw.com\/tr\/wp-json\/wp\/v2\/media?parent=2106"}],"curies":[{"name":"wp","href":"https:\/\/api.w.org\/{rel}","templated":true}]}}