{"id":2261,"date":"2023-11-16T17:36:31","date_gmt":"2023-11-16T14:36:31","guid":{"rendered":"https:\/\/yasarlaw.com\/tr\/?page_id=2261"},"modified":"2024-07-10T01:27:47","modified_gmt":"2024-07-09T22:27:47","slug":"konutlarin-turizm-amacli-kisa-sureli-kiralanmasina-iliskin-degisiklikler","status":"publish","type":"page","link":"https:\/\/yasarlaw.com\/tr\/yayinlar\/konutlarin-turizm-amacli-kisa-sureli-kiralanmasina-iliskin-degisiklikler\/","title":{"rendered":"Konutlar\u0131n Turizm Ama\u00e7l\u0131 K\u0131sa S\u00fcreli Kiralanmas\u0131na \u0130li\u015fkin De\u011fi\u015fiklikler"},"content":{"rendered":"\t\t<div data-elementor-type=\"wp-page\" data-elementor-id=\"2261\" class=\"elementor elementor-2261\">\n\t\t\t\t\t\t<section class=\"elementor-section elementor-top-section elementor-element elementor-element-371fd29b elementor-section-stretched elementor-section-boxed elementor-section-height-default elementor-section-height-default\" data-id=\"371fd29b\" data-element_type=\"section\" data-settings=\"{&quot;stretch_section&quot;:&quot;section-stretched&quot;,&quot;background_background&quot;:&quot;classic&quot;}\">\n\t\t\t\t\t\t\t<div class=\"elementor-background-overlay\"><\/div>\n\t\t\t\t\t\t\t<div class=\"elementor-container elementor-column-gap-no\">\n\t\t\t\t\t<div class=\"elementor-column elementor-col-100 elementor-top-column elementor-element elementor-element-10396326\" data-id=\"10396326\" data-element_type=\"column\">\n\t\t\t<div class=\"elementor-widget-wrap elementor-element-populated\">\n\t\t\t\t\t\t<div class=\"elementor-element elementor-element-360659d9 elementor-widget__width-auto elementor-absolute elementor-widget-mobile__width-auto elementor-widget elementor-widget-text-editor\" data-id=\"360659d9\" data-element_type=\"widget\" data-settings=\"{&quot;_position&quot;:&quot;absolute&quot;}\" data-widget_type=\"text-editor.default\">\n\t\t\t\t<div class=\"elementor-widget-container\">\n\t\t\t\t\t\t\t\t\t<p><span style=\"color: #ffffff;\"><strong>Konutlar\u0131n Turizm Ama\u00e7l\u0131 K\u0131sa S\u00fcreli Kiralanmas\u0131na \u0130li\u015fkin De\u011fi\u015fiklikler<\/strong><\/span><\/p>\t\t\t\t\t\t\t\t<\/div>\n\t\t\t\t<\/div>\n\t\t\t\t\t<\/div>\n\t\t<\/div>\n\t\t\t\t\t<\/div>\n\t\t<\/section>\n\t\t\t\t<section class=\"elementor-section elementor-top-section elementor-element elementor-element-4a069a04 elementor-section-stretched elementor-section-boxed elementor-section-height-default elementor-section-height-default\" data-id=\"4a069a04\" data-element_type=\"section\" data-settings=\"{&quot;stretch_section&quot;:&quot;section-stretched&quot;}\">\n\t\t\t\t\t\t<div class=\"elementor-container elementor-column-gap-wider\">\n\t\t\t\t\t<div class=\"elementor-column elementor-col-100 elementor-top-column elementor-element elementor-element-73b8abf\" data-id=\"73b8abf\" data-element_type=\"column\" data-settings=\"{&quot;background_background&quot;:&quot;classic&quot;}\">\n\t\t\t<div class=\"elementor-widget-wrap elementor-element-populated\">\n\t\t\t\t\t\t<div class=\"elementor-element elementor-element-73c5047 elementor-widget elementor-widget-text-editor\" data-id=\"73c5047\" data-element_type=\"widget\" data-widget_type=\"text-editor.default\">\n\t\t\t\t<div class=\"elementor-widget-container\">\n\t\t\t\t\t\t\t\t\t<p><strong>1. Turizm Ama\u00e7l\u0131 K\u0131sa S\u00fcreli Kiralamaya \u0130li\u015fkin H\u00fck\u00fcmler<\/strong><\/p><p>Konutlar\u0131n Turizm Ama\u00e7l\u0131 Kiralanmas\u0131 ve Baz\u0131 Kanunlarda De\u011fi\u015fiklik Yap\u0131lmas\u0131na Dair Kanun (&#8220;<strong>Kanun<\/strong>\u201d), 2 Kas\u0131m 2023 tarihinde Resm\u00ee Gazete\u2019de yay\u0131mlanm\u0131\u015ft\u0131r. Kanun ile konutlar\u0131n turizm ama\u00e7l\u0131 kiralanmas\u0131na ili\u015fkin genel esaslar, izin belgesi d\u00fczenlenmesi, idari yapt\u0131r\u0131mlar ve turizm ama\u00e7l\u0131 kiralanan konutlar\u0131n tabi olaca\u011f\u0131 mevzuata ili\u015fkin h\u00fck\u00fcmler d\u00fczenlenmi\u015ftir.<\/p><p>Kanun ile getirilen d\u00fczenlemeye g\u00f6re, konutlar\u0131n 100 g\u00fcn ve daha az s\u00fcreli olarak turizm ama\u00e7l\u0131 kiralanabilmesi i\u00e7in K\u00fclt\u00fcr ve Turizm Bakanl\u0131\u011f\u0131ndan (\u201c<strong>Bakanl\u0131k<\/strong>\u201d) veya Bakanl\u0131k taraf\u0131ndan yetkili k\u0131l\u0131nan valiliklerden izin al\u0131nmas\u0131 gerekmektedir. \u0130zin belgesi al\u0131nmas\u0131n\u0131n yan\u0131nda kiralanacak olan konutun giri\u015fine nitelikleri Bakanl\u0131k taraf\u0131ndan belirlenecek olan plaketin as\u0131lmas\u0131 gerekmektedir. Konut \u00fczerinde hak sahibi olan kiraya veren d\u0131\u015f\u0131nda turizm ama\u00e7l\u0131 kiraya verme yetkisi m\u00fcnhas\u0131ran seyahat acentalar\u0131na tan\u0131nm\u0131\u015ft\u0131r.<\/p><p>\u0130zin belgesi alabilmek i\u00e7in ba\u011f\u0131ms\u0131z b\u00f6l\u00fcm\u00fcn bulundu\u011fu binan\u0131n t\u00fcm kat malikleri taraf\u0131ndan oy birli\u011fi ile al\u0131nan karar\u0131n ibraz\u0131 zorunlu tutulmu\u015ftur. Birden fazla ba\u011f\u0131ms\u0131z b\u00f6l\u00fcm i\u00e7eren binalardan olu\u015fan konut sitelerinde sadece turizm ama\u00e7l\u0131 kiralama yap\u0131lan konutun bulundu\u011fu bina bak\u0131m\u0131ndan oy birli\u011fi ile al\u0131nan karar aranacakt\u0131r. \u00dc\u00e7ten fazla ba\u011f\u0131ms\u0131z b\u00f6l\u00fcmden olu\u015fan binalarda ise en fazla y\u00fczde yirmi be\u015fi i\u00e7in ayn\u0131 kiraya veren ad\u0131na izin belgesi d\u00fczenlenebilecektir.<\/p><p>\u0130zin belgesi sahibinden kiralanan konutun kullan\u0131c\u0131lar taraf\u0131ndan kendi nam ve hesab\u0131na \u00fc\u00e7\u00fcnc\u00fc ki\u015filere kiralanmas\u0131 veya kendi ad\u0131na mesken olarak kullan\u0131lmak amac\u0131yla kiralanan konutun kirac\u0131s\u0131 taraf\u0131ndan kendi nam ve hesab\u0131na turizm ama\u00e7l\u0131 olarak \u00fc\u00e7\u00fcnc\u00fc ki\u015filere kiralanmas\u0131 yasaklanm\u0131\u015ft\u0131r.<\/p><p>Turizm ama\u00e7l\u0131 kiralama izin belgesi verilen konutlar hakk\u0131nda Kimlik Bildirme Kanunu h\u00fck\u00fcmleri uygulanacak olup bildirim y\u00fck\u00fcml\u00fcl\u00fc\u011f\u00fc konusunda izin belgesi sahibi sorumlu ki\u015fi kabul edilecektir.<\/p><p><strong>2. \u0130dari Yapt\u0131r\u0131mlar<\/strong><\/p><p><strong>a. \u0130zinsiz Kiralama Faaliyetlerine \u0130li\u015fkin Yapt\u0131r\u0131mlar<\/strong><\/p><p>\u0130zin belgesi bulunmaks\u0131z\u0131n turizm ama\u00e7l\u0131 kiralanan konutlar\u0131 kiraya verenlere, kiralama yap\u0131lan her bir konut i\u00e7in y\u00fcz bin T\u00fcrk liras\u0131 idari para cezas\u0131 uygulanacak ve izin belgesi alarak faaliyette bulunabilmesi i\u00e7in on be\u015f g\u00fcn s\u00fcre verilecektir. Verilen on be\u015f g\u00fcnl\u00fck s\u00fcre sonunda izin belgesi al\u0131nmaks\u0131z\u0131n turizm ama\u00e7l\u0131 kiralama faaliyetine devam edenlere be\u015f y\u00fcz bin T\u00fcrk liras\u0131 idari para cezas\u0131 uygulanacak ve izin belgesi alarak faaliyette bulunabilmesi i\u00e7in bir kez daha on be\u015f g\u00fcn s\u00fcre verilecektir. Bu cezalar uygulanmas\u0131na ra\u011fmen izin belgesi bulunmaks\u0131z\u0131n turizm ama\u00e7l\u0131 kiralama faaliyetine devam edenlere ise bir milyon T\u00fcrk liras\u0131 idari para cezas\u0131 uygulanacakt\u0131r.<\/p><p>\u0130zin belgesi sahibinden kiralad\u0131\u011f\u0131 turizm ama\u00e7l\u0131 konutu kendi nam ve hesab\u0131na \u00fc\u00e7\u00fcnc\u00fc ki\u015filere kiraya verenler hakk\u0131nda her bir s\u00f6zle\u015fme i\u00e7in y\u00fcz bin T\u00fcrk liras\u0131 idari para cezas\u0131 uygulanacakt\u0131r. Kendi ad\u0131na mesken olarak kullanmak amac\u0131yla kiralad\u0131\u011f\u0131 konutu kendi nam ve hesab\u0131na turizm ama\u00e7l\u0131 kiraya verenlere de her bir s\u00f6zle\u015fme i\u00e7in y\u00fcz bin T\u00fcrk liras\u0131 idari para cezas\u0131 uygulanacakt\u0131r.<\/p><p>\u0130zin belgesi olmayan konutlar\u0131n turizm ama\u00e7l\u0131 kiralanmas\u0131na arac\u0131l\u0131k edenler hakk\u0131nda, her bir s\u00f6zle\u015fme i\u00e7in y\u00fcz bin T\u00fcrk liras\u0131 idari para cezas\u0131 uygulanacakt\u0131r.<\/p><p>\u0130zin belgesi olmayan konutlar\u0131n kiralanmas\u0131 i\u00e7in elektronik ticaret ve tan\u0131t\u0131m imk\u00e2n\u0131 temin eden arac\u0131 hizmet sa\u011flay\u0131c\u0131lar\u0131na uyar\u0131ya ra\u011fmen 24 saat i\u00e7inde i\u00e7eri\u011fi kald\u0131rmamas\u0131 halinde her bir konut i\u00e7in y\u00fcz bin T\u00fcrk liras\u0131 idari para cezas\u0131 uygulanacakt\u0131r.<\/p><p>Her defas\u0131nda y\u00fcz g\u00fcnden fazla s\u00fcreli kira s\u00f6zle\u015fmesi yapmas\u0131na ra\u011fmen ilk s\u00f6zle\u015fme tarihinden itibaren bir y\u0131l i\u00e7erisinde ayn\u0131 konutu d\u00f6rt defadan fazla kiraya verenler hakk\u0131nda bir milyon T\u00fcrk liras\u0131 idari para cezas\u0131 uygulanacakt\u0131r.<\/p><p><strong>b. \u0130zin Belgesi Sahiplerinin Kar\u015f\u0131la\u015fabilece\u011fi Yapt\u0131r\u0131mlar<\/strong><\/p><p>Bakanl\u0131k\u00e7a istenilen bilgi ve belgelerin otuz g\u00fcn i\u00e7erisinde g\u00f6nderilmemesi, eksik g\u00f6nderilmesi, yan\u0131lt\u0131c\u0131 bilgi veya belge verilmesi durumunda elli bin T\u00fcrk liras\u0131 idari para cezas\u0131 uygulanacakt\u0131r.<\/p><p>Kiraya verenin miras d\u0131\u015f\u0131nda bir hukuki i\u015flemle de\u011fi\u015fmesi ve bu de\u011fi\u015fikli\u011fin tapu siciline tescil tarihinden itibaren otuz g\u00fcn i\u00e7erisinde bildirilmemesi durumunda elli bin T\u00fcrk liras\u0131 idari para cezas\u0131 uygulanacakt\u0131r.<\/p><p>Turizm pay\u0131n\u0131n \u00f6denmesine ili\u015fkin belgenin Bakanl\u0131k\u00e7a belirlenen s\u00fcre i\u00e7erisinde ibraz edilmemesi veya yap\u0131lacak denetimlerde bu belgenin sunulmamas\u0131 halinde elli bin T\u00fcrk liras\u0131 idari para cezas\u0131 uygulanacakt\u0131r.<\/p><p>Turizm ama\u00e7l\u0131 kiralama yap\u0131lan konutun konum, nitelik ve fiziksel \u00f6zelliklerine ili\u015fkin yaz\u0131, reklam, afi\u015f, bro\u015f\u00fcr, sosyal medya, web sayfas\u0131 ve benzeri ara\u00e7larla kullan\u0131c\u0131ya yan\u0131lt\u0131c\u0131 \u015fekilde tan\u0131t\u0131lmas\u0131 veya taahh\u00fct edilen ko\u015fullar\u0131n sa\u011flanmamas\u0131 veya turizm ama\u00e7l\u0131 kiralama yap\u0131lan konutun s\u00f6zle\u015fmede belirtilen s\u00fcreden daha k\u0131sa s\u00fcreyle kullan\u0131c\u0131ya tahsis edilmesi ya da turizm ama\u00e7l\u0131 kiralama yap\u0131lan konutun s\u00f6zle\u015fmeye uygun olarak kullan\u0131c\u0131ya teslim edilmemesi hallerinde y\u00fcz bin T\u00fcrk liras\u0131 idari para cezas\u0131 uygulanacakt\u0131r.<\/p><p>Bakanl\u0131k taraf\u0131ndan d\u00fczenlenen plaketin turizm ama\u00e7l\u0131 kiralama yap\u0131lan konutlar\u0131n giri\u015fine as\u0131lmamas\u0131 halinde y\u00fcz bin T\u00fcrk liras\u0131 idari para cezas\u0131 uygulanacak ve as\u0131lmas\u0131 i\u00e7in on be\u015f g\u00fcn s\u00fcre tan\u0131nacakt\u0131r.<\/p><p>Yap\u0131lan denetimde konutun izin belgesi verilmesine esas nitelikleri ta\u015f\u0131mad\u0131\u011f\u0131n\u0131n tespit edilmesi durumunda y\u00fcz bin T\u00fcrk liras\u0131 idari para cezas\u0131 uygulanacak ve ayk\u0131r\u0131l\u0131klar\u0131n giderilmesi i\u00e7in on be\u015f g\u00fcn s\u00fcre verilecektir.<\/p><p><strong>3. \u0130zin Belgesinin \u0130ptali<\/strong><\/p><p>\u0130zin belgesi sahibinin talebi \u00fczerine, turizm ama\u00e7l\u0131 kiralama faaliyetine son verildi\u011finin tespit edilmesi halinde ve kiraya verenin miras d\u0131\u015f\u0131nda bir hukuki i\u015flemle de\u011fi\u015fmesi \u00fczerine s\u00fcresi i\u00e7inde yeni kiraya verenin izin belgesi i\u00e7in ba\u015fvuru yapmamas\u0131 ya da y\u00fck\u00fcml\u00fcl\u00fcklerini yerine getirmemesi halinde izin belgesi iptal edilecektir. Ayr\u0131ca konutun kamu d\u00fczeni, kamu g\u00fcvenli\u011fi ve genel ahlaka ayk\u0131r\u0131 olarak kullan\u0131ld\u0131\u011f\u0131n\u0131n yetkili kamu kurum ve kurulu\u015flar\u0131 taraf\u0131ndan bildirilmesi halinde de izin belgesi iptal edilecektir. Nihayet Yap\u0131lan denetimde, konutun izin belgesi verilmesine esas nitelikleri ta\u015f\u0131mad\u0131\u011f\u0131n\u0131n tespit edilmesi durumunda verilen cezaya ra\u011fmen ayk\u0131r\u0131l\u0131klar\u0131n giderilmemesi halinde de izin belgesi iptal edilecektir.<\/p><p><strong>4. Y\u00fcr\u00fcrl\u00fck<\/strong><\/p><p>Kanun, 1 Ocak 2024 tarihinde y\u00fcr\u00fcrl\u00fc\u011fe girecektir. Y\u00fcr\u00fcrl\u00fck tarihinde turizm ama\u00e7l\u0131 kiralama faaliyetinde bulunanlar\u0131n bir ay i\u00e7inde izin belgesi almak \u00fczere Bakanl\u0131k\u2019a ba\u015fvuru yapmas\u0131 zorunlu k\u0131l\u0131nm\u0131\u015ft\u0131r.<\/p><p>Herhangi bir sorunuz olmas\u0131 halinde bize ula\u015fabilirsiniz.<\/p>\t\t\t\t\t\t\t\t<\/div>\n\t\t\t\t<\/div>\n\t\t\t\t\t<\/div>\n\t\t<\/div>\n\t\t\t\t\t<\/div>\n\t\t<\/section>\n\t\t\t\t<section class=\"elementor-section elementor-top-section elementor-element elementor-element-6f7aae9a elementor-section-boxed elementor-section-height-default elementor-section-height-default\" data-id=\"6f7aae9a\" data-element_type=\"section\">\n\t\t\t\t\t\t<div class=\"elementor-container elementor-column-gap-default\">\n\t\t\t\t\t<div class=\"elementor-column elementor-col-100 elementor-top-column elementor-element elementor-element-3af791cd\" data-id=\"3af791cd\" data-element_type=\"column\">\n\t\t\t<div class=\"elementor-widget-wrap\">\n\t\t\t\t\t\t\t<\/div>\n\t\t<\/div>\n\t\t\t\t\t<\/div>\n\t\t<\/section>\n\t\t\t\t<section class=\"elementor-section elementor-top-section elementor-element elementor-element-42b8ae44 elementor-section-full_width elementor-section-stretched elementor-section-height-default elementor-section-height-default\" data-id=\"42b8ae44\" data-element_type=\"section\" data-settings=\"{&quot;stretch_section&quot;:&quot;section-stretched&quot;}\">\n\t\t\t\t\t\t<div class=\"elementor-container elementor-column-gap-wider\">\n\t\t\t\t\t<div class=\"elementor-column elementor-col-100 elementor-top-column elementor-element elementor-element-dd64850\" data-id=\"dd64850\" data-element_type=\"column\" data-settings=\"{&quot;background_background&quot;:&quot;classic&quot;}\">\n\t\t\t<div class=\"elementor-widget-wrap elementor-element-populated\">\n\t\t\t\t\t\t<section class=\"elementor-section elementor-inner-section elementor-element elementor-element-31c0664d elementor-section-full_width elementor-section-height-default elementor-section-height-default\" data-id=\"31c0664d\" data-element_type=\"section\">\n\t\t\t\t\t\t<div class=\"elementor-container elementor-column-gap-default\">\n\t\t\t\t\t<div class=\"elementor-column elementor-col-50 elementor-inner-column elementor-element elementor-element-637c1378\" data-id=\"637c1378\" data-element_type=\"column\">\n\t\t\t<div class=\"elementor-widget-wrap elementor-element-populated\">\n\t\t\t\t\t\t<div class=\"elementor-element elementor-element-125828ea elementor-widget elementor-widget-text-editor\" data-id=\"125828ea\" data-element_type=\"widget\" data-widget_type=\"text-editor.default\">\n\t\t\t\t<div class=\"elementor-widget-container\">\n\t\t\t\t\t\t\t\t\t<p><span style=\"color: #781619;\"><b>Ya\u015far Law Office<\/b><\/span><\/p><p><span style=\"color: #781619;\">Bize Ula\u015f\u0131n:<\/span><\/p><p><span style=\"color: #781619;\">Karanfil Sokak, No: 13<\/span><\/p><p><span style=\"color: #781619;\">Levent, Be\u015fikta\u015f, \u0130stanbul<\/span><\/p><p><span style=\"color: #781619;\"><a style=\"color: #781619;\" title=\"+90 212 401 4240\" href=\"tel:+902124014240\">+90 212 401 4240<\/a><\/span><\/p><p><span style=\"color: #781619;\"><a style=\"color: #781619;\" title=\"info@yasarlaw.com\" href=\"mailto:info@yasarlaw.com\">info@yasarlaw.com<\/a><\/span><\/p>\t\t\t\t\t\t\t\t<\/div>\n\t\t\t\t<\/div>\n\t\t\t\t<div class=\"elementor-element elementor-element-cb94498 elementor-widget elementor-widget-text-editor\" data-id=\"cb94498\" data-element_type=\"widget\" data-widget_type=\"text-editor.default\">\n\t\t\t\t<div class=\"elementor-widget-container\">\n\t\t\t\t\t\t\t\t\t<p><span style=\"color: rgb(120, 22, 25); font-style: inherit; font-weight: inherit; letter-spacing: 0.01em;\">Bize Ula\u015f\u0131n:<\/span><br><\/p>\n<p><span style=\"color: #781619;\">859. Sokak, No: 4\/303<\/span><\/p>\n<p><font color=\"#781619\">Cumhuriyet Bulvar\u0131, Konak, \u0130zmir<\/font><\/p>\n<p><span style=\"color: #781619;\"><a style=\"color: #781619;\" title=\"+90 212 401 4240\" href=\"tel:+902124014240\">+90 212 401 4240<\/a><\/span><\/p>\n<p><span style=\"color: #781619;\"><a style=\"color: #781619;\" title=\"info@yasarlaw.com\" href=\"mailto:info@yasarlaw.com\">info@yasarlaw.com<\/a><\/span><\/p>\t\t\t\t\t\t\t\t<\/div>\n\t\t\t\t<\/div>\n\t\t\t\t\t<\/div>\n\t\t<\/div>\n\t\t\t\t<div class=\"elementor-column elementor-col-50 elementor-inner-column elementor-element elementor-element-10e6652d\" data-id=\"10e6652d\" data-element_type=\"column\">\n\t\t\t<div class=\"elementor-widget-wrap elementor-element-populated\">\n\t\t\t\t\t\t<div class=\"elementor-element elementor-element-29c1e6a elementor-widget elementor-widget-google_maps\" data-id=\"29c1e6a\" data-element_type=\"widget\" data-widget_type=\"google_maps.default\">\n\t\t\t\t<div class=\"elementor-widget-container\">\n\t\t\t\t\t\t\t<div class=\"elementor-custom-embed\">\n\t\t\t<iframe loading=\"lazy\"\n\t\t\t\t\tsrc=\"https:\/\/maps.google.com\/maps?q=Karanfil%20Soka%C4%9F%C4%B1%20No%3A13%2C%20Levent%2C%2034330%20Be%C5%9Fikta%C5%9F%2F%C4%B0stanbul&#038;t=m&#038;z=15&#038;output=embed&#038;iwloc=near\"\n\t\t\t\t\ttitle=\"Karanfil Soka\u011f\u0131 No:13, Levent, 34330 Be\u015fikta\u015f\/\u0130stanbul\"\n\t\t\t\t\taria-label=\"Karanfil Soka\u011f\u0131 No:13, Levent, 34330 Be\u015fikta\u015f\/\u0130stanbul\"\n\t\t\t><\/iframe>\n\t\t<\/div>\n\t\t\t\t\t\t<\/div>\n\t\t\t\t<\/div>\n\t\t\t\t\t<\/div>\n\t\t<\/div>\n\t\t\t\t\t<\/div>\n\t\t<\/section>\n\t\t\t\t\t<\/div>\n\t\t<\/div>\n\t\t\t\t\t<\/div>\n\t\t<\/section>\n\t\t\t\t<\/div>\n\t\t","protected":false},"excerpt":{"rendered":"<p>Konutlar\u0131n Turizm Ama\u00e7l\u0131 K\u0131sa S\u00fcreli Kiralanmas\u0131na \u0130li\u015fkin De\u011fi\u015fiklikler 1. Turizm Ama\u00e7l\u0131 K\u0131sa S\u00fcreli Kiralamaya \u0130li\u015fkin H\u00fck\u00fcmler Konutlar\u0131n Turizm Ama\u00e7l\u0131 Kiralanmas\u0131 ve Baz\u0131 Kanunlarda De\u011fi\u015fiklik Yap\u0131lmas\u0131na Dair Kanun (&#8220;Kanun\u201d), 2 Kas\u0131m 2023 tarihinde Resm\u00ee Gazete\u2019de yay\u0131mlanm\u0131\u015ft\u0131r. Kanun ile konutlar\u0131n turizm ama\u00e7l\u0131 kiralanmas\u0131na ili\u015fkin genel esaslar, izin belgesi d\u00fczenlenmesi, idari yapt\u0131r\u0131mlar ve turizm ama\u00e7l\u0131 kiralanan konutlar\u0131n tabi [&hellip;]<\/p>\n","protected":false},"author":1,"featured_media":0,"parent":1032,"menu_order":0,"comment_status":"closed","ping_status":"closed","template":"","meta":{"zakra_page_container_layout":"customizer","zakra_page_sidebar_layout":"customizer","zakra_remove_content_margin":false,"zakra_sidebar":"customizer","zakra_transparent_header":"customizer","zakra_logo":0,"zakra_main_header_style":"default","zakra_menu_item_color":null,"zakra_menu_item_hover_color":null,"zakra_menu_item_active_color":null,"zakra_menu_active_style":"","zakra_page_header":true,"om_disable_all_campaigns":false,"_monsterinsights_skip_tracking":false,"_monsterinsights_sitenote_active":false,"_monsterinsights_sitenote_note":"","_monsterinsights_sitenote_category":0,"footnotes":""},"class_list":["post-2261","page","type-page","status-publish","hentry"],"aioseo_notices":[],"_links":{"self":[{"href":"https:\/\/yasarlaw.com\/tr\/wp-json\/wp\/v2\/pages\/2261","targetHints":{"allow":["GET"]}}],"collection":[{"href":"https:\/\/yasarlaw.com\/tr\/wp-json\/wp\/v2\/pages"}],"about":[{"href":"https:\/\/yasarlaw.com\/tr\/wp-json\/wp\/v2\/types\/page"}],"author":[{"embeddable":true,"href":"https:\/\/yasarlaw.com\/tr\/wp-json\/wp\/v2\/users\/1"}],"replies":[{"embeddable":true,"href":"https:\/\/yasarlaw.com\/tr\/wp-json\/wp\/v2\/comments?post=2261"}],"version-history":[{"count":25,"href":"https:\/\/yasarlaw.com\/tr\/wp-json\/wp\/v2\/pages\/2261\/revisions"}],"predecessor-version":[{"id":2821,"href":"https:\/\/yasarlaw.com\/tr\/wp-json\/wp\/v2\/pages\/2261\/revisions\/2821"}],"up":[{"embeddable":true,"href":"https:\/\/yasarlaw.com\/tr\/wp-json\/wp\/v2\/pages\/1032"}],"wp:attachment":[{"href":"https:\/\/yasarlaw.com\/tr\/wp-json\/wp\/v2\/media?parent=2261"}],"curies":[{"name":"wp","href":"https:\/\/api.w.org\/{rel}","templated":true}]}}