{"id":2280,"date":"2023-11-26T12:00:34","date_gmt":"2023-11-26T09:00:34","guid":{"rendered":"https:\/\/yasarlaw.com\/tr\/?page_id=2280"},"modified":"2024-07-10T01:27:35","modified_gmt":"2024-07-09T22:27:35","slug":"anonim-sirketler-ile-limited-sirketler-icin-en-az-sermaye-tutari-artirildi","status":"publish","type":"page","link":"https:\/\/yasarlaw.com\/tr\/yayinlar\/anonim-sirketler-ile-limited-sirketler-icin-en-az-sermaye-tutari-artirildi\/","title":{"rendered":"Anonim \u015eirketler ile Limited \u015eirketler i\u00e7in En Az Sermaye Tutar\u0131 Art\u0131r\u0131ld\u0131"},"content":{"rendered":"\t\t<div data-elementor-type=\"wp-page\" data-elementor-id=\"2280\" class=\"elementor elementor-2280\">\n\t\t\t\t\t\t<section class=\"elementor-section elementor-top-section elementor-element elementor-element-1683c794 elementor-section-stretched elementor-section-boxed elementor-section-height-default elementor-section-height-default\" data-id=\"1683c794\" data-element_type=\"section\" data-settings=\"{&quot;stretch_section&quot;:&quot;section-stretched&quot;,&quot;background_background&quot;:&quot;classic&quot;}\">\n\t\t\t\t\t\t\t<div class=\"elementor-background-overlay\"><\/div>\n\t\t\t\t\t\t\t<div class=\"elementor-container elementor-column-gap-no\">\n\t\t\t\t\t<div class=\"elementor-column elementor-col-100 elementor-top-column elementor-element elementor-element-5ef10a83\" data-id=\"5ef10a83\" data-element_type=\"column\">\n\t\t\t<div class=\"elementor-widget-wrap elementor-element-populated\">\n\t\t\t\t\t\t<div class=\"elementor-element elementor-element-d0a8f48 elementor-widget__width-auto elementor-absolute elementor-widget-mobile__width-auto elementor-widget elementor-widget-text-editor\" data-id=\"d0a8f48\" data-element_type=\"widget\" data-settings=\"{&quot;_position&quot;:&quot;absolute&quot;}\" data-widget_type=\"text-editor.default\">\n\t\t\t\t<div class=\"elementor-widget-container\">\n\t\t\t\t\t\t\t\t\t<p><span style=\"color: #ffffff;\"><strong>Anonim \u015eirketler ile Limited \u015eirketler i\u00e7in En Az Sermaye Tutar\u0131 Art\u0131r\u0131ld\u0131<\/strong><\/span><\/p>\t\t\t\t\t\t\t\t<\/div>\n\t\t\t\t<\/div>\n\t\t\t\t\t<\/div>\n\t\t<\/div>\n\t\t\t\t\t<\/div>\n\t\t<\/section>\n\t\t\t\t<section class=\"elementor-section elementor-top-section elementor-element elementor-element-37652bf2 elementor-section-stretched elementor-section-boxed elementor-section-height-default elementor-section-height-default\" data-id=\"37652bf2\" data-element_type=\"section\" data-settings=\"{&quot;stretch_section&quot;:&quot;section-stretched&quot;}\">\n\t\t\t\t\t\t<div class=\"elementor-container elementor-column-gap-wider\">\n\t\t\t\t\t<div class=\"elementor-column elementor-col-100 elementor-top-column elementor-element elementor-element-135ac3b9\" data-id=\"135ac3b9\" data-element_type=\"column\" data-settings=\"{&quot;background_background&quot;:&quot;classic&quot;}\">\n\t\t\t<div class=\"elementor-widget-wrap elementor-element-populated\">\n\t\t\t\t\t\t<div class=\"elementor-element elementor-element-7f2267ca elementor-widget elementor-widget-text-editor\" data-id=\"7f2267ca\" data-element_type=\"widget\" data-widget_type=\"text-editor.default\">\n\t\t\t\t<div class=\"elementor-widget-container\">\n\t\t\t\t\t\t\t\t\t<p>25.11.2023 tarihli, 32380 say\u0131l\u0131 Resm\u00ee Gazete\u2019de yay\u0131mlanan 24.11.2023 tarihli ve 7887 say\u0131l\u0131 Cumhurba\u015fkan\u0131 Karar\u0131 uyar\u0131nca, T\u00fcrk Ticaret Kanunu m. 332 uyar\u0131nca anonim \u015firketler i\u00e7in 50.000 TL olarak \u00f6ng\u00f6r\u00fclen en az sermaye tutar\u0131 250.000 TL\u2019ye; kay\u0131tl\u0131 sermaye sistemini kabul etmi\u015f bulunan halka a\u00e7\u0131k olmayan anonim \u015firketlerde 100.000 TL olarak \u00f6ng\u00f6r\u00fclen en az ba\u015flang\u0131\u00e7 sermayesi tutar\u0131 500.000 TL\u2019ye; T\u00fcrk Ticaret Kanunu m. 580 uyar\u0131nca limited \u015firketler i\u00e7in 10.000 TL olarak \u00f6ng\u00f6r\u00fclen en az sermaye tutar\u0131 50.000 TL\u2019ye y\u00fckseltilmi\u015ftir.<\/p>\n<p>Yukar\u0131da an\u0131lan de\u011fi\u015fiklikler 26.11.2023 tarihli, 32381 say\u0131l\u0131 Resm\u00ee Gazete\u2019de yay\u0131mlanan d\u00fczeltme uyar\u0131nca 01.01.2024 tarihinde y\u00fcr\u00fcrl\u00fc\u011fe girecektir. Bakanl\u0131k taraf\u0131ndan yap\u0131lan a\u00e7\u0131klamadan anla\u015f\u0131ld\u0131\u011f\u0131 \u00fczere bu y\u00fck\u00fcml\u00fcl\u00fck 01.01.2024 tarihinden itibaren kurulan \u015firketler i\u00e7in ge\u00e7erli olacakt\u0131r.<\/p>\n<p>Herhangi bir sorunuz olmas\u0131 halinde bize ula\u015fabilirsiniz.<\/p>\t\t\t\t\t\t\t\t<\/div>\n\t\t\t\t<\/div>\n\t\t\t\t\t<\/div>\n\t\t<\/div>\n\t\t\t\t\t<\/div>\n\t\t<\/section>\n\t\t\t\t<section class=\"elementor-section elementor-top-section elementor-element elementor-element-4fe75500 elementor-section-boxed elementor-section-height-default elementor-section-height-default\" data-id=\"4fe75500\" data-element_type=\"section\">\n\t\t\t\t\t\t<div class=\"elementor-container elementor-column-gap-default\">\n\t\t\t\t\t<div class=\"elementor-column elementor-col-100 elementor-top-column elementor-element elementor-element-3dd48092\" data-id=\"3dd48092\" data-element_type=\"column\">\n\t\t\t<div class=\"elementor-widget-wrap\">\n\t\t\t\t\t\t\t<\/div>\n\t\t<\/div>\n\t\t\t\t\t<\/div>\n\t\t<\/section>\n\t\t\t\t<section class=\"elementor-section elementor-top-section elementor-element elementor-element-26fa9928 elementor-section-stretched elementor-section-boxed elementor-section-height-default elementor-section-height-default\" data-id=\"26fa9928\" data-element_type=\"section\" data-settings=\"{&quot;stretch_section&quot;:&quot;section-stretched&quot;}\">\n\t\t\t\t\t\t<div class=\"elementor-container elementor-column-gap-wider\">\n\t\t\t\t\t<div class=\"elementor-column elementor-col-100 elementor-top-column elementor-element elementor-element-c5b4038\" data-id=\"c5b4038\" data-element_type=\"column\" data-settings=\"{&quot;background_background&quot;:&quot;classic&quot;}\">\n\t\t\t<div class=\"elementor-widget-wrap elementor-element-populated\">\n\t\t\t\t\t\t<section class=\"elementor-section elementor-inner-section elementor-element elementor-element-3f767c48 elementor-section-full_width elementor-section-height-default elementor-section-height-default\" data-id=\"3f767c48\" data-element_type=\"section\">\n\t\t\t\t\t\t<div class=\"elementor-container elementor-column-gap-default\">\n\t\t\t\t\t<div class=\"elementor-column elementor-col-50 elementor-inner-column elementor-element elementor-element-368fb3c6\" data-id=\"368fb3c6\" data-element_type=\"column\">\n\t\t\t<div class=\"elementor-widget-wrap elementor-element-populated\">\n\t\t\t\t\t\t<div class=\"elementor-element elementor-element-147a07b8 elementor-widget elementor-widget-text-editor\" data-id=\"147a07b8\" data-element_type=\"widget\" data-widget_type=\"text-editor.default\">\n\t\t\t\t<div class=\"elementor-widget-container\">\n\t\t\t\t\t\t\t\t\t<p><span style=\"color: #781619;\"><b>Ya\u015far Law Office<\/b><\/span><\/p><p><span style=\"color: #781619;\">Bize Ula\u015f\u0131n:<\/span><\/p><p><span style=\"color: #781619;\">Karanfil Sokak, No: 13\u00a0<\/span><\/p><p><span style=\"color: #781619;\">Levent, Be\u015fikta\u015f, \u0130stanbul<\/span><\/p><p><span style=\"color: #781619;\"><a style=\"color: #781619;\" title=\"+90 212 401 4240\" href=\"tel:+902124014240\">+90 212 401 4240<\/a><\/span><\/p><p><span style=\"color: #781619;\"><a style=\"color: #781619;\" title=\"info@yasarlaw.com\" href=\"mailto:info@yasarlaw.com\">info@yasarlaw.com<\/a><\/span><\/p>\t\t\t\t\t\t\t\t<\/div>\n\t\t\t\t<\/div>\n\t\t\t\t<div class=\"elementor-element elementor-element-d7a3642 elementor-widget elementor-widget-text-editor\" data-id=\"d7a3642\" data-element_type=\"widget\" data-widget_type=\"text-editor.default\">\n\t\t\t\t<div class=\"elementor-widget-container\">\n\t\t\t\t\t\t\t\t\t<p><span style=\"color: rgb(120, 22, 25); font-style: inherit; font-weight: inherit; letter-spacing: 0.01em;\">Bize Ula\u015f\u0131n:<\/span><br><\/p>\n<p><span style=\"color: #781619;\">859. Sokak, No: 4\/303<\/span><\/p>\n<p><font color=\"#781619\">Cumhuriyet Bulvar\u0131, Konak, \u0130zmir<\/font><\/p>\n<p><span style=\"color: #781619;\"><a style=\"color: #781619;\" title=\"+90 212 401 4240\" href=\"tel:+902124014240\">+90 212 401 4240<\/a><\/span><\/p>\n<p><span style=\"color: #781619;\"><a style=\"color: #781619;\" title=\"info@yasarlaw.com\" href=\"mailto:info@yasarlaw.com\">info@yasarlaw.com<\/a><\/span><\/p>\t\t\t\t\t\t\t\t<\/div>\n\t\t\t\t<\/div>\n\t\t\t\t\t<\/div>\n\t\t<\/div>\n\t\t\t\t<div class=\"elementor-column elementor-col-50 elementor-inner-column elementor-element elementor-element-4290edba\" data-id=\"4290edba\" data-element_type=\"column\">\n\t\t\t<div class=\"elementor-widget-wrap elementor-element-populated\">\n\t\t\t\t\t\t<div class=\"elementor-element elementor-element-5b2d60b0 elementor-widget elementor-widget-google_maps\" data-id=\"5b2d60b0\" data-element_type=\"widget\" data-widget_type=\"google_maps.default\">\n\t\t\t\t<div class=\"elementor-widget-container\">\n\t\t\t\t\t\t\t<div class=\"elementor-custom-embed\">\n\t\t\t<iframe loading=\"lazy\"\n\t\t\t\t\tsrc=\"https:\/\/maps.google.com\/maps?q=Karanfil%20Soka%C4%9F%C4%B1%20No%3A13%2C%20Levent%2C%2034330%20Be%C5%9Fikta%C5%9F%2F%C4%B0stanbul&#038;t=m&#038;z=15&#038;output=embed&#038;iwloc=near\"\n\t\t\t\t\ttitle=\"Karanfil Soka\u011f\u0131 No:13, Levent, 34330 Be\u015fikta\u015f\/\u0130stanbul\"\n\t\t\t\t\taria-label=\"Karanfil Soka\u011f\u0131 No:13, Levent, 34330 Be\u015fikta\u015f\/\u0130stanbul\"\n\t\t\t><\/iframe>\n\t\t<\/div>\n\t\t\t\t\t\t<\/div>\n\t\t\t\t<\/div>\n\t\t\t\t\t<\/div>\n\t\t<\/div>\n\t\t\t\t\t<\/div>\n\t\t<\/section>\n\t\t\t\t\t<\/div>\n\t\t<\/div>\n\t\t\t\t\t<\/div>\n\t\t<\/section>\n\t\t\t\t<\/div>\n\t\t","protected":false},"excerpt":{"rendered":"<p>Anonim \u015eirketler ile Limited \u015eirketler i\u00e7in En Az Sermaye Tutar\u0131 Art\u0131r\u0131ld\u0131 25.11.2023 tarihli, 32380 say\u0131l\u0131 Resm\u00ee Gazete\u2019de yay\u0131mlanan 24.11.2023 tarihli ve 7887 say\u0131l\u0131 Cumhurba\u015fkan\u0131 Karar\u0131 uyar\u0131nca, T\u00fcrk Ticaret Kanunu m. 332 uyar\u0131nca anonim \u015firketler i\u00e7in 50.000 TL olarak \u00f6ng\u00f6r\u00fclen en az sermaye tutar\u0131 250.000 TL\u2019ye; kay\u0131tl\u0131 sermaye sistemini kabul etmi\u015f bulunan halka a\u00e7\u0131k olmayan anonim [&hellip;]<\/p>\n","protected":false},"author":1,"featured_media":0,"parent":1032,"menu_order":0,"comment_status":"closed","ping_status":"closed","template":"","meta":{"zakra_page_container_layout":"customizer","zakra_page_sidebar_layout":"customizer","zakra_remove_content_margin":false,"zakra_sidebar":"customizer","zakra_transparent_header":"customizer","zakra_logo":0,"zakra_main_header_style":"default","zakra_menu_item_color":null,"zakra_menu_item_hover_color":null,"zakra_menu_item_active_color":null,"zakra_menu_active_style":"","zakra_page_header":true,"om_disable_all_campaigns":false,"_monsterinsights_skip_tracking":false,"_monsterinsights_sitenote_active":false,"_monsterinsights_sitenote_note":"","_monsterinsights_sitenote_category":0,"footnotes":""},"class_list":["post-2280","page","type-page","status-publish","hentry"],"aioseo_notices":[],"_links":{"self":[{"href":"https:\/\/yasarlaw.com\/tr\/wp-json\/wp\/v2\/pages\/2280","targetHints":{"allow":["GET"]}}],"collection":[{"href":"https:\/\/yasarlaw.com\/tr\/wp-json\/wp\/v2\/pages"}],"about":[{"href":"https:\/\/yasarlaw.com\/tr\/wp-json\/wp\/v2\/types\/page"}],"author":[{"embeddable":true,"href":"https:\/\/yasarlaw.com\/tr\/wp-json\/wp\/v2\/users\/1"}],"replies":[{"embeddable":true,"href":"https:\/\/yasarlaw.com\/tr\/wp-json\/wp\/v2\/comments?post=2280"}],"version-history":[{"count":25,"href":"https:\/\/yasarlaw.com\/tr\/wp-json\/wp\/v2\/pages\/2280\/revisions"}],"predecessor-version":[{"id":2818,"href":"https:\/\/yasarlaw.com\/tr\/wp-json\/wp\/v2\/pages\/2280\/revisions\/2818"}],"up":[{"embeddable":true,"href":"https:\/\/yasarlaw.com\/tr\/wp-json\/wp\/v2\/pages\/1032"}],"wp:attachment":[{"href":"https:\/\/yasarlaw.com\/tr\/wp-json\/wp\/v2\/media?parent=2280"}],"curies":[{"name":"wp","href":"https:\/\/api.w.org\/{rel}","templated":true}]}}