{"id":2467,"date":"2024-01-14T02:47:50","date_gmt":"2024-01-13T23:47:50","guid":{"rendered":"https:\/\/yasarlaw.com\/tr\/?page_id=2467"},"modified":"2024-07-10T01:26:44","modified_gmt":"2024-07-09T22:26:44","slug":"mobil-uygulamalarda-mahremiyetin-korunmasina-yonelik-tavsiyeler-yayimlandi","status":"publish","type":"page","link":"https:\/\/yasarlaw.com\/tr\/yayinlar\/mobil-uygulamalarda-mahremiyetin-korunmasina-yonelik-tavsiyeler-yayimlandi\/","title":{"rendered":"Mobil Uygulamalarda Mahremiyetin Korunmas\u0131na Y\u00f6nelik Tavsiyeler Yay\u0131mland\u0131"},"content":{"rendered":"\t\t<div data-elementor-type=\"wp-page\" data-elementor-id=\"2467\" class=\"elementor elementor-2467\">\n\t\t\t\t\t\t<section class=\"elementor-section elementor-top-section elementor-element elementor-element-1683c794 elementor-section-stretched elementor-section-boxed elementor-section-height-default elementor-section-height-default\" data-id=\"1683c794\" data-element_type=\"section\" data-settings=\"{&quot;stretch_section&quot;:&quot;section-stretched&quot;,&quot;background_background&quot;:&quot;classic&quot;}\">\n\t\t\t\t\t\t\t<div class=\"elementor-background-overlay\"><\/div>\n\t\t\t\t\t\t\t<div class=\"elementor-container elementor-column-gap-no\">\n\t\t\t\t\t<div class=\"elementor-column elementor-col-100 elementor-top-column elementor-element elementor-element-5ef10a83\" data-id=\"5ef10a83\" data-element_type=\"column\">\n\t\t\t<div class=\"elementor-widget-wrap elementor-element-populated\">\n\t\t\t\t\t\t<div class=\"elementor-element elementor-element-d0a8f48 elementor-widget__width-auto elementor-absolute elementor-widget-mobile__width-auto elementor-widget elementor-widget-text-editor\" data-id=\"d0a8f48\" data-element_type=\"widget\" data-settings=\"{&quot;_position&quot;:&quot;absolute&quot;}\" data-widget_type=\"text-editor.default\">\n\t\t\t\t<div class=\"elementor-widget-container\">\n\t\t\t\t\t\t\t\t\t<p><span style=\"color: #ffffff;\"><strong>Mobil Uygulamalarda Mahremiyetin Korunmas\u0131na Y\u00f6nelik Tavsiyeler Yay\u0131mland\u0131<\/strong><\/span><\/p>\t\t\t\t\t\t\t\t<\/div>\n\t\t\t\t<\/div>\n\t\t\t\t\t<\/div>\n\t\t<\/div>\n\t\t\t\t\t<\/div>\n\t\t<\/section>\n\t\t\t\t<section class=\"elementor-section elementor-top-section elementor-element elementor-element-37652bf2 elementor-section-stretched elementor-section-boxed elementor-section-height-default elementor-section-height-default\" data-id=\"37652bf2\" data-element_type=\"section\" data-settings=\"{&quot;stretch_section&quot;:&quot;section-stretched&quot;}\">\n\t\t\t\t\t\t<div class=\"elementor-container elementor-column-gap-wider\">\n\t\t\t\t\t<div class=\"elementor-column elementor-col-100 elementor-top-column elementor-element elementor-element-135ac3b9\" data-id=\"135ac3b9\" data-element_type=\"column\" data-settings=\"{&quot;background_background&quot;:&quot;classic&quot;}\">\n\t\t\t<div class=\"elementor-widget-wrap elementor-element-populated\">\n\t\t\t\t\t\t<div class=\"elementor-element elementor-element-7f2267ca elementor-widget elementor-widget-text-editor\" data-id=\"7f2267ca\" data-element_type=\"widget\" data-widget_type=\"text-editor.default\">\n\t\t\t\t<div class=\"elementor-widget-container\">\n\t\t\t\t\t\t\t\t\t<p>Kurul, mobil uygulamalarda mahremiyetin korunmas\u0131na y\u00f6nelik mevcut ve potansiyel risklerin ele al\u0131nmas\u0131 ile ak\u0131ll\u0131 telefonlar ve tabletlerde kullan\u0131lan mobil uygulamalar arac\u0131l\u0131\u011f\u0131yla ger\u00e7ekle\u015ftirilen ki\u015fisel veri i\u015fleme faaliyetleri bak\u0131m\u0131ndan ilgili ki\u015fi ve veri sorumlusu niteli\u011fini haiz akt\u00f6rlere y\u00f6nelik genel nitelikli tavsiyelerde bulunma amac\u0131yla Mobil Uygulamalarda Mahremiyetin Korunmas\u0131na Y\u00f6nelik Tavsiyeler Rehberini (\u201c<strong>Rehber<\/strong>\u201d) yay\u0131nlam\u0131\u015ft\u0131r.<\/p><p>Rehber\u2019de mobil uygulamalar\u0131n kimlik bilgilerinden sa\u011fl\u0131k verilerine \u00e7e\u015fitli ki\u015fisel verileri toplad\u0131\u011f\u0131na de\u011finilmi\u015f ve uygulaman\u0131n eri\u015fim sa\u011flad\u0131\u011f\u0131 verilerin \u00f6zel nitelikli ki\u015fisel veri niteli\u011finde olabilece\u011fine dikkat \u00e7ekilmi\u015ftir.<\/p><p>Ayr\u0131ca, Rehber\u2019de mobil uygulamalarda veri sorumlusu ve veri i\u015fleyen ayr\u0131m\u0131na de\u011finilmi\u015ftir. Buna g\u00f6re, mobil uygulama sa\u011flay\u0131c\u0131s\u0131, kullan\u0131c\u0131lar\u0131n ki\u015fisel verilerini kendi ama\u00e7lar\u0131 do\u011frultusunda kulland\u0131\u011f\u0131 \u00f6l\u00e7\u00fcde veri sorumlusu kabul edilecektir. \u00dc\u00e7\u00fcnc\u00fc taraf hizmetlerinin uygulamaya entegre edilmesi durumunda ya da i\u015fletim sistemi sa\u011flay\u0131c\u0131s\u0131n\u0131n cihazda y\u00fckl\u00fc uygulamalar\u0131 bir araya getirmesi suretiyle birden fazla veri sorumlusu olu\u015fabilecektir. Mobil uygulama sa\u011flay\u0131c\u0131s\u0131 ve mobil uygulama geli\u015ftiricisinin ayr\u0131 kurulu\u015flar olmas\u0131 halinde, geli\u015ftiricinin ki\u015fisel verileri kendi ama\u00e7lar\u0131 do\u011frultusunda i\u015flemedi\u011finin a\u00e7\u0131k oldu\u011fu hallerde geli\u015ftirici sadece veri i\u015fleyen olarak nitelendirilebilecektir.<\/p><p>Rehber\u2019de KVKK m. 4 uyar\u0131nca say\u0131lan genel ilkelere uyumun \u00f6nemi tekrarlanm\u0131\u015f ve \u00f6rneklerle desteklenmi\u015f, m. 10 uyar\u0131nca d\u00fczenlenen \u015feffafl\u0131\u011f\u0131n sa\u011flanmas\u0131na ili\u015fkin ko\u015fullar\u0131n yerine getirilmesi gerekti\u011fi hat\u0131rlat\u0131lm\u0131\u015ft\u0131r. Bu ba\u011flamda, ayd\u0131nlatma metni, gizlilik politikas\u0131, i\u015flemeye ili\u015fkin de\u011fi\u015fiklikler gibi hususlar\u0131n bilgilendirmeye konu olmas\u0131 ve kolay eri\u015filebilir olmas\u0131 tavsiye edilmektedir.<\/p><p>Rehber\u2019de T\u00fcrkiye\u2019ye at\u0131fta bulunarak mal ve hizmet sunulmas\u0131, T\u00fcrkiye\u2019deki ki\u015filere y\u00f6nelik hizmetin verildi\u011fini g\u00f6steren tan\u0131t\u0131c\u0131 a\u00e7\u0131klamalar yap\u0131lmas\u0131, mal ve hizmet sunulmas\u0131nda T\u00fcrk\u00e7e dil se\u00e7ene\u011fi, T\u00fcrkiye\u2019ye \u00fcr\u00fcn teslimat\u0131 se\u00e7ene\u011finin sunulmas\u0131 gibi hususlar\u0131n bulunmas\u0131, mal ve hizmet sunumunda T\u00fcrkiye\u2019deki ilgili ki\u015filerin hedeflenmesi; yahut davran\u0131\u015fsal reklamc\u0131l\u0131k faaliyeti ger\u00e7ekle\u015ftirilmesi, benzersiz tan\u0131mlay\u0131c\u0131lar arac\u0131l\u0131\u011f\u0131yla \u00e7evrim i\u00e7i takip yap\u0131lmas\u0131 ve pazarlama amac\u0131yla co\u011frafi yerelle\u015ftirme faaliyetleri y\u00fcr\u00fct\u00fclmesi faaliyetlerinde bulunan mobil uygulama sa\u011flay\u0131c\u0131lar\u0131n\u0131n VERB\u0130S y\u00fck\u00fcml\u00fcl\u00fc\u011f\u00fcn\u00fc nazara almas\u0131 gerekti\u011fi ifade edilmi\u015ftir.<\/p><p>Mobil uygulamalar\u0131n \u00e7ocuklar taraf\u0131ndan da s\u0131kl\u0131kla kullan\u0131ld\u0131\u011f\u0131 g\u00f6zetilerek \u00e7ocuklara y\u00f6nelen veya \u00e7ocuklar taraf\u0131ndan yayg\u0131n olarak kullan\u0131ld\u0131\u011f\u0131 bilinen uygulamalar a\u00e7\u0131s\u0131ndan kullan\u0131c\u0131lar\u0131n ya\u015f\u0131n\u0131 do\u011frulayacak sistemler kurulmas\u0131 ve \u00e7ocuklara y\u00f6nelik i\u015fleme faaliyetlerinin ayr\u0131 bir politika ve prosed\u00fcr takip edilerek ger\u00e7ekle\u015ftirilmesi \u00f6nerilmektedir.<\/p><section style=\"flex-basis: var(--flex-basis); flex-grow: var(--flex-grow); flex-shrink: var(--flex-shrink); order: var(--order); align-self: var(--align-self); --swiper-theme-color: #000; --swiper-navigation-size: 44px; --swiper-pagination-bullet-size: 6px; --swiper-pagination-bullet-horizontal-gap: 6px; --widgets-spacing: 20px; width: 1263px; font-family: Montserrat; font-size: 15px; letter-spacing: 0.15px; left: -51.6667px;\" data-id=\"37652bf2\" data-element_type=\"section\" data-settings=\"{&quot;stretch_section&quot;:&quot;section-stretched&quot;}\"><div><div style=\"flex-basis: var(--flex-basis); flex-grow: var(--flex-grow); flex-shrink: var(--flex-shrink); order: var(--order); align-self: var(--align-self); --swiper-theme-color: #000; --swiper-navigation-size: 44px; --swiper-pagination-bullet-size: 6px; --swiper-pagination-bullet-horizontal-gap: 6px; --widgets-spacing: 20px; width: 1140px;\" data-id=\"135ac3b9\" data-element_type=\"column\" data-settings=\"{&quot;background_background&quot;:&quot;classic&quot;}\"><div style=\"width: 1140px;\"><div style=\"flex-basis: var(--flex-basis); flex-grow: var(--flex-grow); flex-shrink: var(--flex-shrink); order: var(--order); align-self: var(--align-self); flex-direction: var(--flex-direction); flex-wrap: var(--flex-wrap); justify-content: var(--justify-content); align-items: var(--align-items); align-content: var(--align-content); gap: var(--gap); --swiper-theme-color: #000; --swiper-navigation-size: 44px; --swiper-pagination-bullet-size: 6px; --swiper-pagination-bullet-horizontal-gap: 6px; --widgets-spacing: 20px; width: 1080px;\" data-id=\"7f2267ca\" data-element_type=\"widget\" data-widget_type=\"text-editor.default\"><div style=\"transition: background .3s,border .3s,border-radius .3s,box-shadow .3s,transform var(--e-transform-transition-duration,.4s);\"><p style=\"font-size: 18px;\"><span style=\"letter-spacing: 0.15px;\">Herhangi bir sorunuz olmas\u0131 halinde bize ula\u015fabilirsiniz.<\/span><\/p><\/div><\/div><\/div><\/div><\/div><\/section><section style=\"flex-basis: var(--flex-basis); flex-grow: var(--flex-grow); flex-shrink: var(--flex-shrink); order: var(--order); align-self: var(--align-self); --swiper-theme-color: #000; --swiper-navigation-size: 44px; --swiper-pagination-bullet-size: 6px; --swiper-pagination-bullet-horizontal-gap: 6px; --widgets-spacing: 20px; font-family: Montserrat; font-size: 15px; letter-spacing: 0.15px;\" data-id=\"4fe75500\" data-element_type=\"section\"><div><div style=\"flex-basis: var(--flex-basis); flex-grow: var(--flex-grow); flex-shrink: var(--flex-shrink); order: var(--order); align-self: var(--align-self); --swiper-theme-color: #000; --swiper-navigation-size: 44px; --swiper-pagination-bullet-size: 6px; --swiper-pagination-bullet-horizontal-gap: 6px; --widgets-spacing: 20px; width: 1140px;\" data-id=\"3dd48092\" data-element_type=\"column\"><div style=\"width: 1140px;\"><div style=\"flex-basis: var(--flex-basis); flex-grow: var(--flex-grow); flex-shrink: var(--flex-shrink); order: var(--order); align-self: var(--align-self); flex-direction: var(--flex-direction); flex-wrap: var(--flex-wrap); justify-content: var(--justify-content); align-items: var(--align-items); align-content: var(--align-content); gap: var(--gap); --swiper-theme-color: #000; --swiper-navigation-size: 44px; --swiper-pagination-bullet-size: 6px; --swiper-pagination-bullet-horizontal-gap: 6px; --widgets-spacing: 20px; width: 1263.33px; --grid-template-columns: repeat(0, auto); --icon-size: 40px; --grid-column-gap: 5px; --grid-row-gap: 0px; bottom: 0px; left: 379px;\" data-id=\"10e39b76\" data-element_type=\"widget\" data-settings=\"{&quot;_position&quot;:&quot;fixed&quot;}\" data-widget_type=\"social-icons.default\"><div style=\"transition: background .3s,border .3s,border-radius .3s,box-shadow .3s,transform var(--e-transform-transition-duration,.4s);\"><div style=\"column-gap: var(--grid-column-gap,5px); row-gap: var(--grid-row-gap,5px); width: 1263.33px; word-spacing: var(--grid-column-gap); margin-bottom: calc(-1 * var(--grid-row-gap)); grid-template-columns: var(--grid-template-columns); justify-content: var(--justify-content,center); justify-items: var(--justify-content,center);\">\u00a0<\/div><\/div><\/div><\/div><\/div><\/div><\/section>\t\t\t\t\t\t\t\t<\/div>\n\t\t\t\t<\/div>\n\t\t\t\t\t<\/div>\n\t\t<\/div>\n\t\t\t\t\t<\/div>\n\t\t<\/section>\n\t\t\t\t<section class=\"elementor-section elementor-top-section elementor-element elementor-element-4fe75500 elementor-section-boxed elementor-section-height-default elementor-section-height-default\" data-id=\"4fe75500\" data-element_type=\"section\">\n\t\t\t\t\t\t<div class=\"elementor-container elementor-column-gap-default\">\n\t\t\t\t\t<div class=\"elementor-column elementor-col-100 elementor-top-column elementor-element elementor-element-3dd48092\" data-id=\"3dd48092\" data-element_type=\"column\">\n\t\t\t<div class=\"elementor-widget-wrap elementor-element-populated\">\n\t\t\t\t\t\t<div class=\"elementor-element elementor-element-10e39b76 elementor-shape-square elementor-fixed elementor-grid-0 e-grid-align-center elementor-widget elementor-widget-social-icons\" data-id=\"10e39b76\" data-element_type=\"widget\" data-settings=\"{&quot;_position&quot;:&quot;fixed&quot;}\" data-widget_type=\"social-icons.default\">\n\t\t\t\t<div class=\"elementor-widget-container\">\n\t\t\t\t\t\t\t<div class=\"elementor-social-icons-wrapper elementor-grid\">\n\t\t\t\t\t\t\t<span class=\"elementor-grid-item\">\n\t\t\t\t\t<a class=\"elementor-icon elementor-social-icon elementor-social-icon- elementor-animation-grow elementor-repeater-item-c1c9a90\" href=\"https:\/\/yasarlaw.com\/publications\/recommendations-for-the-protection-of-privacy-in-mobile-applications-released\/\">\n\t\t\t\t\t\t<span class=\"elementor-screen-only\"><\/span>\n\t\t\t\t\t\t<svg xmlns=\"http:\/\/www.w3.org\/2000\/svg\" xmlns:xlink=\"http:\/\/www.w3.org\/1999\/xlink\" id=\"Layer_1\" x=\"0px\" y=\"0px\" viewBox=\"0 0 1000 1000\" style=\"enable-background:new 0 0 1000 1000;\" xml:space=\"preserve\"><style type=\"text\/css\">\t.st0{fill:#FFFFFF;}<\/style><g id=\"Layer_3\"><\/g><g id=\"Layer_1_00000020364029370813827900000003168452955817500576_\">\t<rect width=\"1000\" height=\"1000\"><\/rect><\/g><g>\t<path class=\"st0\" d=\"M259.3,345.1H456v51.1H316.2v52.9h122.9v51.1H316.2v54.8h141.5V606H259.3V345.1z\"><\/path>\t<path class=\"st0\" d=\"M508.9,345.1h52.9l122.2,160.6V345.1h56.7v260.8H692L565.5,440.1v165.8h-56.7L508.9,345.1L508.9,345.1z\"><\/path><\/g><\/svg>\t\t\t\t\t<\/a>\n\t\t\t\t<\/span>\n\t\t\t\t\t<\/div>\n\t\t\t\t\t\t<\/div>\n\t\t\t\t<\/div>\n\t\t\t\t\t<\/div>\n\t\t<\/div>\n\t\t\t\t\t<\/div>\n\t\t<\/section>\n\t\t\t\t<section class=\"elementor-section elementor-top-section elementor-element elementor-element-26fa9928 elementor-section-stretched elementor-section-boxed elementor-section-height-default elementor-section-height-default\" data-id=\"26fa9928\" data-element_type=\"section\" data-settings=\"{&quot;stretch_section&quot;:&quot;section-stretched&quot;}\">\n\t\t\t\t\t\t<div class=\"elementor-container elementor-column-gap-wider\">\n\t\t\t\t\t<div class=\"elementor-column elementor-col-100 elementor-top-column elementor-element elementor-element-c5b4038\" data-id=\"c5b4038\" data-element_type=\"column\" data-settings=\"{&quot;background_background&quot;:&quot;classic&quot;}\">\n\t\t\t<div class=\"elementor-widget-wrap elementor-element-populated\">\n\t\t\t\t\t\t<section class=\"elementor-section elementor-inner-section elementor-element elementor-element-3f767c48 elementor-section-full_width elementor-section-height-default elementor-section-height-default\" data-id=\"3f767c48\" data-element_type=\"section\">\n\t\t\t\t\t\t<div class=\"elementor-container elementor-column-gap-default\">\n\t\t\t\t\t<div class=\"elementor-column elementor-col-50 elementor-inner-column elementor-element elementor-element-368fb3c6\" data-id=\"368fb3c6\" data-element_type=\"column\">\n\t\t\t<div class=\"elementor-widget-wrap elementor-element-populated\">\n\t\t\t\t\t\t<div class=\"elementor-element elementor-element-147a07b8 elementor-widget elementor-widget-text-editor\" data-id=\"147a07b8\" data-element_type=\"widget\" data-widget_type=\"text-editor.default\">\n\t\t\t\t<div class=\"elementor-widget-container\">\n\t\t\t\t\t\t\t\t\t<p><span style=\"color: #781619;\"><b>Ya\u015far Law Office<\/b><\/span><\/p><p><span style=\"color: #781619;\">Bize Ula\u015f\u0131n:<\/span><\/p><p><span style=\"color: #781619;\">Karanfil Sokak, No: 13<\/span><\/p><p><span style=\"color: #781619;\">Levent, Be\u015fikta\u015f, \u0130stanbul<\/span><\/p><p><span style=\"color: #781619;\"><a style=\"color: #781619;\" title=\"+90 212 401 4240\" href=\"tel:+902124014240\">+90 212 401 4240<\/a><\/span><\/p><p><span style=\"color: #781619;\"><a style=\"color: #781619;\" title=\"info@yasarlaw.com\" href=\"mailto:info@yasarlaw.com\">info@yasarlaw.com<\/a><\/span><\/p>\t\t\t\t\t\t\t\t<\/div>\n\t\t\t\t<\/div>\n\t\t\t\t<div class=\"elementor-element elementor-element-9b8050c elementor-widget elementor-widget-text-editor\" data-id=\"9b8050c\" data-element_type=\"widget\" data-widget_type=\"text-editor.default\">\n\t\t\t\t<div class=\"elementor-widget-container\">\n\t\t\t\t\t\t\t\t\t<p><span style=\"color: rgb(120, 22, 25); font-style: inherit; font-weight: inherit; letter-spacing: 0.01em;\">Bize Ula\u015f\u0131n:<\/span><br><\/p>\n<p><span style=\"color: #781619;\">859. Sokak, No: 4\/303<\/span><\/p>\n<p><font color=\"#781619\">Cumhuriyet Bulvar\u0131, Konak, \u0130zmir<\/font><\/p>\n<p><span style=\"color: #781619;\"><a style=\"color: #781619;\" title=\"+90 212 401 4240\" href=\"tel:+902124014240\">+90 212 401 4240<\/a><\/span><\/p>\n<p><span style=\"color: #781619;\"><a style=\"color: #781619;\" title=\"info@yasarlaw.com\" href=\"mailto:info@yasarlaw.com\">info@yasarlaw.com<\/a><\/span><\/p>\t\t\t\t\t\t\t\t<\/div>\n\t\t\t\t<\/div>\n\t\t\t\t\t<\/div>\n\t\t<\/div>\n\t\t\t\t<div class=\"elementor-column elementor-col-50 elementor-inner-column elementor-element elementor-element-4290edba\" data-id=\"4290edba\" data-element_type=\"column\">\n\t\t\t<div class=\"elementor-widget-wrap elementor-element-populated\">\n\t\t\t\t\t\t<div class=\"elementor-element elementor-element-5b2d60b0 elementor-widget elementor-widget-google_maps\" data-id=\"5b2d60b0\" data-element_type=\"widget\" data-widget_type=\"google_maps.default\">\n\t\t\t\t<div class=\"elementor-widget-container\">\n\t\t\t\t\t\t\t<div class=\"elementor-custom-embed\">\n\t\t\t<iframe loading=\"lazy\"\n\t\t\t\t\tsrc=\"https:\/\/maps.google.com\/maps?q=Karanfil%20Soka%C4%9F%C4%B1%20No%3A13%2C%20Levent%2C%2034330%20Be%C5%9Fikta%C5%9F%2F%C4%B0stanbul&#038;t=m&#038;z=15&#038;output=embed&#038;iwloc=near\"\n\t\t\t\t\ttitle=\"Karanfil Soka\u011f\u0131 No:13, Levent, 34330 Be\u015fikta\u015f\/\u0130stanbul\"\n\t\t\t\t\taria-label=\"Karanfil Soka\u011f\u0131 No:13, Levent, 34330 Be\u015fikta\u015f\/\u0130stanbul\"\n\t\t\t><\/iframe>\n\t\t<\/div>\n\t\t\t\t\t\t<\/div>\n\t\t\t\t<\/div>\n\t\t\t\t\t<\/div>\n\t\t<\/div>\n\t\t\t\t\t<\/div>\n\t\t<\/section>\n\t\t\t\t\t<\/div>\n\t\t<\/div>\n\t\t\t\t\t<\/div>\n\t\t<\/section>\n\t\t\t\t<\/div>\n\t\t","protected":false},"excerpt":{"rendered":"<p>Mobil Uygulamalarda Mahremiyetin Korunmas\u0131na Y\u00f6nelik Tavsiyeler Yay\u0131mland\u0131 Kurul, mobil uygulamalarda mahremiyetin korunmas\u0131na y\u00f6nelik mevcut ve potansiyel risklerin ele al\u0131nmas\u0131 ile ak\u0131ll\u0131 telefonlar ve tabletlerde kullan\u0131lan mobil uygulamalar arac\u0131l\u0131\u011f\u0131yla ger\u00e7ekle\u015ftirilen ki\u015fisel veri i\u015fleme faaliyetleri bak\u0131m\u0131ndan ilgili ki\u015fi ve veri sorumlusu niteli\u011fini haiz akt\u00f6rlere y\u00f6nelik genel nitelikli tavsiyelerde bulunma amac\u0131yla Mobil Uygulamalarda Mahremiyetin Korunmas\u0131na Y\u00f6nelik Tavsiyeler Rehberini [&hellip;]<\/p>\n","protected":false},"author":1,"featured_media":0,"parent":1032,"menu_order":0,"comment_status":"closed","ping_status":"closed","template":"","meta":{"zakra_page_container_layout":"customizer","zakra_page_sidebar_layout":"customizer","zakra_remove_content_margin":false,"zakra_sidebar":"customizer","zakra_transparent_header":"customizer","zakra_logo":0,"zakra_main_header_style":"default","zakra_menu_item_color":null,"zakra_menu_item_hover_color":null,"zakra_menu_item_active_color":null,"zakra_menu_active_style":"","zakra_page_header":true,"om_disable_all_campaigns":false,"_monsterinsights_skip_tracking":false,"_monsterinsights_sitenote_active":false,"_monsterinsights_sitenote_note":"","_monsterinsights_sitenote_category":0,"footnotes":""},"class_list":["post-2467","page","type-page","status-publish","hentry"],"aioseo_notices":[],"_links":{"self":[{"href":"https:\/\/yasarlaw.com\/tr\/wp-json\/wp\/v2\/pages\/2467","targetHints":{"allow":["GET"]}}],"collection":[{"href":"https:\/\/yasarlaw.com\/tr\/wp-json\/wp\/v2\/pages"}],"about":[{"href":"https:\/\/yasarlaw.com\/tr\/wp-json\/wp\/v2\/types\/page"}],"author":[{"embeddable":true,"href":"https:\/\/yasarlaw.com\/tr\/wp-json\/wp\/v2\/users\/1"}],"replies":[{"embeddable":true,"href":"https:\/\/yasarlaw.com\/tr\/wp-json\/wp\/v2\/comments?post=2467"}],"version-history":[{"count":17,"href":"https:\/\/yasarlaw.com\/tr\/wp-json\/wp\/v2\/pages\/2467\/revisions"}],"predecessor-version":[{"id":2809,"href":"https:\/\/yasarlaw.com\/tr\/wp-json\/wp\/v2\/pages\/2467\/revisions\/2809"}],"up":[{"embeddable":true,"href":"https:\/\/yasarlaw.com\/tr\/wp-json\/wp\/v2\/pages\/1032"}],"wp:attachment":[{"href":"https:\/\/yasarlaw.com\/tr\/wp-json\/wp\/v2\/media?parent=2467"}],"curies":[{"name":"wp","href":"https:\/\/api.w.org\/{rel}","templated":true}]}}