{"id":2486,"date":"2024-03-12T12:41:52","date_gmt":"2024-03-12T09:41:52","guid":{"rendered":"https:\/\/yasarlaw.com\/tr\/?page_id=2486"},"modified":"2024-07-10T01:25:34","modified_gmt":"2024-07-09T22:25:34","slug":"kisisel-verilerin-korunmasi-kanununda-degisiklikler","status":"publish","type":"page","link":"https:\/\/yasarlaw.com\/tr\/yayinlar\/kisisel-verilerin-korunmasi-kanununda-degisiklikler\/","title":{"rendered":"Ki\u015fisel Verilerin Korunmas\u0131 Kanununda De\u011fi\u015fiklikler"},"content":{"rendered":"\t\t<div data-elementor-type=\"wp-page\" data-elementor-id=\"2486\" class=\"elementor elementor-2486\">\n\t\t\t\t\t\t<section class=\"elementor-section elementor-top-section elementor-element elementor-element-1683c794 elementor-section-stretched elementor-section-boxed elementor-section-height-default elementor-section-height-default\" data-id=\"1683c794\" data-element_type=\"section\" data-settings=\"{&quot;stretch_section&quot;:&quot;section-stretched&quot;,&quot;background_background&quot;:&quot;classic&quot;}\">\n\t\t\t\t\t\t\t<div class=\"elementor-background-overlay\"><\/div>\n\t\t\t\t\t\t\t<div class=\"elementor-container elementor-column-gap-no\">\n\t\t\t\t\t<div class=\"elementor-column elementor-col-100 elementor-top-column elementor-element elementor-element-5ef10a83\" data-id=\"5ef10a83\" data-element_type=\"column\">\n\t\t\t<div class=\"elementor-widget-wrap elementor-element-populated\">\n\t\t\t\t\t\t<div class=\"elementor-element elementor-element-d0a8f48 elementor-widget__width-auto elementor-absolute elementor-widget-mobile__width-auto elementor-widget elementor-widget-text-editor\" data-id=\"d0a8f48\" data-element_type=\"widget\" data-settings=\"{&quot;_position&quot;:&quot;absolute&quot;}\" data-widget_type=\"text-editor.default\">\n\t\t\t\t<div class=\"elementor-widget-container\">\n\t\t\t\t\t\t\t\t\t<p><span style=\"color: #ffffff;\"><strong>Ki\u015fisel Verilerin Korunmas\u0131 Kanunu&#8217;nda De\u011fi\u015fiklikler<\/strong><\/span><\/p>\t\t\t\t\t\t\t\t<\/div>\n\t\t\t\t<\/div>\n\t\t\t\t\t<\/div>\n\t\t<\/div>\n\t\t\t\t\t<\/div>\n\t\t<\/section>\n\t\t\t\t<section class=\"elementor-section elementor-top-section elementor-element elementor-element-37652bf2 elementor-section-stretched elementor-section-boxed elementor-section-height-default elementor-section-height-default\" data-id=\"37652bf2\" data-element_type=\"section\" data-settings=\"{&quot;stretch_section&quot;:&quot;section-stretched&quot;}\">\n\t\t\t\t\t\t<div class=\"elementor-container elementor-column-gap-wider\">\n\t\t\t\t\t<div class=\"elementor-column elementor-col-100 elementor-top-column elementor-element elementor-element-135ac3b9\" data-id=\"135ac3b9\" data-element_type=\"column\" data-settings=\"{&quot;background_background&quot;:&quot;classic&quot;}\">\n\t\t\t<div class=\"elementor-widget-wrap elementor-element-populated\">\n\t\t\t\t\t\t<div class=\"elementor-element elementor-element-7f2267ca elementor-widget elementor-widget-text-editor\" data-id=\"7f2267ca\" data-element_type=\"widget\" data-widget_type=\"text-editor.default\">\n\t\t\t\t<div class=\"elementor-widget-container\">\n\t\t\t\t\t\t\t\t\t<p>12.03.2024 tarihli, 32487 say\u0131l\u0131 Resm\u00ee Gazete\u2019de yay\u0131mlanan 7499 say\u0131l\u0131 Ceza Muhakemesi Kanunu ile Baz\u0131 Kanunlarda De\u011fi\u015fiklik Yap\u0131lmas\u0131na Dair Kanun (\u201c<strong>De\u011fi\u015fiklik Kanunu<\/strong>\u201d) ile Ki\u015fisel Verilerin Korunmas\u0131 Kanununda (\u201c<strong>Kanun<\/strong>\u201d) \u00f6zel nitelikli ki\u015fisel verilerin i\u015flenmesine, ki\u015fisel verilerin yurt d\u0131\u015f\u0131na aktar\u0131lmas\u0131na ve Ki\u015fisel Verileri Koruma Kurulu (\u201c<strong>Kurul<\/strong>\u201d) taraf\u0131ndan uygulanan idari para cezalar\u0131na dair \u00f6nemli de\u011fi\u015fiklikler getirilmi\u015ftir. De\u011fi\u015fiklik Kanunu ile ki\u015fisel verilerin korunmas\u0131 mevzuat\u0131n\u0131n Avrupa Birli\u011fi Genel Veri Koruma T\u00fcz\u00fc\u011f\u00fc (\u201c<strong>GDPR<\/strong>\u201d) ile uyumlulu\u011fu art\u0131r\u0131lm\u0131\u015ft\u0131r.<\/p>\n<p><strong>1.&nbsp;<\/strong><strong style=\"letter-spacing: 0.01em;\">\u00d6zel Nitelikli Ki\u015fisel Verilerin \u0130\u015flenmesi<\/strong><\/p>\n<p>De\u011fi\u015fiklik Kanunu \u00f6ncesinde \u00f6zel nitelikli ki\u015fisel verilerin kural olarak a\u00e7\u0131k r\u0131zan\u0131n varl\u0131\u011f\u0131 halinde i\u015flenebilece\u011fi d\u00fczenlenmekteydi. Bununla birlikte, sa\u011fl\u0131k ve cinsel hayat d\u0131\u015f\u0131ndaki \u00f6zel nitelikli ki\u015fisel veriler, kanunlarda \u00f6ng\u00f6r\u00fclen h\u00e2llerde ilgili ki\u015finin a\u00e7\u0131k r\u0131zas\u0131 aranmaks\u0131z\u0131n i\u015flenebilmekteydi. Sa\u011fl\u0131k ve cinsel hayata ili\u015fkin ki\u015fisel veriler ise ancak kamu sa\u011fl\u0131\u011f\u0131n\u0131n korunmas\u0131, koruyucu hekimlik, t\u0131bb\u00ee te\u015fhis, tedavi ve bak\u0131m hizmetlerinin y\u00fcr\u00fct\u00fclmesi, sa\u011fl\u0131k hizmetleri ve finansman\u0131n planlanmas\u0131 ve y\u00f6netimi amac\u0131yla, s\u0131r saklama y\u00fck\u00fcml\u00fcl\u00fc\u011f\u00fc alt\u0131nda bulunan ki\u015fisel veya yetkili kurum ve kurulu\u015flar taraf\u0131ndan ilgili ki\u015finin a\u00e7\u0131k r\u0131zas\u0131 aranmaks\u0131z\u0131n i\u015flenebilmekteydi.<\/p>\n<p>De\u011fi\u015fiklik Kanunu ile \u00f6zel nitelikli ki\u015fisel verilerin a\u00e7\u0131k r\u0131za olmaks\u0131z\u0131n i\u015flenemeyece\u011fine dair kural ve bunun istisnalar\u0131n\u0131n \u00f6ng\u00f6r\u00fcld\u00fc\u011f\u00fc sistem tamamen de\u011fi\u015ftirilmi\u015ftir. Bunun yerine \u00f6zel nitelikli ki\u015fisel verilerin i\u015flenmesine dair istisnalar\u0131n kapsam\u0131 genel veri i\u015fleme sebepleri ve GDPR ile paralel olacak \u015fekilde geni\u015fletilmi\u015ftir. Buna g\u00f6re, a\u015fa\u011f\u0131da say\u0131lan hallerde \u00f6zel nitelikli ki\u015fisel verilerin i\u015flenebilece\u011fi d\u00fczenlenmi\u015ftir:<\/p>\n<p><b>i.&nbsp;<\/b><span style=\"letter-spacing: 0.01em;\">ilgili ki\u015finin a\u00e7\u0131k r\u0131zas\u0131n\u0131n olmas\u0131,<\/span><\/p>\n<p><span style=\"letter-spacing: 0.01em;\"><b>ii.&nbsp;<\/b>kanunlarda a\u00e7\u0131k\u00e7a \u00f6ng\u00f6r\u00fclmesi,<\/span><\/p>\n<p><span style=\"letter-spacing: 0.01em;\"><b>iii.&nbsp;<\/b>fiili imk\u00e2ns\u0131zl\u0131k nedeniyle r\u0131zas\u0131n\u0131 a\u00e7\u0131klayamayacak durumda bulunan veya r\u0131zas\u0131na hukuki ge\u00e7erlilik tan\u0131nmayan ki\u015finin kendisinin ya da bir ba\u015fkas\u0131n\u0131n hayat\u0131 veya beden b\u00fct\u00fcnl\u00fc\u011f\u00fcn\u00fcn korunmas\u0131 i\u00e7in zorunlu olmas\u0131,<\/span><\/p>\n<p><span style=\"letter-spacing: 0.01em;\"><b>iv.&nbsp;<\/b>ilgili ki\u015finin alenile\u015ftirdi\u011fi ki\u015fisel verilere ili\u015fkin ve alenile\u015ftirme iradesine uygun olmas\u0131,<\/span><\/p>\n<p><span style=\"letter-spacing: 0.01em;\"><b>v.&nbsp;<\/b>bir hakk\u0131n tesisi, kullan\u0131lmas\u0131 veya korunmas\u0131 i\u00e7in zorunlu olmas\u0131,<\/span><\/p>\n<p><span style=\"letter-spacing: 0.01em;\"><b>vi.&nbsp;<\/b>s\u0131r saklama y\u00fck\u00fcml\u00fcl\u00fc\u011f\u00fc alt\u0131nda bulunan ki\u015fisel veya yetkili kurum ve kurulu\u015flarca kamu sa\u011fl\u0131\u011f\u0131n\u0131n korunmas\u0131, koruyucu hekimlik, t\u0131bb\u00ee te\u015fhis, tedavi ve bak\u0131m hizmetlerinin y\u00fcr\u00fct\u00fclmesi, sa\u011fl\u0131k hizmetleri ve finansman\u0131n planlanmas\u0131 ve y\u00f6netimi ve finansman\u0131 amac\u0131yla gerekli olmas\u0131,<\/span><\/p>\n<p><span style=\"letter-spacing: 0.01em;\"><b>vii.&nbsp;<\/b>istihdam, i\u015f sa\u011fl\u0131\u011f\u0131 ve g\u00fcvenli\u011fi, sosyal g\u00fcvenlik, sosyal hizmetler ve sosyal yard\u0131m alan hukuki y\u00fck\u00fcml\u00fcl\u00fcklerin yerine getirilmesi i\u00e7in zorunlu olmas\u0131,<\/span><\/p>\n<p><span style=\"letter-spacing: 0.01em;\"><b>viii.&nbsp;<\/b>siyasi, felsefi veya sendikal ama\u00e7larla kurulan vak\u0131f, dernek ve di\u011fer k\u00e2r amac\u0131 g\u00fctmeyen kurulu\u015f ya da olu\u015fumlar\u0131n tabi olduklar\u0131 mevzuata ve ama\u00e7lar\u0131na uygun olmak, faaliyet alanlar\u0131yla s\u0131n\u0131rl\u0131 olmak ve \u00fc\u00e7\u00fcnc\u00fc ki\u015filere a\u00e7\u0131klanmamak kayd\u0131yla mevcut veya eski \u00fcyelerine ve mensuplar\u0131na veyahut bu kurulu\u015f ve olu\u015fumlarla d\u00fczenli olarak temasta olan ki\u015filere y\u00f6nelik olmas\u0131.<\/span><\/p>\n<p>Genel gerek\u00e7ede ve ilgili madde gerek\u00e7esinde ifade edildi\u011fi \u00fczere, \u00f6zel nitelikli ki\u015fisel verilerin i\u015flenmesine dair uygulamadaki ihtiya\u00e7lar da g\u00f6z \u00f6n\u00fcnde tutulmu\u015ftur. Bu kapsamda, \u00f6rne\u011fin, i\u015f s\u00f6zle\u015fmesinin sona ermesinden sonra a\u00e7\u0131lmas\u0131 muhtemel davalarda savunma hakk\u0131n\u0131n kullan\u0131lmas\u0131 bak\u0131m\u0131ndan art\u0131k i\u015fverenin eski i\u015f\u00e7isine ait sa\u011fl\u0131k verilerini saklamaya devam edebilecek olmas\u0131 ya da herhangi bir sebeple bilin\u00e7 kayb\u0131ndan \u00f6t\u00fcr\u00fc r\u0131zas\u0131n\u0131 a\u00e7\u0131klayamayacak durumda olan ki\u015finin hayat\u0131n\u0131n veya beden b\u00fct\u00fcnl\u00fc\u011f\u00fcn\u00fcn korunmas\u0131 amac\u0131na mahsus olarak kan grubu ve ge\u00e7irilen hastal\u0131klar gibi \u00f6zel nitelikli ki\u015fisel verilerin i\u015flenebilecek olmas\u0131 olumlu geli\u015fmeler olarak de\u011ferlendirilmektedir.<\/p>\n<p><strong style=\"letter-spacing: 0.01em;\">2. Ki\u015fisel Verilerin Yurt D\u0131\u015f\u0131na Aktar\u0131lmas\u0131<\/strong><\/p>\n<p>De\u011fi\u015fiklik Kanunu \u00f6ncesinde ki\u015fisel verilerin kural olarak a\u00e7\u0131k r\u0131zan\u0131n varl\u0131\u011f\u0131 halinde yurt d\u0131\u015f\u0131na aktar\u0131labilece\u011fi d\u00fczenlenmekteydi. Bununla birlikte, genel veri i\u015fleme \u015fartlar\u0131ndan veya sa\u011fl\u0131k ve cinsel hayat d\u0131\u015f\u0131ndaki \u00f6zel nitelikli ki\u015fisel verilerin i\u015flenmesi \u015fartlar\u0131ndan birinin varl\u0131\u011f\u0131 halinde ki\u015fisel verinin aktar\u0131laca\u011f\u0131 yabanc\u0131 \u00fclkede yeterli koruman\u0131n bulunmas\u0131, yeterli koruma bulunmuyorsa veri sorumlular\u0131n\u0131n yeterli korumay\u0131 taahh\u00fct etmesi ve Kurul\u2019un izni ile ilgili ki\u015finin a\u00e7\u0131k r\u0131zas\u0131 aranmaks\u0131z\u0131n yurt d\u0131\u015f\u0131na veri aktar\u0131m\u0131 yap\u0131labilmekteydi.<\/p>\n<p>De\u011fi\u015fiklik Kanunu ile ki\u015fisel verilerin a\u00e7\u0131k r\u0131za olmaks\u0131z\u0131n yurt d\u0131\u015f\u0131na aktar\u0131lamayaca\u011f\u0131na dair kural\u0131n ve bunun istisnalar\u0131n\u0131n \u00f6ng\u00f6r\u00fcld\u00fc\u011f\u00fc sistem tamamen de\u011fi\u015ftirilmi\u015ftir. Bunun yerine, genel veri i\u015fleme \u015fartlar\u0131ndan veya \u00f6zel nitelikli ki\u015fisel veri i\u015fleme \u015fartlar\u0131ndan birinin varl\u0131\u011f\u0131 halinde ve a\u015fa\u011f\u0131da kademeli olarak a\u00e7\u0131klanan ek ko\u015fullardan biri sa\u011flanarak a\u00e7\u0131k r\u0131za aranmaks\u0131z\u0131n yurt d\u0131\u015f\u0131na veri aktar\u0131m\u0131na izin veren bir d\u00fczenleme \u00f6ng\u00f6r\u00fclm\u00fc\u015ft\u00fcr.<\/p>\n<p><b>i.&nbsp;<\/b><span style=\"letter-spacing: 0.01em;\">Buna g\u00f6re, ilk olarak, veri aktar\u0131m\u0131n yap\u0131laca\u011f\u0131 \u00fclke, uluslararas\u0131 kurulu\u015f veya \u00fclke i\u00e7erisindeki sekt\u00f6r hakk\u0131nda <\/span><strong style=\"letter-spacing: 0.01em;\">Kurul taraf\u0131ndan<\/strong> <strong style=\"letter-spacing: 0.01em;\">yeterlilik karar\u0131 verilmi\u015f olmas\u0131<\/strong><span style=\"letter-spacing: 0.01em;\"> Yeterlilik karar\u0131 verilirken kar\u015f\u0131l\u0131kl\u0131l\u0131k durumu, aktar\u0131m yap\u0131lacak yerdeki kurallar ve koruma mekanizmalar\u0131 ile uluslararas\u0131 s\u00f6zle\u015fmeler gibi kriterler dikkate al\u0131nacakt\u0131r.<\/span><\/p>\n<p><span style=\"letter-spacing: 0.01em;\"><b>ii.&nbsp;<\/b>Kurul taraf\u0131ndan verilen bir <\/span><strong style=\"letter-spacing: 0.01em;\">yeterlilik karar\u0131n\u0131n bulunmamas\u0131 durumunda<\/strong><span style=\"letter-spacing: 0.01em;\"> aktar\u0131m\u0131n yap\u0131laca\u011f\u0131 \u00fclkede <\/span><strong style=\"letter-spacing: 0.01em;\">ilgili ki\u015finin haklar\u0131n\u0131 kullanma ve etkili kanun yollar\u0131na ba\u015fvurma imk\u00e2n\u0131n\u0131n bulunmas\u0131<\/strong><span style=\"letter-spacing: 0.01em;\"> kayd\u0131yla taahh\u00fct, ba\u011flay\u0131c\u0131 \u015firket kural\u0131, standart s\u00f6zle\u015fme gibi Kanun\u2019da say\u0131lan <\/span><strong style=\"letter-spacing: 0.01em;\">uygun g\u00fcvencelerden<\/strong><span style=\"letter-spacing: 0.01em;\"> birinin taraflarca sa\u011flanmas\u0131 gerekecektir.<\/span><\/p>\n<p><span style=\"letter-spacing: 0.01em;\"><b>iii.&nbsp;<\/b>Son olarak, <\/span><strong style=\"letter-spacing: 0.01em;\">yeterlilik karar\u0131 ve uygun g\u00fcvencelerin sa\u011flanamamas\u0131 halinde<\/strong><span style=\"letter-spacing: 0.01em;\"> de <\/span><strong style=\"letter-spacing: 0.01em;\">ar\u0131zi olmak kayd\u0131yla<\/strong><span style=\"letter-spacing: 0.01em;\"> aktar\u0131m yap\u0131labilecektir. Ancak bu h\u00fckm\u00fcn de s\u00f6zle\u015fmenin ifas\u0131, \u00fcst\u00fcn kamu yarar\u0131 gibi Kanun\u2019da say\u0131lan baz\u0131 zorunlu hallerde bir veya birka\u00e7 defa yap\u0131lacak olan aktar\u0131mlara izin verdi\u011fine dikkat \u00e7ekmek gerekmektedir.<\/span><\/p>\n<p>Genel gerek\u00e7ede ve ilgili madde gerek\u00e7esinde ifade edildi\u011fi \u00fczere, ki\u015fisel verilerin yurt d\u0131\u015f\u0131na aktar\u0131lmas\u0131na dair uygulamada kar\u015f\u0131la\u015f\u0131lan ihtiya\u00e7lar da g\u00f6z \u00f6n\u00fcnde tutulmu\u015ftur. Bu kapsamda, De\u011fi\u015fiklik Kanunu \u00f6ncesinde yeterli koruma taahh\u00fcd\u00fcn\u00fcn uygulama alan\u0131 bulamad\u0131\u011f\u0131na ve aktar\u0131m\u0131n a\u00e7\u0131k r\u0131zan\u0131n al\u0131nmas\u0131na ba\u011fl\u0131 hale geldi\u011fine dikkat \u00e7ekilmi\u015ftir. Bu durum, ticari hayatta hemen hemen her \u015firket ve ger\u00e7ek ki\u015fi taraf\u0131ndan s\u0131kl\u0131kla kullan\u0131lan ve sunucular\u0131 yurt d\u0131\u015f\u0131nda bulunan ve \u00e7o\u011fu bulut tabanl\u0131 yaz\u0131l\u0131m ve uygulamalar\u0131n hukuka uygun olarak kullan\u0131labilmesini neredeyse imk\u00e2ns\u0131z hale getirdi\u011fi gibi \u00fclkeye yap\u0131lacak yat\u0131r\u0131mlar\u0131 da engelleyici bir hal alm\u0131\u015ft\u0131r. De\u011fi\u015fikliklerin bu sorunlara \u00e7\u00f6z\u00fcm getirmesi ama\u00e7lanmaktad\u0131r.<\/p>\n<p><strong>3.&nbsp;<\/strong><strong style=\"letter-spacing: 0.01em;\">Kabahatler<\/strong><\/p>\n<p>De\u011fi\u015fiklik Kanunu \u00f6ncesinde Kurul taraf\u0131ndan verilen idari para cezalar\u0131na kar\u015f\u0131 sulh ceza hakimliklerine ba\u015fvurulabilmekteydi. Ne var ki, sulh ceza hakimliklerine yap\u0131lan ba\u015fvurular\u0131n \u00f6nemli bir k\u0131sm\u0131n\u0131n i\u015f y\u00fck\u00fc ve uzmanl\u0131k nedenleriyle yeterince incelenmedi\u011fi g\u00f6r\u00fclmekteydi. Yak\u0131n tarihli Anayasa Mahkemesi karar\u0131nda da yetersiz inceleme gerek\u00e7esiyle ihlal karar\u0131 verilmesi sulh ceza hakimliklerine itiraz yolunun sak\u0131ncalar\u0131n\u0131 tekrar g\u00fcndeme getirmi\u015fti. De\u011fi\u015fiklik Kanunu ile Kurul taraf\u0131ndan verilen idari para cezalar\u0131na kar\u015f\u0131 idare mahkemelerinde dava a\u00e7\u0131labilece\u011fi d\u00fczenlenmi\u015f ve bu sorunun giderilmesi ama\u00e7lanm\u0131\u015ft\u0131r.<\/p>\n<p>De\u011fi\u015fiklik Kanunu ile yeni bir kabahat daha d\u00fczenlenmi\u015ftir. Yukar\u0131da de\u011finildi\u011fi \u00fczere, yeterlilik karar\u0131 bulunmamas\u0131 durumunda, etkili ba\u015fvuru yollar\u0131 ve uygun g\u00fcvencelerden birinin varl\u0131\u011f\u0131 kayd\u0131yla yurt d\u0131\u015f\u0131na veri aktar\u0131m\u0131na izin verilmektedir. Uygun g\u00fcvenceler aras\u0131nda say\u0131lan standart s\u00f6zle\u015fme, Kanun\u2019da ilk defa d\u00fczenlenmi\u015ftir. Standart s\u00f6zle\u015fme imzalanmas\u0131 halinde be\u015f g\u00fcn i\u00e7inde veri sorumlusu veya veri i\u015fleyen taraf\u0131ndan Ki\u015fisel Verileri Koruma Kurumuna bildirilmesi gerekmektedir. Bu bildirim y\u00fck\u00fcml\u00fcl\u00fc\u011f\u00fcn\u00fcn ihlali halinde veri sorumlusunun veya veri i\u015fleyene 50.000 T\u00fcrk liras\u0131ndan 1.000.000 T\u00fcrk liras\u0131na kadar idari para cezas\u0131 verilece\u011fi \u00f6ng\u00f6r\u00fclm\u00fc\u015ft\u00fcr.<\/p>\n<p><strong>4.&nbsp;<\/strong><strong style=\"letter-spacing: 0.01em;\">Y\u00fcr\u00fcrl\u00fck<\/strong><\/p>\n<p>Ki\u015fisel verilerin yurt d\u0131\u015f\u0131na aktar\u0131lmas\u0131na ili\u015fkin de\u011fi\u015fiklikler, 01.09.2024 tarihinde y\u00fcr\u00fcrl\u00fc\u011fe girecektir. B\u00f6ylelikle De\u011fi\u015fiklik Kanunu\u2019nun y\u00fcr\u00fcrl\u00fc\u011fe girmesinden \u00f6nce al\u0131nm\u0131\u015f veya sonra al\u0131nacak a\u00e7\u0131k r\u0131zaya dayal\u0131 olarak \u00fc\u00e7 ay daha yurt d\u0131\u015f\u0131na veri aktar\u0131lmas\u0131na imk\u00e2n tan\u0131nmaktad\u0131r.<\/p>\n<p>Kurul taraf\u0131ndan verilen idari para cezalar\u0131na kar\u015f\u0131 01.06.2024 tarihi itibar\u0131yla sulh ceza hakimlikleri nezdinde g\u00f6r\u00fclmekte olan itiraz ba\u015fvurular\u0131 ise bu hakimliklerce nihai karara ba\u011flanacakt\u0131r.<\/p>\n<p>Herhangi bir sorunuz olmas\u0131 halinde bize ula\u015fabilirsiniz.<\/p>\t\t\t\t\t\t\t\t<\/div>\n\t\t\t\t<\/div>\n\t\t\t\t\t<\/div>\n\t\t<\/div>\n\t\t\t\t\t<\/div>\n\t\t<\/section>\n\t\t\t\t<section class=\"elementor-section elementor-top-section elementor-element elementor-element-4fe75500 elementor-section-boxed elementor-section-height-default elementor-section-height-default\" data-id=\"4fe75500\" data-element_type=\"section\">\n\t\t\t\t\t\t<div class=\"elementor-container elementor-column-gap-default\">\n\t\t\t\t\t<div class=\"elementor-column elementor-col-100 elementor-top-column elementor-element elementor-element-3dd48092\" data-id=\"3dd48092\" data-element_type=\"column\">\n\t\t\t<div class=\"elementor-widget-wrap elementor-element-populated\">\n\t\t\t\t\t\t<div class=\"elementor-element elementor-element-10e39b76 elementor-shape-square elementor-fixed elementor-grid-0 e-grid-align-center elementor-widget elementor-widget-social-icons\" data-id=\"10e39b76\" data-element_type=\"widget\" data-settings=\"{&quot;_position&quot;:&quot;fixed&quot;}\" data-widget_type=\"social-icons.default\">\n\t\t\t\t<div class=\"elementor-widget-container\">\n\t\t\t\t\t\t\t<div class=\"elementor-social-icons-wrapper elementor-grid\">\n\t\t\t\t\t\t\t<span class=\"elementor-grid-item\">\n\t\t\t\t\t<a class=\"elementor-icon elementor-social-icon elementor-social-icon- elementor-animation-grow elementor-repeater-item-c1c9a90\" href=\"https:\/\/yasarlaw.com\/publications\/amendments-to-the-personal-data-protection-law\/\">\n\t\t\t\t\t\t<span class=\"elementor-screen-only\"><\/span>\n\t\t\t\t\t\t<svg xmlns=\"http:\/\/www.w3.org\/2000\/svg\" xmlns:xlink=\"http:\/\/www.w3.org\/1999\/xlink\" id=\"Layer_1\" x=\"0px\" y=\"0px\" viewBox=\"0 0 1000 1000\" style=\"enable-background:new 0 0 1000 1000;\" xml:space=\"preserve\"><style type=\"text\/css\">\t.st0{fill:#FFFFFF;}<\/style><g id=\"Layer_3\"><\/g><g id=\"Layer_1_00000020364029370813827900000003168452955817500576_\">\t<rect width=\"1000\" height=\"1000\"><\/rect><\/g><g>\t<path class=\"st0\" d=\"M259.3,345.1H456v51.1H316.2v52.9h122.9v51.1H316.2v54.8h141.5V606H259.3V345.1z\"><\/path>\t<path class=\"st0\" d=\"M508.9,345.1h52.9l122.2,160.6V345.1h56.7v260.8H692L565.5,440.1v165.8h-56.7L508.9,345.1L508.9,345.1z\"><\/path><\/g><\/svg>\t\t\t\t\t<\/a>\n\t\t\t\t<\/span>\n\t\t\t\t\t<\/div>\n\t\t\t\t\t\t<\/div>\n\t\t\t\t<\/div>\n\t\t\t\t\t<\/div>\n\t\t<\/div>\n\t\t\t\t\t<\/div>\n\t\t<\/section>\n\t\t\t\t<section class=\"elementor-section elementor-top-section elementor-element elementor-element-26fa9928 elementor-section-stretched elementor-section-boxed elementor-section-height-default elementor-section-height-default\" data-id=\"26fa9928\" data-element_type=\"section\" data-settings=\"{&quot;stretch_section&quot;:&quot;section-stretched&quot;}\">\n\t\t\t\t\t\t<div class=\"elementor-container elementor-column-gap-wider\">\n\t\t\t\t\t<div class=\"elementor-column elementor-col-100 elementor-top-column elementor-element elementor-element-c5b4038\" data-id=\"c5b4038\" data-element_type=\"column\" data-settings=\"{&quot;background_background&quot;:&quot;classic&quot;}\">\n\t\t\t<div class=\"elementor-widget-wrap elementor-element-populated\">\n\t\t\t\t\t\t<section class=\"elementor-section elementor-inner-section elementor-element elementor-element-3f767c48 elementor-section-full_width elementor-section-height-default elementor-section-height-default\" data-id=\"3f767c48\" data-element_type=\"section\">\n\t\t\t\t\t\t<div class=\"elementor-container elementor-column-gap-default\">\n\t\t\t\t\t<div class=\"elementor-column elementor-col-50 elementor-inner-column elementor-element elementor-element-368fb3c6\" data-id=\"368fb3c6\" data-element_type=\"column\">\n\t\t\t<div class=\"elementor-widget-wrap elementor-element-populated\">\n\t\t\t\t\t\t<div class=\"elementor-element elementor-element-147a07b8 elementor-widget elementor-widget-text-editor\" data-id=\"147a07b8\" data-element_type=\"widget\" data-widget_type=\"text-editor.default\">\n\t\t\t\t<div class=\"elementor-widget-container\">\n\t\t\t\t\t\t\t\t\t<p><span style=\"color: #781619;\"><b>Ya\u015far Law Office<\/b><\/span><\/p><p><span style=\"color: #781619;\">Bize Ula\u015f\u0131n:<\/span><\/p><p><span style=\"color: #781619;\">Karanfil Sokak, No: 13<\/span><\/p><p><span style=\"color: #781619;\">Levent, Be\u015fikta\u015f, \u0130stanbul<\/span><\/p><p><span style=\"color: #781619;\"><a style=\"color: #781619;\" title=\"+90 212 401 4240\" href=\"tel:+902124014240\">+90 212 401 4240<\/a><\/span><\/p><p><span style=\"color: #781619;\"><a style=\"color: #781619;\" title=\"info@yasarlaw.com\" href=\"mailto:info@yasarlaw.com\">info@yasarlaw.com<\/a><\/span><\/p>\t\t\t\t\t\t\t\t<\/div>\n\t\t\t\t<\/div>\n\t\t\t\t<div class=\"elementor-element elementor-element-4c8d054 elementor-widget elementor-widget-text-editor\" data-id=\"4c8d054\" data-element_type=\"widget\" data-widget_type=\"text-editor.default\">\n\t\t\t\t<div class=\"elementor-widget-container\">\n\t\t\t\t\t\t\t\t\t<p><span style=\"color: rgb(120, 22, 25); font-style: inherit; font-weight: inherit; letter-spacing: 0.01em;\">Bize Ula\u015f\u0131n:<\/span><br><\/p>\n<p><span style=\"color: #781619;\">859. Sokak, No: 4\/303<\/span><\/p>\n<p><font color=\"#781619\">Cumhuriyet Bulvar\u0131, Konak, \u0130zmir<\/font><\/p>\n<p><span style=\"color: #781619;\"><a style=\"color: #781619;\" title=\"+90 212 401 4240\" href=\"tel:+902124014240\">+90 212 401 4240<\/a><\/span><\/p>\n<p><span style=\"color: #781619;\"><a style=\"color: #781619;\" title=\"info@yasarlaw.com\" href=\"mailto:info@yasarlaw.com\">info@yasarlaw.com<\/a><\/span><\/p>\t\t\t\t\t\t\t\t<\/div>\n\t\t\t\t<\/div>\n\t\t\t\t\t<\/div>\n\t\t<\/div>\n\t\t\t\t<div class=\"elementor-column elementor-col-50 elementor-inner-column elementor-element elementor-element-4290edba\" data-id=\"4290edba\" data-element_type=\"column\">\n\t\t\t<div class=\"elementor-widget-wrap elementor-element-populated\">\n\t\t\t\t\t\t<div class=\"elementor-element elementor-element-5b2d60b0 elementor-widget elementor-widget-google_maps\" data-id=\"5b2d60b0\" data-element_type=\"widget\" data-widget_type=\"google_maps.default\">\n\t\t\t\t<div class=\"elementor-widget-container\">\n\t\t\t\t\t\t\t<div class=\"elementor-custom-embed\">\n\t\t\t<iframe loading=\"lazy\"\n\t\t\t\t\tsrc=\"https:\/\/maps.google.com\/maps?q=Karanfil%20Soka%C4%9F%C4%B1%20No%3A13%2C%20Levent%2C%2034330%20Be%C5%9Fikta%C5%9F%2F%C4%B0stanbul&#038;t=m&#038;z=15&#038;output=embed&#038;iwloc=near\"\n\t\t\t\t\ttitle=\"Karanfil Soka\u011f\u0131 No:13, Levent, 34330 Be\u015fikta\u015f\/\u0130stanbul\"\n\t\t\t\t\taria-label=\"Karanfil Soka\u011f\u0131 No:13, Levent, 34330 Be\u015fikta\u015f\/\u0130stanbul\"\n\t\t\t><\/iframe>\n\t\t<\/div>\n\t\t\t\t\t\t<\/div>\n\t\t\t\t<\/div>\n\t\t\t\t\t<\/div>\n\t\t<\/div>\n\t\t\t\t\t<\/div>\n\t\t<\/section>\n\t\t\t\t\t<\/div>\n\t\t<\/div>\n\t\t\t\t\t<\/div>\n\t\t<\/section>\n\t\t\t\t<\/div>\n\t\t","protected":false},"excerpt":{"rendered":"<p>Ki\u015fisel Verilerin Korunmas\u0131 Kanunu&#8217;nda De\u011fi\u015fiklikler 12.03.2024 tarihli, 32487 say\u0131l\u0131 Resm\u00ee Gazete\u2019de yay\u0131mlanan 7499 say\u0131l\u0131 Ceza Muhakemesi Kanunu ile Baz\u0131 Kanunlarda De\u011fi\u015fiklik Yap\u0131lmas\u0131na Dair Kanun (\u201cDe\u011fi\u015fiklik Kanunu\u201d) ile Ki\u015fisel Verilerin Korunmas\u0131 Kanununda (\u201cKanun\u201d) \u00f6zel nitelikli ki\u015fisel verilerin i\u015flenmesine, ki\u015fisel verilerin yurt d\u0131\u015f\u0131na aktar\u0131lmas\u0131na ve Ki\u015fisel Verileri Koruma Kurulu (\u201cKurul\u201d) taraf\u0131ndan uygulanan idari para cezalar\u0131na dair \u00f6nemli [&hellip;]<\/p>\n","protected":false},"author":1,"featured_media":0,"parent":1032,"menu_order":0,"comment_status":"closed","ping_status":"closed","template":"","meta":{"zakra_page_container_layout":"customizer","zakra_page_sidebar_layout":"customizer","zakra_remove_content_margin":false,"zakra_sidebar":"customizer","zakra_transparent_header":"customizer","zakra_logo":0,"zakra_main_header_style":"default","zakra_menu_item_color":null,"zakra_menu_item_hover_color":null,"zakra_menu_item_active_color":null,"zakra_menu_active_style":"","zakra_page_header":true,"om_disable_all_campaigns":false,"_monsterinsights_skip_tracking":false,"_monsterinsights_sitenote_active":false,"_monsterinsights_sitenote_note":"","_monsterinsights_sitenote_category":0,"footnotes":""},"class_list":["post-2486","page","type-page","status-publish","hentry"],"aioseo_notices":[],"_links":{"self":[{"href":"https:\/\/yasarlaw.com\/tr\/wp-json\/wp\/v2\/pages\/2486","targetHints":{"allow":["GET"]}}],"collection":[{"href":"https:\/\/yasarlaw.com\/tr\/wp-json\/wp\/v2\/pages"}],"about":[{"href":"https:\/\/yasarlaw.com\/tr\/wp-json\/wp\/v2\/types\/page"}],"author":[{"embeddable":true,"href":"https:\/\/yasarlaw.com\/tr\/wp-json\/wp\/v2\/users\/1"}],"replies":[{"embeddable":true,"href":"https:\/\/yasarlaw.com\/tr\/wp-json\/wp\/v2\/comments?post=2486"}],"version-history":[{"count":28,"href":"https:\/\/yasarlaw.com\/tr\/wp-json\/wp\/v2\/pages\/2486\/revisions"}],"predecessor-version":[{"id":2800,"href":"https:\/\/yasarlaw.com\/tr\/wp-json\/wp\/v2\/pages\/2486\/revisions\/2800"}],"up":[{"embeddable":true,"href":"https:\/\/yasarlaw.com\/tr\/wp-json\/wp\/v2\/pages\/1032"}],"wp:attachment":[{"href":"https:\/\/yasarlaw.com\/tr\/wp-json\/wp\/v2\/media?parent=2486"}],"curies":[{"name":"wp","href":"https:\/\/api.w.org\/{rel}","templated":true}]}}