{"id":2507,"date":"2024-05-30T00:31:09","date_gmt":"2024-05-29T21:31:09","guid":{"rendered":"https:\/\/yasarlaw.com\/tr\/?page_id=2507"},"modified":"2024-07-10T01:25:17","modified_gmt":"2024-07-09T22:25:17","slug":"turk-ticaret-kanununda-onemli-degisiklikler","status":"publish","type":"page","link":"https:\/\/yasarlaw.com\/tr\/yayinlar\/turk-ticaret-kanununda-onemli-degisiklikler\/","title":{"rendered":"T\u00fcrk Ticaret Kanunu\u2019nda \u00d6nemli De\u011fi\u015fiklikler"},"content":{"rendered":"\t\t<div data-elementor-type=\"wp-page\" data-elementor-id=\"2507\" class=\"elementor elementor-2507\">\n\t\t\t\t\t\t<section class=\"elementor-section elementor-top-section elementor-element elementor-element-1683c794 elementor-section-stretched elementor-section-boxed elementor-section-height-default elementor-section-height-default\" data-id=\"1683c794\" data-element_type=\"section\" data-settings=\"{&quot;stretch_section&quot;:&quot;section-stretched&quot;,&quot;background_background&quot;:&quot;classic&quot;}\">\n\t\t\t\t\t\t\t<div class=\"elementor-background-overlay\"><\/div>\n\t\t\t\t\t\t\t<div class=\"elementor-container elementor-column-gap-no\">\n\t\t\t\t\t<div class=\"elementor-column elementor-col-100 elementor-top-column elementor-element elementor-element-5ef10a83\" data-id=\"5ef10a83\" data-element_type=\"column\">\n\t\t\t<div class=\"elementor-widget-wrap elementor-element-populated\">\n\t\t\t\t\t\t<div class=\"elementor-element elementor-element-d0a8f48 elementor-widget__width-auto elementor-absolute elementor-widget-mobile__width-auto elementor-widget elementor-widget-text-editor\" data-id=\"d0a8f48\" data-element_type=\"widget\" data-settings=\"{&quot;_position&quot;:&quot;absolute&quot;}\" data-widget_type=\"text-editor.default\">\n\t\t\t\t<div class=\"elementor-widget-container\">\n\t\t\t\t\t\t\t\t\t<p><span style=\"color: #ffffff;\"><strong>T\u00fcrk Ticaret Kanunu&#8217;nda \u00d6nemli De\u011fi\u015fiklikler<\/strong><\/span><\/p>\t\t\t\t\t\t\t\t<\/div>\n\t\t\t\t<\/div>\n\t\t\t\t\t<\/div>\n\t\t<\/div>\n\t\t\t\t\t<\/div>\n\t\t<\/section>\n\t\t\t\t<section class=\"elementor-section elementor-top-section elementor-element elementor-element-37652bf2 elementor-section-stretched elementor-section-boxed elementor-section-height-default elementor-section-height-default\" data-id=\"37652bf2\" data-element_type=\"section\" data-settings=\"{&quot;stretch_section&quot;:&quot;section-stretched&quot;}\">\n\t\t\t\t\t\t<div class=\"elementor-container elementor-column-gap-wider\">\n\t\t\t\t\t<div class=\"elementor-column elementor-col-100 elementor-top-column elementor-element elementor-element-135ac3b9\" data-id=\"135ac3b9\" data-element_type=\"column\" data-settings=\"{&quot;background_background&quot;:&quot;classic&quot;}\">\n\t\t\t<div class=\"elementor-widget-wrap elementor-element-populated\">\n\t\t\t\t\t\t<div class=\"elementor-element elementor-element-7f2267ca elementor-widget elementor-widget-text-editor\" data-id=\"7f2267ca\" data-element_type=\"widget\" data-widget_type=\"text-editor.default\">\n\t\t\t\t<div class=\"elementor-widget-container\">\n\t\t\t\t\t\t\t\t\t<p>29.05.2024 tarihli, 32560 say\u0131l\u0131 Resm\u00ee Gazete\u2019de yay\u0131mlanan 7511 say\u0131l\u0131 T\u00fcrk Ticaret Kanunu ile Baz\u0131 Kanunlarda De\u011fi\u015fiklik Yap\u0131lmas\u0131na Dair Kanun (\u201c<strong>De\u011fi\u015fiklik Kanunu<\/strong>\u201d) ile T\u00fcrk Ticaret Kanunu\u2019nda (\u201c<strong>TTK<\/strong>\u201d) \u00f6nemli de\u011fi\u015fiklikler yap\u0131lm\u0131\u015ft\u0131r.<\/p><p>TTK uyar\u0131nca y\u00f6netim kurulu \u00fcyeleri en \u00e7ok \u00fc\u00e7 y\u0131l s\u00fcre i\u00e7in se\u00e7ilebilmekteyken y\u00f6netim kurulu ba\u015fkan\u0131 ve vekillerinin her y\u0131l se\u00e7ilme zorunlulu\u011fu bulunmaktayd\u0131. De\u011fi\u015fiklik Kanunu ile bu zorunluluk kald\u0131r\u0131lm\u0131\u015ft\u0131r.<\/p><p>TTK uyar\u0131nca \u015firketin \u00fcst d\u00fczey y\u00f6neticilerinin ve bu kapsamda \u015fube m\u00fcd\u00fcrlerinin atanmas\u0131 y\u00f6netim kurulunun devredilemez ve vazge\u00e7ilemez g\u00f6rev ve yetkileri kapsam\u0131ndayd\u0131. \u015eube m\u00fcd\u00fcrlerinin yaln\u0131zca y\u00f6netim kurulu karar\u0131yla atanabilmesinin \u015firketin i\u015fleyi\u015fini yava\u015flatt\u0131\u011f\u0131 d\u00fc\u015f\u00fcncesiyle De\u011fi\u015fiklik Kanunu bu s\u0131n\u0131rlamay\u0131 kald\u0131rm\u0131\u015f ve \u015fube m\u00fcd\u00fcrlerinin y\u00f6netim kurulu karar\u0131 olmaks\u0131z\u0131n da atanabilmesine imk\u00e2n tan\u0131m\u0131\u015ft\u0131r.<\/p><p>TTK uyar\u0131nca y\u00f6netim kurulunu toplant\u0131ya \u00e7a\u011f\u0131rma yetkisi y\u00f6netim kurulu ba\u015fkan\u0131na ve y\u00f6netim kurulu ba\u015fkan\u0131na ula\u015f\u0131lamamas\u0131 halinde ba\u015fkan vekillerine b\u0131rak\u0131lm\u0131\u015ft\u0131r. Ancak uygulamada y\u00f6netim kurulu ba\u015fkan\u0131n\u0131n baz\u0131 hallerde y\u00f6netim kurulunu toplant\u0131ya \u00e7a\u011f\u0131rmaktan imtina etti\u011fi g\u00f6r\u00fclmektedir. De\u011fi\u015fiklik Kanunu, yarg\u0131 s\u00fcre\u00e7leri gerekmeksizin y\u00f6netim kurulunun i\u015flevsiz kalmas\u0131n\u0131 \u00f6nlemek amac\u0131yla y\u00f6netim kurulu \u00fcyelerinin \u00e7o\u011funlu\u011fu taraf\u0131ndan y\u00f6neltilen toplant\u0131 talebinin y\u00f6netim kurulu ba\u015fkan\u0131 taraf\u0131ndan otuz g\u00fcn i\u00e7inde yan\u0131ts\u0131z b\u0131rak\u0131lmas\u0131 halinde toplant\u0131 \u00e7a\u011fr\u0131s\u0131n\u0131n do\u011frudan \u00fcyeler taraf\u0131ndan yap\u0131labilmesine imk\u00e2n tan\u0131m\u0131\u015ft\u0131r.<\/p><p><a href=\"https:\/\/yasarlaw.com\/tr\/yayinlar\/anonim-sirketler-ile-limited-sirketler-icin-en-az-sermaye-tutari-artirildi\/\">01.01.2024 tarihinden sonra kurulacak anonim ve limited \u015firketler bak\u0131m\u0131ndan asgari esas sermaye tutarlar\u0131 s\u0131ras\u0131yla 250.000 TL ve 50.000 TL\u2019ye art\u0131r\u0131lm\u0131\u015ft\u0131<\/a>. De\u011fi\u015fiklik Kanunu; bu tarihten \u00f6nce kurulmu\u015f olan ve yeni asgari esas sermaye ko\u015fullar\u0131n\u0131 sa\u011flamayan \u015firketlerin esas sermayelerini 31.12.2026 tarihine kadar bu tutarlara art\u0131rmas\u0131 gerekti\u011fini d\u00fczenlemi\u015ftir.<\/p><p>Herhangi bir sorunuz olmas\u0131 halinde bize ula\u015fabilirsiniz.<\/p>\t\t\t\t\t\t\t\t<\/div>\n\t\t\t\t<\/div>\n\t\t\t\t\t<\/div>\n\t\t<\/div>\n\t\t\t\t\t<\/div>\n\t\t<\/section>\n\t\t\t\t<section class=\"elementor-section elementor-top-section elementor-element elementor-element-4fe75500 elementor-section-boxed elementor-section-height-default elementor-section-height-default\" data-id=\"4fe75500\" data-element_type=\"section\">\n\t\t\t\t\t\t<div class=\"elementor-container elementor-column-gap-default\">\n\t\t\t\t\t<div class=\"elementor-column elementor-col-100 elementor-top-column elementor-element elementor-element-3dd48092\" data-id=\"3dd48092\" data-element_type=\"column\">\n\t\t\t<div class=\"elementor-widget-wrap elementor-element-populated\">\n\t\t\t\t\t\t<div class=\"elementor-element elementor-element-10e39b76 elementor-shape-square elementor-fixed elementor-grid-0 e-grid-align-center elementor-widget elementor-widget-social-icons\" data-id=\"10e39b76\" data-element_type=\"widget\" data-settings=\"{&quot;_position&quot;:&quot;fixed&quot;}\" data-widget_type=\"social-icons.default\">\n\t\t\t\t<div class=\"elementor-widget-container\">\n\t\t\t\t\t\t\t<div class=\"elementor-social-icons-wrapper elementor-grid\">\n\t\t\t\t\t\t\t<span class=\"elementor-grid-item\">\n\t\t\t\t\t<a class=\"elementor-icon elementor-social-icon elementor-social-icon- elementor-animation-grow elementor-repeater-item-c1c9a90\" href=\"https:\/\/yasarlaw.com\/publications\/significant-amendments-to-the-turkish-commercial-code\/\">\n\t\t\t\t\t\t<span class=\"elementor-screen-only\"><\/span>\n\t\t\t\t\t\t<svg xmlns=\"http:\/\/www.w3.org\/2000\/svg\" xmlns:xlink=\"http:\/\/www.w3.org\/1999\/xlink\" id=\"Layer_1\" x=\"0px\" y=\"0px\" viewBox=\"0 0 1000 1000\" style=\"enable-background:new 0 0 1000 1000;\" xml:space=\"preserve\"><style type=\"text\/css\">\t.st0{fill:#FFFFFF;}<\/style><g id=\"Layer_3\"><\/g><g id=\"Layer_1_00000020364029370813827900000003168452955817500576_\">\t<rect width=\"1000\" height=\"1000\"><\/rect><\/g><g>\t<path class=\"st0\" d=\"M259.3,345.1H456v51.1H316.2v52.9h122.9v51.1H316.2v54.8h141.5V606H259.3V345.1z\"><\/path>\t<path class=\"st0\" d=\"M508.9,345.1h52.9l122.2,160.6V345.1h56.7v260.8H692L565.5,440.1v165.8h-56.7L508.9,345.1L508.9,345.1z\"><\/path><\/g><\/svg>\t\t\t\t\t<\/a>\n\t\t\t\t<\/span>\n\t\t\t\t\t<\/div>\n\t\t\t\t\t\t<\/div>\n\t\t\t\t<\/div>\n\t\t\t\t\t<\/div>\n\t\t<\/div>\n\t\t\t\t\t<\/div>\n\t\t<\/section>\n\t\t\t\t<section class=\"elementor-section elementor-top-section elementor-element elementor-element-26fa9928 elementor-section-stretched elementor-section-boxed elementor-section-height-default elementor-section-height-default\" data-id=\"26fa9928\" data-element_type=\"section\" data-settings=\"{&quot;stretch_section&quot;:&quot;section-stretched&quot;}\">\n\t\t\t\t\t\t<div class=\"elementor-container elementor-column-gap-wider\">\n\t\t\t\t\t<div class=\"elementor-column elementor-col-100 elementor-top-column elementor-element elementor-element-c5b4038\" data-id=\"c5b4038\" data-element_type=\"column\" data-settings=\"{&quot;background_background&quot;:&quot;classic&quot;}\">\n\t\t\t<div class=\"elementor-widget-wrap elementor-element-populated\">\n\t\t\t\t\t\t<section class=\"elementor-section elementor-inner-section elementor-element elementor-element-3f767c48 elementor-section-full_width elementor-section-height-default elementor-section-height-default\" data-id=\"3f767c48\" data-element_type=\"section\">\n\t\t\t\t\t\t<div class=\"elementor-container elementor-column-gap-default\">\n\t\t\t\t\t<div class=\"elementor-column elementor-col-50 elementor-inner-column elementor-element elementor-element-368fb3c6\" data-id=\"368fb3c6\" data-element_type=\"column\">\n\t\t\t<div class=\"elementor-widget-wrap elementor-element-populated\">\n\t\t\t\t\t\t<div class=\"elementor-element elementor-element-147a07b8 elementor-widget elementor-widget-text-editor\" data-id=\"147a07b8\" data-element_type=\"widget\" data-widget_type=\"text-editor.default\">\n\t\t\t\t<div class=\"elementor-widget-container\">\n\t\t\t\t\t\t\t\t\t<p><span style=\"color: #781619;\"><b>Ya\u015far Law Office<\/b><\/span><\/p><p><span style=\"color: #781619;\">Bize Ula\u015f\u0131n:<\/span><\/p><p><span style=\"color: #781619;\">Karanfil Sokak, No: 13<\/span><\/p><p><span style=\"color: #781619;\">Levent, Be\u015fikta\u015f, \u0130stanbul<\/span><\/p><p><span style=\"color: #781619;\"><a style=\"color: #781619;\" title=\"+90 212 401 4240\" href=\"tel:+902124014240\">+90 212 401 4240<\/a><\/span><\/p><p><span style=\"color: #781619;\"><a style=\"color: #781619;\" title=\"info@yasarlaw.com\" href=\"mailto:info@yasarlaw.com\">info@yasarlaw.com<\/a><\/span><\/p>\t\t\t\t\t\t\t\t<\/div>\n\t\t\t\t<\/div>\n\t\t\t\t<div class=\"elementor-element elementor-element-709af6b elementor-widget elementor-widget-text-editor\" data-id=\"709af6b\" data-element_type=\"widget\" data-widget_type=\"text-editor.default\">\n\t\t\t\t<div class=\"elementor-widget-container\">\n\t\t\t\t\t\t\t\t\t<p><span style=\"color: rgb(120, 22, 25); font-style: inherit; font-weight: inherit; letter-spacing: 0.01em;\">Bize Ula\u015f\u0131n:<\/span><br><\/p>\n<p><span style=\"color: #781619;\">859. Sokak, No: 4\/303<\/span><\/p>\n<p><font color=\"#781619\">Cumhuriyet Bulvar\u0131, Konak, \u0130zmir<\/font><\/p>\n<p><span style=\"color: #781619;\"><a style=\"color: #781619;\" title=\"+90 212 401 4240\" href=\"tel:+902124014240\">+90 212 401 4240<\/a><\/span><\/p>\n<p><span style=\"color: #781619;\"><a style=\"color: #781619;\" title=\"info@yasarlaw.com\" href=\"mailto:info@yasarlaw.com\">info@yasarlaw.com<\/a><\/span><\/p>\t\t\t\t\t\t\t\t<\/div>\n\t\t\t\t<\/div>\n\t\t\t\t\t<\/div>\n\t\t<\/div>\n\t\t\t\t<div class=\"elementor-column elementor-col-50 elementor-inner-column elementor-element elementor-element-4290edba\" data-id=\"4290edba\" data-element_type=\"column\">\n\t\t\t<div class=\"elementor-widget-wrap elementor-element-populated\">\n\t\t\t\t\t\t<div class=\"elementor-element elementor-element-5b2d60b0 elementor-widget elementor-widget-google_maps\" data-id=\"5b2d60b0\" data-element_type=\"widget\" data-widget_type=\"google_maps.default\">\n\t\t\t\t<div class=\"elementor-widget-container\">\n\t\t\t\t\t\t\t<div class=\"elementor-custom-embed\">\n\t\t\t<iframe loading=\"lazy\"\n\t\t\t\t\tsrc=\"https:\/\/maps.google.com\/maps?q=Karanfil%20Soka%C4%9F%C4%B1%20No%3A13%2C%20Levent%2C%2034330%20Be%C5%9Fikta%C5%9F%2F%C4%B0stanbul&#038;t=m&#038;z=15&#038;output=embed&#038;iwloc=near\"\n\t\t\t\t\ttitle=\"Karanfil Soka\u011f\u0131 No:13, Levent, 34330 Be\u015fikta\u015f\/\u0130stanbul\"\n\t\t\t\t\taria-label=\"Karanfil Soka\u011f\u0131 No:13, Levent, 34330 Be\u015fikta\u015f\/\u0130stanbul\"\n\t\t\t><\/iframe>\n\t\t<\/div>\n\t\t\t\t\t\t<\/div>\n\t\t\t\t<\/div>\n\t\t\t\t\t<\/div>\n\t\t<\/div>\n\t\t\t\t\t<\/div>\n\t\t<\/section>\n\t\t\t\t\t<\/div>\n\t\t<\/div>\n\t\t\t\t\t<\/div>\n\t\t<\/section>\n\t\t\t\t<\/div>\n\t\t","protected":false},"excerpt":{"rendered":"<p>T\u00fcrk Ticaret Kanunu&#8217;nda \u00d6nemli De\u011fi\u015fiklikler 29.05.2024 tarihli, 32560 say\u0131l\u0131 Resm\u00ee Gazete\u2019de yay\u0131mlanan 7511 say\u0131l\u0131 T\u00fcrk Ticaret Kanunu ile Baz\u0131 Kanunlarda De\u011fi\u015fiklik Yap\u0131lmas\u0131na Dair Kanun (\u201cDe\u011fi\u015fiklik Kanunu\u201d) ile T\u00fcrk Ticaret Kanunu\u2019nda (\u201cTTK\u201d) \u00f6nemli de\u011fi\u015fiklikler yap\u0131lm\u0131\u015ft\u0131r. TTK uyar\u0131nca y\u00f6netim kurulu \u00fcyeleri en \u00e7ok \u00fc\u00e7 y\u0131l s\u00fcre i\u00e7in se\u00e7ilebilmekteyken y\u00f6netim kurulu ba\u015fkan\u0131 ve vekillerinin her y\u0131l se\u00e7ilme zorunlulu\u011fu [&hellip;]<\/p>\n","protected":false},"author":1,"featured_media":0,"parent":1032,"menu_order":0,"comment_status":"closed","ping_status":"closed","template":"","meta":{"zakra_page_container_layout":"customizer","zakra_page_sidebar_layout":"customizer","zakra_remove_content_margin":false,"zakra_sidebar":"customizer","zakra_transparent_header":"customizer","zakra_logo":0,"zakra_main_header_style":"default","zakra_menu_item_color":null,"zakra_menu_item_hover_color":null,"zakra_menu_item_active_color":null,"zakra_menu_active_style":"","zakra_page_header":true,"om_disable_all_campaigns":false,"_monsterinsights_skip_tracking":false,"_monsterinsights_sitenote_active":false,"_monsterinsights_sitenote_note":"","_monsterinsights_sitenote_category":0,"footnotes":""},"class_list":["post-2507","page","type-page","status-publish","hentry"],"aioseo_notices":[],"_links":{"self":[{"href":"https:\/\/yasarlaw.com\/tr\/wp-json\/wp\/v2\/pages\/2507","targetHints":{"allow":["GET"]}}],"collection":[{"href":"https:\/\/yasarlaw.com\/tr\/wp-json\/wp\/v2\/pages"}],"about":[{"href":"https:\/\/yasarlaw.com\/tr\/wp-json\/wp\/v2\/types\/page"}],"author":[{"embeddable":true,"href":"https:\/\/yasarlaw.com\/tr\/wp-json\/wp\/v2\/users\/1"}],"replies":[{"embeddable":true,"href":"https:\/\/yasarlaw.com\/tr\/wp-json\/wp\/v2\/comments?post=2507"}],"version-history":[{"count":19,"href":"https:\/\/yasarlaw.com\/tr\/wp-json\/wp\/v2\/pages\/2507\/revisions"}],"predecessor-version":[{"id":2797,"href":"https:\/\/yasarlaw.com\/tr\/wp-json\/wp\/v2\/pages\/2507\/revisions\/2797"}],"up":[{"embeddable":true,"href":"https:\/\/yasarlaw.com\/tr\/wp-json\/wp\/v2\/pages\/1032"}],"wp:attachment":[{"href":"https:\/\/yasarlaw.com\/tr\/wp-json\/wp\/v2\/media?parent=2507"}],"curies":[{"name":"wp","href":"https:\/\/api.w.org\/{rel}","templated":true}]}}