{"id":2636,"date":"2024-07-09T22:39:09","date_gmt":"2024-07-09T19:39:09","guid":{"rendered":"https:\/\/yasarlaw.com\/tr\/?page_id=2636"},"modified":"2024-07-10T01:26:23","modified_gmt":"2024-07-09T22:26:23","slug":"2024-yilinin-ilk-ceyreginde-startup-hukukunu-ilgilendiren-mevzuat-degisiklikleri","status":"publish","type":"page","link":"https:\/\/yasarlaw.com\/tr\/yayinlar\/2024-yilinin-ilk-ceyreginde-startup-hukukunu-ilgilendiren-mevzuat-degisiklikleri\/","title":{"rendered":"2024 Y\u0131l\u0131n\u0131n \u0130lk \u00c7eyre\u011finde Startup Hukukunu \u0130lgilendiren Mevzuat De\u011fi\u015fiklikleri"},"content":{"rendered":"\t\t<div data-elementor-type=\"wp-page\" data-elementor-id=\"2636\" class=\"elementor elementor-2636\">\n\t\t\t\t\t\t<section class=\"elementor-section elementor-top-section elementor-element elementor-element-1683c794 elementor-section-stretched elementor-section-boxed elementor-section-height-default elementor-section-height-default\" data-id=\"1683c794\" data-element_type=\"section\" data-settings=\"{&quot;stretch_section&quot;:&quot;section-stretched&quot;,&quot;background_background&quot;:&quot;classic&quot;}\">\n\t\t\t\t\t\t\t<div class=\"elementor-background-overlay\"><\/div>\n\t\t\t\t\t\t\t<div class=\"elementor-container elementor-column-gap-no\">\n\t\t\t\t\t<div class=\"elementor-column elementor-col-100 elementor-top-column elementor-element elementor-element-5ef10a83\" data-id=\"5ef10a83\" data-element_type=\"column\">\n\t\t\t<div class=\"elementor-widget-wrap elementor-element-populated\">\n\t\t\t\t\t\t<div class=\"elementor-element elementor-element-d0a8f48 elementor-widget__width-auto elementor-absolute elementor-widget elementor-widget-text-editor\" data-id=\"d0a8f48\" data-element_type=\"widget\" data-settings=\"{&quot;_position&quot;:&quot;absolute&quot;}\" data-widget_type=\"text-editor.default\">\n\t\t\t\t<div class=\"elementor-widget-container\">\n\t\t\t\t\t\t\t\t\t<p><span style=\"color: #ffffff;\"><strong>2024 Y\u0131l\u0131n\u0131n \u0130lk \u00c7eyre\u011finde Startup Hukukunu \u0130lgilendiren Mevzuat De\u011fi\u015fiklikleri<\/strong><\/span><\/p>\t\t\t\t\t\t\t\t<\/div>\n\t\t\t\t<\/div>\n\t\t\t\t\t<\/div>\n\t\t<\/div>\n\t\t\t\t\t<\/div>\n\t\t<\/section>\n\t\t\t\t<section class=\"elementor-section elementor-top-section elementor-element elementor-element-37652bf2 elementor-section-stretched elementor-section-boxed elementor-section-height-default elementor-section-height-default\" data-id=\"37652bf2\" data-element_type=\"section\" data-settings=\"{&quot;stretch_section&quot;:&quot;section-stretched&quot;}\">\n\t\t\t\t\t\t<div class=\"elementor-container elementor-column-gap-wider\">\n\t\t\t\t\t<div class=\"elementor-column elementor-col-100 elementor-top-column elementor-element elementor-element-135ac3b9\" data-id=\"135ac3b9\" data-element_type=\"column\" data-settings=\"{&quot;background_background&quot;:&quot;classic&quot;}\">\n\t\t\t<div class=\"elementor-widget-wrap elementor-element-populated\">\n\t\t\t\t\t\t<div class=\"elementor-element elementor-element-7f2267ca elementor-widget elementor-widget-text-editor\" data-id=\"7f2267ca\" data-element_type=\"widget\" data-widget_type=\"text-editor.default\">\n\t\t\t\t<div class=\"elementor-widget-container\">\n\t\t\t\t\t\t\t\t\t<p><strong>1. Ki\u015fisel Verilerin Korunmas\u0131 Mevzuat\u0131 G\u00fcncellendi<\/strong><\/p><p>De\u011fi\u015fiklik ile \u00f6zel nitelikli ki\u015fisel verilerin a\u00e7\u0131k r\u0131za olmaks\u0131z\u0131n i\u015flenemeyece\u011fine dair kural ve bunun istisnalar\u0131n\u0131n \u00f6ng\u00f6r\u00fcld\u00fc\u011f\u00fc sistem tamamen de\u011fi\u015ftirilmi\u015ftir. Bunun yerine \u00f6zel nitelikli ki\u015fisel verilerin i\u015flenmesine dair istisnalar\u0131n kapsam\u0131 genel veri i\u015fleme sebepleri ve GDPR ile paralel olacak \u015fekilde geni\u015fletilmi\u015ftir. Buna g\u00f6re, kapsam\u0131 daha geni\u015f olacak \u015fekilde \u00f6zel nitelikli ki\u015fisel verilerin nas\u0131l i\u015flenebilece\u011fi d\u00fczenlenmi\u015ftir.<\/p><p>De\u011fi\u015fiklik \u00f6ncesinde ki\u015fisel verilerin kural olarak a\u00e7\u0131k r\u0131zan\u0131n varl\u0131\u011f\u0131 halinde yurt d\u0131\u015f\u0131na aktar\u0131labilece\u011fi d\u00fczenlenmekteydi. Bununla birlikte, genel veri i\u015fleme \u015fartlar\u0131ndan veya sa\u011fl\u0131k ve cinsel hayat d\u0131\u015f\u0131ndaki \u00f6zel nitelikli ki\u015fisel verilerin i\u015flenmesi \u015fartlar\u0131ndan birinin varl\u0131\u011f\u0131 halinde ki\u015fisel verinin aktar\u0131laca\u011f\u0131 yabanc\u0131 \u00fclkede yeterli koruman\u0131n bulunmas\u0131, yeterli koruma bulunmuyorsa veri sorumlular\u0131n\u0131n yeterli korumay\u0131 taahh\u00fct etmesi ve Kurul\u2019un izni ile ilgili ki\u015finin a\u00e7\u0131k r\u0131zas\u0131 aranmaks\u0131z\u0131n yurt d\u0131\u015f\u0131na veri aktar\u0131m\u0131 yap\u0131labilmekteydi.<\/p><p>De\u011fi\u015fiklik ile ki\u015fisel verilerin a\u00e7\u0131k r\u0131za olmaks\u0131z\u0131n yurt d\u0131\u015f\u0131na aktar\u0131lamayaca\u011f\u0131na dair kural\u0131n ve bunun istisnalar\u0131n\u0131n \u00f6ng\u00f6r\u00fcld\u00fc\u011f\u00fc sistem tamamen de\u011fi\u015ftirilmi\u015ftir. Bunun yerine, genel veri i\u015fleme \u015fartlar\u0131ndan veya \u00f6zel nitelikli ki\u015fisel veri i\u015fleme \u015fartlar\u0131ndan birinin varl\u0131\u011f\u0131 halinde ve a\u015fa\u011f\u0131da kademeli olarak a\u00e7\u0131klanan ek ko\u015fullardan biri sa\u011flanarak a\u00e7\u0131k r\u0131za aranmaks\u0131z\u0131n yurt d\u0131\u015f\u0131na veri aktar\u0131m\u0131na izin veren bir d\u00fczenleme \u00f6ng\u00f6r\u00fclm\u00fc\u015ft\u00fcr.<\/p><p>Genel gerek\u00e7ede ve ilgili madde gerek\u00e7esinde ifade edildi\u011fi \u00fczere, \u00f6zel nitelikli ki\u015fisel verilerin i\u015flenmesine dair uygulamadaki ihtiya\u00e7lar da g\u00f6z \u00f6n\u00fcnde tutulmu\u015ftur. Bu kapsamda, \u00f6rne\u011fin, i\u015f s\u00f6zle\u015fmesinin sona ermesinden sonra a\u00e7\u0131lmas\u0131 muhtemel davalarda savunma hakk\u0131n\u0131n kullan\u0131lmas\u0131 bak\u0131m\u0131ndan art\u0131k i\u015fverenin eski i\u015f\u00e7isine ait sa\u011fl\u0131k verilerini saklamaya devam edebilecek olmas\u0131 ya da herhangi bir sebeple bilin\u00e7 kayb\u0131ndan \u00f6t\u00fcr\u00fc r\u0131zas\u0131n\u0131 a\u00e7\u0131klayamayacak durumda olan ki\u015finin hayat\u0131n\u0131n veya beden b\u00fct\u00fcnl\u00fc\u011f\u00fcn\u00fcn korunmas\u0131 amac\u0131na mahsus olarak kan grubu ve ge\u00e7irilen hastal\u0131klar gibi \u00f6zel nitelikli ki\u015fisel verilerin i\u015flenebilecek olmas\u0131 olumlu geli\u015fmeler olarak de\u011ferlendirilmektedir. Haziran ve Eyl\u00fcl aylar\u0131na kadar uyum sa\u011flanmas\u0131 gereken de\u011fi\u015fikliklerle ilgili daha detayl\u0131 bilgiye <a href=\"https:\/\/yasarlaw.com\/tr\/yayinlar\/kisisel-verilerin-korunmasi-kanununda-degisiklikler\/\"><strong>buradan<\/strong><\/a> ula\u015fabilirsiniz.<\/p><p><strong>2.\u00a0<\/strong><strong style=\"letter-spacing: 0.01em;\">Emeklilik Yat\u0131r\u0131m Fonlar\u0131n\u0131n Giri\u015fim Sermayesine Yat\u0131r\u0131m Yapabilmesine \u0130li\u015fkin De\u011fi\u015fiklik<\/strong><\/p><p>Sermaye Piyasas\u0131 Kurulu, Emeklilik Yat\u0131r\u0131m Fonlar\u0131na \u0130li\u015fkin Rehber\u2019de de\u011fi\u015fikli\u011fe gitti. Bu de\u011fi\u015fiklikle birlikte bireysel emeklilik sistemine dahil olanlar\u0131n yat\u0131r\u0131mlar\u0131n\u0131n giri\u015fim sermayesi fonlar\u0131nda nemaland\u0131rmay\u0131 tercih edebilmesine imk\u00e2n tan\u0131nd\u0131. Bu kapsamda portf\u00f6ylerinin asgari y\u00fczde birinin GSYF kat\u0131lma paylar\u0131na y\u00f6nlendirilmesi zorunlu k\u0131l\u0131nd\u0131. Asgari giri\u015fim sermayesi yat\u0131r\u0131m\u0131 ko\u015fulunun 30.06.2024 g\u00fcn\u00fcne kadar sa\u011flanmas\u0131 gerekmektedir.<\/p><p><strong>3.\u00a0<\/strong><strong style=\"letter-spacing: 0.01em;\">Mal ve Hizmet Tedarikinde Ge\u00e7 \u00d6demelerde Temerr\u00fct Faizi<\/strong><\/p><p>T\u00fcrkiye Cumhuriyet Merkez Bankas\u0131 taraf\u0131ndan yay\u0131mlanan Mal ve Hizmet Tedarikinde Ge\u00e7 \u00d6demelerde Uygulanacak Temerr\u00fct Faiz Oran\u0131 ve Alaca\u011f\u0131n Tahsili Masraflar\u0131 \u0130\u00e7in Talep Edilebilecek Asgari Giderim Tutar\u0131 Hakk\u0131nda Tebli\u011f uyar\u0131nca, T\u00fcrk Ticaret Kanunu m. 1530\/7 h\u00fckm\u00fcnde d\u00fczenlenen mal ve hizmet tedarikinde alacakl\u0131ya yap\u0131lan ge\u00e7 \u00f6demelere ili\u015fkin temerr\u00fct faiz oran\u0131n\u0131n s\u00f6zle\u015fmede \u00f6ng\u00f6r\u00fclmedi\u011fi veya ilgili h\u00fck\u00fcmlerin ge\u00e7ersiz oldu\u011fu hallerde uygulanacak faiz oran\u0131 y\u0131ll\u0131k %48, alaca\u011f\u0131n tahsili masraflar\u0131 i\u00e7in talep edilebilecek asgari giderim tutar\u0131 1.310 TL olarak belirlenmi\u015ftir. An\u0131lan oran ve tutar, 01.01.2024 tarihinden itibaren ge\u00e7erli olmak \u00fczere yay\u0131mland\u0131\u011f\u0131 tarihte y\u00fcr\u00fcrl\u00fc\u011fe girmi\u015ftir.<\/p><p><strong>4.\u00a0<\/strong><strong style=\"letter-spacing: 0.01em;\">\u00d6deme Hizmetlerinde Asgari \u00d6zkaynak Y\u00fck\u00fcml\u00fcl\u00fckleri Art\u0131r\u0131ld\u0131<\/strong><\/p><p>\u00d6deme ve Elektronik Para Kurulu\u015flar\u0131n\u0131n Asgari \u00d6zkaynak Miktarlar\u0131n\u0131n Yeniden Belirlenmesi ile \u0130lgili Tebli\u011f yay\u0131nland\u0131. Tebli\u011fe g\u00f6re, asgari \u00f6zkaynak y\u00fck\u00fcml\u00fcl\u00fckleri, fatura \u00f6demelerine arac\u0131l\u0131k edilmesine y\u00f6nelik hizmetleri ger\u00e7ekle\u015ftiren \u00f6deme kurulu\u015flar\u0131 i\u00e7in 10.000.000 TL\u2019ye, elektronik para kurulu\u015flar\u0131 i\u00e7in 55.000.000 TL\u2019ye ve \u00f6deme hesaplar\u0131na ili\u015fkin birle\u015ftirilmi\u015f bilgilerin \u00e7evrim i\u00e7i platformlarda sunulmas\u0131 hizmetini veren \u00f6deme kurulu\u015flar\u0131 haricindeki \u00f6deme kurulu\u015flar\u0131 i\u00e7in asgari \u00f6zkaynak y\u00fck\u00fcml\u00fcl\u00fc\u011f\u00fc 20.000.000 TL\u2019ye \u00e7\u0131kart\u0131lm\u0131\u015ft\u0131r. An\u0131lan de\u011fi\u015fiklikler 30.06.2024 tarihinde y\u00fcr\u00fcrl\u00fc\u011fe girecektir.<\/p><p><strong>5.\u00a0<\/strong><strong style=\"letter-spacing: 0.01em;\">Vergi Mevzuat\u0131ndaki Geli\u015fmeler<\/strong><\/p><p>Bilindi\u011fi \u00fczere, kurumlar\u0131n giri\u015fim sermayesi yat\u0131r\u0131m fonu ve di\u011fer yat\u0131r\u0131m fonu kat\u0131lma paylar\u0131ndan elde ettikleri k\u00e2r paylar\u0131, kat\u0131lma paylar\u0131n\u0131n fona iadesinden do\u011fan gelirler ve kat\u0131lma paylar\u0131n\u0131n de\u011fer art\u0131\u015f kazan\u00e7lar\u0131 kurumlar vergisinden istisna tutulmu\u015ftu. 7456 say\u0131l\u0131 Kanun ile giri\u015fim sermayesi yat\u0131r\u0131m fonu d\u0131\u015f\u0131ndaki di\u011fer yat\u0131r\u0131m fonu kat\u0131lma paylar\u0131na ili\u015fkin yukar\u0131da say\u0131lan gelir ve kazan\u00e7lar bu istisnan\u0131n d\u0131\u015f\u0131na \u00e7\u0131kart\u0131lm\u0131\u015ft\u0131r.<\/p><p>Kanun\u00ee ve i\u015f merkezi T\u00fcrkiye\u2019de bulunmayan anonim ve limited \u015firket niteli\u011findeki yabanc\u0131 kurumlar\u0131n sermayesine i\u015ftirak eden kurumlar\u0131n ve ger\u00e7ek ki\u015filerin yurt d\u0131\u015f\u0131 i\u015ftirakin \u00f6denmi\u015f sermayesinin en az %50\u2019sine sahip olmas\u0131 ve kazanc\u0131n elde edildi\u011fi hesap d\u00f6nemine ili\u015fkin vergi beyannamesinin verilmesi gereken tarihe kadar T\u00fcrkiye\u2019ye transfer edilmesi \u015fart\u0131yla %50 oran\u0131nda gelir veya kurumlar vergisinden istisna tutulmas\u0131na karar verilmi\u015ftir.<\/p><p>Hizmet ihrac\u0131 kapsam\u0131nda yurt d\u0131\u015f\u0131na mimarl\u0131k, m\u00fchendislik, tasar\u0131m, yaz\u0131l\u0131m, t\u0131bbi raporlama, muhasebe kayd\u0131 tutma, \u00e7a\u011fr\u0131 merkezi, \u00fcr\u00fcn testi, sertifikasyon, veri saklama, veri i\u015fleme, veri analizi ile e\u011fitim ve sa\u011fl\u0131k alanlar\u0131nda verilen hizmetlerden kurumlar\u0131n ve ger\u00e7ek ki\u015filerin elde ettikleri kazanc\u0131n tamam\u0131n\u0131n beyanname verilmesi gereken tarihe kadar T\u00fcrkiye\u2019ye transfer edilmesi \u015fart\u0131yla %50 oran\u0131nda gelir veya kurumlar vergisinden indirim konusu yap\u0131labilece\u011fi d\u00fczenlenmi\u015fti. Bu indirim oran, %80\u2019e \u00e7\u0131kart\u0131lm\u0131\u015ft\u0131r.<\/p><p>Teknokent ve Ar-Ge ve Tasar\u0131m Merkezi\u2019nde bulunan \u015firketlerin m\u00fcnhas\u0131ran Ar-Ge, yenilik ve tasar\u0131m faaliyetlerinde kullan\u0131lmak \u00fczere iktisap ettikleri makine ve te\u00e7hizatlara uygulanacak amortisman s\u00fcresinin mevcut faydal\u0131 \u00f6m\u00fcr s\u00fcresinin yar\u0131s\u0131 \u00fczerinden hesaplanabilmesi imk\u00e2n\u0131, 31.12.2024 tarihine kadar uzat\u0131lm\u0131\u015ft\u0131r.<\/p><p><span style=\"letter-spacing: 0.15px;\">Herhangi bir sorunuz olmas\u0131 halinde bize ula\u015fabilirsiniz.<\/span><\/p>\t\t\t\t\t\t\t\t<\/div>\n\t\t\t\t<\/div>\n\t\t\t\t\t<\/div>\n\t\t<\/div>\n\t\t\t\t\t<\/div>\n\t\t<\/section>\n\t\t\t\t<section class=\"elementor-section elementor-top-section elementor-element elementor-element-4fe75500 elementor-section-boxed elementor-section-height-default elementor-section-height-default\" data-id=\"4fe75500\" data-element_type=\"section\">\n\t\t\t\t\t\t<div class=\"elementor-container elementor-column-gap-default\">\n\t\t\t\t\t<div class=\"elementor-column elementor-col-100 elementor-top-column elementor-element elementor-element-3dd48092\" data-id=\"3dd48092\" data-element_type=\"column\">\n\t\t\t<div class=\"elementor-widget-wrap elementor-element-populated\">\n\t\t\t\t\t\t<div class=\"elementor-element elementor-element-10e39b76 elementor-shape-square elementor-fixed elementor-grid-0 e-grid-align-center elementor-widget elementor-widget-social-icons\" data-id=\"10e39b76\" data-element_type=\"widget\" data-settings=\"{&quot;_position&quot;:&quot;fixed&quot;}\" data-widget_type=\"social-icons.default\">\n\t\t\t\t<div class=\"elementor-widget-container\">\n\t\t\t\t\t\t\t<div class=\"elementor-social-icons-wrapper elementor-grid\">\n\t\t\t\t\t\t\t<span class=\"elementor-grid-item\">\n\t\t\t\t\t<a class=\"elementor-icon elementor-social-icon elementor-social-icon- elementor-animation-grow elementor-repeater-item-c1c9a90\" href=\"https:\/\/yasarlaw.com\/publications\/developments-in-startup-law-in-2024-q1\/\">\n\t\t\t\t\t\t<span class=\"elementor-screen-only\"><\/span>\n\t\t\t\t\t\t<svg xmlns=\"http:\/\/www.w3.org\/2000\/svg\" xmlns:xlink=\"http:\/\/www.w3.org\/1999\/xlink\" id=\"Layer_1\" x=\"0px\" y=\"0px\" viewBox=\"0 0 1000 1000\" style=\"enable-background:new 0 0 1000 1000;\" xml:space=\"preserve\"><style type=\"text\/css\">\t.st0{fill:#FFFFFF;}<\/style><g id=\"Layer_3\"><\/g><g id=\"Layer_1_00000020364029370813827900000003168452955817500576_\">\t<rect width=\"1000\" height=\"1000\"><\/rect><\/g><g>\t<path class=\"st0\" d=\"M259.3,345.1H456v51.1H316.2v52.9h122.9v51.1H316.2v54.8h141.5V606H259.3V345.1z\"><\/path>\t<path class=\"st0\" d=\"M508.9,345.1h52.9l122.2,160.6V345.1h56.7v260.8H692L565.5,440.1v165.8h-56.7L508.9,345.1L508.9,345.1z\"><\/path><\/g><\/svg>\t\t\t\t\t<\/a>\n\t\t\t\t<\/span>\n\t\t\t\t\t<\/div>\n\t\t\t\t\t\t<\/div>\n\t\t\t\t<\/div>\n\t\t\t\t\t<\/div>\n\t\t<\/div>\n\t\t\t\t\t<\/div>\n\t\t<\/section>\n\t\t\t\t<section class=\"elementor-section elementor-top-section elementor-element elementor-element-26fa9928 elementor-section-stretched elementor-section-boxed elementor-section-height-default elementor-section-height-default\" data-id=\"26fa9928\" data-element_type=\"section\" data-settings=\"{&quot;stretch_section&quot;:&quot;section-stretched&quot;}\">\n\t\t\t\t\t\t<div class=\"elementor-container elementor-column-gap-wider\">\n\t\t\t\t\t<div class=\"elementor-column elementor-col-100 elementor-top-column elementor-element elementor-element-c5b4038\" data-id=\"c5b4038\" data-element_type=\"column\" data-settings=\"{&quot;background_background&quot;:&quot;classic&quot;}\">\n\t\t\t<div class=\"elementor-widget-wrap elementor-element-populated\">\n\t\t\t\t\t\t<section class=\"elementor-section elementor-inner-section elementor-element elementor-element-3f767c48 elementor-section-full_width elementor-section-height-default elementor-section-height-default\" data-id=\"3f767c48\" data-element_type=\"section\">\n\t\t\t\t\t\t<div class=\"elementor-container elementor-column-gap-default\">\n\t\t\t\t\t<div class=\"elementor-column elementor-col-50 elementor-inner-column elementor-element elementor-element-368fb3c6\" data-id=\"368fb3c6\" data-element_type=\"column\">\n\t\t\t<div class=\"elementor-widget-wrap elementor-element-populated\">\n\t\t\t\t\t\t<div class=\"elementor-element elementor-element-147a07b8 elementor-widget elementor-widget-text-editor\" data-id=\"147a07b8\" data-element_type=\"widget\" data-widget_type=\"text-editor.default\">\n\t\t\t\t<div class=\"elementor-widget-container\">\n\t\t\t\t\t\t\t\t\t<p><span style=\"color: #781619;\"><b>Ya\u015far Law Office<\/b><\/span><\/p><p><span style=\"color: #781619;\">Bize Ula\u015f\u0131n:<\/span><\/p><p><span style=\"color: #781619;\">Karanfil Sokak, No: 13<\/span><\/p><p><span style=\"color: #781619;\">Levent, Be\u015fikta\u015f, \u0130stanbul<\/span><\/p><p><span style=\"color: #781619;\"><a style=\"color: #781619;\" title=\"+90 212 401 4240\" href=\"tel:+902124014240\">+90 212 401 4240<\/a><\/span><\/p><p><span style=\"color: #781619;\"><a style=\"color: #781619;\" title=\"info@yasarlaw.com\" href=\"mailto:info@yasarlaw.com\">info@yasarlaw.com<\/a><\/span><\/p>\t\t\t\t\t\t\t\t<\/div>\n\t\t\t\t<\/div>\n\t\t\t\t<div class=\"elementor-element elementor-element-cdb09ac elementor-widget elementor-widget-text-editor\" data-id=\"cdb09ac\" data-element_type=\"widget\" data-widget_type=\"text-editor.default\">\n\t\t\t\t<div class=\"elementor-widget-container\">\n\t\t\t\t\t\t\t\t\t<p><span style=\"color: rgb(120, 22, 25); font-style: inherit; font-weight: inherit; letter-spacing: 0.01em;\">Bize Ula\u015f\u0131n:<\/span><br><\/p>\n<p><span style=\"color: #781619;\">859. Sokak, No: 4\/303<\/span><\/p>\n<p><font color=\"#781619\">Cumhuriyet Bulvar\u0131, Konak, \u0130zmir<\/font><\/p>\n<p><span style=\"color: #781619;\"><a style=\"color: #781619;\" title=\"+90 212 401 4240\" href=\"tel:+902124014240\">+90 212 401 4240<\/a><\/span><\/p>\n<p><span style=\"color: #781619;\"><a style=\"color: #781619;\" title=\"info@yasarlaw.com\" href=\"mailto:info@yasarlaw.com\">info@yasarlaw.com<\/a><\/span><\/p>\t\t\t\t\t\t\t\t<\/div>\n\t\t\t\t<\/div>\n\t\t\t\t\t<\/div>\n\t\t<\/div>\n\t\t\t\t<div class=\"elementor-column elementor-col-50 elementor-inner-column elementor-element elementor-element-4290edba\" data-id=\"4290edba\" data-element_type=\"column\">\n\t\t\t<div class=\"elementor-widget-wrap elementor-element-populated\">\n\t\t\t\t\t\t<div class=\"elementor-element elementor-element-5b2d60b0 elementor-widget elementor-widget-google_maps\" data-id=\"5b2d60b0\" data-element_type=\"widget\" data-widget_type=\"google_maps.default\">\n\t\t\t\t<div class=\"elementor-widget-container\">\n\t\t\t\t\t\t\t<div class=\"elementor-custom-embed\">\n\t\t\t<iframe loading=\"lazy\"\n\t\t\t\t\tsrc=\"https:\/\/maps.google.com\/maps?q=Karanfil%20Soka%C4%9F%C4%B1%20No%3A13%2C%20Levent%2C%2034330%20Be%C5%9Fikta%C5%9F%2F%C4%B0stanbul&#038;t=m&#038;z=15&#038;output=embed&#038;iwloc=near\"\n\t\t\t\t\ttitle=\"Karanfil Soka\u011f\u0131 No:13, Levent, 34330 Be\u015fikta\u015f\/\u0130stanbul\"\n\t\t\t\t\taria-label=\"Karanfil Soka\u011f\u0131 No:13, Levent, 34330 Be\u015fikta\u015f\/\u0130stanbul\"\n\t\t\t><\/iframe>\n\t\t<\/div>\n\t\t\t\t\t\t<\/div>\n\t\t\t\t<\/div>\n\t\t\t\t\t<\/div>\n\t\t<\/div>\n\t\t\t\t\t<\/div>\n\t\t<\/section>\n\t\t\t\t\t<\/div>\n\t\t<\/div>\n\t\t\t\t\t<\/div>\n\t\t<\/section>\n\t\t\t\t<\/div>\n\t\t","protected":false},"excerpt":{"rendered":"<p>2024 Y\u0131l\u0131n\u0131n \u0130lk \u00c7eyre\u011finde Startup Hukukunu \u0130lgilendiren Mevzuat De\u011fi\u015fiklikleri 1. Ki\u015fisel Verilerin Korunmas\u0131 Mevzuat\u0131 G\u00fcncellendi De\u011fi\u015fiklik ile \u00f6zel nitelikli ki\u015fisel verilerin a\u00e7\u0131k r\u0131za olmaks\u0131z\u0131n i\u015flenemeyece\u011fine dair kural ve bunun istisnalar\u0131n\u0131n \u00f6ng\u00f6r\u00fcld\u00fc\u011f\u00fc sistem tamamen de\u011fi\u015ftirilmi\u015ftir. Bunun yerine \u00f6zel nitelikli ki\u015fisel verilerin i\u015flenmesine dair istisnalar\u0131n kapsam\u0131 genel veri i\u015fleme sebepleri ve GDPR ile paralel olacak \u015fekilde geni\u015fletilmi\u015ftir. [&hellip;]<\/p>\n","protected":false},"author":1,"featured_media":0,"parent":1032,"menu_order":0,"comment_status":"closed","ping_status":"closed","template":"","meta":{"zakra_page_container_layout":"customizer","zakra_page_sidebar_layout":"customizer","zakra_remove_content_margin":false,"zakra_sidebar":"customizer","zakra_transparent_header":"customizer","zakra_logo":0,"zakra_main_header_style":"default","zakra_menu_item_color":null,"zakra_menu_item_hover_color":null,"zakra_menu_item_active_color":null,"zakra_menu_active_style":"","zakra_page_header":true,"om_disable_all_campaigns":false,"_monsterinsights_skip_tracking":false,"_monsterinsights_sitenote_active":false,"_monsterinsights_sitenote_note":"","_monsterinsights_sitenote_category":0,"footnotes":""},"class_list":["post-2636","page","type-page","status-publish","hentry"],"aioseo_notices":[],"_links":{"self":[{"href":"https:\/\/yasarlaw.com\/tr\/wp-json\/wp\/v2\/pages\/2636","targetHints":{"allow":["GET"]}}],"collection":[{"href":"https:\/\/yasarlaw.com\/tr\/wp-json\/wp\/v2\/pages"}],"about":[{"href":"https:\/\/yasarlaw.com\/tr\/wp-json\/wp\/v2\/types\/page"}],"author":[{"embeddable":true,"href":"https:\/\/yasarlaw.com\/tr\/wp-json\/wp\/v2\/users\/1"}],"replies":[{"embeddable":true,"href":"https:\/\/yasarlaw.com\/tr\/wp-json\/wp\/v2\/comments?post=2636"}],"version-history":[{"count":10,"href":"https:\/\/yasarlaw.com\/tr\/wp-json\/wp\/v2\/pages\/2636\/revisions"}],"predecessor-version":[{"id":2806,"href":"https:\/\/yasarlaw.com\/tr\/wp-json\/wp\/v2\/pages\/2636\/revisions\/2806"}],"up":[{"embeddable":true,"href":"https:\/\/yasarlaw.com\/tr\/wp-json\/wp\/v2\/pages\/1032"}],"wp:attachment":[{"href":"https:\/\/yasarlaw.com\/tr\/wp-json\/wp\/v2\/media?parent=2636"}],"curies":[{"name":"wp","href":"https:\/\/api.w.org\/{rel}","templated":true}]}}