{"id":2650,"date":"2024-07-09T23:13:19","date_gmt":"2024-07-09T20:13:19","guid":{"rendered":"https:\/\/yasarlaw.com\/tr\/?page_id=2650"},"modified":"2024-07-10T01:23:38","modified_gmt":"2024-07-09T22:23:38","slug":"kripto-varliklara-iliskin-yasal-duzenleme","status":"publish","type":"page","link":"https:\/\/yasarlaw.com\/tr\/yayinlar\/kripto-varliklara-iliskin-yasal-duzenleme\/","title":{"rendered":"Kripto Varl\u0131klara \u0130li\u015fkin Yasal D\u00fczenleme"},"content":{"rendered":"\t\t<div data-elementor-type=\"wp-page\" data-elementor-id=\"2650\" class=\"elementor elementor-2650\">\n\t\t\t\t\t\t<section class=\"elementor-section elementor-top-section elementor-element elementor-element-1683c794 elementor-section-stretched elementor-section-boxed elementor-section-height-default elementor-section-height-default\" data-id=\"1683c794\" data-element_type=\"section\" data-settings=\"{&quot;stretch_section&quot;:&quot;section-stretched&quot;,&quot;background_background&quot;:&quot;classic&quot;}\">\n\t\t\t\t\t\t\t<div class=\"elementor-background-overlay\"><\/div>\n\t\t\t\t\t\t\t<div class=\"elementor-container elementor-column-gap-no\">\n\t\t\t\t\t<div class=\"elementor-column elementor-col-100 elementor-top-column elementor-element elementor-element-5ef10a83\" data-id=\"5ef10a83\" data-element_type=\"column\">\n\t\t\t<div class=\"elementor-widget-wrap elementor-element-populated\">\n\t\t\t\t\t\t<div class=\"elementor-element elementor-element-d0a8f48 elementor-widget__width-auto elementor-absolute elementor-widget elementor-widget-text-editor\" data-id=\"d0a8f48\" data-element_type=\"widget\" data-settings=\"{&quot;_position&quot;:&quot;absolute&quot;}\" data-widget_type=\"text-editor.default\">\n\t\t\t\t<div class=\"elementor-widget-container\">\n\t\t\t\t\t\t\t\t\t<p><span style=\"color: #ffffff;\"><strong>Kripto Varl\u0131klara \u0130li\u015fkin Yasal D\u00fczenleme<\/strong><\/span><\/p>\t\t\t\t\t\t\t\t<\/div>\n\t\t\t\t<\/div>\n\t\t\t\t\t<\/div>\n\t\t<\/div>\n\t\t\t\t\t<\/div>\n\t\t<\/section>\n\t\t\t\t<section class=\"elementor-section elementor-top-section elementor-element elementor-element-37652bf2 elementor-section-stretched elementor-section-boxed elementor-section-height-default elementor-section-height-default\" data-id=\"37652bf2\" data-element_type=\"section\" data-settings=\"{&quot;stretch_section&quot;:&quot;section-stretched&quot;}\">\n\t\t\t\t\t\t<div class=\"elementor-container elementor-column-gap-wider\">\n\t\t\t\t\t<div class=\"elementor-column elementor-col-100 elementor-top-column elementor-element elementor-element-135ac3b9\" data-id=\"135ac3b9\" data-element_type=\"column\" data-settings=\"{&quot;background_background&quot;:&quot;classic&quot;}\">\n\t\t\t<div class=\"elementor-widget-wrap elementor-element-populated\">\n\t\t\t\t\t\t<div class=\"elementor-element elementor-element-7f2267ca elementor-widget elementor-widget-text-editor\" data-id=\"7f2267ca\" data-element_type=\"widget\" data-widget_type=\"text-editor.default\">\n\t\t\t\t<div class=\"elementor-widget-container\">\n\t\t\t\t\t\t\t\t\t<p>Sermaye Piyasas\u0131 Kanunu\u2019nda yap\u0131lan de\u011fi\u015fiklikle kripto varl\u0131klar yasal d\u00fczenleme alt\u0131na al\u0131nd\u0131. De\u011fi\u015fiklik uyar\u0131nca c\u00fczdan, kripto varl\u0131k, kripto varl\u0131k hizmet sa\u011flay\u0131c\u0131, kripto varl\u0131k saklama hizmeti ve kripto varl\u0131k al\u0131m sat\u0131m platformu tan\u0131mlanm\u0131\u015f ve kripto varl\u0131klara ili\u015fkin temel esaslar d\u00fczenlenmi\u015f oldu.<\/p><p>Hizmet sa\u011flay\u0131c\u0131lar\u0131n kurulabilmesi ve faaliyetlerine ba\u015flayabilmesi i\u00e7in Sermaye Piyasas\u0131 Kurulundan (\u201c<strong>SPK<\/strong>\u201d) izin almas\u0131 zorunlu k\u0131l\u0131nm\u0131\u015ft\u0131r. Hizmet sa\u011flay\u0131c\u0131lar\u0131n sa\u011flamas\u0131 gereken ko\u015fullara ve faaliyetlerine ili\u015fkin esaslar SPK taraf\u0131ndan belirlenecektir. Hizmet sa\u011flay\u0131c\u0131lar, Sermaye Piyasas\u0131 Kanunu\u2019nun kendisine at\u0131f yapmayan h\u00fck\u00fcmlerine tabi tutulmayacakt\u0131r. Hizmet sa\u011flay\u0131c\u0131lar, T\u00dcB\u0130TAK\u2019\u0131n belirleyece\u011fi kriterlere uygun olarak sistemlerinin g\u00fcvenli bir \u015fekilde y\u00f6netilebilmesi i\u00e7in gerekli d\u00fczenlemeleri yapmak, \u00f6nlemleri almak ve gerekli i\u00e7 kontrol birim ve sistemlerini olu\u015fturmakla y\u00fck\u00fcml\u00fcd\u00fcr.<\/p><p>Platformlar \u00fczerinden kripto varl\u0131klar\u0131n al\u0131m sat\u0131m\u0131, ilk sat\u0131\u015f\u0131 ya da da\u011f\u0131t\u0131m\u0131, takas\u0131, transferi ve saklanmas\u0131 ko\u015fullar\u0131 SPK taraf\u0131ndan d\u00fczenlenecektir. Hizmet sa\u011flay\u0131c\u0131lar ile m\u00fc\u015fteriler aras\u0131ndaki s\u00f6zle\u015fmeler; yaz\u0131l\u0131, mesafeli ya da SPK\u2019n\u0131n yaz\u0131l\u0131 \u015feklin yerine ge\u00e7ebilece\u011fini belirledi\u011fi bir haberle\u015fme cihaz\u0131 \u00fczerinden m\u00fc\u015fteri kimli\u011fini do\u011frulamaya imk\u00e2n veren y\u00f6ntemler ile kurulabilecektir. SPK, bu s\u00f6zle\u015fmelerin i\u00e7eri\u011fine ve y\u00fcr\u00fct\u00fclmesine ili\u015fkin esaslar\u0131 belirleyecektir. Hizmet sa\u011flay\u0131c\u0131lar\u0131n s\u00f6zle\u015fmeden do\u011fan sorumlulu\u011funu s\u0131n\u0131rland\u0131ran h\u00fck\u00fcmler ge\u00e7ersiz olacakt\u0131r. M\u00fc\u015fterilerin itirazlar\u0131n\u0131 ve \u015fik\u00e2yetlerini etkin \u015fekilde \u00e7\u00f6zecek mekanizmalar \u00f6ng\u00f6r\u00fclecektir. Platformda i\u015flem g\u00f6recek veya ilk sat\u0131\u015f ya da da\u011f\u0131t\u0131m\u0131 yap\u0131lacak kripto varl\u0131klar\u0131n belirlenmesine ve i\u015flem g\u00f6rmesinin sonland\u0131r\u0131lmas\u0131na ili\u015fkin yaz\u0131l\u0131 listeleme prosed\u00fcr\u00fc olu\u015fturulmas\u0131 zorunludur. SPK, T\u00dcB\u0130TAK\u2019\u0131n ya da di\u011fer kurumlar\u0131n g\u00f6r\u00fc\u015f\u00fcn\u00fc alarak bu konudaki ilke ve esaslar\u0131 d\u00fczenleyecektir. Platformlarda fiyatlar serbest\u00e7e olu\u015facak, piyasa bozucu eylem ve i\u015flemlerin tespit edilip \u00f6nlenmesi ve buna ili\u015fkin tedbirlerin al\u0131nmas\u0131 platformlar\u0131n sorumlulu\u011funda olacakt\u0131r.<\/p><p>Kripto varl\u0131klar m\u00fc\u015fterilerin kendi c\u00fczdanlar\u0131nda bulundurulacakt\u0131r. M\u00fc\u015fterilerin kendi c\u00fczdanlar\u0131nda bulundurmay\u0131 tercih etmedikleri kripto varl\u0131klara ili\u015fkin saklama hizmeti, bankalarca veya SPK taraf\u0131ndan kripto varl\u0131k saklama hizmeti sunma konusunda yetkilendirilmi\u015f di\u011fer kurulu\u015flarca sunulacak ve m\u00fc\u015fterilere ait nakitler bankalarda tutulacakt\u0131r. M\u00fc\u015fterilere ait nakit ve kripto varl\u0131klar, hizmet sa\u011flay\u0131c\u0131n\u0131n mal varl\u0131\u011f\u0131ndan ayr\u0131 olarak tutulup kaydedilecek ve her ne suretle olursa olsun hizmet sa\u011flay\u0131c\u0131n\u0131n bor\u00e7lar\u0131 nedeniyle haczedilemeyecektir.<\/p><p>Yurt d\u0131\u015f\u0131nda yerle\u015fik platformlar\u0131n T\u00fcrkiye\u2019de i\u015f yeri a\u00e7mas\u0131, T\u00fcrk\u00e7e internet sitesi olu\u015fturmas\u0131, tan\u0131t\u0131m ve pazarlama faaliyetlerinde bulunmas\u0131 eylemlerinden birinin varl\u0131\u011f\u0131 halinde T\u00fcrkiye\u2019de yerle\u015fik ki\u015filere y\u00f6nelik faaliyet g\u00f6sterdi\u011fi varsay\u0131lacak ve bu faaliyetler de SPK\u2019n\u0131n iznine tabi olacakt\u0131r.<\/p><p>Hizmet sa\u011flay\u0131c\u0131lar\u0131n ortakl\u0131k yap\u0131s\u0131ndaki de\u011fi\u015fiklikler de SPK\u2019n\u0131n iznine tabi olacakt\u0131r. Hizmet sa\u011flay\u0131c\u0131lar\u0131n pay sahiplerinin, y\u00f6neticilerinin ve \u00fczerinde \u00e7e\u015fitli derecelerde kontrol\u00fcne sahip olanlar\u0131n ta\u015f\u0131mas\u0131 gereken nitelikler de an\u0131lan de\u011fi\u015fiklikte say\u0131lm\u0131\u015ft\u0131r.<\/p><p>De\u011fi\u015fiklik kapsam\u0131nda hizmet sa\u011flay\u0131c\u0131lar\u0131n ve y\u00f6neticilerinin sorumluluklar\u0131 ve bu sorumluluklara ayk\u0131r\u0131l\u0131k halinde uygulanacak yapt\u0131r\u0131mlar da d\u00fczenlenmi\u015ftir. Yukar\u0131da an\u0131lan de\u011fi\u015fiklikler, Resm\u00ee Gazete\u2019de yay\u0131nland\u0131\u011f\u0131 02.07.2024\u2019te y\u00fcr\u00fcrl\u00fc\u011fe girmi\u015ftir. Hizmet sa\u011flay\u0131c\u0131lar; faaliyetlerine devam edecekse faaliyet izni i\u00e7in, devam etmeyecekse \u00fc\u00e7 ay i\u00e7inde tasfiye karar\u0131 alaca\u011f\u0131n\u0131 beyan etmek i\u00e7in 02.08.2024\u2019e kadar SPK\u2019ya ba\u015fvurmak zorundad\u0131r. Yurt d\u0131\u015f\u0131nda yerle\u015fik hizmet sa\u011flay\u0131c\u0131lar ise y\u00fcr\u00fcrl\u00fck tarihinden itibaren bir ay i\u00e7inde faaliyetlerini sonland\u0131rmak zorundad\u0131r.<\/p><p><span style=\"letter-spacing: 0.15px;\">Herhangi bir sorunuz olmas\u0131 halinde bize ula\u015fabilirsiniz.<\/span><\/p>\t\t\t\t\t\t\t\t<\/div>\n\t\t\t\t<\/div>\n\t\t\t\t\t<\/div>\n\t\t<\/div>\n\t\t\t\t\t<\/div>\n\t\t<\/section>\n\t\t\t\t<section class=\"elementor-section elementor-top-section elementor-element elementor-element-4fe75500 elementor-section-boxed elementor-section-height-default elementor-section-height-default\" data-id=\"4fe75500\" data-element_type=\"section\">\n\t\t\t\t\t\t<div class=\"elementor-container elementor-column-gap-default\">\n\t\t\t\t\t<div class=\"elementor-column elementor-col-100 elementor-top-column elementor-element elementor-element-3dd48092\" data-id=\"3dd48092\" data-element_type=\"column\">\n\t\t\t<div class=\"elementor-widget-wrap elementor-element-populated\">\n\t\t\t\t\t\t<div class=\"elementor-element elementor-element-10e39b76 elementor-shape-square elementor-fixed elementor-grid-0 e-grid-align-center elementor-widget elementor-widget-social-icons\" data-id=\"10e39b76\" data-element_type=\"widget\" data-settings=\"{&quot;_position&quot;:&quot;fixed&quot;}\" data-widget_type=\"social-icons.default\">\n\t\t\t\t<div class=\"elementor-widget-container\">\n\t\t\t\t\t\t\t<div class=\"elementor-social-icons-wrapper elementor-grid\">\n\t\t\t\t\t\t\t<span class=\"elementor-grid-item\">\n\t\t\t\t\t<a class=\"elementor-icon elementor-social-icon elementor-social-icon- elementor-animation-grow elementor-repeater-item-c1c9a90\" href=\"https:\/\/yasarlaw.com\/publications\/crypto-assets-regulated\/\">\n\t\t\t\t\t\t<span class=\"elementor-screen-only\"><\/span>\n\t\t\t\t\t\t<svg xmlns=\"http:\/\/www.w3.org\/2000\/svg\" xmlns:xlink=\"http:\/\/www.w3.org\/1999\/xlink\" id=\"Layer_1\" x=\"0px\" y=\"0px\" viewBox=\"0 0 1000 1000\" style=\"enable-background:new 0 0 1000 1000;\" xml:space=\"preserve\"><style type=\"text\/css\">\t.st0{fill:#FFFFFF;}<\/style><g id=\"Layer_3\"><\/g><g id=\"Layer_1_00000020364029370813827900000003168452955817500576_\">\t<rect width=\"1000\" height=\"1000\"><\/rect><\/g><g>\t<path class=\"st0\" d=\"M259.3,345.1H456v51.1H316.2v52.9h122.9v51.1H316.2v54.8h141.5V606H259.3V345.1z\"><\/path>\t<path class=\"st0\" d=\"M508.9,345.1h52.9l122.2,160.6V345.1h56.7v260.8H692L565.5,440.1v165.8h-56.7L508.9,345.1L508.9,345.1z\"><\/path><\/g><\/svg>\t\t\t\t\t<\/a>\n\t\t\t\t<\/span>\n\t\t\t\t\t<\/div>\n\t\t\t\t\t\t<\/div>\n\t\t\t\t<\/div>\n\t\t\t\t\t<\/div>\n\t\t<\/div>\n\t\t\t\t\t<\/div>\n\t\t<\/section>\n\t\t\t\t<section class=\"elementor-section elementor-inner-section elementor-element elementor-element-465e8d09 elementor-section-full_width elementor-section-height-default elementor-section-height-default\" data-id=\"465e8d09\" data-element_type=\"section\">\n\t\t\t\t\t\t<div class=\"elementor-container elementor-column-gap-default\">\n\t\t\t\t\t<div class=\"elementor-column elementor-col-50 elementor-inner-column elementor-element elementor-element-157e31a\" data-id=\"157e31a\" data-element_type=\"column\">\n\t\t\t<div class=\"elementor-widget-wrap elementor-element-populated\">\n\t\t\t\t\t\t<div class=\"elementor-element elementor-element-462c8cf2 elementor-widget elementor-widget-text-editor\" data-id=\"462c8cf2\" data-element_type=\"widget\" data-widget_type=\"text-editor.default\">\n\t\t\t\t<div class=\"elementor-widget-container\">\n\t\t\t\t\t\t\t\t\t<p><span style=\"color: #781619;\"><b>Ya\u015far Law Office<\/b><\/span><\/p>\n<p><span style=\"color: #781619;\">Bize Ula\u015f\u0131n:<\/span><\/p>\n<p><span style=\"color: #781619;\">Karanfil Sokak, No: 13<\/span><\/p>\n<p><span style=\"color: #781619;\">Levent, Be\u015fikta\u015f, \u0130stanbul<\/span><\/p>\n<p><span style=\"color: #781619;\"><a style=\"color: #781619;\" title=\"+90 212 401 4240\" href=\"tel:+902124014240\">+90 212 401 4240<\/a><\/span><\/p>\n<p><span style=\"color: #781619;\"><a style=\"color: #781619;\" title=\"info@yasarlaw.com\" href=\"mailto:info@yasarlaw.com\">info@yasarlaw.com<\/a><\/span><\/p>\t\t\t\t\t\t\t\t<\/div>\n\t\t\t\t<\/div>\n\t\t\t\t<div class=\"elementor-element elementor-element-27cc5c18 elementor-widget elementor-widget-text-editor\" data-id=\"27cc5c18\" data-element_type=\"widget\" data-widget_type=\"text-editor.default\">\n\t\t\t\t<div class=\"elementor-widget-container\">\n\t\t\t\t\t\t\t\t\t<p><span style=\"color: rgb(120, 22, 25); font-style: inherit; font-weight: inherit; letter-spacing: 0.01em;\">Bize Ula\u015f\u0131n:<\/span><br><\/p>\n<p><span style=\"color: #781619;\">859. Sokak, No: 4\/303<\/span><\/p>\n<p><font color=\"#781619\">Cumhuriyet Bulvar\u0131, Konak, \u0130zmir<\/font><\/p>\n<p><span style=\"color: #781619;\"><a style=\"color: #781619;\" title=\"+90 212 401 4240\" href=\"tel:+902124014240\">+90 212 401 4240<\/a><\/span><\/p>\n<p><span style=\"color: #781619;\"><a style=\"color: #781619;\" title=\"info@yasarlaw.com\" href=\"mailto:info@yasarlaw.com\">info@yasarlaw.com<\/a><\/span><\/p>\t\t\t\t\t\t\t\t<\/div>\n\t\t\t\t<\/div>\n\t\t\t\t\t<\/div>\n\t\t<\/div>\n\t\t\t\t<div class=\"elementor-column elementor-col-50 elementor-inner-column elementor-element elementor-element-4b9a3915\" data-id=\"4b9a3915\" data-element_type=\"column\">\n\t\t\t<div class=\"elementor-widget-wrap elementor-element-populated\">\n\t\t\t\t\t\t<div class=\"elementor-element elementor-element-47b8a7c9 elementor-widget elementor-widget-google_maps\" data-id=\"47b8a7c9\" data-element_type=\"widget\" data-widget_type=\"google_maps.default\">\n\t\t\t\t<div class=\"elementor-widget-container\">\n\t\t\t\t\t\t\t<div class=\"elementor-custom-embed\">\n\t\t\t<iframe loading=\"lazy\"\n\t\t\t\t\tsrc=\"https:\/\/maps.google.com\/maps?q=Karanfil%20Soka%C4%9F%C4%B1%20No%3A13%2C%20Levent%2C%2034330%20Be%C5%9Fikta%C5%9F%2F%C4%B0stanbul&#038;t=m&#038;z=15&#038;output=embed&#038;iwloc=near\"\n\t\t\t\t\ttitle=\"Karanfil Soka\u011f\u0131 No:13, Levent, 34330 Be\u015fikta\u015f\/\u0130stanbul\"\n\t\t\t\t\taria-label=\"Karanfil Soka\u011f\u0131 No:13, Levent, 34330 Be\u015fikta\u015f\/\u0130stanbul\"\n\t\t\t><\/iframe>\n\t\t<\/div>\n\t\t\t\t\t\t<\/div>\n\t\t\t\t<\/div>\n\t\t\t\t\t<\/div>\n\t\t<\/div>\n\t\t\t\t\t<\/div>\n\t\t<\/section>\n\t\t\t\t<section class=\"elementor-section elementor-top-section elementor-element elementor-element-26fa9928 elementor-section-stretched elementor-section-boxed elementor-section-height-default elementor-section-height-default\" data-id=\"26fa9928\" data-element_type=\"section\" data-settings=\"{&quot;stretch_section&quot;:&quot;section-stretched&quot;}\">\n\t\t\t\t\t\t<div class=\"elementor-container elementor-column-gap-wider\">\n\t\t\t\t\t<div class=\"elementor-column elementor-col-100 elementor-top-column elementor-element elementor-element-c5b4038\" data-id=\"c5b4038\" data-element_type=\"column\" data-settings=\"{&quot;background_background&quot;:&quot;classic&quot;}\">\n\t\t\t<div class=\"elementor-widget-wrap\">\n\t\t\t\t\t\t\t<\/div>\n\t\t<\/div>\n\t\t\t\t\t<\/div>\n\t\t<\/section>\n\t\t\t\t<\/div>\n\t\t","protected":false},"excerpt":{"rendered":"<p>Kripto Varl\u0131klara \u0130li\u015fkin Yasal D\u00fczenleme Sermaye Piyasas\u0131 Kanunu\u2019nda yap\u0131lan de\u011fi\u015fiklikle kripto varl\u0131klar yasal d\u00fczenleme alt\u0131na al\u0131nd\u0131. De\u011fi\u015fiklik uyar\u0131nca c\u00fczdan, kripto varl\u0131k, kripto varl\u0131k hizmet sa\u011flay\u0131c\u0131, kripto varl\u0131k saklama hizmeti ve kripto varl\u0131k al\u0131m sat\u0131m platformu tan\u0131mlanm\u0131\u015f ve kripto varl\u0131klara ili\u015fkin temel esaslar d\u00fczenlenmi\u015f oldu. Hizmet sa\u011flay\u0131c\u0131lar\u0131n kurulabilmesi ve faaliyetlerine ba\u015flayabilmesi i\u00e7in Sermaye Piyasas\u0131 Kurulundan (\u201cSPK\u201d) [&hellip;]<\/p>\n","protected":false},"author":1,"featured_media":0,"parent":1032,"menu_order":0,"comment_status":"closed","ping_status":"closed","template":"","meta":{"zakra_page_container_layout":"customizer","zakra_page_sidebar_layout":"customizer","zakra_remove_content_margin":false,"zakra_sidebar":"customizer","zakra_transparent_header":"customizer","zakra_logo":0,"zakra_main_header_style":"default","zakra_menu_item_color":null,"zakra_menu_item_hover_color":null,"zakra_menu_item_active_color":null,"zakra_menu_active_style":"","zakra_page_header":true,"om_disable_all_campaigns":false,"_monsterinsights_skip_tracking":false,"_monsterinsights_sitenote_active":false,"_monsterinsights_sitenote_note":"","_monsterinsights_sitenote_category":0,"footnotes":""},"class_list":["post-2650","page","type-page","status-publish","hentry"],"aioseo_notices":[],"_links":{"self":[{"href":"https:\/\/yasarlaw.com\/tr\/wp-json\/wp\/v2\/pages\/2650","targetHints":{"allow":["GET"]}}],"collection":[{"href":"https:\/\/yasarlaw.com\/tr\/wp-json\/wp\/v2\/pages"}],"about":[{"href":"https:\/\/yasarlaw.com\/tr\/wp-json\/wp\/v2\/types\/page"}],"author":[{"embeddable":true,"href":"https:\/\/yasarlaw.com\/tr\/wp-json\/wp\/v2\/users\/1"}],"replies":[{"embeddable":true,"href":"https:\/\/yasarlaw.com\/tr\/wp-json\/wp\/v2\/comments?post=2650"}],"version-history":[{"count":16,"href":"https:\/\/yasarlaw.com\/tr\/wp-json\/wp\/v2\/pages\/2650\/revisions"}],"predecessor-version":[{"id":2791,"href":"https:\/\/yasarlaw.com\/tr\/wp-json\/wp\/v2\/pages\/2650\/revisions\/2791"}],"up":[{"embeddable":true,"href":"https:\/\/yasarlaw.com\/tr\/wp-json\/wp\/v2\/pages\/1032"}],"wp:attachment":[{"href":"https:\/\/yasarlaw.com\/tr\/wp-json\/wp\/v2\/media?parent=2650"}],"curies":[{"name":"wp","href":"https:\/\/api.w.org\/{rel}","templated":true}]}}