{"id":2858,"date":"2024-07-11T01:52:13","date_gmt":"2024-07-10T22:52:13","guid":{"rendered":"https:\/\/yasarlaw.com\/tr\/?page_id=2858"},"modified":"2024-07-11T01:53:00","modified_gmt":"2024-07-10T22:53:00","slug":"kisisel-verilerin-yurt-disina-aktarilmasinin-usul-ve-esaslari-belirlendi","status":"publish","type":"page","link":"https:\/\/yasarlaw.com\/tr\/yayinlar\/kisisel-verilerin-yurt-disina-aktarilmasinin-usul-ve-esaslari-belirlendi\/","title":{"rendered":"Ki\u015fisel Verilerin Yurt D\u0131\u015f\u0131na Aktar\u0131lmas\u0131n\u0131n Usul ve Esaslar\u0131 Belirlendi"},"content":{"rendered":"\t\t<div data-elementor-type=\"wp-page\" data-elementor-id=\"2858\" class=\"elementor elementor-2858\">\n\t\t\t\t\t\t<section class=\"elementor-section elementor-top-section elementor-element elementor-element-1683c794 elementor-section-stretched elementor-section-boxed elementor-section-height-default elementor-section-height-default\" data-id=\"1683c794\" data-element_type=\"section\" data-settings=\"{&quot;stretch_section&quot;:&quot;section-stretched&quot;,&quot;background_background&quot;:&quot;classic&quot;}\">\n\t\t\t\t\t\t\t<div class=\"elementor-background-overlay\"><\/div>\n\t\t\t\t\t\t\t<div class=\"elementor-container elementor-column-gap-no\">\n\t\t\t\t\t<div class=\"elementor-column elementor-col-100 elementor-top-column elementor-element elementor-element-5ef10a83\" data-id=\"5ef10a83\" data-element_type=\"column\">\n\t\t\t<div class=\"elementor-widget-wrap elementor-element-populated\">\n\t\t\t\t\t\t<div class=\"elementor-element elementor-element-d0a8f48 elementor-widget__width-auto elementor-absolute elementor-widget-mobile__width-auto elementor-widget elementor-widget-text-editor\" data-id=\"d0a8f48\" data-element_type=\"widget\" data-settings=\"{&quot;_position&quot;:&quot;absolute&quot;}\" data-widget_type=\"text-editor.default\">\n\t\t\t\t<div class=\"elementor-widget-container\">\n\t\t\t\t\t\t\t\t\t<p><span style=\"color: #ffffff;\"><strong>Ki\u015fisel Verilerin Yurt D\u0131\u015f\u0131na Aktar\u0131lmas\u0131n\u0131n Usul ve Esaslar\u0131 Belirlendi<\/strong><\/span><\/p>\t\t\t\t\t\t\t\t<\/div>\n\t\t\t\t<\/div>\n\t\t\t\t\t<\/div>\n\t\t<\/div>\n\t\t\t\t\t<\/div>\n\t\t<\/section>\n\t\t\t\t<section class=\"elementor-section elementor-top-section elementor-element elementor-element-37652bf2 elementor-section-stretched elementor-section-boxed elementor-section-height-default elementor-section-height-default\" data-id=\"37652bf2\" data-element_type=\"section\" data-settings=\"{&quot;stretch_section&quot;:&quot;section-stretched&quot;}\">\n\t\t\t\t\t\t<div class=\"elementor-container elementor-column-gap-wider\">\n\t\t\t\t\t<div class=\"elementor-column elementor-col-100 elementor-top-column elementor-element elementor-element-135ac3b9\" data-id=\"135ac3b9\" data-element_type=\"column\" data-settings=\"{&quot;background_background&quot;:&quot;classic&quot;}\">\n\t\t\t<div class=\"elementor-widget-wrap elementor-element-populated\">\n\t\t\t\t\t\t<div class=\"elementor-element elementor-element-7f2267ca elementor-widget elementor-widget-text-editor\" data-id=\"7f2267ca\" data-element_type=\"widget\" data-widget_type=\"text-editor.default\">\n\t\t\t\t<div class=\"elementor-widget-container\">\n\t\t\t\t\t\t\t\t\t<p>12.03.2024 tarihli Resm\u00ee Gazete\u2019de yay\u0131mlanan 7499 say\u0131l\u0131 Kanun ile birlikte Ki\u015fisel Verilerin Korunmas\u0131 Kanunu\u2019nda (\u201c<strong>Kanun<\/strong>\u201d) \u00f6zel nitelikli ki\u015fisel verilerin i\u015flenmesine ve ki\u015fisel verilerin yurt d\u0131\u015f\u0131na aktar\u0131lmas\u0131na ili\u015fkin \u00f6nemli de\u011fi\u015fiklikler yap\u0131lm\u0131\u015f, ki\u015fisel verilerin yurt d\u0131\u015f\u0131na aktar\u0131lmas\u0131na ili\u015fkin de\u011fi\u015fikliklerin 01.09.2024 tarihinde y\u00fcr\u00fcrl\u00fc\u011fe girece\u011fi d\u00fczenlenmi\u015fti. An\u0131lan de\u011fi\u015fiklik ile ilgili daha detayl\u0131 bilgiye <strong><a href=\"https:\/\/yasarlaw.com\/tr\/yayinlar\/kisisel-verilerin-korunmasi-kanununda-degisiklikler\/\">buradan<\/a><\/strong> ula\u015fabilirsiniz.<\/p><p>Ki\u015fisel Verileri Koruma Kurumu (\u201c<strong>Kurum<\/strong>\u201d), ki\u015fisel verilerin yurt d\u0131\u015f\u0131na aktar\u0131lmas\u0131na ili\u015fkin usul ve esaslar\u0131 d\u00fczenleme amac\u0131yla bir y\u00f6netmelik tasla\u011f\u0131 d\u00fczenlemi\u015f ve tasla\u011f\u0131 kamuoyunun g\u00f6r\u00fc\u015f\u00fcne ve de\u011ferlendirmesine sunmu\u015ftu. \u0130lgili taslak, b\u00fcy\u00fck \u00f6l\u00e7\u00fcde korunarak Ki\u015fisel Verilerin Yurt D\u0131\u015f\u0131na Aktar\u0131lmas\u0131na \u0130li\u015fkin Usul ve Esaslar Hakk\u0131nda Y\u00f6netmelik (\u201c<strong>Y\u00f6netmelik<\/strong>\u201d) ba\u015fl\u0131\u011f\u0131yla Kurum taraf\u0131ndan Resm\u00ee Gazete\u2019de 10.07.2024 tarihinde yay\u0131nlanarak y\u00fcr\u00fcrl\u00fc\u011fe girmi\u015ftir.<\/p><p>Kanun ile paralel olarak Y\u00f6netmelik uyar\u0131nca genel veri i\u015fleme \u015fartlar\u0131ndan veya \u00f6zel nitelikli ki\u015fisel veri i\u015fleme \u015fartlar\u0131ndan birinin varl\u0131\u011f\u0131 halinde ve a\u015fa\u011f\u0131da kademeli olarak a\u00e7\u0131klanan ek ko\u015fullardan biri sa\u011flanarak a\u00e7\u0131k r\u0131za aranmaks\u0131z\u0131n yurt d\u0131\u015f\u0131na veri aktar\u0131m\u0131na izin veren bir d\u00fczenleme \u00f6ng\u00f6r\u00fclm\u00fc\u015ft\u00fcr.<\/p><p><b>1.\u00a0<\/b><span style=\"letter-spacing: 0.01em;\">Buna g\u00f6re, ilk olarak, veri aktar\u0131m\u0131n yap\u0131laca\u011f\u0131 \u00fclke, uluslararas\u0131 kurulu\u015f veya \u00fclke i\u00e7erisindeki sekt\u00f6r hakk\u0131nda Ki\u015fisel Verileri Koruma Kurulu (\u201c<\/span><strong style=\"letter-spacing: 0.01em;\">Kurul<\/strong><span style=\"letter-spacing: 0.01em;\">\u201d) taraf\u0131ndan yeterlilik karar\u0131 verilmi\u015f olmas\u0131 gerekmektedir. Yeterlilik karar\u0131 verilirken kar\u015f\u0131l\u0131kl\u0131l\u0131k durumu, aktar\u0131m yap\u0131lacak yerdeki kurallar ve koruma mekanizmalar\u0131 ile uluslararas\u0131 s\u00f6zle\u015fmeler gibi kriterler dikkate al\u0131nacakt\u0131r. Yeterlilik karar\u0131, en ge\u00e7 d\u00f6rt y\u0131lda bir yeniden de\u011ferlendirilecektir. Kurul, gerekli g\u00f6rd\u00fc\u011f\u00fc takdirde daha k\u0131sa bir yeniden de\u011ferlendirme d\u00f6nemi belirleyebilece\u011fi gibi bu s\u00fcre ile ba\u011fl\u0131 olmaks\u0131z\u0131n yeterlilik karar\u0131n\u0131 g\u00f6zden ge\u00e7irerek ileriye etkili olmak \u00fczere de\u011fi\u015ftirebilir, ask\u0131ya alabilir veya kald\u0131rabilir. Yeterlilik kararlar\u0131 ile de\u011fi\u015ftirme, ask\u0131ya alma ve kald\u0131rma kararlar\u0131 Resm\u00ee Gazete\u2019de ve Kurum\u2019un internet sitesinde yay\u0131nlanacakt\u0131r.<\/span><\/p><p><span style=\"letter-spacing: 0.01em;\"><b>2.\u00a0<\/b>Kurul taraf\u0131ndan verilen bir yeterlilik karar\u0131n\u0131n bulunmamas\u0131 durumunda aktar\u0131m\u0131n yap\u0131laca\u011f\u0131 \u00fclkede ilgili ki\u015finin haklar\u0131n\u0131 kullanma ve etkili kanun yollar\u0131na ba\u015fvurma imk\u00e2n\u0131n\u0131n bulunmas\u0131 kayd\u0131yla uluslararas\u0131 s\u00f6zle\u015fme niteli\u011finde olmayan anla\u015fma, ba\u011flay\u0131c\u0131 \u015firket kural\u0131, standart s\u00f6zle\u015fme, taahh\u00fctname gibi Kanun\u2019da say\u0131lan uygun g\u00fcvencelerden birinin taraflarca sa\u011flanmas\u0131 halinde yurt d\u0131\u015f\u0131na veri aktar\u0131m\u0131 yap\u0131labilecektir.<\/span><\/p><p><span style=\"letter-spacing: 0.01em;\"><b>i.\u00a0<\/b>T\u00fcrkiye\u2019deki kamu kurum ve kurulu\u015flar\u0131 ile kamu kurumu niteli\u011findeki meslek kurulu\u015flar\u0131 ve yabanc\u0131 \u00fclkedeki kamu kurum ve kurulu\u015flar\u0131 veya uluslararas\u0131 kurulu\u015flar aras\u0131nda uluslararas\u0131 s\u00f6zle\u015fme niteli\u011finde olmayan anla\u015fma akdedilmesi yoluyla uygun g\u00fcvencenin tesis edilmesi m\u00fcmk\u00fcnd\u00fcr. Anla\u015fman\u0131n i\u00e7eri\u011finde ki\u015fisel verilerin korunmas\u0131 amac\u0131na hizmet eden ve Y\u00f6netmelik\u2019te say\u0131lm\u0131\u015f olan h\u00fck\u00fcmlere yer verilecektir. Anla\u015fma ve ilgili bilgi ve belgeler Kurul\u2019un onay\u0131na sunulacak, Kurul\u2019un onay\u0131 akabinde veri aktar\u0131m\u0131na ba\u015flanacakt\u0131r.<\/span><\/p><p><span style=\"letter-spacing: 0.01em;\"><b>ii.\u00a0<\/b>Uygun g\u00fcvence, ortak ekonomik faaliyette bulunan te\u015febb\u00fcs grubu b\u00fcnyesindeki \u015firketlerin uymakla y\u00fck\u00fcml\u00fc oldu\u011fu ve ki\u015fisel verilerin korunmas\u0131n\u0131 ama\u00e7layan ba\u011flay\u0131c\u0131 \u015firket kurallar\u0131n\u0131n kararla\u015ft\u0131r\u0131lmas\u0131yla da tesis edilebilecektir. Ba\u011flay\u0131c\u0131 \u015firket kurallar\u0131na dayan\u0131larak veri aktar\u0131lmas\u0131 i\u00e7in Kurul\u2019un onay\u0131na ba\u015fvurulacakt\u0131r. Veri sorumlular\u0131 ve veri i\u015fleyenler i\u00e7in ba\u011flay\u0131c\u0131 \u015firket kurallar\u0131 ba\u015fvuru formlar\u0131, 10.07.2024 tarihinde Kurum\u2019un internet sitesinde <\/span><strong style=\"letter-spacing: 0.01em;\"><a href=\"https:\/\/www.kvkk.gov.tr\/Icerik\/7938\/Standart-Sozlesmeler-ve-Baglayici-Sirket-Kurallarina-Iliskin-Dokumanlar-Hakkinda-Kamuoyu-Duyurusu\">yay\u0131nlanm\u0131\u015ft\u0131r<\/a><\/strong><span style=\"letter-spacing: 0.01em;\">. Ba\u015fvuru formunda ba\u011flay\u0131c\u0131 \u015firket kurallar\u0131n\u0131n taraflar ve \u00e7al\u0131\u015fanlar\u0131 i\u00e7in hukuken ba\u011flay\u0131c\u0131 ve uygulanabilir oldu\u011funa, veri aktar\u0131m\u0131n yap\u0131ld\u0131\u011f\u0131 yerde ilgili ki\u015finin haklar\u0131n\u0131n korunabilece\u011fi taahh\u00fcd\u00fcne, ortak te\u015febb\u00fcs grubunun yap\u0131s\u0131na, tedbirlere ve veri ak\u0131\u015f\u0131na ili\u015fkin detaylara yer verildi\u011fi g\u00f6r\u00fclmektedir.<\/span><\/p><p><strong>iii.<\/strong> Uygun g\u00fcvence; veri kategorileri, veri aktar\u0131m\u0131n\u0131n ama\u00e7lar\u0131, al\u0131c\u0131 ve al\u0131c\u0131 gruplar\u0131, veri al\u0131c\u0131s\u0131 taraf\u0131ndan al\u0131nacak teknik ve idari tedbirler, \u00f6zel nitelikli ki\u015fisel veriler i\u00e7in al\u0131nan ek \u00f6nlemler gibi hususlar\u0131 ihtiva eden standart s\u00f6zle\u015fme imzalanmas\u0131 vas\u0131tas\u0131yla da sa\u011flanabilecektir. Veri sorumlular\u0131yla veri i\u015fleyenler aras\u0131ndaki veri aktar\u0131mlar\u0131nda kullan\u0131lacak olan standart s\u00f6zle\u015fme metinleri, 10.07.2024 tarihinde Kurum\u2019un internet sitesinde <a href=\"https:\/\/www.kvkk.gov.tr\/Icerik\/7938\/Standart-Sozlesmeler-ve-Baglayici-Sirket-Kurallarina-Iliskin-Dokumanlar-Hakkinda-Kamuoyu-Duyurusu\"><strong>yay\u0131nlanm\u0131\u015ft\u0131r<\/strong><\/a>. Bu s\u00f6zle\u015fmeler, \u00fczerinde herhangi bir de\u011fi\u015fiklik yap\u0131lmaks\u0131z\u0131n kullan\u0131lacak ve Kurum\u2019a bildirilecektir. Uygun g\u00fcvence te\u015fkil eden di\u011fer y\u00f6ntemlerden farkl\u0131 olarak standart s\u00f6zle\u015fmenin imzalanmas\u0131 ve Kurul\u2019a bildirilmesi yeterlidir. Ancak s\u00f6zle\u015fme metninde de\u011fi\u015fiklik yap\u0131lmas\u0131 halinde Kurul, standart s\u00f6zle\u015fme metnini a\u015fa\u011f\u0131da detaylar\u0131na yer verilen taahh\u00fctname olarak nitelendirip onay i\u00e7in incelemeye alacakt\u0131r.<\/p><p>Ayr\u0131ca, Kanun\u2019da d\u00fczenlenen standart s\u00f6zle\u015fmelerin Kurum\u2019a bildirim y\u00fck\u00fcml\u00fcl\u00fc\u011f\u00fcn\u00fcn kapsam\u0131, Y\u00f6netmelik ile geni\u015fletilmi\u015ftir. Kanun uyar\u0131nca standart s\u00f6zle\u015fmenin 5 g\u00fcn i\u00e7inde Kurum\u2019a bildirilmesi gerekmekteyken Y\u00f6netmelik, standart s\u00f6zle\u015fmenin taraflar\u0131nda veya i\u00e7eri\u011finde meydana gelen de\u011fi\u015fikli\u011fin veya standart s\u00f6zle\u015fmenin sona ermesinin de Kurum\u2019a bildirilece\u011fini d\u00fczenlemi\u015ftir. Bu ayr\u0131m, Kanun\u2019da ihlali idari para cezas\u0131 yapt\u0131r\u0131m\u0131na tabi tutulan bir y\u00fck\u00fcml\u00fcl\u00fc\u011f\u00fcn kapsam\u0131n\u0131n Y\u00f6netmelik ile geni\u015fletilmesine yol a\u00e7t\u0131\u011f\u0131ndan ele\u015ftiriye tabi tutulabilecektir.<\/p><p><b>iv.\u00a0<\/b><span style=\"letter-spacing: 0.01em;\">Nihayet uygun g\u00fcvence veri aktar\u0131m\u0131n\u0131n taraflar\u0131 aras\u0131nda akdedilecek yaz\u0131l\u0131 bir taahh\u00fctname vas\u0131tas\u0131yla sa\u011flanabilecektir. Taahh\u00fctnamenin i\u00e7eri\u011finde ki\u015fisel verilerin korunmas\u0131 amac\u0131na hizmet eden ve Y\u00f6netmelik\u2019te say\u0131lm\u0131\u015f olan h\u00fck\u00fcmlere yer verilecektir. Taahh\u00fctname Kurul\u2019un onay\u0131na sunulacak, Kurul\u2019un onay\u0131 akabinde veri aktar\u0131m\u0131na ba\u015flanacakt\u0131r.<\/span><\/p><p><strong>3. <\/strong>Son olarak, yeterlilik karar\u0131 ve uygun g\u00fcvencelerin sa\u011flanamamas\u0131 halinde de ar\u0131zi olmak kayd\u0131yla aktar\u0131m yap\u0131labilecektir. Ar\u0131zi aktar\u0131mdan d\u00fczenli olmayan, bir veya birka\u00e7 defa ger\u00e7ekle\u015fen, s\u00fcreklilik arz etmeyen ve ola\u011fan faaliyet ak\u0131\u015f\u0131 i\u00e7inde bulunmayan aktar\u0131mlar anla\u015f\u0131l\u0131r. Ancak bu h\u00fckm\u00fcn de ilgili ki\u015finin ayd\u0131nlat\u0131lm\u0131\u015f a\u00e7\u0131k r\u0131zas\u0131, s\u00f6zle\u015fmenin ifas\u0131, \u00fcst\u00fcn kamu yarar\u0131 gibi Kanun\u2019da ve Y\u00f6netmelik\u2019te say\u0131lan baz\u0131 zorunlu hallerde yap\u0131lacak olan aktar\u0131mlara izin verdi\u011fine dikkat \u00e7ekmek gerekmektedir.<\/p><p>Herhangi bir sorunuz olmas\u0131 halinde bize ula\u015fabilirsiniz.<\/p>\t\t\t\t\t\t\t\t<\/div>\n\t\t\t\t<\/div>\n\t\t\t\t\t<\/div>\n\t\t<\/div>\n\t\t\t\t\t<\/div>\n\t\t<\/section>\n\t\t\t\t<section class=\"elementor-section elementor-top-section elementor-element elementor-element-4fe75500 elementor-section-boxed elementor-section-height-default elementor-section-height-default\" data-id=\"4fe75500\" data-element_type=\"section\">\n\t\t\t\t\t\t<div class=\"elementor-container elementor-column-gap-default\">\n\t\t\t\t\t<div class=\"elementor-column elementor-col-100 elementor-top-column elementor-element elementor-element-3dd48092\" data-id=\"3dd48092\" data-element_type=\"column\">\n\t\t\t<div class=\"elementor-widget-wrap elementor-element-populated\">\n\t\t\t\t\t\t<div class=\"elementor-element elementor-element-10e39b76 elementor-shape-square elementor-fixed elementor-grid-0 e-grid-align-center elementor-widget elementor-widget-social-icons\" data-id=\"10e39b76\" data-element_type=\"widget\" data-settings=\"{&quot;_position&quot;:&quot;fixed&quot;}\" data-widget_type=\"social-icons.default\">\n\t\t\t\t<div class=\"elementor-widget-container\">\n\t\t\t\t\t\t\t<div class=\"elementor-social-icons-wrapper elementor-grid\">\n\t\t\t\t\t\t\t<span class=\"elementor-grid-item\">\n\t\t\t\t\t<a class=\"elementor-icon elementor-social-icon elementor-social-icon- elementor-animation-grow elementor-repeater-item-c1c9a90\" href=\"https:\/\/yasarlaw.com\/publications\/procedures-and-principles-regarding-the-transfer-of-personal-data-abroad-regulated\/\">\n\t\t\t\t\t\t<span class=\"elementor-screen-only\"><\/span>\n\t\t\t\t\t\t<svg xmlns=\"http:\/\/www.w3.org\/2000\/svg\" xmlns:xlink=\"http:\/\/www.w3.org\/1999\/xlink\" id=\"Layer_1\" x=\"0px\" y=\"0px\" viewBox=\"0 0 1000 1000\" style=\"enable-background:new 0 0 1000 1000;\" xml:space=\"preserve\"><style type=\"text\/css\">\t.st0{fill:#FFFFFF;}<\/style><g id=\"Layer_3\"><\/g><g id=\"Layer_1_00000020364029370813827900000003168452955817500576_\">\t<rect width=\"1000\" height=\"1000\"><\/rect><\/g><g>\t<path class=\"st0\" d=\"M259.3,345.1H456v51.1H316.2v52.9h122.9v51.1H316.2v54.8h141.5V606H259.3V345.1z\"><\/path>\t<path class=\"st0\" d=\"M508.9,345.1h52.9l122.2,160.6V345.1h56.7v260.8H692L565.5,440.1v165.8h-56.7L508.9,345.1L508.9,345.1z\"><\/path><\/g><\/svg>\t\t\t\t\t<\/a>\n\t\t\t\t<\/span>\n\t\t\t\t\t<\/div>\n\t\t\t\t\t\t<\/div>\n\t\t\t\t<\/div>\n\t\t\t\t\t<\/div>\n\t\t<\/div>\n\t\t\t\t\t<\/div>\n\t\t<\/section>\n\t\t\t\t<section class=\"elementor-section elementor-top-section elementor-element elementor-element-26fa9928 elementor-section-stretched elementor-section-boxed elementor-section-height-default elementor-section-height-default\" data-id=\"26fa9928\" data-element_type=\"section\" data-settings=\"{&quot;stretch_section&quot;:&quot;section-stretched&quot;}\">\n\t\t\t\t\t\t<div class=\"elementor-container elementor-column-gap-wider\">\n\t\t\t\t\t<div class=\"elementor-column elementor-col-100 elementor-top-column elementor-element elementor-element-c5b4038\" data-id=\"c5b4038\" data-element_type=\"column\" data-settings=\"{&quot;background_background&quot;:&quot;classic&quot;}\">\n\t\t\t<div class=\"elementor-widget-wrap elementor-element-populated\">\n\t\t\t\t\t\t<section class=\"elementor-section elementor-inner-section elementor-element elementor-element-3f767c48 elementor-section-full_width elementor-section-height-default elementor-section-height-default\" data-id=\"3f767c48\" data-element_type=\"section\">\n\t\t\t\t\t\t<div class=\"elementor-container elementor-column-gap-default\">\n\t\t\t\t\t<div class=\"elementor-column elementor-col-50 elementor-inner-column elementor-element elementor-element-368fb3c6\" data-id=\"368fb3c6\" data-element_type=\"column\">\n\t\t\t<div class=\"elementor-widget-wrap elementor-element-populated\">\n\t\t\t\t\t\t<div class=\"elementor-element elementor-element-147a07b8 elementor-widget elementor-widget-text-editor\" data-id=\"147a07b8\" data-element_type=\"widget\" data-widget_type=\"text-editor.default\">\n\t\t\t\t<div class=\"elementor-widget-container\">\n\t\t\t\t\t\t\t\t\t<p><span style=\"color: #781619;\"><b>Ya\u015far Law Office<\/b><\/span><\/p><p><span style=\"color: #781619;\">Bize Ula\u015f\u0131n:<\/span><\/p><p><span style=\"color: #781619;\">Karanfil Sokak, No: 13<\/span><\/p><p><span style=\"color: #781619;\">Levent, Be\u015fikta\u015f, \u0130stanbul<\/span><\/p><p><span style=\"color: #781619;\"><a style=\"color: #781619;\" title=\"+90 212 401 4240\" href=\"tel:+902124014240\">+90 212 401 4240<\/a><\/span><\/p><p><span style=\"color: #781619;\"><a style=\"color: #781619;\" title=\"info@yasarlaw.com\" href=\"mailto:info@yasarlaw.com\">info@yasarlaw.com<\/a><\/span><\/p>\t\t\t\t\t\t\t\t<\/div>\n\t\t\t\t<\/div>\n\t\t\t\t<div class=\"elementor-element elementor-element-4c8d054 elementor-widget elementor-widget-text-editor\" data-id=\"4c8d054\" data-element_type=\"widget\" data-widget_type=\"text-editor.default\">\n\t\t\t\t<div class=\"elementor-widget-container\">\n\t\t\t\t\t\t\t\t\t<p><span style=\"color: rgb(120, 22, 25); font-style: inherit; font-weight: inherit; letter-spacing: 0.01em;\">Bize Ula\u015f\u0131n:<\/span><br><\/p>\n<p><span style=\"color: #781619;\">859. Sokak, No: 4\/303<\/span><\/p>\n<p><font color=\"#781619\">Cumhuriyet Bulvar\u0131, Konak, \u0130zmir<\/font><\/p>\n<p><span style=\"color: #781619;\"><a style=\"color: #781619;\" title=\"+90 212 401 4240\" href=\"tel:+902124014240\">+90 212 401 4240<\/a><\/span><\/p>\n<p><span style=\"color: #781619;\"><a style=\"color: #781619;\" title=\"info@yasarlaw.com\" href=\"mailto:info@yasarlaw.com\">info@yasarlaw.com<\/a><\/span><\/p>\t\t\t\t\t\t\t\t<\/div>\n\t\t\t\t<\/div>\n\t\t\t\t\t<\/div>\n\t\t<\/div>\n\t\t\t\t<div class=\"elementor-column elementor-col-50 elementor-inner-column elementor-element elementor-element-4290edba\" data-id=\"4290edba\" data-element_type=\"column\">\n\t\t\t<div class=\"elementor-widget-wrap elementor-element-populated\">\n\t\t\t\t\t\t<div class=\"elementor-element elementor-element-5b2d60b0 elementor-widget elementor-widget-google_maps\" data-id=\"5b2d60b0\" data-element_type=\"widget\" data-widget_type=\"google_maps.default\">\n\t\t\t\t<div class=\"elementor-widget-container\">\n\t\t\t\t\t\t\t<div class=\"elementor-custom-embed\">\n\t\t\t<iframe loading=\"lazy\"\n\t\t\t\t\tsrc=\"https:\/\/maps.google.com\/maps?q=Karanfil%20Soka%C4%9F%C4%B1%20No%3A13%2C%20Levent%2C%2034330%20Be%C5%9Fikta%C5%9F%2F%C4%B0stanbul&#038;t=m&#038;z=15&#038;output=embed&#038;iwloc=near\"\n\t\t\t\t\ttitle=\"Karanfil Soka\u011f\u0131 No:13, Levent, 34330 Be\u015fikta\u015f\/\u0130stanbul\"\n\t\t\t\t\taria-label=\"Karanfil Soka\u011f\u0131 No:13, Levent, 34330 Be\u015fikta\u015f\/\u0130stanbul\"\n\t\t\t><\/iframe>\n\t\t<\/div>\n\t\t\t\t\t\t<\/div>\n\t\t\t\t<\/div>\n\t\t\t\t\t<\/div>\n\t\t<\/div>\n\t\t\t\t\t<\/div>\n\t\t<\/section>\n\t\t\t\t\t<\/div>\n\t\t<\/div>\n\t\t\t\t\t<\/div>\n\t\t<\/section>\n\t\t\t\t<\/div>\n\t\t","protected":false},"excerpt":{"rendered":"<p>Ki\u015fisel Verilerin Yurt D\u0131\u015f\u0131na Aktar\u0131lmas\u0131n\u0131n Usul ve Esaslar\u0131 Belirlendi 12.03.2024 tarihli Resm\u00ee Gazete\u2019de yay\u0131mlanan 7499 say\u0131l\u0131 Kanun ile birlikte Ki\u015fisel Verilerin Korunmas\u0131 Kanunu\u2019nda (\u201cKanun\u201d) \u00f6zel nitelikli ki\u015fisel verilerin i\u015flenmesine ve ki\u015fisel verilerin yurt d\u0131\u015f\u0131na aktar\u0131lmas\u0131na ili\u015fkin \u00f6nemli de\u011fi\u015fiklikler yap\u0131lm\u0131\u015f, ki\u015fisel verilerin yurt d\u0131\u015f\u0131na aktar\u0131lmas\u0131na ili\u015fkin de\u011fi\u015fikliklerin 01.09.2024 tarihinde y\u00fcr\u00fcrl\u00fc\u011fe girece\u011fi d\u00fczenlenmi\u015fti. An\u0131lan de\u011fi\u015fiklik ile ilgili [&hellip;]<\/p>\n","protected":false},"author":1,"featured_media":0,"parent":1032,"menu_order":0,"comment_status":"closed","ping_status":"closed","template":"","meta":{"zakra_page_container_layout":"customizer","zakra_page_sidebar_layout":"customizer","zakra_remove_content_margin":false,"zakra_sidebar":"customizer","zakra_transparent_header":"customizer","zakra_logo":0,"zakra_main_header_style":"default","zakra_menu_item_color":null,"zakra_menu_item_hover_color":null,"zakra_menu_item_active_color":null,"zakra_menu_active_style":"","zakra_page_header":true,"om_disable_all_campaigns":false,"_monsterinsights_skip_tracking":false,"_monsterinsights_sitenote_active":false,"_monsterinsights_sitenote_note":"","_monsterinsights_sitenote_category":0,"footnotes":""},"class_list":["post-2858","page","type-page","status-publish","hentry"],"aioseo_notices":[],"_links":{"self":[{"href":"https:\/\/yasarlaw.com\/tr\/wp-json\/wp\/v2\/pages\/2858","targetHints":{"allow":["GET"]}}],"collection":[{"href":"https:\/\/yasarlaw.com\/tr\/wp-json\/wp\/v2\/pages"}],"about":[{"href":"https:\/\/yasarlaw.com\/tr\/wp-json\/wp\/v2\/types\/page"}],"author":[{"embeddable":true,"href":"https:\/\/yasarlaw.com\/tr\/wp-json\/wp\/v2\/users\/1"}],"replies":[{"embeddable":true,"href":"https:\/\/yasarlaw.com\/tr\/wp-json\/wp\/v2\/comments?post=2858"}],"version-history":[{"count":7,"href":"https:\/\/yasarlaw.com\/tr\/wp-json\/wp\/v2\/pages\/2858\/revisions"}],"predecessor-version":[{"id":2865,"href":"https:\/\/yasarlaw.com\/tr\/wp-json\/wp\/v2\/pages\/2858\/revisions\/2865"}],"up":[{"embeddable":true,"href":"https:\/\/yasarlaw.com\/tr\/wp-json\/wp\/v2\/pages\/1032"}],"wp:attachment":[{"href":"https:\/\/yasarlaw.com\/tr\/wp-json\/wp\/v2\/media?parent=2858"}],"curies":[{"name":"wp","href":"https:\/\/api.w.org\/{rel}","templated":true}]}}