{"id":2902,"date":"2025-01-08T01:39:20","date_gmt":"2025-01-07T22:39:20","guid":{"rendered":"https:\/\/yasarlaw.com\/tr\/?page_id=2902"},"modified":"2025-01-08T01:42:29","modified_gmt":"2025-01-07T22:42:29","slug":"kisisel-verilerin-yurt-disina-aktarilmasi-rehberi-yayimlandi","status":"publish","type":"page","link":"https:\/\/yasarlaw.com\/tr\/yayinlar\/kisisel-verilerin-yurt-disina-aktarilmasi-rehberi-yayimlandi\/","title":{"rendered":"Ki\u015fisel Verilerin Yurt D\u0131\u015f\u0131na Aktar\u0131lmas\u0131 Rehberi Yay\u0131mland\u0131"},"content":{"rendered":"\t\t<div data-elementor-type=\"wp-page\" data-elementor-id=\"2902\" class=\"elementor elementor-2902\">\n\t\t\t\t\t\t<section class=\"elementor-section elementor-top-section elementor-element elementor-element-1683c794 elementor-section-stretched elementor-section-boxed elementor-section-height-default elementor-section-height-default\" data-id=\"1683c794\" data-element_type=\"section\" data-settings=\"{&quot;stretch_section&quot;:&quot;section-stretched&quot;,&quot;background_background&quot;:&quot;classic&quot;}\">\n\t\t\t\t\t\t\t<div class=\"elementor-background-overlay\"><\/div>\n\t\t\t\t\t\t\t<div class=\"elementor-container elementor-column-gap-no\">\n\t\t\t\t\t<div class=\"elementor-column elementor-col-100 elementor-top-column elementor-element elementor-element-5ef10a83\" data-id=\"5ef10a83\" data-element_type=\"column\">\n\t\t\t<div class=\"elementor-widget-wrap elementor-element-populated\">\n\t\t\t\t\t\t<div class=\"elementor-element elementor-element-d0a8f48 elementor-widget__width-auto elementor-absolute elementor-widget-mobile__width-auto elementor-widget elementor-widget-text-editor\" data-id=\"d0a8f48\" data-element_type=\"widget\" data-settings=\"{&quot;_position&quot;:&quot;absolute&quot;}\" data-widget_type=\"text-editor.default\">\n\t\t\t\t<div class=\"elementor-widget-container\">\n\t\t\t\t\t\t\t\t\t<p><span style=\"color: #ffffff;\"><strong>Ki\u015fisel Verilerin Yurt D\u0131\u015f\u0131na Aktar\u0131lmas\u0131 Rehberi Yay\u0131mland\u0131<\/strong><\/span><\/p>\t\t\t\t\t\t\t\t<\/div>\n\t\t\t\t<\/div>\n\t\t\t\t\t<\/div>\n\t\t<\/div>\n\t\t\t\t\t<\/div>\n\t\t<\/section>\n\t\t\t\t<section class=\"elementor-section elementor-top-section elementor-element elementor-element-37652bf2 elementor-section-stretched elementor-section-boxed elementor-section-height-default elementor-section-height-default\" data-id=\"37652bf2\" data-element_type=\"section\" data-settings=\"{&quot;stretch_section&quot;:&quot;section-stretched&quot;}\">\n\t\t\t\t\t\t<div class=\"elementor-container elementor-column-gap-wider\">\n\t\t\t\t\t<div class=\"elementor-column elementor-col-100 elementor-top-column elementor-element elementor-element-135ac3b9\" data-id=\"135ac3b9\" data-element_type=\"column\" data-settings=\"{&quot;background_background&quot;:&quot;classic&quot;}\">\n\t\t\t<div class=\"elementor-widget-wrap elementor-element-populated\">\n\t\t\t\t\t\t<div class=\"elementor-element elementor-element-7f2267ca elementor-widget elementor-widget-text-editor\" data-id=\"7f2267ca\" data-element_type=\"widget\" data-widget_type=\"text-editor.default\">\n\t\t\t\t<div class=\"elementor-widget-container\">\n\t\t\t\t\t\t\t\t\t<p>Ki\u015fisel Verilerin Korunmas\u0131 Kanunu\u2019nda (\u201c<strong>Kanun<\/strong>\u201d) ki\u015fisel verilerin yurt d\u0131\u015f\u0131na aktar\u0131lmas\u0131na ili\u015fkin \u00f6nemli de\u011fi\u015fiklikler <a href=\"https:\/\/yasarlaw.com\/tr\/yayinlar\/kisisel-verilerin-korunmasi-kanununda-degisiklikler\/\"><strong>yap\u0131lm\u0131\u015f<\/strong><\/a>, akabinde Ki\u015fisel Verilerin Yurt D\u0131\u015f\u0131na Aktar\u0131lmas\u0131na \u0130li\u015fkin Usul ve Esaslar Hakk\u0131nda Y\u00f6netmelik <a href=\"https:\/\/yasarlaw.com\/tr\/yayinlar\/kisisel-verilerin-yurt-disina-aktarilmasinin-usul-ve-esaslari-belirlendi\/\"><strong>yay\u0131mlanm\u0131\u015ft\u0131<\/strong><\/a>. Ki\u015fisel Verileri Koruma Kurulu, (\u201c<strong>Kurul<\/strong>\u201d) an\u0131lan mevzuat de\u011fi\u015fikliklerinin \u00f6ng\u00f6rd\u00fc\u011f\u00fc g\u00fcvencelere ili\u015fkin beklentilerini sunmak ve uygulamadaki soru i\u015faretlerini gidermek amac\u0131yla 02.01.2025 tarihinde Ki\u015fisel Verilerin Yurt D\u0131\u015f\u0131na Aktar\u0131lmas\u0131 Rehberi\u2019ni (\u201c<strong>Rehber<\/strong>\u201d) yay\u0131mlam\u0131\u015ft\u0131r. Rehber\u2019de yer alan baz\u0131 \u00f6nemli hususlara a\u015fa\u011f\u0131da yer verilmi\u015ftir.<\/p><p><strong>1. Yurt D\u0131\u015f\u0131na Veri Aktar\u0131m\u0131 H\u00fck\u00fcmlerine Tabi Olma<\/strong><\/p><p>Rehber, veri aktaran ve veri al\u0131c\u0131s\u0131n\u0131n yerlerine g\u00f6re ki\u015fisel veri aktar\u0131m\u0131n\u0131n Kanun h\u00fck\u00fcmlerine tabi olup olmayaca\u011f\u0131n\u0131 \u00f6rneklerle a\u00e7\u0131klamaktad\u0131r. Buna g\u00f6re, yabanc\u0131 \u00fclkedeki veri sorumlusunun ki\u015fisel veriyi do\u011frudan veri sahibi ilgili ki\u015fiden elde etmesi halinde bu i\u015flem yurt d\u0131\u015f\u0131na veri aktar\u0131m\u0131 te\u015fkil etmemektedir. Ancak yabanc\u0131 \u00fclkedeki veri sorumlusu do\u011frudan elde etti\u011fi veriyi yine yabanc\u0131 \u00fclkedeki bir veri i\u015fleyene aktaracak olursa Kanun\u2019un yurt d\u0131\u015f\u0131na aktar\u0131m h\u00fck\u00fcmleri uygulanacakt\u0131r. \u00d6rne\u011fin yabanc\u0131 \u00fclkede yerle\u015fik ve T\u00fcrkiye pazar\u0131n\u0131 hedefleyen bir \u015firketten internet \u00fczerinden al\u0131\u015fveri\u015f yapan ve T\u00fcrkiye\u2019de ya\u015fayan veri sahibinin ki\u015fisel verisini iletmesi, yurt d\u0131\u015f\u0131na veri aktar\u0131m\u0131 olarak de\u011ferlendirilmemektedir. Ancak bu yabanc\u0131 \u015firketin ayn\u0131 veya farkl\u0131 yabanc\u0131 \u00fclkedeki veri i\u015fleyene ki\u015fisel veriyi iletmesi yurt d\u0131\u015f\u0131na veri aktar\u0131m\u0131 olarak de\u011ferlendirilecektir.<\/p><p>\u00d6te yandan (i) T\u00fcrkiye\u2019deki veri sorumlusunun yabanc\u0131 \u00fclkedeki veri sorumlusuna, (ii) T\u00fcrkiye\u2019deki veri sorumlusunun yabanc\u0131 \u00fclkedeki veri i\u015fleyene, (iii) T\u00fcrkiye\u2019deki veri i\u015fleyenin yabanc\u0131 \u00fclkedeki veri sorumlusuna, (iv) T\u00fcrkiye\u2019deki veri i\u015fleyenin yabanc\u0131 \u00fclkedeki alt veri i\u015fleyene ger\u00e7ekle\u015ftirece\u011fi aktar\u0131mlar yurt d\u0131\u015f\u0131na veri aktar\u0131m\u0131 h\u00fck\u00fcmlerine tabidir. Bu kapsamda \u00f6rne\u011fin yabanc\u0131 \u015firketin T\u00fcrkiye\u2019deki i\u015ftirakinin \u00e7al\u0131\u015fan verilerini merkezi bir insan kaynaklar\u0131 veri taban\u0131nda saklanmas\u0131 amac\u0131yla ana \u015firket olan yabanc\u0131 \u015firkete iletmesi halinde de yurt d\u0131\u015f\u0131na veri aktar\u0131m\u0131 h\u00fck\u00fcmleri uygulama alan\u0131 bulmaktad\u0131r. Bir di\u011fer \u00f6rnekte a\u00e7\u0131k\u00e7a ifade edildi\u011fi \u00fczere, T\u00fcrkiye\u2019deki veri sorumlusu \u015firketin \u00e7al\u0131\u015fan ve m\u00fc\u015fterilerinin ki\u015fisel verilerini yurt d\u0131\u015f\u0131ndaki veri i\u015fleyene (veri saklama hizmeti al\u0131nmas\u0131 gibi bir gerek\u00e7eyle) iletmesi yurt d\u0131\u015f\u0131na veri aktar\u0131m\u0131 te\u015fkil etmektedir.<\/p><p><strong>2. Standart S\u00f6zle\u015fmeler<\/strong><\/p><p>Yukar\u0131da an\u0131lan mevzuat de\u011fi\u015fiklikleriyle ki\u015fisel verilerin yurt d\u0131\u015f\u0131na aktar\u0131m\u0131 i\u00e7in \u00fc\u00e7 a\u015famal\u0131 bir uyum mekanizmas\u0131 getirilmi\u015f, bunlardan uygun g\u00fcvencenin sa\u011flanmas\u0131 ko\u015fulu alt\u0131nda yer alan standart s\u00f6zle\u015fmeler ise pratik bir ara\u00e7 olarak uygulamada ilgi g\u00f6rm\u00fc\u015ft\u00fc. Rehber, standart s\u00f6zle\u015fmelerin haz\u0131rlanmas\u0131nda uygulamada g\u00f6r\u00fclen soru i\u015faretlerini gidermek amac\u0131yla baz\u0131 a\u00e7\u0131klamalara yer vermi\u015ftir. Buna g\u00f6re, standart s\u00f6zle\u015fmenin T\u00fcrk\u00e7e metin dikkate al\u0131nacak \u015fekilde T\u00fcrk\u00e7e ve ba\u015fka dilde birden fazla s\u00fctunda d\u00fczenlenmesi m\u00fcmk\u00fcnd\u00fcr. Standart s\u00f6zle\u015fme tasla\u011f\u0131nda a\u00e7\u0131k\u00e7a ifade edilmemi\u015f olsa da Rehber\u2019de ifade edildi\u011fi \u00fczere yurt d\u0131\u015f\u0131na aktar\u0131lan ki\u015fisel verilerin ilgili oldu\u011fu ki\u015fi grubu veya gruplar\u0131 her bir ki\u015fisel veri baz\u0131nda belirtilmelidir. Ayr\u0131ca yaln\u0131zca veri kategorisine (\u00f6rne\u011fin, ileti\u015fim) de\u011fil, veri t\u00fcr\u00fcne de (\u00f6rne\u011fin, e-posta adresi) de standart s\u00f6zle\u015fmede yer verilmelidir.<\/p><p><strong>3. \u0130stisnai Aktar\u0131mlar<\/strong><\/p><p>Yukar\u0131da an\u0131lan mevzuat de\u011fi\u015fiklikleri uyar\u0131nca, Kurul taraf\u0131ndan verilen bir yeterlilik karar\u0131 bulunmamas\u0131 ve uygun g\u00fcvencelerden herhangi birinin de sa\u011flanamamas\u0131 durumunda ar\u0131zi olmak kayd\u0131yla herhangi bir izin veya bildirim gerekmeksizin yurt d\u0131\u015f\u0131na istisnai olarak ki\u015fisel veri aktar\u0131labilece\u011fi d\u00fczenlenmi\u015fti. Rehber, ar\u0131zi niteli\u011fin sa\u011flanabilmesi i\u00e7in aktar\u0131m\u0131n ola\u011fan faaliyet ak\u0131\u015f\u0131 d\u0131\u015f\u0131nda ve d\u00fczenli olmamak kayd\u0131yla bir veya birden fazla kez, \u00f6ng\u00f6r\u00fclemeyen ko\u015fullar alt\u0131nda ve belirsiz zaman aral\u0131klar\u0131nda ger\u00e7ekle\u015fmesi gerekti\u011fini ifade etmektedir. Bu durumda veri aktaran ile veri al\u0131c\u0131s\u0131 aras\u0131nda s\u00fcregelen bir ili\u015fkinin sonucu olarak d\u00fczenli bir \u015fekilde ger\u00e7ekle\u015fen ki\u015fisel veri aktar\u0131mlar\u0131 bu kapsamda kalmamaktad\u0131r. \u00d6rne\u011fin veri al\u0131c\u0131s\u0131na bir veri taban\u0131na do\u011frudan eri\u015fim izni verilmesi, kural olarak d\u00fczenli ve s\u00fcreklilik arz eden bir veri aktar\u0131m\u0131 olarak kabul edilecek ve ar\u0131zi nitelikte olmayacakt\u0131r. Ayr\u0131ca ola\u011fan faaliyet ak\u0131\u015f\u0131 i\u00e7inde kalan aktar\u0131mlar da ar\u0131zi nitelik arz etmemektedir. \u00d6rne\u011fin bir turizm \u015firketinin m\u00fc\u015fterilerinin rezervasyon bilgilerine ili\u015fkin yapaca\u011f\u0131 aktar\u0131mlar\u0131n \u015firketin ola\u011fan faaliyet ak\u0131\u015f\u0131 i\u00e7inde kalaca\u011f\u0131 ve ar\u0131zi nitelik ta\u015f\u0131mad\u0131\u011f\u0131 kabul edilecektir.<\/p><p>Herhangi bir sorunuz olmas\u0131 halinde bize ula\u015fabilirsiniz.<\/p>\t\t\t\t\t\t\t\t<\/div>\n\t\t\t\t<\/div>\n\t\t\t\t\t<\/div>\n\t\t<\/div>\n\t\t\t\t\t<\/div>\n\t\t<\/section>\n\t\t\t\t<section class=\"elementor-section elementor-top-section elementor-element elementor-element-4fe75500 elementor-section-boxed elementor-section-height-default elementor-section-height-default\" data-id=\"4fe75500\" data-element_type=\"section\">\n\t\t\t\t\t\t<div class=\"elementor-container elementor-column-gap-default\">\n\t\t\t\t\t<div class=\"elementor-column elementor-col-100 elementor-top-column elementor-element elementor-element-3dd48092\" data-id=\"3dd48092\" data-element_type=\"column\">\n\t\t\t<div class=\"elementor-widget-wrap elementor-element-populated\">\n\t\t\t\t\t\t<div class=\"elementor-element elementor-element-10e39b76 elementor-shape-square elementor-fixed elementor-grid-0 e-grid-align-center elementor-widget elementor-widget-social-icons\" data-id=\"10e39b76\" data-element_type=\"widget\" data-settings=\"{&quot;_position&quot;:&quot;fixed&quot;}\" data-widget_type=\"social-icons.default\">\n\t\t\t\t<div class=\"elementor-widget-container\">\n\t\t\t\t\t\t\t<div class=\"elementor-social-icons-wrapper elementor-grid\">\n\t\t\t\t\t\t\t<span class=\"elementor-grid-item\">\n\t\t\t\t\t<a class=\"elementor-icon elementor-social-icon elementor-social-icon- elementor-animation-grow elementor-repeater-item-c1c9a90\" href=\"https:\/\/yasarlaw.com\/publications\/guideline-on-transfer-of-personal-data-abroad-published\/\">\n\t\t\t\t\t\t<span class=\"elementor-screen-only\"><\/span>\n\t\t\t\t\t\t<svg xmlns=\"http:\/\/www.w3.org\/2000\/svg\" xmlns:xlink=\"http:\/\/www.w3.org\/1999\/xlink\" id=\"Layer_1\" x=\"0px\" y=\"0px\" viewBox=\"0 0 1000 1000\" style=\"enable-background:new 0 0 1000 1000;\" xml:space=\"preserve\"><style type=\"text\/css\">\t.st0{fill:#FFFFFF;}<\/style><g id=\"Layer_3\"><\/g><g id=\"Layer_1_00000020364029370813827900000003168452955817500576_\">\t<rect width=\"1000\" height=\"1000\"><\/rect><\/g><g>\t<path class=\"st0\" d=\"M259.3,345.1H456v51.1H316.2v52.9h122.9v51.1H316.2v54.8h141.5V606H259.3V345.1z\"><\/path>\t<path class=\"st0\" d=\"M508.9,345.1h52.9l122.2,160.6V345.1h56.7v260.8H692L565.5,440.1v165.8h-56.7L508.9,345.1L508.9,345.1z\"><\/path><\/g><\/svg>\t\t\t\t\t<\/a>\n\t\t\t\t<\/span>\n\t\t\t\t\t<\/div>\n\t\t\t\t\t\t<\/div>\n\t\t\t\t<\/div>\n\t\t\t\t\t<\/div>\n\t\t<\/div>\n\t\t\t\t\t<\/div>\n\t\t<\/section>\n\t\t\t\t<section class=\"elementor-section elementor-top-section elementor-element elementor-element-26fa9928 elementor-section-stretched elementor-section-boxed elementor-section-height-default elementor-section-height-default\" data-id=\"26fa9928\" data-element_type=\"section\" data-settings=\"{&quot;stretch_section&quot;:&quot;section-stretched&quot;}\">\n\t\t\t\t\t\t<div class=\"elementor-container elementor-column-gap-wider\">\n\t\t\t\t\t<div class=\"elementor-column elementor-col-100 elementor-top-column elementor-element elementor-element-c5b4038\" data-id=\"c5b4038\" data-element_type=\"column\" data-settings=\"{&quot;background_background&quot;:&quot;classic&quot;}\">\n\t\t\t<div class=\"elementor-widget-wrap elementor-element-populated\">\n\t\t\t\t\t\t<section class=\"elementor-section elementor-inner-section elementor-element elementor-element-3f767c48 elementor-section-full_width elementor-section-height-default elementor-section-height-default\" data-id=\"3f767c48\" data-element_type=\"section\">\n\t\t\t\t\t\t<div class=\"elementor-container elementor-column-gap-default\">\n\t\t\t\t\t<div class=\"elementor-column elementor-col-50 elementor-inner-column elementor-element elementor-element-368fb3c6\" data-id=\"368fb3c6\" data-element_type=\"column\">\n\t\t\t<div class=\"elementor-widget-wrap elementor-element-populated\">\n\t\t\t\t\t\t<div class=\"elementor-element elementor-element-147a07b8 elementor-widget elementor-widget-text-editor\" data-id=\"147a07b8\" data-element_type=\"widget\" data-widget_type=\"text-editor.default\">\n\t\t\t\t<div class=\"elementor-widget-container\">\n\t\t\t\t\t\t\t\t\t<p><span style=\"color: #781619;\"><b>Ya\u015far Law Office<\/b><\/span><\/p><p><span style=\"color: #781619;\">Bize Ula\u015f\u0131n:<\/span><\/p><p><span style=\"color: #781619;\">Karanfil Sokak, No: 13<\/span><\/p><p><span style=\"color: #781619;\">Levent, Be\u015fikta\u015f, \u0130stanbul<\/span><\/p><p><span style=\"color: #781619;\"><a style=\"color: #781619;\" title=\"+90 212 401 4240\" href=\"tel:+902124014240\">+90 212 401 4240<\/a><\/span><\/p><p><span style=\"color: #781619;\"><a style=\"color: #781619;\" title=\"info@yasarlaw.com\" href=\"mailto:info@yasarlaw.com\">info@yasarlaw.com<\/a><\/span><\/p>\t\t\t\t\t\t\t\t<\/div>\n\t\t\t\t<\/div>\n\t\t\t\t<div class=\"elementor-element elementor-element-4c8d054 elementor-widget elementor-widget-text-editor\" data-id=\"4c8d054\" data-element_type=\"widget\" data-widget_type=\"text-editor.default\">\n\t\t\t\t<div class=\"elementor-widget-container\">\n\t\t\t\t\t\t\t\t\t<p><span style=\"color: rgb(120, 22, 25); font-style: inherit; font-weight: inherit; letter-spacing: 0.01em;\">Bize Ula\u015f\u0131n:<\/span><br><\/p>\n<p><span style=\"color: #781619;\">859. Sokak, No: 4\/303<\/span><\/p>\n<p><font color=\"#781619\">Cumhuriyet Bulvar\u0131, Konak, \u0130zmir<\/font><\/p>\n<p><span style=\"color: #781619;\"><a style=\"color: #781619;\" title=\"+90 212 401 4240\" href=\"tel:+902124014240\">+90 212 401 4240<\/a><\/span><\/p>\n<p><span style=\"color: #781619;\"><a style=\"color: #781619;\" title=\"info@yasarlaw.com\" href=\"mailto:info@yasarlaw.com\">info@yasarlaw.com<\/a><\/span><\/p>\t\t\t\t\t\t\t\t<\/div>\n\t\t\t\t<\/div>\n\t\t\t\t\t<\/div>\n\t\t<\/div>\n\t\t\t\t<div class=\"elementor-column elementor-col-50 elementor-inner-column elementor-element elementor-element-4290edba\" data-id=\"4290edba\" data-element_type=\"column\">\n\t\t\t<div class=\"elementor-widget-wrap elementor-element-populated\">\n\t\t\t\t\t\t<div class=\"elementor-element elementor-element-5b2d60b0 elementor-widget elementor-widget-google_maps\" data-id=\"5b2d60b0\" data-element_type=\"widget\" data-widget_type=\"google_maps.default\">\n\t\t\t\t<div class=\"elementor-widget-container\">\n\t\t\t\t\t\t\t<div class=\"elementor-custom-embed\">\n\t\t\t<iframe loading=\"lazy\"\n\t\t\t\t\tsrc=\"https:\/\/maps.google.com\/maps?q=Karanfil%20Soka%C4%9F%C4%B1%20No%3A13%2C%20Levent%2C%2034330%20Be%C5%9Fikta%C5%9F%2F%C4%B0stanbul&#038;t=m&#038;z=15&#038;output=embed&#038;iwloc=near\"\n\t\t\t\t\ttitle=\"Karanfil Soka\u011f\u0131 No:13, Levent, 34330 Be\u015fikta\u015f\/\u0130stanbul\"\n\t\t\t\t\taria-label=\"Karanfil Soka\u011f\u0131 No:13, Levent, 34330 Be\u015fikta\u015f\/\u0130stanbul\"\n\t\t\t><\/iframe>\n\t\t<\/div>\n\t\t\t\t\t\t<\/div>\n\t\t\t\t<\/div>\n\t\t\t\t\t<\/div>\n\t\t<\/div>\n\t\t\t\t\t<\/div>\n\t\t<\/section>\n\t\t\t\t\t<\/div>\n\t\t<\/div>\n\t\t\t\t\t<\/div>\n\t\t<\/section>\n\t\t\t\t<\/div>\n\t\t","protected":false},"excerpt":{"rendered":"<p>Ki\u015fisel Verilerin Yurt D\u0131\u015f\u0131na Aktar\u0131lmas\u0131 Rehberi Yay\u0131mland\u0131 Ki\u015fisel Verilerin Korunmas\u0131 Kanunu\u2019nda (\u201cKanun\u201d) ki\u015fisel verilerin yurt d\u0131\u015f\u0131na aktar\u0131lmas\u0131na ili\u015fkin \u00f6nemli de\u011fi\u015fiklikler yap\u0131lm\u0131\u015f, akabinde Ki\u015fisel Verilerin Yurt D\u0131\u015f\u0131na Aktar\u0131lmas\u0131na \u0130li\u015fkin Usul ve Esaslar Hakk\u0131nda Y\u00f6netmelik yay\u0131mlanm\u0131\u015ft\u0131. Ki\u015fisel Verileri Koruma Kurulu, (\u201cKurul\u201d) an\u0131lan mevzuat de\u011fi\u015fikliklerinin \u00f6ng\u00f6rd\u00fc\u011f\u00fc g\u00fcvencelere ili\u015fkin beklentilerini sunmak ve uygulamadaki soru i\u015faretlerini gidermek amac\u0131yla 02.01.2025 tarihinde [&hellip;]<\/p>\n","protected":false},"author":1,"featured_media":0,"parent":1032,"menu_order":0,"comment_status":"closed","ping_status":"closed","template":"","meta":{"zakra_page_container_layout":"customizer","zakra_page_sidebar_layout":"customizer","zakra_remove_content_margin":false,"zakra_sidebar":"customizer","zakra_transparent_header":"customizer","zakra_logo":0,"zakra_main_header_style":"default","zakra_menu_item_color":null,"zakra_menu_item_hover_color":null,"zakra_menu_item_active_color":null,"zakra_menu_active_style":"","zakra_page_header":true,"om_disable_all_campaigns":false,"_monsterinsights_skip_tracking":false,"_monsterinsights_sitenote_active":false,"_monsterinsights_sitenote_note":"","_monsterinsights_sitenote_category":0,"footnotes":""},"class_list":["post-2902","page","type-page","status-publish","hentry"],"aioseo_notices":[],"_links":{"self":[{"href":"https:\/\/yasarlaw.com\/tr\/wp-json\/wp\/v2\/pages\/2902","targetHints":{"allow":["GET"]}}],"collection":[{"href":"https:\/\/yasarlaw.com\/tr\/wp-json\/wp\/v2\/pages"}],"about":[{"href":"https:\/\/yasarlaw.com\/tr\/wp-json\/wp\/v2\/types\/page"}],"author":[{"embeddable":true,"href":"https:\/\/yasarlaw.com\/tr\/wp-json\/wp\/v2\/users\/1"}],"replies":[{"embeddable":true,"href":"https:\/\/yasarlaw.com\/tr\/wp-json\/wp\/v2\/comments?post=2902"}],"version-history":[{"count":7,"href":"https:\/\/yasarlaw.com\/tr\/wp-json\/wp\/v2\/pages\/2902\/revisions"}],"predecessor-version":[{"id":2909,"href":"https:\/\/yasarlaw.com\/tr\/wp-json\/wp\/v2\/pages\/2902\/revisions\/2909"}],"up":[{"embeddable":true,"href":"https:\/\/yasarlaw.com\/tr\/wp-json\/wp\/v2\/pages\/1032"}],"wp:attachment":[{"href":"https:\/\/yasarlaw.com\/tr\/wp-json\/wp\/v2\/media?parent=2902"}],"curies":[{"name":"wp","href":"https:\/\/api.w.org\/{rel}","templated":true}]}}