{"id":2914,"date":"2025-01-21T04:46:42","date_gmt":"2025-01-21T01:46:42","guid":{"rendered":"https:\/\/yasarlaw.com\/tr\/?page_id=2914"},"modified":"2025-01-21T04:59:53","modified_gmt":"2025-01-21T01:59:53","slug":"ilk-uluslararasi-yapay-zeka-sozlesmesi-imzaya-acildi","status":"publish","type":"page","link":"https:\/\/yasarlaw.com\/tr\/yayinlar\/ilk-uluslararasi-yapay-zeka-sozlesmesi-imzaya-acildi\/","title":{"rendered":"\u0130lk Uluslararas\u0131 Yapay Zek\u00e2 S\u00f6zle\u015fmesi \u0130mzaya A\u00e7\u0131ld\u0131"},"content":{"rendered":"\t\t<div data-elementor-type=\"wp-page\" data-elementor-id=\"2914\" class=\"elementor elementor-2914\">\n\t\t\t\t\t\t<section class=\"elementor-section elementor-top-section elementor-element elementor-element-1683c794 elementor-section-stretched elementor-section-boxed elementor-section-height-default elementor-section-height-default\" data-id=\"1683c794\" data-element_type=\"section\" data-settings=\"{&quot;stretch_section&quot;:&quot;section-stretched&quot;,&quot;background_background&quot;:&quot;classic&quot;}\">\n\t\t\t\t\t\t\t<div class=\"elementor-background-overlay\"><\/div>\n\t\t\t\t\t\t\t<div class=\"elementor-container elementor-column-gap-no\">\n\t\t\t\t\t<div class=\"elementor-column elementor-col-100 elementor-top-column elementor-element elementor-element-5ef10a83\" data-id=\"5ef10a83\" data-element_type=\"column\">\n\t\t\t<div class=\"elementor-widget-wrap elementor-element-populated\">\n\t\t\t\t\t\t<div class=\"elementor-element elementor-element-d0a8f48 elementor-widget__width-auto elementor-absolute elementor-widget elementor-widget-text-editor\" data-id=\"d0a8f48\" data-element_type=\"widget\" data-settings=\"{&quot;_position&quot;:&quot;absolute&quot;}\" data-widget_type=\"text-editor.default\">\n\t\t\t\t<div class=\"elementor-widget-container\">\n\t\t\t\t\t\t\t\t\t<p><span style=\"color: #ffffff;\"><strong>\u0130lk Uluslararas\u0131 Yapay Zek\u00e2 S\u00f6zle\u015fmesi \u0130mzaya A\u00e7\u0131ld\u0131<\/strong><\/span><\/p>\t\t\t\t\t\t\t\t<\/div>\n\t\t\t\t<\/div>\n\t\t\t\t\t<\/div>\n\t\t<\/div>\n\t\t\t\t\t<\/div>\n\t\t<\/section>\n\t\t\t\t<section class=\"elementor-section elementor-top-section elementor-element elementor-element-37652bf2 elementor-section-stretched elementor-section-boxed elementor-section-height-default elementor-section-height-default\" data-id=\"37652bf2\" data-element_type=\"section\" data-settings=\"{&quot;stretch_section&quot;:&quot;section-stretched&quot;}\">\n\t\t\t\t\t\t<div class=\"elementor-container elementor-column-gap-wider\">\n\t\t\t\t\t<div class=\"elementor-column elementor-col-100 elementor-top-column elementor-element elementor-element-135ac3b9\" data-id=\"135ac3b9\" data-element_type=\"column\" data-settings=\"{&quot;background_background&quot;:&quot;classic&quot;}\">\n\t\t\t<div class=\"elementor-widget-wrap elementor-element-populated\">\n\t\t\t\t\t\t<div class=\"elementor-element elementor-element-7f2267ca elementor-widget elementor-widget-text-editor\" data-id=\"7f2267ca\" data-element_type=\"widget\" data-widget_type=\"text-editor.default\">\n\t\t\t\t<div class=\"elementor-widget-container\">\n\t\t\t\t\t\t\t\t\t<p>Yapay zek\u00e2 alan\u0131nda uluslararas\u0131 d\u00fczeyde hukuki ba\u011flay\u0131c\u0131l\u0131\u011f\u0131 olan ilk anla\u015fma olan Avrupa Konseyi Yapay Zek\u00e2, \u0130nsan Haklar\u0131, Demokrasi ve Hukukun \u00dcst\u00fcnl\u00fc\u011f\u00fc \u00c7er\u00e7eve S\u00f6zle\u015fmesi (\u201c<strong>YZ \u00c7er\u00e7eve S\u00f6zle\u015fmesi<\/strong>\u201d), 05.09.2024 tarihinde imzaya a\u00e7\u0131ld\u0131. YZ \u00c7er\u00e7eve S\u00f6zle\u015fmesi, yapay zek\u00e2 sistemlerinin ya\u015fam d\u00f6ng\u00fcs\u00fc i\u00e7indeki faaliyetlerinin insan haklar\u0131, demokrasi ve hukukun \u00fcst\u00fcnl\u00fc\u011f\u00fc ile tamamen uyumlu olmas\u0131n\u0131 sa\u011flamay\u0131 ve h\u0131zl\u0131 teknolojik geli\u015fmeler nedeniyle do\u011fabilecek yasal bo\u015fluklar\u0131 doldurmay\u0131 ama\u00e7lamaktad\u0131r. Bu kapsamda, YZ \u00c7er\u00e7eve S\u00f6zle\u015fmesi ile d\u00fczenlenen y\u00fck\u00fcml\u00fcl\u00fckler, kamu otoriteleri veya onlar ad\u0131na hareket eden \u00f6zel sekt\u00f6r akt\u00f6rleri bak\u0131m\u0131ndan uygulama alan\u0131 bulacak; \u00f6zel sekt\u00f6r akt\u00f6rleri bak\u0131m\u0131ndan YZ \u00c7er\u00e7eve S\u00f6zle\u015fmesi\u2019nin ama\u00e7 ve hedeflerine uyumu sa\u011flayacak \u00f6nlemler al\u0131nacakt\u0131r.<\/p><p>YZ \u00c7er\u00e7eve S\u00f6zle\u015fmesi; taraf devletlere yapay zek\u00e2 sistemlerinin insan haklar\u0131na, demokratik kurum ve s\u00fcre\u00e7lere, d\u00fc\u015f\u00fcnce \u00f6zg\u00fcrl\u00fc\u011f\u00fcne zarar verici faaliyetlerde kullan\u0131lmamas\u0131 i\u00e7in gerekli \u00f6nlemleri almay\u0131 zorunlu k\u0131lmaktad\u0131r. Buna ek olarak taraf devletlerin insan onuru ve bireysel otonomi, \u015feffafl\u0131k ve g\u00f6zetim, hesap verebilirlik ve sorumluluk, e\u015fitlik ve ayr\u0131mc\u0131l\u0131k yasa\u011f\u0131, mahremiyet ve ki\u015fisel verilerin korunmas\u0131 ile g\u00fcvenilirlik ve g\u00fcvenilir inovasyon kriterlerinin korunmas\u0131 i\u00e7in yapay zek\u00e2 sistemlerine ili\u015fkin \u00f6nlemler almas\u0131 gerekmektedir.<\/p><p>YZ \u00c7er\u00e7eve S\u00f6zle\u015fmesi uyar\u0131nca taraf devletlerin insan haklar\u0131n\u0131 etkileme potansiyeline sahip yapay zek\u00e2 sistemlerinin bilgi ve belgesini tutmas\u0131, bu yapay zek\u00e2 sistemleri hakk\u0131nda haklar\u0131 etkilenen taraflara etkili itiraz ve \u015fik\u00e2yet mekanizmalar\u0131 ile usul\u00ee g\u00fcvence ve haklar\u0131 sa\u011flamas\u0131 gerekmektedir.<\/p><p>YZ \u00c7er\u00e7eve S\u00f6zle\u015fmesi; hen\u00fcz Avrupa Birli\u011fi, Amerika Birle\u015fik Devletleri ve Birle\u015fik Krall\u0131k ile Andorra, G\u00fcrcistan, \u0130srail, \u0130zlanda, Moldova Cumhuriyeti, Montenegro, Norve\u00e7 ve San Marino taraf\u0131ndan imzalanm\u0131\u015ft\u0131r. YZ \u00c7er\u00e7eve S\u00f6zle\u015fmesi, \u00fc\u00e7\u00fc Avrupa Konseyi \u00fcyesi en az be\u015f imzac\u0131 \u00fclke taraf\u0131ndan onayland\u0131ktan sonra y\u00fcr\u00fcrl\u00fc\u011fe girecektir.<\/p><p>Herhangi bir sorunuz olmas\u0131 halinde bize ula\u015fabilirsiniz.<\/p>\t\t\t\t\t\t\t\t<\/div>\n\t\t\t\t<\/div>\n\t\t\t\t\t<\/div>\n\t\t<\/div>\n\t\t\t\t\t<\/div>\n\t\t<\/section>\n\t\t\t\t<section class=\"elementor-section elementor-top-section elementor-element elementor-element-4fe75500 elementor-section-boxed elementor-section-height-default elementor-section-height-default\" data-id=\"4fe75500\" data-element_type=\"section\">\n\t\t\t\t\t\t<div class=\"elementor-container elementor-column-gap-default\">\n\t\t\t\t\t<div class=\"elementor-column elementor-col-100 elementor-top-column elementor-element elementor-element-3dd48092\" data-id=\"3dd48092\" data-element_type=\"column\">\n\t\t\t<div class=\"elementor-widget-wrap elementor-element-populated\">\n\t\t\t\t\t\t<div class=\"elementor-element elementor-element-10e39b76 elementor-shape-square elementor-fixed elementor-grid-0 e-grid-align-center elementor-widget elementor-widget-social-icons\" data-id=\"10e39b76\" data-element_type=\"widget\" data-settings=\"{&quot;_position&quot;:&quot;fixed&quot;}\" data-widget_type=\"social-icons.default\">\n\t\t\t\t<div class=\"elementor-widget-container\">\n\t\t\t\t\t\t\t<div class=\"elementor-social-icons-wrapper elementor-grid\">\n\t\t\t\t\t\t\t<span class=\"elementor-grid-item\">\n\t\t\t\t\t<a class=\"elementor-icon elementor-social-icon elementor-social-icon- elementor-animation-grow elementor-repeater-item-c1c9a90\" href=\"https:\/\/yasarlaw.com\/publications\/first-international-convention-on-artificial-intelligence-opened-for-signature\/\">\n\t\t\t\t\t\t<span class=\"elementor-screen-only\"><\/span>\n\t\t\t\t\t\t<svg xmlns=\"http:\/\/www.w3.org\/2000\/svg\" xmlns:xlink=\"http:\/\/www.w3.org\/1999\/xlink\" id=\"Layer_1\" x=\"0px\" y=\"0px\" viewBox=\"0 0 1000 1000\" style=\"enable-background:new 0 0 1000 1000;\" xml:space=\"preserve\"><style type=\"text\/css\">\t.st0{fill:#FFFFFF;}<\/style><g id=\"Layer_3\"><\/g><g id=\"Layer_1_00000020364029370813827900000003168452955817500576_\">\t<rect width=\"1000\" height=\"1000\"><\/rect><\/g><g>\t<path class=\"st0\" d=\"M259.3,345.1H456v51.1H316.2v52.9h122.9v51.1H316.2v54.8h141.5V606H259.3V345.1z\"><\/path>\t<path class=\"st0\" d=\"M508.9,345.1h52.9l122.2,160.6V345.1h56.7v260.8H692L565.5,440.1v165.8h-56.7L508.9,345.1L508.9,345.1z\"><\/path><\/g><\/svg>\t\t\t\t\t<\/a>\n\t\t\t\t<\/span>\n\t\t\t\t\t<\/div>\n\t\t\t\t\t\t<\/div>\n\t\t\t\t<\/div>\n\t\t\t\t\t<\/div>\n\t\t<\/div>\n\t\t\t\t\t<\/div>\n\t\t<\/section>\n\t\t\t\t<section class=\"elementor-section elementor-top-section elementor-element elementor-element-26fa9928 elementor-section-stretched elementor-section-boxed elementor-section-height-default elementor-section-height-default\" data-id=\"26fa9928\" data-element_type=\"section\" data-settings=\"{&quot;stretch_section&quot;:&quot;section-stretched&quot;}\">\n\t\t\t\t\t\t<div class=\"elementor-container elementor-column-gap-wider\">\n\t\t\t\t\t<div class=\"elementor-column elementor-col-100 elementor-top-column elementor-element elementor-element-c5b4038\" data-id=\"c5b4038\" data-element_type=\"column\" data-settings=\"{&quot;background_background&quot;:&quot;classic&quot;}\">\n\t\t\t<div class=\"elementor-widget-wrap elementor-element-populated\">\n\t\t\t\t\t\t<section class=\"elementor-section elementor-inner-section elementor-element elementor-element-3f767c48 elementor-section-full_width elementor-section-height-default elementor-section-height-default\" data-id=\"3f767c48\" data-element_type=\"section\">\n\t\t\t\t\t\t<div class=\"elementor-container elementor-column-gap-default\">\n\t\t\t\t\t<div class=\"elementor-column elementor-col-50 elementor-inner-column elementor-element elementor-element-368fb3c6\" data-id=\"368fb3c6\" data-element_type=\"column\">\n\t\t\t<div class=\"elementor-widget-wrap elementor-element-populated\">\n\t\t\t\t\t\t<div class=\"elementor-element elementor-element-147a07b8 elementor-widget elementor-widget-text-editor\" data-id=\"147a07b8\" data-element_type=\"widget\" data-widget_type=\"text-editor.default\">\n\t\t\t\t<div class=\"elementor-widget-container\">\n\t\t\t\t\t\t\t\t\t<p><span style=\"color: #781619;\"><b>Ya\u015far Law Office<\/b><\/span><\/p><p><span style=\"color: #781619;\">Bize Ula\u015f\u0131n:<\/span><\/p><p><span style=\"color: #781619;\">Karanfil Sokak, No: 13<\/span><\/p><p><span style=\"color: #781619;\">Levent, Be\u015fikta\u015f, \u0130stanbul<\/span><\/p><p><span style=\"color: #781619;\"><a style=\"color: #781619;\" title=\"+90 212 401 4240\" href=\"tel:+902124014240\">+90 212 401 4240<\/a><\/span><\/p><p><span style=\"color: #781619;\"><a style=\"color: #781619;\" title=\"info@yasarlaw.com\" href=\"mailto:info@yasarlaw.com\">info@yasarlaw.com<\/a><\/span><\/p>\t\t\t\t\t\t\t\t<\/div>\n\t\t\t\t<\/div>\n\t\t\t\t<div class=\"elementor-element elementor-element-03a3ecc elementor-widget elementor-widget-text-editor\" data-id=\"03a3ecc\" data-element_type=\"widget\" data-widget_type=\"text-editor.default\">\n\t\t\t\t<div class=\"elementor-widget-container\">\n\t\t\t\t\t\t\t\t\t<p><span style=\"color: rgb(120, 22, 25); font-style: inherit; font-weight: inherit; letter-spacing: 0.01em;\">Bize Ula\u015f\u0131n:<\/span><br><\/p>\n<p><span style=\"color: #781619;\">859. Sokak, No: 4\/303<\/span><\/p>\n<p><font color=\"#781619\">Cumhuriyet Bulvar\u0131, Konak, \u0130zmir<\/font><\/p>\n<p><span style=\"color: #781619;\"><a style=\"color: #781619;\" title=\"+90 212 401 4240\" href=\"tel:+902124014240\">+90 212 401 4240<\/a><\/span><\/p>\n<p><span style=\"color: #781619;\"><a style=\"color: #781619;\" title=\"info@yasarlaw.com\" href=\"mailto:info@yasarlaw.com\">info@yasarlaw.com<\/a><\/span><\/p>\t\t\t\t\t\t\t\t<\/div>\n\t\t\t\t<\/div>\n\t\t\t\t\t<\/div>\n\t\t<\/div>\n\t\t\t\t<div class=\"elementor-column elementor-col-50 elementor-inner-column elementor-element elementor-element-4290edba\" data-id=\"4290edba\" data-element_type=\"column\">\n\t\t\t<div class=\"elementor-widget-wrap elementor-element-populated\">\n\t\t\t\t\t\t<div class=\"elementor-element elementor-element-5b2d60b0 elementor-widget elementor-widget-google_maps\" data-id=\"5b2d60b0\" data-element_type=\"widget\" data-widget_type=\"google_maps.default\">\n\t\t\t\t<div class=\"elementor-widget-container\">\n\t\t\t\t\t\t\t<div class=\"elementor-custom-embed\">\n\t\t\t<iframe loading=\"lazy\"\n\t\t\t\t\tsrc=\"https:\/\/maps.google.com\/maps?q=Karanfil%20Soka%C4%9F%C4%B1%20No%3A13%2C%20Levent%2C%2034330%20Be%C5%9Fikta%C5%9F%2F%C4%B0stanbul&#038;t=m&#038;z=15&#038;output=embed&#038;iwloc=near\"\n\t\t\t\t\ttitle=\"Karanfil Soka\u011f\u0131 No:13, Levent, 34330 Be\u015fikta\u015f\/\u0130stanbul\"\n\t\t\t\t\taria-label=\"Karanfil Soka\u011f\u0131 No:13, Levent, 34330 Be\u015fikta\u015f\/\u0130stanbul\"\n\t\t\t><\/iframe>\n\t\t<\/div>\n\t\t\t\t\t\t<\/div>\n\t\t\t\t<\/div>\n\t\t\t\t\t<\/div>\n\t\t<\/div>\n\t\t\t\t\t<\/div>\n\t\t<\/section>\n\t\t\t\t\t<\/div>\n\t\t<\/div>\n\t\t\t\t\t<\/div>\n\t\t<\/section>\n\t\t\t\t<\/div>\n\t\t","protected":false},"excerpt":{"rendered":"<p>\u0130lk Uluslararas\u0131 Yapay Zek\u00e2 S\u00f6zle\u015fmesi \u0130mzaya A\u00e7\u0131ld\u0131 Yapay zek\u00e2 alan\u0131nda uluslararas\u0131 d\u00fczeyde hukuki ba\u011flay\u0131c\u0131l\u0131\u011f\u0131 olan ilk anla\u015fma olan Avrupa Konseyi Yapay Zek\u00e2, \u0130nsan Haklar\u0131, Demokrasi ve Hukukun \u00dcst\u00fcnl\u00fc\u011f\u00fc \u00c7er\u00e7eve S\u00f6zle\u015fmesi (\u201cYZ \u00c7er\u00e7eve S\u00f6zle\u015fmesi\u201d), 05.09.2024 tarihinde imzaya a\u00e7\u0131ld\u0131. YZ \u00c7er\u00e7eve S\u00f6zle\u015fmesi, yapay zek\u00e2 sistemlerinin ya\u015fam d\u00f6ng\u00fcs\u00fc i\u00e7indeki faaliyetlerinin insan haklar\u0131, demokrasi ve hukukun \u00fcst\u00fcnl\u00fc\u011f\u00fc ile tamamen [&hellip;]<\/p>\n","protected":false},"author":1,"featured_media":0,"parent":1032,"menu_order":0,"comment_status":"closed","ping_status":"closed","template":"","meta":{"zakra_page_container_layout":"customizer","zakra_page_sidebar_layout":"customizer","zakra_remove_content_margin":false,"zakra_sidebar":"customizer","zakra_transparent_header":"customizer","zakra_logo":0,"zakra_main_header_style":"default","zakra_menu_item_color":null,"zakra_menu_item_hover_color":null,"zakra_menu_item_active_color":null,"zakra_menu_active_style":"","zakra_page_header":true,"om_disable_all_campaigns":false,"_monsterinsights_skip_tracking":false,"_monsterinsights_sitenote_active":false,"_monsterinsights_sitenote_note":"","_monsterinsights_sitenote_category":0,"footnotes":""},"class_list":["post-2914","page","type-page","status-publish","hentry"],"aioseo_notices":[],"_links":{"self":[{"href":"https:\/\/yasarlaw.com\/tr\/wp-json\/wp\/v2\/pages\/2914","targetHints":{"allow":["GET"]}}],"collection":[{"href":"https:\/\/yasarlaw.com\/tr\/wp-json\/wp\/v2\/pages"}],"about":[{"href":"https:\/\/yasarlaw.com\/tr\/wp-json\/wp\/v2\/types\/page"}],"author":[{"embeddable":true,"href":"https:\/\/yasarlaw.com\/tr\/wp-json\/wp\/v2\/users\/1"}],"replies":[{"embeddable":true,"href":"https:\/\/yasarlaw.com\/tr\/wp-json\/wp\/v2\/comments?post=2914"}],"version-history":[{"count":16,"href":"https:\/\/yasarlaw.com\/tr\/wp-json\/wp\/v2\/pages\/2914\/revisions"}],"predecessor-version":[{"id":2930,"href":"https:\/\/yasarlaw.com\/tr\/wp-json\/wp\/v2\/pages\/2914\/revisions\/2930"}],"up":[{"embeddable":true,"href":"https:\/\/yasarlaw.com\/tr\/wp-json\/wp\/v2\/pages\/1032"}],"wp:attachment":[{"href":"https:\/\/yasarlaw.com\/tr\/wp-json\/wp\/v2\/media?parent=2914"}],"curies":[{"name":"wp","href":"https:\/\/api.w.org\/{rel}","templated":true}]}}