{"id":2976,"date":"2025-01-21T06:03:00","date_gmt":"2025-01-21T03:03:00","guid":{"rendered":"https:\/\/yasarlaw.com\/tr\/?page_id=2976"},"modified":"2025-01-21T06:04:36","modified_gmt":"2025-01-21T03:04:36","slug":"sohbet-robotlari-hakkinda-bilgi-notu-yayimlandi","status":"publish","type":"page","link":"https:\/\/yasarlaw.com\/tr\/yayinlar\/sohbet-robotlari-hakkinda-bilgi-notu-yayimlandi\/","title":{"rendered":"Sohbet Robotlar\u0131 Hakk\u0131nda Bilgi Notu Yay\u0131mland\u0131"},"content":{"rendered":"\t\t<div data-elementor-type=\"wp-page\" data-elementor-id=\"2976\" class=\"elementor elementor-2976\">\n\t\t\t\t\t\t<section class=\"elementor-section elementor-top-section elementor-element elementor-element-1683c794 elementor-section-stretched elementor-section-boxed elementor-section-height-default elementor-section-height-default\" data-id=\"1683c794\" data-element_type=\"section\" data-settings=\"{&quot;stretch_section&quot;:&quot;section-stretched&quot;,&quot;background_background&quot;:&quot;classic&quot;}\">\n\t\t\t\t\t\t\t<div class=\"elementor-background-overlay\"><\/div>\n\t\t\t\t\t\t\t<div class=\"elementor-container elementor-column-gap-no\">\n\t\t\t\t\t<div class=\"elementor-column elementor-col-100 elementor-top-column elementor-element elementor-element-5ef10a83\" data-id=\"5ef10a83\" data-element_type=\"column\">\n\t\t\t<div class=\"elementor-widget-wrap elementor-element-populated\">\n\t\t\t\t\t\t<div class=\"elementor-element elementor-element-d0a8f48 elementor-widget__width-auto elementor-absolute elementor-widget elementor-widget-text-editor\" data-id=\"d0a8f48\" data-element_type=\"widget\" data-settings=\"{&quot;_position&quot;:&quot;absolute&quot;}\" data-widget_type=\"text-editor.default\">\n\t\t\t\t<div class=\"elementor-widget-container\">\n\t\t\t\t\t\t\t\t\t<p><span style=\"color: #ffffff;\"><strong>Sohbet Robotlar\u0131 Hakk\u0131nda Bilgi Notu Yay\u0131mland\u0131<\/strong><\/span><\/p>\t\t\t\t\t\t\t\t<\/div>\n\t\t\t\t<\/div>\n\t\t\t\t\t<\/div>\n\t\t<\/div>\n\t\t\t\t\t<\/div>\n\t\t<\/section>\n\t\t\t\t<section class=\"elementor-section elementor-top-section elementor-element elementor-element-37652bf2 elementor-section-stretched elementor-section-boxed elementor-section-height-default elementor-section-height-default\" data-id=\"37652bf2\" data-element_type=\"section\" data-settings=\"{&quot;stretch_section&quot;:&quot;section-stretched&quot;}\">\n\t\t\t\t\t\t<div class=\"elementor-container elementor-column-gap-wider\">\n\t\t\t\t\t<div class=\"elementor-column elementor-col-100 elementor-top-column elementor-element elementor-element-135ac3b9\" data-id=\"135ac3b9\" data-element_type=\"column\" data-settings=\"{&quot;background_background&quot;:&quot;classic&quot;}\">\n\t\t\t<div class=\"elementor-widget-wrap elementor-element-populated\">\n\t\t\t\t\t\t<div class=\"elementor-element elementor-element-7f2267ca elementor-widget elementor-widget-text-editor\" data-id=\"7f2267ca\" data-element_type=\"widget\" data-widget_type=\"text-editor.default\">\n\t\t\t\t<div class=\"elementor-widget-container\">\n\t\t\t\t\t\t\t\t\t<p>Ki\u015fisel Verileri Koruma Kurumu (\u201c<strong>Kurum<\/strong>\u201d), 08.11.2024\u2019te Sohbet Robotlar\u0131 Hakk\u0131nda Bilgi Notunu (\u201c<strong>Bilgi Notu<\/strong>\u201d) yay\u0131mlad\u0131. Bilgi Notu, sohbet robotlar\u0131n\u0131 tan\u0131mlayarak kullan\u0131m alanlar\u0131na yer vermektedir. Bilgi Notu\u2019nda ifade edildi\u011fi \u00fczere sohbet robotlar\u0131, ad\u0131, ileti\u015fim bilgilerini, \u00f6deme bilgilerini, dosya i\u00e7eriklerini, mesajlar\u0131, sosyal medya bilgilerini, IP adresini, eri\u015fim zamanlar\u0131n\u0131, cihaz bilgilerini ve \u00e7erez bilgilerini i\u015fleyebilmektedir. Bu nedenle ki\u015fisel veri g\u00fcvenli\u011fi a\u00e7\u0131s\u0131ndan yapay zek\u00e2 sohbet robotlar\u0131ndaki \u015feffafl\u0131k konusu \u00f6nem arz etmekte olup bu t\u00fcr uygulamalar\u0131n i\u015fledi\u011fi ki\u015fisel verilerin nas\u0131l ve hangi ama\u00e7lar i\u00e7in kullan\u0131ld\u0131\u011f\u0131, kimlerle payla\u015f\u0131laca\u011f\u0131, hangi verilerin ne kadar s\u00fcreyle saklanaca\u011f\u0131, veri sorumlusunun ve varsa temsilcisinin kimli\u011fi ile ilgili ki\u015finin haklar\u0131 gibi hususlarda yeterli bilgilendirmenin yap\u0131lmas\u0131 gerekmektedir. \u00c7ocuklar i\u00e7in ya\u015f tespitinin do\u011fru ve g\u00fcvenilir yap\u0131lmas\u0131 i\u00e7in ve \u00e7ocuklar\u0131n olumsuz deneyimler ya\u015famas\u0131n\u0131 engellemek i\u00e7in proaktif bir yakla\u015f\u0131m benimsenmelidir.<\/p><p>Bilgi Notu, sohbet robotu uygulamas\u0131 geli\u015ftirirken dikkat edilmesi gerekenleri de saym\u0131\u015ft\u0131r. Ki\u015fisel verileri i\u015flemeye ba\u015flamadan \u00f6nce risk de\u011ferlendirmesi yap\u0131lmal\u0131d\u0131r. Uygulamalar, hesap verilebilirlik ilkesine uygun tasarlanmal\u0131d\u0131r. Ki\u015fisel veriler genel ilkelere ve mevzuata uygun i\u015flenmeli ve ayd\u0131nlatma y\u00fck\u00fcml\u00fcl\u00fc\u011f\u00fc yerine getirilmelidir. Ki\u015fisel veri g\u00fcvenli\u011fi i\u00e7in gerekli teknik ve idari tedbirler al\u0131nmal\u0131, uluslararas\u0131 standartlara uygun d\u00fczeyde yakla\u015f\u0131m benimsenmelidir.<\/p><p>Herhangi bir sorunuz olmas\u0131 halinde bize ula\u015fabilirsiniz.<\/p>\t\t\t\t\t\t\t\t<\/div>\n\t\t\t\t<\/div>\n\t\t\t\t\t<\/div>\n\t\t<\/div>\n\t\t\t\t\t<\/div>\n\t\t<\/section>\n\t\t\t\t<section class=\"elementor-section elementor-top-section elementor-element elementor-element-4fe75500 elementor-section-boxed elementor-section-height-default elementor-section-height-default\" data-id=\"4fe75500\" data-element_type=\"section\">\n\t\t\t\t\t\t<div class=\"elementor-container elementor-column-gap-default\">\n\t\t\t\t\t<div class=\"elementor-column elementor-col-100 elementor-top-column elementor-element elementor-element-3dd48092\" data-id=\"3dd48092\" data-element_type=\"column\">\n\t\t\t<div class=\"elementor-widget-wrap elementor-element-populated\">\n\t\t\t\t\t\t<div class=\"elementor-element elementor-element-10e39b76 elementor-shape-square elementor-fixed elementor-grid-0 e-grid-align-center elementor-widget elementor-widget-social-icons\" data-id=\"10e39b76\" data-element_type=\"widget\" data-settings=\"{&quot;_position&quot;:&quot;fixed&quot;}\" data-widget_type=\"social-icons.default\">\n\t\t\t\t<div class=\"elementor-widget-container\">\n\t\t\t\t\t\t\t<div class=\"elementor-social-icons-wrapper elementor-grid\">\n\t\t\t\t\t\t\t<span class=\"elementor-grid-item\">\n\t\t\t\t\t<a class=\"elementor-icon elementor-social-icon elementor-social-icon- elementor-animation-grow elementor-repeater-item-c1c9a90\" href=\"https:\/\/yasarlaw.com\/publications\/information-note-on-chatbots-published\/\">\n\t\t\t\t\t\t<span class=\"elementor-screen-only\"><\/span>\n\t\t\t\t\t\t<svg xmlns=\"http:\/\/www.w3.org\/2000\/svg\" xmlns:xlink=\"http:\/\/www.w3.org\/1999\/xlink\" id=\"Layer_1\" x=\"0px\" y=\"0px\" viewBox=\"0 0 1000 1000\" style=\"enable-background:new 0 0 1000 1000;\" xml:space=\"preserve\"><style type=\"text\/css\">\t.st0{fill:#FFFFFF;}<\/style><g id=\"Layer_3\"><\/g><g id=\"Layer_1_00000020364029370813827900000003168452955817500576_\">\t<rect width=\"1000\" height=\"1000\"><\/rect><\/g><g>\t<path class=\"st0\" d=\"M259.3,345.1H456v51.1H316.2v52.9h122.9v51.1H316.2v54.8h141.5V606H259.3V345.1z\"><\/path>\t<path class=\"st0\" d=\"M508.9,345.1h52.9l122.2,160.6V345.1h56.7v260.8H692L565.5,440.1v165.8h-56.7L508.9,345.1L508.9,345.1z\"><\/path><\/g><\/svg>\t\t\t\t\t<\/a>\n\t\t\t\t<\/span>\n\t\t\t\t\t<\/div>\n\t\t\t\t\t\t<\/div>\n\t\t\t\t<\/div>\n\t\t\t\t\t<\/div>\n\t\t<\/div>\n\t\t\t\t\t<\/div>\n\t\t<\/section>\n\t\t\t\t<section class=\"elementor-section elementor-top-section elementor-element elementor-element-26fa9928 elementor-section-stretched elementor-section-boxed elementor-section-height-default elementor-section-height-default\" data-id=\"26fa9928\" data-element_type=\"section\" data-settings=\"{&quot;stretch_section&quot;:&quot;section-stretched&quot;}\">\n\t\t\t\t\t\t<div class=\"elementor-container elementor-column-gap-wider\">\n\t\t\t\t\t<div class=\"elementor-column elementor-col-100 elementor-top-column elementor-element elementor-element-c5b4038\" data-id=\"c5b4038\" data-element_type=\"column\" data-settings=\"{&quot;background_background&quot;:&quot;classic&quot;}\">\n\t\t\t<div class=\"elementor-widget-wrap elementor-element-populated\">\n\t\t\t\t\t\t<section class=\"elementor-section elementor-inner-section elementor-element elementor-element-3f767c48 elementor-section-full_width elementor-section-height-default elementor-section-height-default\" data-id=\"3f767c48\" data-element_type=\"section\">\n\t\t\t\t\t\t<div class=\"elementor-container elementor-column-gap-default\">\n\t\t\t\t\t<div class=\"elementor-column elementor-col-50 elementor-inner-column elementor-element elementor-element-368fb3c6\" data-id=\"368fb3c6\" data-element_type=\"column\">\n\t\t\t<div class=\"elementor-widget-wrap elementor-element-populated\">\n\t\t\t\t\t\t<div class=\"elementor-element elementor-element-147a07b8 elementor-widget elementor-widget-text-editor\" data-id=\"147a07b8\" data-element_type=\"widget\" data-widget_type=\"text-editor.default\">\n\t\t\t\t<div class=\"elementor-widget-container\">\n\t\t\t\t\t\t\t\t\t<p><span style=\"color: #781619;\"><b>Ya\u015far Law Office<\/b><\/span><\/p><p><span style=\"color: #781619;\">Bize Ula\u015f\u0131n:<\/span><\/p><p><span style=\"color: #781619;\">Karanfil Sokak, No: 13<\/span><\/p><p><span style=\"color: #781619;\">Levent, Be\u015fikta\u015f, \u0130stanbul<\/span><\/p><p><span style=\"color: #781619;\"><a style=\"color: #781619;\" title=\"+90 212 401 4240\" href=\"tel:+902124014240\">+90 212 401 4240<\/a><\/span><\/p><p><span style=\"color: #781619;\"><a style=\"color: #781619;\" title=\"info@yasarlaw.com\" href=\"mailto:info@yasarlaw.com\">info@yasarlaw.com<\/a><\/span><\/p>\t\t\t\t\t\t\t\t<\/div>\n\t\t\t\t<\/div>\n\t\t\t\t<div class=\"elementor-element elementor-element-03a3ecc elementor-widget elementor-widget-text-editor\" data-id=\"03a3ecc\" data-element_type=\"widget\" data-widget_type=\"text-editor.default\">\n\t\t\t\t<div class=\"elementor-widget-container\">\n\t\t\t\t\t\t\t\t\t<p><span style=\"color: rgb(120, 22, 25); font-style: inherit; font-weight: inherit; letter-spacing: 0.01em;\">Bize Ula\u015f\u0131n:<\/span><br><\/p>\n<p><span style=\"color: #781619;\">859. Sokak, No: 4\/303<\/span><\/p>\n<p><font color=\"#781619\">Cumhuriyet Bulvar\u0131, Konak, \u0130zmir<\/font><\/p>\n<p><span style=\"color: #781619;\"><a style=\"color: #781619;\" title=\"+90 212 401 4240\" href=\"tel:+902124014240\">+90 212 401 4240<\/a><\/span><\/p>\n<p><span style=\"color: #781619;\"><a style=\"color: #781619;\" title=\"info@yasarlaw.com\" href=\"mailto:info@yasarlaw.com\">info@yasarlaw.com<\/a><\/span><\/p>\t\t\t\t\t\t\t\t<\/div>\n\t\t\t\t<\/div>\n\t\t\t\t\t<\/div>\n\t\t<\/div>\n\t\t\t\t<div class=\"elementor-column elementor-col-50 elementor-inner-column elementor-element elementor-element-4290edba\" data-id=\"4290edba\" data-element_type=\"column\">\n\t\t\t<div class=\"elementor-widget-wrap elementor-element-populated\">\n\t\t\t\t\t\t<div class=\"elementor-element elementor-element-5b2d60b0 elementor-widget elementor-widget-google_maps\" data-id=\"5b2d60b0\" data-element_type=\"widget\" data-widget_type=\"google_maps.default\">\n\t\t\t\t<div class=\"elementor-widget-container\">\n\t\t\t\t\t\t\t<div class=\"elementor-custom-embed\">\n\t\t\t<iframe loading=\"lazy\"\n\t\t\t\t\tsrc=\"https:\/\/maps.google.com\/maps?q=Karanfil%20Soka%C4%9F%C4%B1%20No%3A13%2C%20Levent%2C%2034330%20Be%C5%9Fikta%C5%9F%2F%C4%B0stanbul&#038;t=m&#038;z=15&#038;output=embed&#038;iwloc=near\"\n\t\t\t\t\ttitle=\"Karanfil Soka\u011f\u0131 No:13, Levent, 34330 Be\u015fikta\u015f\/\u0130stanbul\"\n\t\t\t\t\taria-label=\"Karanfil Soka\u011f\u0131 No:13, Levent, 34330 Be\u015fikta\u015f\/\u0130stanbul\"\n\t\t\t><\/iframe>\n\t\t<\/div>\n\t\t\t\t\t\t<\/div>\n\t\t\t\t<\/div>\n\t\t\t\t\t<\/div>\n\t\t<\/div>\n\t\t\t\t\t<\/div>\n\t\t<\/section>\n\t\t\t\t\t<\/div>\n\t\t<\/div>\n\t\t\t\t\t<\/div>\n\t\t<\/section>\n\t\t\t\t<\/div>\n\t\t","protected":false},"excerpt":{"rendered":"<p>Sohbet Robotlar\u0131 Hakk\u0131nda Bilgi Notu Yay\u0131mland\u0131 Ki\u015fisel Verileri Koruma Kurumu (\u201cKurum\u201d), 08.11.2024\u2019te Sohbet Robotlar\u0131 Hakk\u0131nda Bilgi Notunu (\u201cBilgi Notu\u201d) yay\u0131mlad\u0131. Bilgi Notu, sohbet robotlar\u0131n\u0131 tan\u0131mlayarak kullan\u0131m alanlar\u0131na yer vermektedir. Bilgi Notu\u2019nda ifade edildi\u011fi \u00fczere sohbet robotlar\u0131, ad\u0131, ileti\u015fim bilgilerini, \u00f6deme bilgilerini, dosya i\u00e7eriklerini, mesajlar\u0131, sosyal medya bilgilerini, IP adresini, eri\u015fim zamanlar\u0131n\u0131, cihaz bilgilerini ve \u00e7erez [&hellip;]<\/p>\n","protected":false},"author":1,"featured_media":0,"parent":1032,"menu_order":0,"comment_status":"closed","ping_status":"closed","template":"","meta":{"zakra_page_container_layout":"customizer","zakra_page_sidebar_layout":"customizer","zakra_remove_content_margin":false,"zakra_sidebar":"customizer","zakra_transparent_header":"customizer","zakra_logo":0,"zakra_main_header_style":"default","zakra_menu_item_color":null,"zakra_menu_item_hover_color":null,"zakra_menu_item_active_color":null,"zakra_menu_active_style":"","zakra_page_header":true,"om_disable_all_campaigns":false,"_monsterinsights_skip_tracking":false,"_monsterinsights_sitenote_active":false,"_monsterinsights_sitenote_note":"","_monsterinsights_sitenote_category":0,"footnotes":""},"class_list":["post-2976","page","type-page","status-publish","hentry"],"aioseo_notices":[],"_links":{"self":[{"href":"https:\/\/yasarlaw.com\/tr\/wp-json\/wp\/v2\/pages\/2976","targetHints":{"allow":["GET"]}}],"collection":[{"href":"https:\/\/yasarlaw.com\/tr\/wp-json\/wp\/v2\/pages"}],"about":[{"href":"https:\/\/yasarlaw.com\/tr\/wp-json\/wp\/v2\/types\/page"}],"author":[{"embeddable":true,"href":"https:\/\/yasarlaw.com\/tr\/wp-json\/wp\/v2\/users\/1"}],"replies":[{"embeddable":true,"href":"https:\/\/yasarlaw.com\/tr\/wp-json\/wp\/v2\/comments?post=2976"}],"version-history":[{"count":7,"href":"https:\/\/yasarlaw.com\/tr\/wp-json\/wp\/v2\/pages\/2976\/revisions"}],"predecessor-version":[{"id":2983,"href":"https:\/\/yasarlaw.com\/tr\/wp-json\/wp\/v2\/pages\/2976\/revisions\/2983"}],"up":[{"embeddable":true,"href":"https:\/\/yasarlaw.com\/tr\/wp-json\/wp\/v2\/pages\/1032"}],"wp:attachment":[{"href":"https:\/\/yasarlaw.com\/tr\/wp-json\/wp\/v2\/media?parent=2976"}],"curies":[{"name":"wp","href":"https:\/\/api.w.org\/{rel}","templated":true}]}}