{"id":3011,"date":"2025-07-09T01:24:26","date_gmt":"2025-07-08T22:24:26","guid":{"rendered":"https:\/\/yasarlaw.com\/tr\/?page_id=3011"},"modified":"2025-07-09T01:36:34","modified_gmt":"2025-07-08T22:36:34","slug":"siber-guvenlik-kanunu-yururluge-girdi","status":"publish","type":"page","link":"https:\/\/yasarlaw.com\/tr\/yayinlar\/siber-guvenlik-kanunu-yururluge-girdi\/","title":{"rendered":"Siber G\u00fcvenlik Kanunu Y\u00fcr\u00fcrl\u00fc\u011fe Girdi"},"content":{"rendered":"\t\t<div data-elementor-type=\"wp-page\" data-elementor-id=\"3011\" class=\"elementor elementor-3011\">\n\t\t\t\t\t\t<section class=\"elementor-section elementor-top-section elementor-element elementor-element-1683c794 elementor-section-stretched elementor-section-boxed elementor-section-height-default elementor-section-height-default\" data-id=\"1683c794\" data-element_type=\"section\" data-settings=\"{&quot;stretch_section&quot;:&quot;section-stretched&quot;,&quot;background_background&quot;:&quot;classic&quot;}\">\n\t\t\t\t\t\t\t<div class=\"elementor-background-overlay\"><\/div>\n\t\t\t\t\t\t\t<div class=\"elementor-container elementor-column-gap-no\">\n\t\t\t\t\t<div class=\"elementor-column elementor-col-100 elementor-top-column elementor-element elementor-element-5ef10a83\" data-id=\"5ef10a83\" data-element_type=\"column\">\n\t\t\t<div class=\"elementor-widget-wrap elementor-element-populated\">\n\t\t\t\t\t\t<div class=\"elementor-element elementor-element-d0a8f48 elementor-widget__width-auto elementor-absolute elementor-widget elementor-widget-text-editor\" data-id=\"d0a8f48\" data-element_type=\"widget\" data-settings=\"{&quot;_position&quot;:&quot;absolute&quot;}\" data-widget_type=\"text-editor.default\">\n\t\t\t\t<div class=\"elementor-widget-container\">\n\t\t\t\t\t\t\t\t\t<p><span style=\"color: #ffffff;\"><strong>Siber G\u00fcvenlik Kanunu Y\u00fcr\u00fcrl\u00fc\u011fe Girdi<\/strong><\/span><\/p>\t\t\t\t\t\t\t\t<\/div>\n\t\t\t\t<\/div>\n\t\t\t\t\t<\/div>\n\t\t<\/div>\n\t\t\t\t\t<\/div>\n\t\t<\/section>\n\t\t\t\t<section class=\"elementor-section elementor-top-section elementor-element elementor-element-37652bf2 elementor-section-stretched elementor-section-boxed elementor-section-height-default elementor-section-height-default\" data-id=\"37652bf2\" data-element_type=\"section\" data-settings=\"{&quot;stretch_section&quot;:&quot;section-stretched&quot;}\">\n\t\t\t\t\t\t<div class=\"elementor-container elementor-column-gap-wider\">\n\t\t\t\t\t<div class=\"elementor-column elementor-col-100 elementor-top-column elementor-element elementor-element-135ac3b9\" data-id=\"135ac3b9\" data-element_type=\"column\" data-settings=\"{&quot;background_background&quot;:&quot;classic&quot;}\">\n\t\t\t<div class=\"elementor-widget-wrap elementor-element-populated\">\n\t\t\t\t\t\t<div class=\"elementor-element elementor-element-7f2267ca elementor-widget elementor-widget-text-editor\" data-id=\"7f2267ca\" data-element_type=\"widget\" data-widget_type=\"text-editor.default\">\n\t\t\t\t<div class=\"elementor-widget-container\">\n\t\t\t\t\t\t\t\t\t<p>Siber G\u00fcvenlik Kanunu (\u201c<b>Kanun<\/b>\u201d),<b> <\/b>19.03.2025 tarihli 32846 say\u0131l\u0131 Resm\u00ee Gazete\u2019de yay\u0131mlanarak y\u00fcr\u00fcrl\u00fc\u011fe girdi. Kanun, siber uzaydaki tehditlerin tespit ve bertaraf edilmesini, siber olaylar\u0131n muhtemel etkilerinin azalt\u0131lmas\u0131n\u0131, \u00e7e\u015fitli akt\u00f6rlerin siber sald\u0131r\u0131lara y\u00f6nelik korunmas\u0131n\u0131 ve \u00fclkenin siber g\u00fcvenli\u011finin g\u00fc\u00e7lenmesini ama\u00e7lamaktad\u0131r. Kanun, do\u011frudan veya dolayl\u0131 olarak internette, elektronik haberle\u015fme veya bilgisayar a\u011flar\u0131na ba\u011fl\u0131 olan t\u00fcm bili\u015fim sistemlerinde ve bunlar\u0131 birbirine ba\u011flayan a\u011flarda (siber uzayda) varl\u0131k g\u00f6steren, faaliyet y\u00fcr\u00fcten ve hizmet sunan kamu kurum ve kurulu\u015flar\u0131n\u0131, kamu kurumu niteli\u011findeki meslek kurulu\u015flar\u0131n\u0131, ger\u00e7ek ve t\u00fczel ki\u015fileri ve t\u00fczel ki\u015fili\u011fi bulunmayan kurulu\u015flar\u0131 kapsamaktad\u0131r. A\u015fa\u011f\u0131da detaylar\u0131na yer verilen Kanun\u2019un uygulanmas\u0131na ili\u015fkin d\u00fczenlemelerin bir y\u0131l i\u00e7inde y\u00fcr\u00fcrl\u00fc\u011fe konaca\u011f\u0131 d\u00fczenlenmi\u015ftir.<\/p>\n<p style=\"text-indent: 0px;\"><b style=\"font-style: inherit; text-indent: -18pt; letter-spacing: 0.01em;\">1. Siber G\u00fcvenlik Ba\u015fkanl\u0131\u011f\u0131<\/b><\/p>\n<p>Kanun ile Siber G\u00fcvenlik Ba\u015fkanl\u0131\u011f\u0131n\u0131n (\u201c<b>Ba\u015fkanl\u0131k<\/b>\u201d) g\u00f6revlerini d\u00fczenlemi\u015ftir. Buna g\u00f6re Ba\u015fkanl\u0131k, <b>(i)<\/b> kritik altyap\u0131lar ve bili\u015fim sistemlerinin dayan\u0131kl\u0131l\u0131\u011f\u0131n\u0131n art\u0131r\u0131lmas\u0131na ve bunlar\u0131n siber sald\u0131r\u0131lara kar\u015f\u0131 korunmas\u0131na, siber sald\u0131r\u0131lar\u0131n tespitine ve bunlarla m\u00fccadele edilmesine, siber tehdit istihbarat\u0131 toplanmas\u0131na, zararl\u0131 yaz\u0131l\u0131mlar\u0131na incelenmesine; <b>(ii)<\/b> kritik altyap\u0131lar ile ait olduklar\u0131 kurumlar\u0131n ve konumlar\u0131n belirlenmesine; <b>(iii) <\/b>kamu kurum ve kurulu\u015flar\u0131 ile kritik altyap\u0131lar\u0131n veri&nbsp;envanteri&nbsp;d\u00e2hil olmak \u00fczere t\u00fcm varl\u0131klar\u0131n\u0131n envanterinin tutulmas\u0131na ve varl\u0131klara y\u00f6nelik risk analizinin ger\u00e7ekle\u015ftirilmesine, kamu kurum ve kurulu\u015flar\u0131 ile kritik altyap\u0131lar\u0131n sahip oldu\u011fu varl\u0131klar\u0131n kritikli\u011fine g\u00f6re g\u00fcvenlik tedbirlerinin al\u0131nmas\u0131na ve g\u00fcvenli\u011finin sa\u011flanmas\u0131na; <b>(iv)<\/b> siber olaylara m\u00fcdahale ekibi kurulmas\u0131na; <b>(v)<\/b> siber g\u00fcvenlik alan\u0131nda uyulacak usul ve esaslar ile standartlar\u0131n belirlenmesine, bu alanda test ve sertifikasyon i\u015flemlerinin y\u00fcr\u00fct\u00fclmesine, bu alanda denetimlerin yap\u0131lmas\u0131na ve yapt\u0131r\u0131mlar\u0131n uygulanmas\u0131na; <b>(vi)<\/b> siber g\u00fcvenlik \u00fcr\u00fcn ve hizmetlerinin ve bunlar\u0131 sa\u011flayacak i\u015fletmelerin ta\u015f\u0131mas\u0131 gereken niteliklerin belirlenmesine ve bunlar\u0131n denetlenmesine ili\u015fkin kurallar\u0131n belirlenmesine y\u00f6nelik faaliyetleri y\u00fcr\u00fctecektir.<\/p>\n<p style=\"text-indent: 0px;\"><b style=\"font-style: inherit; text-indent: -18pt; letter-spacing: 0.01em;\">2. Siber G\u00fcvenlik Kurulu<\/b><\/p>\n<p>Kanun ile Siber G\u00fcvenlik Kurulunun (\u201c<b>Kurul<\/b>\u201d) kurulmas\u0131na karar verilmi\u015ftir. Kurul, Cumhurba\u015fkan\u0131, Cumhurba\u015fkan\u0131 Yard\u0131mc\u0131s\u0131, Adalet Bakan\u0131, D\u0131\u015fi\u015fleri Bakan\u0131, \u0130\u00e7i\u015fleri Bakan\u0131, Milli Savunma Bakan\u0131, Sanayi ve Teknoloji Bakan\u0131, Ula\u015ft\u0131rma ve Altyap\u0131 Bakan\u0131, Milli G\u00fcvenlik Kurulu Genel Sekreteri, Milli \u0130stihbarat Te\u015fkilat\u0131 Ba\u015fkan\u0131, Savunma&nbsp;Sanayii&nbsp;Ba\u015fkan\u0131 ve Siber G\u00fcvenlik Ba\u015fkan\u0131ndan olu\u015fur. Kurul; <b>(i)<\/b> siber g\u00fcvenlik ile ilgili politika, strateji, eylem ve plan\u0131 ve di\u011fer d\u00fczenleyici i\u015flemleri ve bunlar\u0131n istisnalar\u0131n\u0131 belirlemeye, <b>(ii) <\/b>Ba\u015fkanl\u0131k taraf\u0131ndan haz\u0131rlanan siber g\u00fcvenlik alan\u0131na ili\u015fkin yol haritas\u0131n\u0131 uygulamaya, <b>(iii)<\/b> siber g\u00fcvenlik alan\u0131ndaki te\u015fvikleri belirlemeye ve insan kayna\u011f\u0131n\u0131 geli\u015ftirecek kararlar almaya, <b>(iv)<\/b> kritik altyap\u0131 sekt\u00f6rlerini belirlemeye ve <b>(v)<\/b> Ba\u015fkanl\u0131k ile di\u011fer kamu kurum ve kurulu\u015flar\u0131 aras\u0131ndaki ihtilaflar hakk\u0131nda karar almaya yetkilidir.<\/p>\n<p style=\"text-indent: 0px;\"><b style=\"font-style: inherit; text-indent: -18pt; letter-spacing: 0.01em;\">3. Bili\u015fim Sistemlerini Kullanmak Suretiyle Hizmet Sunan, Veri Toplayan, \u0130\u015fleyen ve Benzeri Faaliyet Y\u00fcr\u00fctenlerin Sorumluluklar\u0131<\/b><\/p>\n<p>Kanun, bili\u015fim sistemlerinin kullanmak suretiyle hizmet sunan, veri toplayan, i\u015fleyen ve benzeri faaliyet y\u00fcr\u00fctenlerin g\u00f6rev ve sorumluluklar\u0131n\u0131 d\u00fczenlemi\u015ftir. Buna g\u00f6re an\u0131lan akt\u00f6rler; <b>(i) <\/b>Ba\u015fkanl\u0131k taraf\u0131ndan talep edilen her t\u00fcrl\u00fc bilgi ve belgeyi payla\u015fmak, <b>(ii)<\/b> siber g\u00fcvenli\u011fe y\u00f6nelik milli g\u00fcvenlik, kamu d\u00fczeni veya kamu hizmetinin gere\u011fi gibi ifas\u0131 amac\u0131yla gerekli tedbirleri almak ve hizmet sunduklar\u0131 alanda tespit ettikleri zafiyet ve siber olaylar\u0131 gecikmeksizin Ba\u015fkanl\u0131k\u2019a bildirmek, <b>(iii)<\/b> kamu kurum ve kurulu\u015flar\u0131 ile kritik altyap\u0131larda kullan\u0131lacak \u00fcr\u00fcn ve hizmetleri yetkilendirilmi\u015f ve belgelendirilmi\u015f siber g\u00fcvenlik uzmanlar\u0131ndan, \u00fcreticilerinden veya \u015firketlerinden almak, <b>(iv)<\/b> Ba\u015fkanl\u0131k taraf\u0131ndan geli\u015ftirilen politika ve stratejilere uyumlu olmak zorundad\u0131r.<\/p>\n<p>Ayr\u0131ca sertifikasyon, yetkilendirme ve belgelendirmeye tabi siber g\u00fcvenlik \u015firketleri, faaliyete ba\u015flamadan \u00f6nce mevcut d\u00fczenlemeler \u00e7er\u00e7evesinde Ba\u015fkanl\u0131\u011f\u0131n onay\u0131n\u0131 almak zorundad\u0131r. Siber g\u00fcvenlik \u00fcr\u00fcn ve hizmetlerinin yurt d\u0131\u015f\u0131na sat\u0131\u015f\u0131 da Ba\u015fkanl\u0131k\u2019\u0131n onay\u0131 \u00fczerine m\u00fcmk\u00fcn olacakt\u0131r. Siber g\u00fcvenlik \u015firketlerinin birle\u015fme, b\u00f6l\u00fcnme, pay devri veya sat\u0131\u015f i\u015flemleri de Ba\u015fkanl\u0131k\u2019a bildirilecek, bu i\u015flemlerden siber g\u00fcvenlik \u015firketi \u00fczerinde m\u00fcnferiden veya birlikte do\u011frudan veya dolayl\u0131 kontrol hakk\u0131 veya karar alma yetkisi tan\u0131yanlar Ba\u015fkanl\u0131k onay\u0131na tabi olacakt\u0131r.<\/p>\n<p style=\"text-indent: 0px;\"><span style=\"font-style: inherit; text-indent: -18pt;\"><b>4.&nbsp;<\/b><\/span><b style=\"font-style: inherit; text-indent: -18pt; letter-spacing: 0.01em;\">Yapt\u0131r\u0131mlar<\/b><\/p>\n<p>Kanun, \u00f6ng\u00f6rd\u00fc\u011f\u00fc y\u00fck\u00fcml\u00fcl\u00fcklerin ihlali halinde \u00e7e\u015fitli ve a\u011f\u0131r yapt\u0131r\u0131mlar d\u00fczenlemektedir. Buna g\u00f6re <b>(i)<\/b> Kanun taraf\u0131ndan yetkilendirilen mercilerin ve denetim g\u00f6revlilerinin talep etti\u011fi bilgi ve belgeyi sa\u011flamamak, <b>(ii)<\/b> gerekli onay, yetki ve izinler al\u0131nmaks\u0131z\u0131n faaliyet y\u00fcr\u00fctmek, <b>(iii)<\/b> s\u0131r saklama y\u00fck\u00fcml\u00fcl\u00fc\u011f\u00fcn\u00fc ihlal etmek, <b>(iv)<\/b> s\u0131zd\u0131r\u0131lan verileri yaymak, <b>(v)<\/b> veri s\u0131z\u0131nt\u0131s\u0131 olmad\u0131\u011f\u0131 bilgisine ra\u011fmen endi\u015fe ve pani\u011fe yol a\u00e7mak amac\u0131yla veri s\u0131z\u0131nt\u0131s\u0131 oldu\u011funa dair ger\u00e7e\u011fe ayk\u0131r\u0131 i\u00e7erik olu\u015fturmak, <b>(vi)<\/b> siber sald\u0131r\u0131 d\u00fczenlemek, sald\u0131r\u0131 sonucu elde edilen verileri yaymak, <b>(vii)<\/b> Kanun uyar\u0131nca tan\u0131nan g\u00f6rev ve yetkilerini k\u00f6t\u00fcye kullanmak veya bu g\u00f6revi gere\u011fi sald\u0131r\u0131ya kar\u015f\u0131 koruma y\u00fck\u00fcml\u00fcl\u00fc\u011f\u00fcn\u00fc ihlal etmek y\u00f6n\u00fcndeki eylemler hakk\u0131nda hapis cezas\u0131 \u00f6ng\u00f6r\u00fclm\u00fc\u015ft\u00fcr.<\/p>\n<p>\u00d6te yandan bili\u015fim sistemlerinin kullanmak suretiyle hizmet sunan, veri toplayan, i\u015fleyen ve benzeri faaliyet y\u00fcr\u00fctenlerin siber g\u00fcvenlik zafiyetlerini ve siber olaylar\u0131 Ba\u015fkanl\u0131k\u2019a bildirmemesi halinde ve siber g\u00fcvenlik hizmetinin yetkilendirilmi\u015f ve belgelendirilmi\u015f siber g\u00fcvenlik uzmanlar\u0131ndan, \u00fcreticilerinden veya \u015firketlerinden al\u0131nmamas\u0131 halinde bir milyon T\u00fcrk liras\u0131ndan on milyon T\u00fcrk liras\u0131na kadar idari para cezas\u0131 d\u00fczenlenmi\u015ftir. Siber g\u00fcvenlik \u015firketleri i\u00e7in d\u00fczenlenen y\u00fck\u00fcml\u00fcl\u00fcklerin ihlali halinde ise on milyon T\u00fcrk liras\u0131ndan y\u00fcz milyon T\u00fcrk liras\u0131na kadar idari para cezas\u0131 d\u00fczenlenmi\u015ftir. Nihayet Ba\u015fkanl\u0131k denetimi s\u00fcrecine dair d\u00fczenlenen y\u00fck\u00fcml\u00fcl\u00fcklerin ihlali halinde y\u00fcz bin T\u00fcrk liras\u0131ndan bir milyon T\u00fcrk liras\u0131na kadar idari para cezas\u0131 d\u00fczenlenmi\u015ftir. Denetim y\u00fck\u00fcml\u00fcl\u00fcklerini ihlal eden taraf\u0131n ticari \u015firket olmas\u0131 halinde \u00fcst s\u0131n\u0131r olarak br\u00fct sat\u0131\u015f has\u0131lat\u0131n\u0131n %5\u2019i \u00fcst s\u0131n\u0131r olarak belirlenmi\u015ftir.<\/p>\n<p>Herhangi bir sorunuz olmas\u0131 halinde bize ula\u015fabilirsiniz.<\/p>\t\t\t\t\t\t\t\t<\/div>\n\t\t\t\t<\/div>\n\t\t\t\t\t<\/div>\n\t\t<\/div>\n\t\t\t\t\t<\/div>\n\t\t<\/section>\n\t\t\t\t<section class=\"elementor-section elementor-top-section elementor-element elementor-element-4fe75500 elementor-section-boxed elementor-section-height-default elementor-section-height-default\" data-id=\"4fe75500\" data-element_type=\"section\">\n\t\t\t\t\t\t<div class=\"elementor-container elementor-column-gap-default\">\n\t\t\t\t\t<div class=\"elementor-column elementor-col-100 elementor-top-column elementor-element elementor-element-3dd48092\" data-id=\"3dd48092\" data-element_type=\"column\">\n\t\t\t<div class=\"elementor-widget-wrap elementor-element-populated\">\n\t\t\t\t\t\t<div class=\"elementor-element elementor-element-10e39b76 elementor-shape-square elementor-fixed elementor-grid-0 e-grid-align-center elementor-widget elementor-widget-social-icons\" data-id=\"10e39b76\" data-element_type=\"widget\" data-settings=\"{&quot;_position&quot;:&quot;fixed&quot;}\" data-widget_type=\"social-icons.default\">\n\t\t\t\t<div class=\"elementor-widget-container\">\n\t\t\t\t\t\t\t<div class=\"elementor-social-icons-wrapper elementor-grid\">\n\t\t\t\t\t\t\t<span class=\"elementor-grid-item\">\n\t\t\t\t\t<a class=\"elementor-icon elementor-social-icon elementor-social-icon- elementor-animation-grow elementor-repeater-item-c1c9a90\" href=\"https:\/\/yasarlaw.com\/publications\/the-cybersecurity-law-entered-into-force\/\">\n\t\t\t\t\t\t<span class=\"elementor-screen-only\"><\/span>\n\t\t\t\t\t\t<svg xmlns=\"http:\/\/www.w3.org\/2000\/svg\" xmlns:xlink=\"http:\/\/www.w3.org\/1999\/xlink\" id=\"Layer_1\" x=\"0px\" y=\"0px\" viewBox=\"0 0 1000 1000\" style=\"enable-background:new 0 0 1000 1000;\" xml:space=\"preserve\"><style type=\"text\/css\">\t.st0{fill:#FFFFFF;}<\/style><g id=\"Layer_3\"><\/g><g id=\"Layer_1_00000020364029370813827900000003168452955817500576_\">\t<rect width=\"1000\" height=\"1000\"><\/rect><\/g><g>\t<path class=\"st0\" d=\"M259.3,345.1H456v51.1H316.2v52.9h122.9v51.1H316.2v54.8h141.5V606H259.3V345.1z\"><\/path>\t<path class=\"st0\" d=\"M508.9,345.1h52.9l122.2,160.6V345.1h56.7v260.8H692L565.5,440.1v165.8h-56.7L508.9,345.1L508.9,345.1z\"><\/path><\/g><\/svg>\t\t\t\t\t<\/a>\n\t\t\t\t<\/span>\n\t\t\t\t\t<\/div>\n\t\t\t\t\t\t<\/div>\n\t\t\t\t<\/div>\n\t\t\t\t\t<\/div>\n\t\t<\/div>\n\t\t\t\t\t<\/div>\n\t\t<\/section>\n\t\t\t\t<section class=\"elementor-section elementor-top-section elementor-element elementor-element-26fa9928 elementor-section-stretched elementor-section-boxed elementor-section-height-default elementor-section-height-default\" data-id=\"26fa9928\" data-element_type=\"section\" data-settings=\"{&quot;stretch_section&quot;:&quot;section-stretched&quot;}\">\n\t\t\t\t\t\t<div class=\"elementor-container elementor-column-gap-wider\">\n\t\t\t\t\t<div class=\"elementor-column elementor-col-100 elementor-top-column elementor-element elementor-element-c5b4038\" data-id=\"c5b4038\" data-element_type=\"column\" data-settings=\"{&quot;background_background&quot;:&quot;classic&quot;}\">\n\t\t\t<div class=\"elementor-widget-wrap elementor-element-populated\">\n\t\t\t\t\t\t<section class=\"elementor-section elementor-inner-section elementor-element elementor-element-3f767c48 elementor-section-full_width elementor-section-height-default elementor-section-height-default\" data-id=\"3f767c48\" data-element_type=\"section\">\n\t\t\t\t\t\t<div class=\"elementor-container elementor-column-gap-default\">\n\t\t\t\t\t<div class=\"elementor-column elementor-col-50 elementor-inner-column elementor-element elementor-element-368fb3c6\" data-id=\"368fb3c6\" data-element_type=\"column\">\n\t\t\t<div class=\"elementor-widget-wrap elementor-element-populated\">\n\t\t\t\t\t\t<div class=\"elementor-element elementor-element-147a07b8 elementor-widget elementor-widget-text-editor\" data-id=\"147a07b8\" data-element_type=\"widget\" data-widget_type=\"text-editor.default\">\n\t\t\t\t<div class=\"elementor-widget-container\">\n\t\t\t\t\t\t\t\t\t<p><span style=\"color: #781619;\"><b>Ya\u015far Law Office<\/b><\/span><\/p><p><span style=\"color: #781619;\">Bize Ula\u015f\u0131n:<\/span><\/p><p><span style=\"color: #781619;\">Karanfil Sokak, No: 13<\/span><\/p><p><span style=\"color: #781619;\">Levent, Be\u015fikta\u015f, \u0130stanbul<\/span><\/p><p><span style=\"color: #781619;\"><a style=\"color: #781619;\" title=\"+90 212 401 4240\" href=\"tel:+902124014240\">+90 212 401 4240<\/a><\/span><\/p><p><span style=\"color: #781619;\"><a style=\"color: #781619;\" title=\"info@yasarlaw.com\" href=\"mailto:info@yasarlaw.com\">info@yasarlaw.com<\/a><\/span><\/p>\t\t\t\t\t\t\t\t<\/div>\n\t\t\t\t<\/div>\n\t\t\t\t<div class=\"elementor-element elementor-element-c847a19 elementor-widget elementor-widget-text-editor\" data-id=\"c847a19\" data-element_type=\"widget\" data-widget_type=\"text-editor.default\">\n\t\t\t\t<div class=\"elementor-widget-container\">\n\t\t\t\t\t\t\t\t\t<p style=\"font-size: 12px; font-style: normal; font-weight: 400; letter-spacing: 0.15px;\"><span style=\"color: rgb(120, 22, 25); font-style: inherit; font-weight: inherit; letter-spacing: 0.01em;\">Bize Ula\u015f\u0131n:<\/span><br><\/p><p style=\"font-size: 12px; font-style: normal; font-weight: 400; letter-spacing: 0.15px;\"><span style=\"color: rgb(120, 22, 25);\">859. Sokak, No: 4\/303<\/span><\/p><p style=\"font-size: 12px; font-style: normal; font-weight: 400; letter-spacing: 0.15px;\"><font color=\"#781619\">Cumhuriyet Bulvar\u0131, Konak, \u0130zmir<\/font><\/p><p style=\"font-size: 12px; font-style: normal; font-weight: 400; letter-spacing: 0.15px;\"><span style=\"color: rgb(120, 22, 25);\"><a title=\"+90 212 401 4240\" href=\"tel:+902124014240\" style=\"color: rgb(120, 22, 25);\">+90 212 401 4240<\/a><\/span><\/p><p style=\"font-size: 12px; font-style: normal; font-weight: 400; letter-spacing: 0.15px;\"><span style=\"color: rgb(120, 22, 25);\"><a title=\"info@yasarlaw.com\" href=\"mailto:info@yasarlaw.com\" style=\"color: rgb(120, 22, 25);\">info@yasarlaw.com<\/a><\/span><\/p>\t\t\t\t\t\t\t\t<\/div>\n\t\t\t\t<\/div>\n\t\t\t\t\t<\/div>\n\t\t<\/div>\n\t\t\t\t<div class=\"elementor-column elementor-col-50 elementor-inner-column elementor-element elementor-element-4290edba\" data-id=\"4290edba\" data-element_type=\"column\">\n\t\t\t<div class=\"elementor-widget-wrap elementor-element-populated\">\n\t\t\t\t\t\t<div class=\"elementor-element elementor-element-5b2d60b0 elementor-widget elementor-widget-google_maps\" data-id=\"5b2d60b0\" data-element_type=\"widget\" data-widget_type=\"google_maps.default\">\n\t\t\t\t<div class=\"elementor-widget-container\">\n\t\t\t\t\t\t\t<div class=\"elementor-custom-embed\">\n\t\t\t<iframe loading=\"lazy\"\n\t\t\t\t\tsrc=\"https:\/\/maps.google.com\/maps?q=Karanfil%20Soka%C4%9F%C4%B1%20No%3A13%2C%20Levent%2C%2034330%20Be%C5%9Fikta%C5%9F%2F%C4%B0stanbul&#038;t=m&#038;z=15&#038;output=embed&#038;iwloc=near\"\n\t\t\t\t\ttitle=\"Karanfil Soka\u011f\u0131 No:13, Levent, 34330 Be\u015fikta\u015f\/\u0130stanbul\"\n\t\t\t\t\taria-label=\"Karanfil Soka\u011f\u0131 No:13, Levent, 34330 Be\u015fikta\u015f\/\u0130stanbul\"\n\t\t\t><\/iframe>\n\t\t<\/div>\n\t\t\t\t\t\t<\/div>\n\t\t\t\t<\/div>\n\t\t\t\t\t<\/div>\n\t\t<\/div>\n\t\t\t\t\t<\/div>\n\t\t<\/section>\n\t\t\t\t\t<\/div>\n\t\t<\/div>\n\t\t\t\t\t<\/div>\n\t\t<\/section>\n\t\t\t\t<\/div>\n\t\t","protected":false},"excerpt":{"rendered":"<p>Siber G\u00fcvenlik Kanunu Y\u00fcr\u00fcrl\u00fc\u011fe Girdi Siber G\u00fcvenlik Kanunu (\u201cKanun\u201d), 19.03.2025 tarihli 32846 say\u0131l\u0131 Resm\u00ee Gazete\u2019de yay\u0131mlanarak y\u00fcr\u00fcrl\u00fc\u011fe girdi. Kanun, siber uzaydaki tehditlerin tespit ve bertaraf edilmesini, siber olaylar\u0131n muhtemel etkilerinin azalt\u0131lmas\u0131n\u0131, \u00e7e\u015fitli akt\u00f6rlerin siber sald\u0131r\u0131lara y\u00f6nelik korunmas\u0131n\u0131 ve \u00fclkenin siber g\u00fcvenli\u011finin g\u00fc\u00e7lenmesini ama\u00e7lamaktad\u0131r. Kanun, do\u011frudan veya dolayl\u0131 olarak internette, elektronik haberle\u015fme veya bilgisayar a\u011flar\u0131na ba\u011fl\u0131 [&hellip;]<\/p>\n","protected":false},"author":1,"featured_media":0,"parent":1032,"menu_order":0,"comment_status":"closed","ping_status":"closed","template":"","meta":{"zakra_page_container_layout":"customizer","zakra_page_sidebar_layout":"customizer","zakra_remove_content_margin":false,"zakra_sidebar":"customizer","zakra_transparent_header":"customizer","zakra_logo":0,"zakra_main_header_style":"default","zakra_menu_item_color":null,"zakra_menu_item_hover_color":null,"zakra_menu_item_active_color":null,"zakra_menu_active_style":"","zakra_page_header":true,"om_disable_all_campaigns":false,"_monsterinsights_skip_tracking":false,"_monsterinsights_sitenote_active":false,"_monsterinsights_sitenote_note":"","_monsterinsights_sitenote_category":0,"footnotes":""},"class_list":["post-3011","page","type-page","status-publish","hentry"],"aioseo_notices":[],"_links":{"self":[{"href":"https:\/\/yasarlaw.com\/tr\/wp-json\/wp\/v2\/pages\/3011","targetHints":{"allow":["GET"]}}],"collection":[{"href":"https:\/\/yasarlaw.com\/tr\/wp-json\/wp\/v2\/pages"}],"about":[{"href":"https:\/\/yasarlaw.com\/tr\/wp-json\/wp\/v2\/types\/page"}],"author":[{"embeddable":true,"href":"https:\/\/yasarlaw.com\/tr\/wp-json\/wp\/v2\/users\/1"}],"replies":[{"embeddable":true,"href":"https:\/\/yasarlaw.com\/tr\/wp-json\/wp\/v2\/comments?post=3011"}],"version-history":[{"count":13,"href":"https:\/\/yasarlaw.com\/tr\/wp-json\/wp\/v2\/pages\/3011\/revisions"}],"predecessor-version":[{"id":3027,"href":"https:\/\/yasarlaw.com\/tr\/wp-json\/wp\/v2\/pages\/3011\/revisions\/3027"}],"up":[{"embeddable":true,"href":"https:\/\/yasarlaw.com\/tr\/wp-json\/wp\/v2\/pages\/1032"}],"wp:attachment":[{"href":"https:\/\/yasarlaw.com\/tr\/wp-json\/wp\/v2\/media?parent=3011"}],"curies":[{"name":"wp","href":"https:\/\/api.w.org\/{rel}","templated":true}]}}