{"id":3041,"date":"2025-08-04T01:03:43","date_gmt":"2025-08-03T22:03:43","guid":{"rendered":"https:\/\/yasarlaw.com\/tr\/?page_id=3041"},"modified":"2025-08-04T04:18:22","modified_gmt":"2025-08-04T01:18:22","slug":"is-kanunu-kapsaminda-gerceklestirilecek-bildirimlere-iliskin-degisiklik","status":"publish","type":"page","link":"https:\/\/yasarlaw.com\/tr\/yayinlar\/is-kanunu-kapsaminda-gerceklestirilecek-bildirimlere-iliskin-degisiklik\/","title":{"rendered":"\u0130\u015f Kanunu Kapsam\u0131nda Ger\u00e7ekle\u015ftirilecek Bildirimlere \u0130li\u015fkin De\u011fi\u015fiklik"},"content":{"rendered":"\t\t<div data-elementor-type=\"wp-page\" data-elementor-id=\"3041\" class=\"elementor elementor-3041\">\n\t\t\t\t\t\t<section class=\"elementor-section elementor-top-section elementor-element elementor-element-1683c794 elementor-section-stretched elementor-section-boxed elementor-section-height-default elementor-section-height-default\" data-id=\"1683c794\" data-element_type=\"section\" data-settings=\"{&quot;stretch_section&quot;:&quot;section-stretched&quot;,&quot;background_background&quot;:&quot;classic&quot;}\">\n\t\t\t\t\t\t\t<div class=\"elementor-background-overlay\"><\/div>\n\t\t\t\t\t\t\t<div class=\"elementor-container elementor-column-gap-no\">\n\t\t\t\t\t<div class=\"elementor-column elementor-col-100 elementor-top-column elementor-element elementor-element-5ef10a83\" data-id=\"5ef10a83\" data-element_type=\"column\">\n\t\t\t<div class=\"elementor-widget-wrap elementor-element-populated\">\n\t\t\t\t\t\t<div class=\"elementor-element elementor-element-d0a8f48 elementor-widget__width-auto elementor-absolute elementor-widget elementor-widget-text-editor\" data-id=\"d0a8f48\" data-element_type=\"widget\" data-settings=\"{&quot;_position&quot;:&quot;absolute&quot;}\" data-widget_type=\"text-editor.default\">\n\t\t\t\t<div class=\"elementor-widget-container\">\n\t\t\t\t\t\t\t\t\t<p><span style=\"color: #ffffff;\"><strong>\u0130\u015f Kanunu Kapsam\u0131nda Ger\u00e7ekle\u015ftirilecek Bildirimlere \u0130li\u015fkin De\u011fi\u015fiklik<\/strong><\/span><\/p>\t\t\t\t\t\t\t\t<\/div>\n\t\t\t\t<\/div>\n\t\t\t\t\t<\/div>\n\t\t<\/div>\n\t\t\t\t\t<\/div>\n\t\t<\/section>\n\t\t\t\t<section class=\"elementor-section elementor-top-section elementor-element elementor-element-37652bf2 elementor-section-stretched elementor-section-boxed elementor-section-height-default elementor-section-height-default\" data-id=\"37652bf2\" data-element_type=\"section\" data-settings=\"{&quot;stretch_section&quot;:&quot;section-stretched&quot;}\">\n\t\t\t\t\t\t<div class=\"elementor-container elementor-column-gap-wider\">\n\t\t\t\t\t<div class=\"elementor-column elementor-col-100 elementor-top-column elementor-element elementor-element-135ac3b9\" data-id=\"135ac3b9\" data-element_type=\"column\" data-settings=\"{&quot;background_background&quot;:&quot;classic&quot;}\">\n\t\t\t<div class=\"elementor-widget-wrap elementor-element-populated\">\n\t\t\t\t\t\t<div class=\"elementor-element elementor-element-7f2267ca elementor-widget elementor-widget-text-editor\" data-id=\"7f2267ca\" data-element_type=\"widget\" data-widget_type=\"text-editor.default\">\n\t\t\t\t<div class=\"elementor-widget-container\">\n\t\t\t\t\t\t\t\t\t<p>24.07.2025 tarihli Resm\u00ee Gazete\u2019de yay\u0131mlanan 7555 say\u0131l\u0131 Kanun ile 4857 say\u0131l\u0131 \u0130\u015f Kanunu m. 109 h\u00fckm\u00fcndeki \u0130\u015f Kanunu kapsam\u0131nda ger\u00e7ekle\u015ftirilecek bildirimlere ili\u015fkin d\u00fczenlemede de\u011fi\u015fikli\u011fe gidildi.<\/p>\n<p>\u0130lgili maddede i\u015fveren ve \u00e7al\u0131\u015fan aras\u0131nda yap\u0131lacak bildirimlerin yaz\u0131l\u0131 olarak ve imza kar\u015f\u0131l\u0131\u011f\u0131nda yap\u0131lmas\u0131 gerekti\u011fi ve bildirim yap\u0131lan taraf\u0131n imza atmaktan imtina etmesi halinde bu durumun tutanakla tespit edilmesi gerekti\u011fi d\u00fczenlenmekteydi.<\/p>\n<p>\u00d6zellikle uzaktan \u00e7al\u0131\u015fman\u0131n uyguland\u0131\u011f\u0131 i\u015f yerlerinde ayl\u0131k \u00fccret, uyar\u0131 gibi konularda taraflar\u0131n yaz\u0131l\u0131 olarak ve imza kar\u015f\u0131l\u0131\u011f\u0131nda bildirimde bulunmas\u0131 usul\u00fcn\u00fcn uygulanmas\u0131 zorluk yaratmaktayd\u0131. Alternatif olarak bu bildirimlerin noter kanal\u0131yla ger\u00e7ekle\u015ftirilmesi de maliyet a\u00e7\u0131s\u0131ndan tercih edilmemekteydi. Ge\u00e7erlili\u011fi tart\u0131\u015fmal\u0131 olmakla birlikte uygulamada \u00e7al\u0131\u015fanlara kay\u0131tl\u0131 elektronik posta (\u201c<strong>KEP<\/strong>\u201d) \u00fczerinden bildirimde bulundu\u011fu g\u00f6r\u00fclmekteydi.<\/p>\n<p>Yukar\u0131da an\u0131lan de\u011fi\u015fiklik ile birlikte i\u015fveren ve \u00e7al\u0131\u015fan aras\u0131nda yap\u0131lacak bildirimlerin \u00e7al\u0131\u015fan\u0131n yaz\u0131l\u0131 kabul\u00fc \u015fart\u0131yla KEP \u00fczerinden de ger\u00e7ekle\u015ftirilebilece\u011fi a\u00e7\u0131k\u00e7a d\u00fczenlenmi\u015ftir. Bu nedenle i<span style=\"letter-spacing: 0.15px;\">\u015fverenlerin KEP \u00fczerinden bildirimde bulunmaya dair i\u015f s\u00f6zle\u015fmelerini revize etmeleri ya da buna ili\u015fkin bir ek protokol akdetmeleri \u00f6nerilmektedir.&nbsp;<\/span><span style=\"font-style: inherit; font-weight: inherit; letter-spacing: 0.01em;\">Ayn\u0131 de\u011fi\u015fiklikte ayr\u0131ca KEP sisteminin kullan\u0131lmas\u0131na ili\u015fkin maliyetlerin i\u015fveren taraf\u0131ndan kar\u015f\u0131lanaca\u011f\u0131na ve fesih bildiriminin KEP \u00fczerinden ger\u00e7ekle\u015ftirilemeyece\u011fine de yer verilmi\u015ftir.&nbsp;<\/span><\/p>\n<p>Yay\u0131mland\u0131\u011f\u0131 tarihte y\u00fcr\u00fcrl\u00fc\u011fe giren de\u011fi\u015fiklikle birlikte fesih bildirimi d\u0131\u015f\u0131nda kalan bildirimlerin KEP \u00fczerinden ger\u00e7ekle\u015ftirilebilecek olmas\u0131, dijitalle\u015fmenin baz\u0131 prosed\u00fcrleri ve masraflar\u0131 minimize etme y\u00f6n\u00fcndeki d\u00f6n\u00fc\u015ft\u00fcr\u00fcc\u00fc etkisi bak\u0131m\u0131ndan olumlu g\u00f6r\u00fclmektedir.<\/p>\n<p>Herhangi bir sorunuz olmas\u0131 halinde bize ula\u015fabilirsiniz.<\/p>\t\t\t\t\t\t\t\t<\/div>\n\t\t\t\t<\/div>\n\t\t\t\t\t<\/div>\n\t\t<\/div>\n\t\t\t\t\t<\/div>\n\t\t<\/section>\n\t\t\t\t<section class=\"elementor-section elementor-top-section elementor-element elementor-element-4fe75500 elementor-section-boxed elementor-section-height-default elementor-section-height-default\" data-id=\"4fe75500\" data-element_type=\"section\">\n\t\t\t\t\t\t<div class=\"elementor-container elementor-column-gap-default\">\n\t\t\t\t\t<div class=\"elementor-column elementor-col-100 elementor-top-column elementor-element elementor-element-3dd48092\" data-id=\"3dd48092\" data-element_type=\"column\">\n\t\t\t<div class=\"elementor-widget-wrap elementor-element-populated\">\n\t\t\t\t\t\t<div class=\"elementor-element elementor-element-10e39b76 elementor-shape-square elementor-fixed elementor-grid-0 e-grid-align-center elementor-widget elementor-widget-social-icons\" data-id=\"10e39b76\" data-element_type=\"widget\" data-settings=\"{&quot;_position&quot;:&quot;fixed&quot;}\" data-widget_type=\"social-icons.default\">\n\t\t\t\t<div class=\"elementor-widget-container\">\n\t\t\t\t\t\t\t<div class=\"elementor-social-icons-wrapper elementor-grid\">\n\t\t\t\t\t\t\t<span class=\"elementor-grid-item\">\n\t\t\t\t\t<a class=\"elementor-icon elementor-social-icon elementor-social-icon- elementor-animation-grow elementor-repeater-item-c1c9a90\" href=\"https:\/\/yasarlaw.com\/publications\/amendment-to-notifications-under-the-labor-law\/\">\n\t\t\t\t\t\t<span class=\"elementor-screen-only\"><\/span>\n\t\t\t\t\t\t<svg xmlns=\"http:\/\/www.w3.org\/2000\/svg\" xmlns:xlink=\"http:\/\/www.w3.org\/1999\/xlink\" id=\"Layer_1\" x=\"0px\" y=\"0px\" viewBox=\"0 0 1000 1000\" style=\"enable-background:new 0 0 1000 1000;\" xml:space=\"preserve\"><style type=\"text\/css\">\t.st0{fill:#FFFFFF;}<\/style><g id=\"Layer_3\"><\/g><g id=\"Layer_1_00000020364029370813827900000003168452955817500576_\">\t<rect width=\"1000\" height=\"1000\"><\/rect><\/g><g>\t<path class=\"st0\" d=\"M259.3,345.1H456v51.1H316.2v52.9h122.9v51.1H316.2v54.8h141.5V606H259.3V345.1z\"><\/path>\t<path class=\"st0\" d=\"M508.9,345.1h52.9l122.2,160.6V345.1h56.7v260.8H692L565.5,440.1v165.8h-56.7L508.9,345.1L508.9,345.1z\"><\/path><\/g><\/svg>\t\t\t\t\t<\/a>\n\t\t\t\t<\/span>\n\t\t\t\t\t<\/div>\n\t\t\t\t\t\t<\/div>\n\t\t\t\t<\/div>\n\t\t\t\t\t<\/div>\n\t\t<\/div>\n\t\t\t\t\t<\/div>\n\t\t<\/section>\n\t\t\t\t<section class=\"elementor-section elementor-top-section elementor-element elementor-element-26fa9928 elementor-section-stretched elementor-section-boxed elementor-section-height-default elementor-section-height-default\" data-id=\"26fa9928\" data-element_type=\"section\" data-settings=\"{&quot;stretch_section&quot;:&quot;section-stretched&quot;}\">\n\t\t\t\t\t\t<div class=\"elementor-container elementor-column-gap-wider\">\n\t\t\t\t\t<div class=\"elementor-column elementor-col-100 elementor-top-column elementor-element elementor-element-c5b4038\" data-id=\"c5b4038\" data-element_type=\"column\" data-settings=\"{&quot;background_background&quot;:&quot;classic&quot;}\">\n\t\t\t<div class=\"elementor-widget-wrap elementor-element-populated\">\n\t\t\t\t\t\t<section class=\"elementor-section elementor-inner-section elementor-element elementor-element-3f767c48 elementor-section-full_width elementor-section-height-default elementor-section-height-default\" data-id=\"3f767c48\" data-element_type=\"section\">\n\t\t\t\t\t\t<div class=\"elementor-container elementor-column-gap-default\">\n\t\t\t\t\t<div class=\"elementor-column elementor-col-50 elementor-inner-column elementor-element elementor-element-368fb3c6\" data-id=\"368fb3c6\" data-element_type=\"column\">\n\t\t\t<div class=\"elementor-widget-wrap elementor-element-populated\">\n\t\t\t\t\t\t<div class=\"elementor-element elementor-element-147a07b8 elementor-widget elementor-widget-text-editor\" data-id=\"147a07b8\" data-element_type=\"widget\" data-widget_type=\"text-editor.default\">\n\t\t\t\t<div class=\"elementor-widget-container\">\n\t\t\t\t\t\t\t\t\t<p><span style=\"color: #781619;\"><b>Ya\u015far Law Office<\/b><\/span><\/p><p><span style=\"color: #781619;\">Bize Ula\u015f\u0131n:<\/span><\/p><p><span style=\"color: #781619;\">Karanfil Sokak, No: 13<\/span><\/p><p><span style=\"color: #781619;\">Levent, Be\u015fikta\u015f, \u0130stanbul<\/span><\/p><p><span style=\"color: #781619;\"><a style=\"color: #781619;\" title=\"+90 212 401 4240\" href=\"tel:+902124014240\">+90 212 401 4240<\/a><\/span><\/p><p><span style=\"color: #781619;\"><a style=\"color: #781619;\" title=\"info@yasarlaw.com\" href=\"mailto:info@yasarlaw.com\">info@yasarlaw.com<\/a><\/span><\/p>\t\t\t\t\t\t\t\t<\/div>\n\t\t\t\t<\/div>\n\t\t\t\t<div class=\"elementor-element elementor-element-9b291d6 elementor-widget elementor-widget-text-editor\" data-id=\"9b291d6\" data-element_type=\"widget\" data-widget_type=\"text-editor.default\">\n\t\t\t\t<div class=\"elementor-widget-container\">\n\t\t\t\t\t\t\t\t\t<p><span style=\"color: #781619; font-style: inherit; font-weight: inherit; letter-spacing: 0.01em;\">Bize Ula\u015f\u0131n:<\/span><\/p><p><span style=\"color: #781619;\">859. Sokak, No:4\/303<\/span><\/p><p><span style=\"color: #781619;\">Cumhuriyet Bulvar\u0131, Konak, \u0130zmir<\/span><\/p><p><span style=\"color: #781619;\"><a style=\"color: #781619;\" title=\"+90 212 401 4240\" href=\"tel:+902124014240\">+90 212 401 4240<\/a><\/span><\/p><p><span style=\"color: #781619;\"><a style=\"color: #781619;\" title=\"info@yasarlaw.com\" href=\"mailto:info@yasarlaw.com\">info@yasarlaw.com<\/a><\/span><\/p>\t\t\t\t\t\t\t\t<\/div>\n\t\t\t\t<\/div>\n\t\t\t\t\t<\/div>\n\t\t<\/div>\n\t\t\t\t<div class=\"elementor-column elementor-col-50 elementor-inner-column elementor-element elementor-element-4290edba\" data-id=\"4290edba\" data-element_type=\"column\">\n\t\t\t<div class=\"elementor-widget-wrap elementor-element-populated\">\n\t\t\t\t\t\t<div class=\"elementor-element elementor-element-5b2d60b0 elementor-widget elementor-widget-google_maps\" data-id=\"5b2d60b0\" data-element_type=\"widget\" data-widget_type=\"google_maps.default\">\n\t\t\t\t<div class=\"elementor-widget-container\">\n\t\t\t\t\t\t\t<div class=\"elementor-custom-embed\">\n\t\t\t<iframe loading=\"lazy\"\n\t\t\t\t\tsrc=\"https:\/\/maps.google.com\/maps?q=Karanfil%20Soka%C4%9F%C4%B1%20No%3A13%2C%20Levent%2C%2034330%20Be%C5%9Fikta%C5%9F%2F%C4%B0stanbul&#038;t=m&#038;z=15&#038;output=embed&#038;iwloc=near\"\n\t\t\t\t\ttitle=\"Karanfil Soka\u011f\u0131 No:13, Levent, 34330 Be\u015fikta\u015f\/\u0130stanbul\"\n\t\t\t\t\taria-label=\"Karanfil Soka\u011f\u0131 No:13, Levent, 34330 Be\u015fikta\u015f\/\u0130stanbul\"\n\t\t\t><\/iframe>\n\t\t<\/div>\n\t\t\t\t\t\t<\/div>\n\t\t\t\t<\/div>\n\t\t\t\t\t<\/div>\n\t\t<\/div>\n\t\t\t\t\t<\/div>\n\t\t<\/section>\n\t\t\t\t\t<\/div>\n\t\t<\/div>\n\t\t\t\t\t<\/div>\n\t\t<\/section>\n\t\t\t\t<\/div>\n\t\t","protected":false},"excerpt":{"rendered":"<p>\u0130\u015f Kanunu Kapsam\u0131nda Ger\u00e7ekle\u015ftirilecek Bildirimlere \u0130li\u015fkin De\u011fi\u015fiklik 24.07.2025 tarihli Resm\u00ee Gazete\u2019de yay\u0131mlanan 7555 say\u0131l\u0131 Kanun ile 4857 say\u0131l\u0131 \u0130\u015f Kanunu m. 109 h\u00fckm\u00fcndeki \u0130\u015f Kanunu kapsam\u0131nda ger\u00e7ekle\u015ftirilecek bildirimlere ili\u015fkin d\u00fczenlemede de\u011fi\u015fikli\u011fe gidildi. \u0130lgili maddede i\u015fveren ve \u00e7al\u0131\u015fan aras\u0131nda yap\u0131lacak bildirimlerin yaz\u0131l\u0131 olarak ve imza kar\u015f\u0131l\u0131\u011f\u0131nda yap\u0131lmas\u0131 gerekti\u011fi ve bildirim yap\u0131lan taraf\u0131n imza atmaktan imtina etmesi [&hellip;]<\/p>\n","protected":false},"author":1,"featured_media":0,"parent":1032,"menu_order":0,"comment_status":"closed","ping_status":"closed","template":"","meta":{"zakra_page_container_layout":"customizer","zakra_page_sidebar_layout":"customizer","zakra_remove_content_margin":false,"zakra_sidebar":"customizer","zakra_transparent_header":"customizer","zakra_logo":0,"zakra_main_header_style":"default","zakra_menu_item_color":null,"zakra_menu_item_hover_color":null,"zakra_menu_item_active_color":null,"zakra_menu_active_style":"","zakra_page_header":true,"om_disable_all_campaigns":false,"_monsterinsights_skip_tracking":false,"_monsterinsights_sitenote_active":false,"_monsterinsights_sitenote_note":"","_monsterinsights_sitenote_category":0,"footnotes":""},"class_list":["post-3041","page","type-page","status-publish","hentry"],"aioseo_notices":[],"_links":{"self":[{"href":"https:\/\/yasarlaw.com\/tr\/wp-json\/wp\/v2\/pages\/3041","targetHints":{"allow":["GET"]}}],"collection":[{"href":"https:\/\/yasarlaw.com\/tr\/wp-json\/wp\/v2\/pages"}],"about":[{"href":"https:\/\/yasarlaw.com\/tr\/wp-json\/wp\/v2\/types\/page"}],"author":[{"embeddable":true,"href":"https:\/\/yasarlaw.com\/tr\/wp-json\/wp\/v2\/users\/1"}],"replies":[{"embeddable":true,"href":"https:\/\/yasarlaw.com\/tr\/wp-json\/wp\/v2\/comments?post=3041"}],"version-history":[{"count":16,"href":"https:\/\/yasarlaw.com\/tr\/wp-json\/wp\/v2\/pages\/3041\/revisions"}],"predecessor-version":[{"id":3098,"href":"https:\/\/yasarlaw.com\/tr\/wp-json\/wp\/v2\/pages\/3041\/revisions\/3098"}],"up":[{"embeddable":true,"href":"https:\/\/yasarlaw.com\/tr\/wp-json\/wp\/v2\/pages\/1032"}],"wp:attachment":[{"href":"https:\/\/yasarlaw.com\/tr\/wp-json\/wp\/v2\/media?parent=3041"}],"curies":[{"name":"wp","href":"https:\/\/api.w.org\/{rel}","templated":true}]}}