{"id":3139,"date":"2025-10-05T21:58:57","date_gmt":"2025-10-05T18:58:57","guid":{"rendered":"https:\/\/yasarlaw.com\/tr\/?page_id=3139"},"modified":"2025-10-05T22:09:53","modified_gmt":"2025-10-05T19:09:53","slug":"2025-yilinin-ucuncu-ceyreginde-startup-hukukunu-ilgilendiren-mevzuat-degisiklikleri","status":"publish","type":"page","link":"https:\/\/yasarlaw.com\/tr\/yayinlar\/2025-yilinin-ucuncu-ceyreginde-startup-hukukunu-ilgilendiren-mevzuat-degisiklikleri\/","title":{"rendered":"2025 Y\u0131l\u0131n\u0131n \u00dc\u00e7\u00fcnc\u00fc \u00c7eyre\u011finde Startup Hukukunu \u0130lgilendiren Mevzuat De\u011fi\u015fiklikleri"},"content":{"rendered":"\t\t<div data-elementor-type=\"wp-page\" data-elementor-id=\"3139\" class=\"elementor elementor-3139\">\n\t\t\t\t\t\t<section class=\"elementor-section elementor-top-section elementor-element elementor-element-1683c794 elementor-section-stretched elementor-section-boxed elementor-section-height-default elementor-section-height-default\" data-id=\"1683c794\" data-element_type=\"section\" data-settings=\"{&quot;stretch_section&quot;:&quot;section-stretched&quot;,&quot;background_background&quot;:&quot;classic&quot;}\">\n\t\t\t\t\t\t\t<div class=\"elementor-background-overlay\"><\/div>\n\t\t\t\t\t\t\t<div class=\"elementor-container elementor-column-gap-no\">\n\t\t\t\t\t<div class=\"elementor-column elementor-col-100 elementor-top-column elementor-element elementor-element-5ef10a83\" data-id=\"5ef10a83\" data-element_type=\"column\">\n\t\t\t<div class=\"elementor-widget-wrap elementor-element-populated\">\n\t\t\t\t\t\t<div class=\"elementor-element elementor-element-d0a8f48 elementor-widget__width-auto elementor-absolute elementor-widget elementor-widget-text-editor\" data-id=\"d0a8f48\" data-element_type=\"widget\" data-settings=\"{&quot;_position&quot;:&quot;absolute&quot;}\" data-widget_type=\"text-editor.default\">\n\t\t\t\t<div class=\"elementor-widget-container\">\n\t\t\t\t\t\t\t\t\t<p><span style=\"color: #ffffff;\"><strong>2025 Y\u0131l\u0131n\u0131n \u00dc\u00e7\u00fcnc\u00fc \u00c7eyre\u011finde Startup Hukukunu \u0130lgilendiren Mevzuat De\u011fi\u015fiklikleri<\/strong><\/span><\/p>\t\t\t\t\t\t\t\t<\/div>\n\t\t\t\t<\/div>\n\t\t\t\t\t<\/div>\n\t\t<\/div>\n\t\t\t\t\t<\/div>\n\t\t<\/section>\n\t\t\t\t<section class=\"elementor-section elementor-top-section elementor-element elementor-element-37652bf2 elementor-section-stretched elementor-section-boxed elementor-section-height-default elementor-section-height-default\" data-id=\"37652bf2\" data-element_type=\"section\" data-settings=\"{&quot;stretch_section&quot;:&quot;section-stretched&quot;}\">\n\t\t\t\t\t\t<div class=\"elementor-container elementor-column-gap-wider\">\n\t\t\t\t\t<div class=\"elementor-column elementor-col-100 elementor-top-column elementor-element elementor-element-135ac3b9\" data-id=\"135ac3b9\" data-element_type=\"column\" data-settings=\"{&quot;background_background&quot;:&quot;classic&quot;}\">\n\t\t\t<div class=\"elementor-widget-wrap elementor-element-populated\">\n\t\t\t\t\t\t<div class=\"elementor-element elementor-element-7f2267ca elementor-widget elementor-widget-text-editor\" data-id=\"7f2267ca\" data-element_type=\"widget\" data-widget_type=\"text-editor.default\">\n\t\t\t\t<div class=\"elementor-widget-container\">\n\t\t\t\t\t\t\t\t\t<p><strong>1. Elektronik Ortamda Tutulan Ticari Defterler Bak\u0131m\u0131ndan Noter Onay\u0131 Zorunlulu\u011fu Kald\u0131r\u0131ld\u0131<\/strong><\/p><p>01.01.2026 tarihinden itibaren kurulan \u015firketler ile kurulu\u015fu ve esas s\u00f6zle\u015fme de\u011fi\u015fikli\u011fi Ticaret Bakanl\u0131\u011f\u0131\u2019n\u0131n iznine tabi olan anonim \u015firketlerin ticari defterlerini elektronik ortamda tutmakla y\u00fck\u00fcml\u00fc oldu\u011fu d\u00fczenlenmi\u015fti. Di\u011fer \u015firketlerin ise ihtiyari olarak elektronik ticari defter sistemine ge\u00e7ebilece\u011fi kararla\u015ft\u0131r\u0131lm\u0131\u015ft\u0131. \u0130lgili d\u00fczenlemeye ili\u015fkin detayl\u0131 bilgiye <strong><a href=\"https:\/\/yasarlaw.com\/tr\/yayinlar\/sirket-defterlerinin-elektronik-ortamda-tutulmasi-duzenlendi\/\">buradan<\/a><\/strong>\u00a0ula\u015fabilirsiniz.<\/p><p>Ticaret Bakanl\u0131\u011f\u0131 taraf\u0131ndan ticaret sicil m\u00fcd\u00fcrl\u00fcklerine g\u00f6nderilen bildirimde elektronik ortamda tutulan ticari defterlerde yer alan kay\u0131tlar\u0131n ve kararlar\u0131n Bakanl\u0131\u011f\u0131n sisteminden kontrol edilebilece\u011fi, b\u00f6ylece noter onayl\u0131 \u00f6rneklerinin sunulmas\u0131na ihtiya\u00e7 bulunmad\u0131\u011f\u0131 belirtilmi\u015ftir.<\/p><p>\u015eirketlerin ticaret sicil m\u00fcd\u00fcrl\u00fckleri ba\u015fta olmak \u00fczere \u00fc\u00e7\u00fcnc\u00fc ki\u015filere ibraz edece\u011fi \u015firket kararlar\u0131n\u0131n \u015firket defterlerindeki kay\u0131tlarla \u00f6rt\u00fc\u015ft\u00fc\u011f\u00fcn\u00fc noter onay\u0131ndan ge\u00e7irmesi ve defter a\u00e7\u0131l\u0131\u015f ve kapan\u0131\u015f onay\u0131 yapt\u0131rma y\u00fck\u00fcml\u00fcl\u00fc\u011f\u00fc kayda de\u011fer bir masraf y\u00fck\u00fc getirmekteydi. Elektronik ticari defter sistemiyle birlikte \u015firketlerin masraf kalemlerinin eksiltilmesi, dijitalle\u015fmenin baz\u0131 prosed\u00fcrleri ve masraflar\u0131 minimize etme y\u00f6n\u00fcndeki d\u00f6n\u00fc\u015ft\u00fcr\u00fcc\u00fc etkisi bak\u0131m\u0131ndan olumlu g\u00f6r\u00fclmekte ve y\u00fck\u00fcml\u00fcl\u00fc\u011f\u00fc bulunmayan \u015firketleri de bu sisteme ge\u00e7meye te\u015fvik etmektedir.<\/p><p><strong>2. Yapay Zek\u00e2 T\u00fcz\u00fc\u011f\u00fc\u2019n\u00fcn \u0130kinci Faz\u0131n\u0131n Uygulamas\u0131<\/strong><\/p><p>Avrupa Parlamentosu, 13.03.2024 tarihinde Avrupa Birli\u011fi Yapay Zek\u00e2 T\u00fcz\u00fc\u011f\u00fc\u2019n\u00fc kabul etmi\u015f ve b\u00f6ylece yapay zek\u00e2y\u0131 d\u00fczenleyen ilk yasal \u00e7er\u00e7eveyi ortaya koymu\u015ftu. 02.02.2025 tarihi itibar\u0131yla Yapay Zek\u00e2 T\u00fcz\u00fc\u011f\u00fc\u2019n\u00fcn kabul edilemez d\u00fczeyde riskli yapay zek\u00e2 sistemlerinin yasaklanmas\u0131na dair kural\u0131 y\u00fcr\u00fcrl\u00fc\u011fe girdi.<\/p><p>02.08.2025 tarihi itibar\u0131yla Yapay Zek\u00e2 T\u00fcz\u00fc\u011f\u00fc\u2019n\u00fcn genel ama\u00e7l\u0131 yapay zek\u00e2 modellerine (\u201c<strong>GPAI<\/strong>\u201d) ili\u015fkin \u00f6zel y\u00fck\u00fcml\u00fcl\u00fckleri ile y\u00f6neti\u015fim, g\u00f6zetim, denetim ve yapt\u0131r\u0131mlara dair h\u00fck\u00fcmleri y\u00fcr\u00fcrl\u00fc\u011fe girmi\u015ftir. Avrupa Komisyonu ve AB Yapay Zek\u00e2 Ofisi, GPAI sa\u011flay\u0131c\u0131lar i\u00e7in rehber ve uygulama kurallar\u0131 yay\u0131mlam\u0131\u015ft\u0131r. Bu tarihten itibaren \u00fcye devletlerin ulusal piyasa g\u00f6zetim otoritelerini belirleme s\u00fcreci de ba\u015flam\u0131\u015f, AB d\u00fczeyinde tek tip bir denetim yap\u0131s\u0131 olu\u015fturulmu\u015ftur. 2 A\u011fustos tarihinden itibaren pazara s\u00fcr\u00fclecek GPAI modelleri i\u00e7in bu kurallar b\u00fct\u00fcn\u00fc do\u011frudan uygulanacak, bu tarihten \u00f6nce pazara s\u00fcr\u00fclm\u00fc\u015f olan GPAI modellerinin ise 02.08.2027 tarihine kadar uyumlu hale getirilmesi beklenecektir.<\/p><p>Mevcut bir GPAI modelini yeniden e\u011fiten bir sa\u011flay\u0131c\u0131, e\u011fer bu i\u015flem s\u0131ras\u0131nda orijinal modelin e\u011fitiminde kullan\u0131lan hesaplama g\u00fcc\u00fcn\u00fcn en az \u00fc\u00e7te birini harc\u0131yor ve yap\u0131lan de\u011fi\u015fiklik modelin genel yeteneklerinde, risk profilinde veya kullan\u0131m amac\u0131nda \u00f6nemli bir de\u011fi\u015fikli\u011fe yol a\u00e7\u0131yorsa art\u0131k yeni bir GPAI modeli sa\u011flay\u0131c\u0131s\u0131 olarak nitelendirilecektir. Benzer \u015fekilde modelin fonksiyonlar\u0131nda veya sistemin risk d\u00fczeyinde anlaml\u0131 bir de\u011fi\u015fiklik yaratan revizyonlar da sa\u011flay\u0131c\u0131 stat\u00fcs\u00fcne yol a\u00e7abilecektir.<\/p><p>GPAI modeli sa\u011flay\u0131c\u0131lar\u0131 ise yukar\u0131da bahsedildi\u011fi gibi baz\u0131 temel y\u00fck\u00fcml\u00fcl\u00fcklere uymakla y\u00fck\u00fcml\u00fc olacakt\u0131r. Bu kapsamda sa\u011flay\u0131c\u0131lar\u0131n modelin geli\u015ftirilme, e\u011fitim, test ve de\u011ferlendirme s\u00fcre\u00e7lerine ili\u015fkin t\u00fcm teknik unsurlar\u0131 ayr\u0131nt\u0131l\u0131 bi\u00e7imde belgelemeleri ve bu dok\u00fcmantasyonu g\u00fcncel tutarak gerekti\u011finde hem entegre eden alt sa\u011flay\u0131c\u0131lara hem de denetim otoritelerine sunmalar\u0131 gerekmektedir. Ayr\u0131ca modelin e\u011fitiminde kullan\u0131lan verilerin fikri m\u00fclkiyet mevzuat\u0131na uygun \u015fekilde se\u00e7ilmesi ve olas\u0131 telif ihlallerine kar\u015f\u0131 koruma sa\u011flayacak bir strateji benimsenmelidir. Bu kapsamda her sa\u011flay\u0131c\u0131n\u0131n e\u011fitim verilerinin kullan\u0131m\u0131nda telif haklar\u0131na uyumu g\u00fcvence alt\u0131na alan bir telif hakk\u0131 politikas\u0131 olu\u015fturmas\u0131 beklenmektedir. Modelin e\u011fitildi\u011fi veri kaynaklar\u0131n\u0131n genel \u00f6zelliklerini ve kullan\u0131lan y\u00f6ntemleri a\u00e7\u0131klayan bir \u00f6zetin kamuya a\u00e7\u0131k bi\u00e7imde yay\u0131mlanmas\u0131 ve nihayetinde sa\u011flay\u0131c\u0131lar\u0131n ulusal ve Avrupa d\u00fczeyindeki g\u00f6zetim otoriteleriyle i\u015f birli\u011fi i\u00e7inde hareket ederek talep edilen bilgi ve belgeleri sunmalar\u0131 beklenmektedir.<\/p><p>Yapay Zek\u00e2 T\u00fcz\u00fc\u011f\u00fc\u2019ne ili\u015fkin detayl\u0131 bilgiye <a href=\"https:\/\/yasarlaw.com\/tr\/yayinlar\/avrupa-birligi-yapay-zekaya-iliskin-ilk-yasal-duzenlemeyi-kabul-etti\/\"><strong>buradan<\/strong><\/a> ve kabul edilemez d\u00fczeyde riskli yapay zek\u00e2 sistemlerinin yasaklanmas\u0131na ili\u015fkin detayl\u0131 bilgiye <a href=\"https:\/\/yasarlaw.com\/tr\/yayinlar\/yapay-zeka-tuzugunun-uygulamasi\/\"><strong>buradan<\/strong><\/a> ula\u015fabilirsiniz.<\/p><p><strong>3. VERB\u0130S Kay\u0131t Y\u00fck\u00fcml\u00fcl\u00fc\u011f\u00fcne Yeni \u0130stisna Getirildi<\/strong><\/p><p>Y\u0131ll\u0131k \u00e7al\u0131\u015fan say\u0131s\u0131 50\u2019den az olan ve y\u0131ll\u0131k mali bilan\u00e7o toplam\u0131 100 milyon T\u00fcrk liras\u0131ndan az olan ger\u00e7ek veya t\u00fczel ki\u015fi veri sorumlular\u0131ndan ana faaliyet konusu \u00f6zel nitelikli ki\u015fisel veri i\u015fleme olmayanlar VERB\u0130S kay\u0131t y\u00fck\u00fcml\u00fcl\u00fc\u011f\u00fcnden istisna tutulmu\u015ftu. Bu nedenle ana faaliyet konusu \u00f6zel nitelikli ki\u015fisel veri i\u015fleme olan i\u015fletmeler, \u00e7al\u0131\u015fan say\u0131s\u0131 ve y\u0131ll\u0131k mali bilan\u00e7o kriterlerine bak\u0131lmaks\u0131z\u0131n VERB\u0130S kay\u0131t y\u00fck\u00fcml\u00fcl\u00fc\u011f\u00fc alt\u0131ndayd\u0131.<\/p><p>Ki\u015fisel Verileri Koruma Kurulunun 04.09.2025 tarihli ve 2025\/1572 say\u0131l\u0131 karar\u0131 ile ana faaliyet konusu \u00f6zel nitelikli ki\u015fisel veri i\u015fleme olan veri sorumlular\u0131ndan y\u0131ll\u0131k \u00e7al\u0131\u015fan say\u0131s\u0131 10\u2019dan az ve y\u0131ll\u0131k mali bilan\u00e7o toplam\u0131 10 milyon T\u00fcrk liras\u0131ndan az olan ger\u00e7ek ve t\u00fczel ki\u015fi veri sorumlular\u0131n\u0131n da VERB\u0130S kay\u0131t y\u00fck\u00fcml\u00fcl\u00fc\u011f\u00fcnden istisna tutulmas\u0131na karar verilmi\u015ftir.<\/p><p><strong>4. \u0130\u015f Kanunu Kapsam\u0131nda Ger\u00e7ekle\u015ftirilecek Bildirimlere \u0130li\u015fkin De\u011fi\u015fiklik<\/strong><\/p><p>24.07.2025 tarihli Resm\u00ee Gazete\u2019de yay\u0131mlanan 7555 say\u0131l\u0131 Kanun ile 4857 say\u0131l\u0131 \u0130\u015f Kanunu m. 109 h\u00fckm\u00fcndeki \u0130\u015f Kanunu kapsam\u0131nda ger\u00e7ekle\u015ftirilecek bildirimlere ili\u015fkin d\u00fczenlemede de\u011fi\u015fikli\u011fe gidildi.<\/p><p>\u0130lgili maddede i\u015fveren ve \u00e7al\u0131\u015fan aras\u0131nda yap\u0131lacak bildirimlerin yaz\u0131l\u0131 olarak ve imza kar\u015f\u0131l\u0131\u011f\u0131nda yap\u0131lmas\u0131 gerekti\u011fi ve bildirim yap\u0131lan taraf\u0131n imza atmaktan imtina etmesi halinde bu durumun tutanakla tespit edilmesi gerekti\u011fi d\u00fczenlenmekteydi.<\/p><p>\u00d6zellikle uzaktan \u00e7al\u0131\u015fman\u0131n uyguland\u0131\u011f\u0131 i\u015f yerlerinde ayl\u0131k \u00fccret, uyar\u0131 gibi konularda taraflar\u0131n yaz\u0131l\u0131 olarak ve imza kar\u015f\u0131l\u0131\u011f\u0131nda bildirimde bulunmas\u0131 usul\u00fcn\u00fcn uygulanmas\u0131 zorluk yaratmaktayd\u0131. Alternatif olarak bu bildirimlerin noter kanal\u0131yla ger\u00e7ekle\u015ftirilmesi de maliyet a\u00e7\u0131s\u0131ndan tercih edilmemekteydi. Ge\u00e7erlili\u011fi tart\u0131\u015fmal\u0131 olmakla birlikte uygulamada \u00e7al\u0131\u015fanlara kay\u0131tl\u0131 elektronik posta (\u201c<strong>KEP<\/strong>\u201d) \u00fczerinden bildirimde bulundu\u011fu g\u00f6r\u00fclmekteydi.<\/p><p>Yukar\u0131da an\u0131lan de\u011fi\u015fiklik ile birlikte i\u015fveren ve \u00e7al\u0131\u015fan aras\u0131nda yap\u0131lacak bildirimlerin \u00e7al\u0131\u015fan\u0131n yaz\u0131l\u0131 kabul\u00fc \u015fart\u0131yla KEP \u00fczerinden de ger\u00e7ekle\u015ftirilebilece\u011fi a\u00e7\u0131k\u00e7a d\u00fczenlenmi\u015ftir. Bu nedenle i\u015fverenlerin KEP \u00fczerinden bildirimde bulunmaya dair i\u015f s\u00f6zle\u015fmelerini revize etmeleri ya da buna ili\u015fkin bir ek protokol akdetmeleri \u00f6nerilmektedir. Ayn\u0131 de\u011fi\u015fiklikte ayr\u0131ca KEP sisteminin kullan\u0131lmas\u0131na ili\u015fkin maliyetlerin i\u015fveren taraf\u0131ndan kar\u015f\u0131lanaca\u011f\u0131na ve fesih bildiriminin KEP \u00fczerinden ger\u00e7ekle\u015ftirilemeyece\u011fine de yer verilmi\u015ftir.<\/p><p>Yay\u0131mland\u0131\u011f\u0131 tarihte y\u00fcr\u00fcrl\u00fc\u011fe giren de\u011fi\u015fiklikle birlikte fesih bildirimi d\u0131\u015f\u0131nda kalan bildirimlerin KEP \u00fczerinden ger\u00e7ekle\u015ftirilebilecek olmas\u0131, dijitalle\u015fmenin baz\u0131 prosed\u00fcrleri ve masraflar\u0131 minimize etme y\u00f6n\u00fcndeki d\u00f6n\u00fc\u015ft\u00fcr\u00fcc\u00fc etkisi bak\u0131m\u0131ndan olumlu g\u00f6r\u00fclmektedir.<\/p><p>Herhangi bir sorunuz olmas\u0131 halinde bize ula\u015fabilirsiniz.<\/p>\t\t\t\t\t\t\t\t<\/div>\n\t\t\t\t<\/div>\n\t\t\t\t\t<\/div>\n\t\t<\/div>\n\t\t\t\t\t<\/div>\n\t\t<\/section>\n\t\t\t\t<section class=\"elementor-section elementor-top-section elementor-element elementor-element-4fe75500 elementor-section-boxed elementor-section-height-default elementor-section-height-default\" data-id=\"4fe75500\" data-element_type=\"section\">\n\t\t\t\t\t\t<div class=\"elementor-container elementor-column-gap-default\">\n\t\t\t\t\t<div class=\"elementor-column elementor-col-100 elementor-top-column elementor-element elementor-element-3dd48092\" data-id=\"3dd48092\" data-element_type=\"column\">\n\t\t\t<div class=\"elementor-widget-wrap elementor-element-populated\">\n\t\t\t\t\t\t<div class=\"elementor-element elementor-element-10e39b76 elementor-shape-square elementor-fixed elementor-grid-0 e-grid-align-center elementor-widget elementor-widget-social-icons\" data-id=\"10e39b76\" data-element_type=\"widget\" data-settings=\"{&quot;_position&quot;:&quot;fixed&quot;}\" data-widget_type=\"social-icons.default\">\n\t\t\t\t<div class=\"elementor-widget-container\">\n\t\t\t\t\t\t\t<div class=\"elementor-social-icons-wrapper elementor-grid\">\n\t\t\t\t\t\t\t<span class=\"elementor-grid-item\">\n\t\t\t\t\t<a class=\"elementor-icon elementor-social-icon elementor-social-icon- elementor-animation-grow elementor-repeater-item-c1c9a90\" href=\"https:\/\/yasarlaw.com\/publications\/developments-in-startup-law-in-2025-q3\/\">\n\t\t\t\t\t\t<span class=\"elementor-screen-only\"><\/span>\n\t\t\t\t\t\t<svg xmlns=\"http:\/\/www.w3.org\/2000\/svg\" xmlns:xlink=\"http:\/\/www.w3.org\/1999\/xlink\" id=\"Layer_1\" x=\"0px\" y=\"0px\" viewBox=\"0 0 1000 1000\" style=\"enable-background:new 0 0 1000 1000;\" xml:space=\"preserve\"><style type=\"text\/css\">\t.st0{fill:#FFFFFF;}<\/style><g id=\"Layer_3\"><\/g><g id=\"Layer_1_00000020364029370813827900000003168452955817500576_\">\t<rect width=\"1000\" height=\"1000\"><\/rect><\/g><g>\t<path class=\"st0\" d=\"M259.3,345.1H456v51.1H316.2v52.9h122.9v51.1H316.2v54.8h141.5V606H259.3V345.1z\"><\/path>\t<path class=\"st0\" d=\"M508.9,345.1h52.9l122.2,160.6V345.1h56.7v260.8H692L565.5,440.1v165.8h-56.7L508.9,345.1L508.9,345.1z\"><\/path><\/g><\/svg>\t\t\t\t\t<\/a>\n\t\t\t\t<\/span>\n\t\t\t\t\t<\/div>\n\t\t\t\t\t\t<\/div>\n\t\t\t\t<\/div>\n\t\t\t\t\t<\/div>\n\t\t<\/div>\n\t\t\t\t\t<\/div>\n\t\t<\/section>\n\t\t\t\t<section class=\"elementor-section elementor-top-section elementor-element elementor-element-26fa9928 elementor-section-stretched elementor-section-boxed elementor-section-height-default elementor-section-height-default\" data-id=\"26fa9928\" data-element_type=\"section\" data-settings=\"{&quot;stretch_section&quot;:&quot;section-stretched&quot;}\">\n\t\t\t\t\t\t<div class=\"elementor-container elementor-column-gap-wider\">\n\t\t\t\t\t<div class=\"elementor-column elementor-col-100 elementor-top-column elementor-element elementor-element-c5b4038\" data-id=\"c5b4038\" data-element_type=\"column\" data-settings=\"{&quot;background_background&quot;:&quot;classic&quot;}\">\n\t\t\t<div class=\"elementor-widget-wrap elementor-element-populated\">\n\t\t\t\t\t\t<section class=\"elementor-section elementor-inner-section elementor-element elementor-element-3f767c48 elementor-section-full_width elementor-section-height-default elementor-section-height-default\" data-id=\"3f767c48\" data-element_type=\"section\">\n\t\t\t\t\t\t<div class=\"elementor-container elementor-column-gap-default\">\n\t\t\t\t\t<div class=\"elementor-column elementor-col-50 elementor-inner-column elementor-element elementor-element-368fb3c6\" data-id=\"368fb3c6\" data-element_type=\"column\">\n\t\t\t<div class=\"elementor-widget-wrap elementor-element-populated\">\n\t\t\t\t\t\t<div class=\"elementor-element elementor-element-147a07b8 elementor-widget elementor-widget-text-editor\" data-id=\"147a07b8\" data-element_type=\"widget\" data-widget_type=\"text-editor.default\">\n\t\t\t\t<div class=\"elementor-widget-container\">\n\t\t\t\t\t\t\t\t\t<p><span style=\"color: #781619;\"><b>Ya\u015far Law Office<\/b><\/span><\/p><p><span style=\"color: #781619;\">Bize Ula\u015f\u0131n:<\/span><\/p><p><span style=\"color: #781619;\">Karanfil Sokak, No: 13<\/span><\/p><p><span style=\"color: #781619;\">Levent, Be\u015fikta\u015f, \u0130stanbul<\/span><\/p><p><span style=\"color: #781619;\"><a style=\"color: #781619;\" title=\"+90 212 401 4240\" href=\"tel:+902124014240\">+90 212 401 4240<\/a><\/span><\/p><p><span style=\"color: #781619;\"><a style=\"color: #781619;\" title=\"info@yasarlaw.com\" href=\"mailto:info@yasarlaw.com\">info@yasarlaw.com<\/a><\/span><\/p>\t\t\t\t\t\t\t\t<\/div>\n\t\t\t\t<\/div>\n\t\t\t\t<div class=\"elementor-element elementor-element-c847a19 elementor-widget elementor-widget-text-editor\" data-id=\"c847a19\" data-element_type=\"widget\" data-widget_type=\"text-editor.default\">\n\t\t\t\t<div class=\"elementor-widget-container\">\n\t\t\t\t\t\t\t\t\t<p style=\"font-size: 18px; font-style: normal; font-weight: 400; letter-spacing: 0.15px;\"><span style=\"color: #781619;\">Bize Ula\u015f\u0131n:<\/span><\/p><p style=\"font-size: 18px; font-style: normal; font-weight: 400; letter-spacing: 0.15px;\"><span style=\"color: #781619;\">859. Sokak, No:4\/303<\/span><\/p><p style=\"font-size: 18px; font-style: normal; font-weight: 400; letter-spacing: 0.15px;\"><span style=\"color: #781619;\">Cumhuriyet Bulvar\u0131, Konak, \u0130zmir<\/span><\/p><p style=\"font-size: 18px; font-style: normal; font-weight: 400; letter-spacing: 0.15px;\"><span style=\"color: #781619;\"><a style=\"color: #781619; transition-property: all;\" title=\"+90 212 401 4240\" href=\"tel:+902124014240\">+90 212 401 4240<\/a><\/span><\/p><p style=\"font-size: 18px; font-style: normal; font-weight: 400; letter-spacing: 0.15px;\"><span style=\"color: #781619;\"><a style=\"color: #781619; transition-property: all;\" title=\"info@yasarlaw.com\" href=\"mailto:info@yasarlaw.com\">info@yasarlaw.com<\/a><\/span><\/p>\t\t\t\t\t\t\t\t<\/div>\n\t\t\t\t<\/div>\n\t\t\t\t\t<\/div>\n\t\t<\/div>\n\t\t\t\t<div class=\"elementor-column elementor-col-50 elementor-inner-column elementor-element elementor-element-4290edba\" data-id=\"4290edba\" data-element_type=\"column\">\n\t\t\t<div class=\"elementor-widget-wrap elementor-element-populated\">\n\t\t\t\t\t\t<div class=\"elementor-element elementor-element-5b2d60b0 elementor-widget elementor-widget-google_maps\" data-id=\"5b2d60b0\" data-element_type=\"widget\" data-widget_type=\"google_maps.default\">\n\t\t\t\t<div class=\"elementor-widget-container\">\n\t\t\t\t\t\t\t<div class=\"elementor-custom-embed\">\n\t\t\t<iframe loading=\"lazy\"\n\t\t\t\t\tsrc=\"https:\/\/maps.google.com\/maps?q=Karanfil%20Soka%C4%9F%C4%B1%20No%3A13%2C%20Levent%2C%2034330%20Be%C5%9Fikta%C5%9F%2F%C4%B0stanbul&#038;t=m&#038;z=15&#038;output=embed&#038;iwloc=near\"\n\t\t\t\t\ttitle=\"Karanfil Soka\u011f\u0131 No:13, Levent, 34330 Be\u015fikta\u015f\/\u0130stanbul\"\n\t\t\t\t\taria-label=\"Karanfil Soka\u011f\u0131 No:13, Levent, 34330 Be\u015fikta\u015f\/\u0130stanbul\"\n\t\t\t><\/iframe>\n\t\t<\/div>\n\t\t\t\t\t\t<\/div>\n\t\t\t\t<\/div>\n\t\t\t\t\t<\/div>\n\t\t<\/div>\n\t\t\t\t\t<\/div>\n\t\t<\/section>\n\t\t\t\t\t<\/div>\n\t\t<\/div>\n\t\t\t\t\t<\/div>\n\t\t<\/section>\n\t\t\t\t<\/div>\n\t\t","protected":false},"excerpt":{"rendered":"<p>2025 Y\u0131l\u0131n\u0131n \u00dc\u00e7\u00fcnc\u00fc \u00c7eyre\u011finde Startup Hukukunu \u0130lgilendiren Mevzuat De\u011fi\u015fiklikleri 1. Elektronik Ortamda Tutulan Ticari Defterler Bak\u0131m\u0131ndan Noter Onay\u0131 Zorunlulu\u011fu Kald\u0131r\u0131ld\u0131 01.01.2026 tarihinden itibaren kurulan \u015firketler ile kurulu\u015fu ve esas s\u00f6zle\u015fme de\u011fi\u015fikli\u011fi Ticaret Bakanl\u0131\u011f\u0131\u2019n\u0131n iznine tabi olan anonim \u015firketlerin ticari defterlerini elektronik ortamda tutmakla y\u00fck\u00fcml\u00fc oldu\u011fu d\u00fczenlenmi\u015fti. Di\u011fer \u015firketlerin ise ihtiyari olarak elektronik ticari defter sistemine [&hellip;]<\/p>\n","protected":false},"author":1,"featured_media":0,"parent":1032,"menu_order":0,"comment_status":"closed","ping_status":"closed","template":"","meta":{"zakra_page_container_layout":"customizer","zakra_page_sidebar_layout":"customizer","zakra_remove_content_margin":false,"zakra_sidebar":"customizer","zakra_transparent_header":"customizer","zakra_logo":0,"zakra_main_header_style":"default","zakra_menu_item_color":null,"zakra_menu_item_hover_color":null,"zakra_menu_item_active_color":null,"zakra_menu_active_style":"","zakra_page_header":true,"om_disable_all_campaigns":false,"_monsterinsights_skip_tracking":false,"_monsterinsights_sitenote_active":false,"_monsterinsights_sitenote_note":"","_monsterinsights_sitenote_category":0,"footnotes":""},"class_list":["post-3139","page","type-page","status-publish","hentry"],"aioseo_notices":[],"_links":{"self":[{"href":"https:\/\/yasarlaw.com\/tr\/wp-json\/wp\/v2\/pages\/3139","targetHints":{"allow":["GET"]}}],"collection":[{"href":"https:\/\/yasarlaw.com\/tr\/wp-json\/wp\/v2\/pages"}],"about":[{"href":"https:\/\/yasarlaw.com\/tr\/wp-json\/wp\/v2\/types\/page"}],"author":[{"embeddable":true,"href":"https:\/\/yasarlaw.com\/tr\/wp-json\/wp\/v2\/users\/1"}],"replies":[{"embeddable":true,"href":"https:\/\/yasarlaw.com\/tr\/wp-json\/wp\/v2\/comments?post=3139"}],"version-history":[{"count":10,"href":"https:\/\/yasarlaw.com\/tr\/wp-json\/wp\/v2\/pages\/3139\/revisions"}],"predecessor-version":[{"id":3149,"href":"https:\/\/yasarlaw.com\/tr\/wp-json\/wp\/v2\/pages\/3139\/revisions\/3149"}],"up":[{"embeddable":true,"href":"https:\/\/yasarlaw.com\/tr\/wp-json\/wp\/v2\/pages\/1032"}],"wp:attachment":[{"href":"https:\/\/yasarlaw.com\/tr\/wp-json\/wp\/v2\/media?parent=3139"}],"curies":[{"name":"wp","href":"https:\/\/api.w.org\/{rel}","templated":true}]}}